{"id":300502,"date":"2023-08-08T06:51:48","date_gmt":"2023-08-08T06:51:53","guid":{"rendered":"https:\/\/www.erresse-shop.it\/?post_type=product&#038;p=300502"},"modified":"2025-01-14T08:44:46","modified_gmt":"2025-01-14T08:44:46","slug":"united-pets-milano-seletti-sous-couche-les-alpes","status":"publish","type":"product","link":"https:\/\/www.erresse-shop.it\/fr\/shop\/cuisine\/united-pets-milano-seletti-sous-couche-les-alpes\/","title":{"rendered":"UNITED PETS MILANO &#8211; SELETTI Sous-couche Les Alpes"},"content":{"rendered":"<p>Bol en c\u00e9ramique polie. La c\u00e9ramique est un mat\u00e9riau hygi\u00e9nique, facile \u00e0 nettoyer et qui n&#8217;absorbe pas les odeurs des aliments. Le poids de la gamelle la rend extr\u00eamement stable.<br \/>\nSeletti et United Pets unissent leurs forces pour cr\u00e9er une collection r\u00e9volutionnaire d\u00e9di\u00e9e aux amis \u00e0 quatre pattes. Tapis pour chenil et al\u00e8se, gamelle et al\u00e8se en quatre motifs originaux : Maldives, Les Alpes, New York, DoggyMood.<br \/>\nQuel est votre pr\u00e9f\u00e9r\u00e9 ?<\/p>\n<p>Lavable au lave-vaisselle<\/p>\n","protected":false},"excerpt":{"rendered":"<p>Bol en c\u00e9ramique polie. La c\u00e9ramique est un mat\u00e9riau hygi\u00e9nique, facile \u00e0 nettoyer et qui n&#8217;absorbe pas les odeurs des<\/p>\n","protected":false},"featured_media":465595,"template":"","meta":{"_acf_changed":false,"inline_featured_image":false},"product_cat":[12748],"product_tag":[23910,23690,25021,23462],"acf":[],"yoast_head":"<!-- This site is optimized with the Yoast SEO Premium plugin v18.6 (Yoast SEO v19.13) - https:\/\/yoast.com\/wordpress\/plugins\/seo\/ -->\n<title>UNITED PETS MILANO - SELETTI Sous-couche Les Alpes<\/title>\n<meta name=\"description\" content=\"D\u00e9couvrez UNITED PETS MILANO - SELETTI Sous-couche Les Alpes sur ErresseShop. Qualit\u00e9, prix r\u00e9duits et achat s\u00e9curis\u00e9 \u2013 commandez d\u00e8s maintenant en ligne !\" \/>\n<meta name=\"robots\" content=\"index, follow, max-snippet:-1, max-image-preview:large, max-video-preview:-1\" \/>\n<link rel=\"canonical\" href=\"https:\/\/www.erresse-shop.it\/fr\/shop\/cuisine\/united-pets-milano-seletti-sous-couche-les-alpes\/\" \/>\n<meta property=\"og:locale\" content=\"fr_FR\" \/>\n<meta property=\"og:type\" content=\"article\" \/>\n<meta property=\"og:title\" content=\"UNITED PETS MILANO - SELETTI Sous-couche Les Alpes\" \/>\n<meta property=\"og:description\" content=\"D\u00e9couvrez UNITED PETS MILANO - SELETTI Sous-couche Les Alpes sur ErresseShop. Qualit\u00e9, prix r\u00e9duits et achat s\u00e9curis\u00e9 \u2013 commandez d\u00e8s maintenant en ligne !\" \/>\n<meta property=\"og:url\" content=\"https:\/\/www.erresse-shop.it\/fr\/shop\/cuisine\/united-pets-milano-seletti-sous-couche-les-alpes\/\" \/>\n<meta property=\"og:site_name\" content=\"Erresse Shop\" \/>\n<meta property=\"article:modified_time\" content=\"2025-01-14T08:44:46+00:00\" \/>\n<meta property=\"og:image\" content=\"https:\/\/www.erresse-shop.it\/wp-content\/uploads\/2023\/08\/UNITED-PETS-MILANO-SELETTI-Tappetino-Sottociotola-Les-Alpes.jpg\" \/>\n\t<meta property=\"og:image:width\" content=\"800\" \/>\n\t<meta property=\"og:image:height\" content=\"800\" \/>\n\t<meta property=\"og:image:type\" content=\"image\/jpeg\" \/>\n<meta name=\"twitter:card\" content=\"summary_large_image\" \/>\n<script type=\"application\/ld+json\" class=\"yoast-schema-graph\">{\"@context\":\"https:\/\/schema.org\",\"@graph\":[{\"@type\":\"WebPage\",\"@id\":\"https:\/\/www.erresse-shop.it\/fr\/shop\/cuisine\/united-pets-milano-seletti-sous-couche-les-alpes\/\",\"url\":\"https:\/\/www.erresse-shop.it\/fr\/shop\/cuisine\/united-pets-milano-seletti-sous-couche-les-alpes\/\",\"name\":\"UNITED PETS MILANO - SELETTI Sous-couche Les Alpes\",\"isPartOf\":{\"@id\":\"https:\/\/www.erresse-shop.it\/fr\/#website\"},\"datePublished\":\"2023-08-08T06:51:53+00:00\",\"dateModified\":\"2025-01-14T08:44:46+00:00\",\"description\":\"D\u00e9couvrez UNITED PETS MILANO - SELETTI Sous-couche Les Alpes sur ErresseShop. Qualit\u00e9, prix r\u00e9duits et achat s\u00e9curis\u00e9 \u2013 commandez d\u00e8s maintenant en ligne !\",\"breadcrumb\":{\"@id\":\"https:\/\/www.erresse-shop.it\/fr\/shop\/cuisine\/united-pets-milano-seletti-sous-couche-les-alpes\/#breadcrumb\"},\"inLanguage\":\"fr-FR\",\"potentialAction\":[{\"@type\":\"ReadAction\",\"target\":[\"https:\/\/www.erresse-shop.it\/fr\/shop\/cuisine\/united-pets-milano-seletti-sous-couche-les-alpes\/\"]}]},{\"@type\":\"BreadcrumbList\",\"@id\":\"https:\/\/www.erresse-shop.it\/fr\/shop\/cuisine\/united-pets-milano-seletti-sous-couche-les-alpes\/#breadcrumb\",\"itemListElement\":[{\"@type\":\"ListItem\",\"position\":1,\"name\":\"Home\",\"item\":\"https:\/\/www.erresse-shop.it\/fr\/\"},{\"@type\":\"ListItem\",\"position\":2,\"name\":\"Shop\",\"item\":\"https:\/\/www.erresse-shop.it\/fr\/shop\/\"},{\"@type\":\"ListItem\",\"position\":3,\"name\":\"UNITED PETS MILANO &#8211; SELETTI Sous-couche Les Alpes\"}]},{\"@type\":\"WebSite\",\"@id\":\"https:\/\/www.erresse-shop.it\/fr\/#website\",\"url\":\"https:\/\/www.erresse-shop.it\/fr\/\",\"name\":\"Erresse Shop\",\"description\":\"Articoli di qualit\u00e0 per la casa\",\"potentialAction\":[{\"@type\":\"SearchAction\",\"target\":{\"@type\":\"EntryPoint\",\"urlTemplate\":\"https:\/\/www.erresse-shop.it\/fr\/?s={search_term_string}\"},\"query-input\":\"required name=search_term_string\"}],\"inLanguage\":\"fr-FR\"}]}<\/script>\n<!-- \/ Yoast SEO Premium plugin. -->","yoast_head_json":{"title":"UNITED PETS MILANO - SELETTI Sous-couche Les Alpes","description":"D\u00e9couvrez UNITED PETS MILANO - SELETTI Sous-couche Les Alpes sur ErresseShop. Qualit\u00e9, prix r\u00e9duits et achat s\u00e9curis\u00e9 \u2013 commandez d\u00e8s maintenant en ligne !","robots":{"index":"index","follow":"follow","max-snippet":"max-snippet:-1","max-image-preview":"max-image-preview:large","max-video-preview":"max-video-preview:-1"},"canonical":"https:\/\/www.erresse-shop.it\/fr\/shop\/cuisine\/united-pets-milano-seletti-sous-couche-les-alpes\/","og_locale":"fr_FR","og_type":"article","og_title":"UNITED PETS MILANO - SELETTI Sous-couche Les Alpes","og_description":"D\u00e9couvrez UNITED PETS MILANO - SELETTI Sous-couche Les Alpes sur ErresseShop. Qualit\u00e9, prix r\u00e9duits et achat s\u00e9curis\u00e9 \u2013 commandez d\u00e8s maintenant en ligne !","og_url":"https:\/\/www.erresse-shop.it\/fr\/shop\/cuisine\/united-pets-milano-seletti-sous-couche-les-alpes\/","og_site_name":"Erresse Shop","article_modified_time":"2025-01-14T08:44:46+00:00","og_image":[{"width":800,"height":800,"url":"https:\/\/www.erresse-shop.it\/wp-content\/uploads\/2023\/08\/UNITED-PETS-MILANO-SELETTI-Tappetino-Sottociotola-Les-Alpes.jpg","type":"image\/jpeg"}],"twitter_card":"summary_large_image","schema":{"@context":"https:\/\/schema.org","@graph":[{"@type":"WebPage","@id":"https:\/\/www.erresse-shop.it\/fr\/shop\/cuisine\/united-pets-milano-seletti-sous-couche-les-alpes\/","url":"https:\/\/www.erresse-shop.it\/fr\/shop\/cuisine\/united-pets-milano-seletti-sous-couche-les-alpes\/","name":"UNITED PETS MILANO - SELETTI Sous-couche Les Alpes","isPartOf":{"@id":"https:\/\/www.erresse-shop.it\/fr\/#website"},"datePublished":"2023-08-08T06:51:53+00:00","dateModified":"2025-01-14T08:44:46+00:00","description":"D\u00e9couvrez UNITED PETS MILANO - SELETTI Sous-couche Les Alpes sur ErresseShop. Qualit\u00e9, prix r\u00e9duits et achat s\u00e9curis\u00e9 \u2013 commandez d\u00e8s maintenant en ligne !","breadcrumb":{"@id":"https:\/\/www.erresse-shop.it\/fr\/shop\/cuisine\/united-pets-milano-seletti-sous-couche-les-alpes\/#breadcrumb"},"inLanguage":"fr-FR","potentialAction":[{"@type":"ReadAction","target":["https:\/\/www.erresse-shop.it\/fr\/shop\/cuisine\/united-pets-milano-seletti-sous-couche-les-alpes\/"]}]},{"@type":"BreadcrumbList","@id":"https:\/\/www.erresse-shop.it\/fr\/shop\/cuisine\/united-pets-milano-seletti-sous-couche-les-alpes\/#breadcrumb","itemListElement":[{"@type":"ListItem","position":1,"name":"Home","item":"https:\/\/www.erresse-shop.it\/fr\/"},{"@type":"ListItem","position":2,"name":"Shop","item":"https:\/\/www.erresse-shop.it\/fr\/shop\/"},{"@type":"ListItem","position":3,"name":"UNITED PETS MILANO &#8211; SELETTI Sous-couche Les Alpes"}]},{"@type":"WebSite","@id":"https:\/\/www.erresse-shop.it\/fr\/#website","url":"https:\/\/www.erresse-shop.it\/fr\/","name":"Erresse Shop","description":"Articoli di qualit\u00e0 per la casa","potentialAction":[{"@type":"SearchAction","target":{"@type":"EntryPoint","urlTemplate":"https:\/\/www.erresse-shop.it\/fr\/?s={search_term_string}"},"query-input":"required name=search_term_string"}],"inLanguage":"fr-FR"}]}},"df_price":19,"df_sale_price":19,"df_regular_price":38,"df_image_link":"https:\/\/www.erresse-shop.it\/wp-content\/uploads\/2023\/08\/UNITED-PETS-MILANO-X-SELETTI-Tappetino-Sottociotola-Les-Alpes-300x300.jpg","_links":{"self":[{"href":"https:\/\/www.erresse-shop.it\/fr\/wp-json\/wp\/v2\/product\/300502"}],"collection":[{"href":"https:\/\/www.erresse-shop.it\/fr\/wp-json\/wp\/v2\/product"}],"about":[{"href":"https:\/\/www.erresse-shop.it\/fr\/wp-json\/wp\/v2\/types\/product"}],"wp:featuredmedia":[{"embeddable":true,"href":"https:\/\/www.erresse-shop.it\/fr\/wp-json\/wp\/v2\/media\/465595"}],"wp:attachment":[{"href":"https:\/\/www.erresse-shop.it\/fr\/wp-json\/wp\/v2\/media?parent=300502"}],"wp:term":[{"taxonomy":"product_cat","embeddable":true,"href":"https:\/\/www.erresse-shop.it\/fr\/wp-json\/wp\/v2\/product_cat?post=300502"},{"taxonomy":"product_tag","embeddable":true,"href":"https:\/\/www.erresse-shop.it\/fr\/wp-json\/wp\/v2\/product_tag?post=300502"}],"curies":[{"name":"wp","href":"https:\/\/api.w.org\/{rel}","templated":true}]}}