{"id":296209,"date":"2023-07-28T14:47:18","date_gmt":"2023-07-28T14:47:22","guid":{"rendered":"https:\/\/www.erresse-shop.it\/?post_type=product&#038;p=296209"},"modified":"2025-02-21T14:20:35","modified_gmt":"2025-02-21T14:20:35","slug":"g3-ferrari-rosto-58-l-avec-rotisserie","status":"publish","type":"product","link":"https:\/\/www.erresse-shop.it\/fr\/shop\/petits-electromenagers\/fours\/g3-ferrari-rosto-58-l-avec-rotisserie\/","title":{"rendered":"G3 FERRARI Rost\u00f2 58 L avec R\u00f4tisserie"},"content":{"rendered":"<p><strong>ROST\u00d3 58<\/strong> est fonctionnel et en m\u00eame temps spacieux avec un espace de cuisson de 58 litres. Avec la possibilit\u00e9 de cuisiner deux plats en m\u00eame temps en peu de temps et avec une consommation d&#8217;\u00e9nergie limit\u00e9e, il devient un appareil auxiliaire pr\u00e9cieux. Facile \u00e0 transporter, il est utile dans de nombreuses situations tant \u00e0 l&#8217;int\u00e9rieur qu&#8217;\u00e0 l&#8217;ext\u00e9rieur de la maison et, dans sa version ventil\u00e9e, il offre toutes les possibilit\u00e9s de cuire les aliments en moins de temps. La temp\u00e9rature interne, qui peut d\u00e9passer 300 degr\u00e9s, et la plaque de cuisson ronde sp\u00e9ciale fournie le rendent particuli\u00e8rement adapt\u00e9 \u00e0 la cuisson des pizzas et des fougasses. La r\u00f4tissoire et les parois \u00e9maill\u00e9es en font un appareil pratiquement &#8220;Full Function&#8221;.<\/p>\n<p><strong>Caract\u00e9ristiques techniques<\/strong><\/p>\n<ul>\n<li>Capacit\u00e9 : 58 litres<\/li>\n<li>Ventilation<\/li>\n<li>Lampe interne<\/li>\n<li>Broche de r\u00f4tisserie<\/li>\n<li>Peut contenir un plat de 41 cm de diam\u00e8tre<\/li>\n<li>Double vitrage pour l&#8217;isolation thermique<\/li>\n<li>Minuterie de 90 minutes avec signal sonore<\/li>\n<li>Thermostat r\u00e9glable de 40\u00b0 \u00e0 300\u00b0C<\/li>\n<li>\u00c9l\u00e9ments chauffants en acier blind\u00e9<\/li>\n<li>Fonctions de cuisson : basique, grill, combin\u00e9<\/li>\n<li>T\u00e9moin lumineux de fonctionnement<\/li>\n<li>Facile \u00e0 nettoyer ! Parois int\u00e9rieures \u00e9maill\u00e9es<\/li>\n<li>Accessoires : 1 gril, 1 l\u00e8chefrite rectangulaire, 1 l\u00e8chefrite ronde \u00d841cm, 1 r\u00f4tissoire<\/li>\n<li>Alimentation : AC 230V ~ 50-60Hz<\/li>\n<li>Puissance : 1800 W<\/li>\n<li>Dimensions (L x H x P) : 63 x 41,5 x 49,5 cm<\/li>\n<li>Poids : 18,8 kg<\/li>\n<\/ul>\n<p><strong>Non disponible \u00e0 la vente en dehors de l&#8217;Europe<\/strong><\/p>\n","protected":false},"excerpt":{"rendered":"<p>ROST\u00d3 58 est fonctionnel et en m\u00eame temps spacieux avec un espace de cuisson de 58 litres. Avec la possibilit\u00e9<\/p>\n","protected":false},"featured_media":508538,"template":"","meta":{"_acf_changed":false,"inline_featured_image":false},"product_cat":[15660,12449],"product_tag":[23690,12948,17107],"acf":[],"yoast_head":"<!-- This site is optimized with the Yoast SEO Premium plugin v18.6 (Yoast SEO v19.13) - https:\/\/yoast.com\/wordpress\/plugins\/seo\/ -->\n<title>G3 FERRARI Rost\u00f2 58 L avec R\u00f4tisserie<\/title>\n<meta name=\"description\" content=\"D\u00e9couvrez G3 FERRARI Rost\u00f2 58 L avec R\u00f4tisserie sur ErresseShop. Qualit\u00e9, prix r\u00e9duits et achat s\u00e9curis\u00e9 \u2013 commandez d\u00e8s maintenant en ligne !\" \/>\n<meta name=\"robots\" content=\"index, follow, max-snippet:-1, max-image-preview:large, max-video-preview:-1\" \/>\n<link rel=\"canonical\" href=\"https:\/\/www.erresse-shop.it\/fr\/shop\/petits-electromenagers\/fours\/g3-ferrari-rosto-58-l-avec-rotisserie\/\" \/>\n<meta property=\"og:locale\" content=\"fr_FR\" \/>\n<meta property=\"og:type\" content=\"article\" \/>\n<meta property=\"og:title\" content=\"G3 FERRARI Rost\u00f2 58 L avec R\u00f4tisserie\" \/>\n<meta property=\"og:description\" content=\"D\u00e9couvrez G3 FERRARI Rost\u00f2 58 L avec R\u00f4tisserie sur ErresseShop. Qualit\u00e9, prix r\u00e9duits et achat s\u00e9curis\u00e9 \u2013 commandez d\u00e8s maintenant en ligne !\" \/>\n<meta property=\"og:url\" content=\"https:\/\/www.erresse-shop.it\/fr\/shop\/petits-electromenagers\/fours\/g3-ferrari-rosto-58-l-avec-rotisserie\/\" \/>\n<meta property=\"og:site_name\" content=\"Erresse Shop\" \/>\n<meta property=\"article:modified_time\" content=\"2025-02-21T14:20:35+00:00\" \/>\n<meta property=\"og:image\" content=\"https:\/\/www.erresse-shop.it\/wp-content\/uploads\/2023\/07\/G3-FERRARI-Rosto\u0300-58-L-con-Girarrosto.jpg\" \/>\n\t<meta property=\"og:image:width\" content=\"800\" \/>\n\t<meta property=\"og:image:height\" content=\"800\" \/>\n\t<meta property=\"og:image:type\" content=\"image\/jpeg\" \/>\n<meta name=\"twitter:card\" content=\"summary_large_image\" \/>\n<script type=\"application\/ld+json\" class=\"yoast-schema-graph\">{\"@context\":\"https:\/\/schema.org\",\"@graph\":[{\"@type\":\"WebPage\",\"@id\":\"https:\/\/www.erresse-shop.it\/fr\/shop\/petits-electromenagers\/fours\/g3-ferrari-rosto-58-l-avec-rotisserie\/\",\"url\":\"https:\/\/www.erresse-shop.it\/fr\/shop\/petits-electromenagers\/fours\/g3-ferrari-rosto-58-l-avec-rotisserie\/\",\"name\":\"G3 FERRARI Rost\u00f2 58 L avec R\u00f4tisserie\",\"isPartOf\":{\"@id\":\"https:\/\/www.erresse-shop.it\/fr\/#website\"},\"datePublished\":\"2023-07-28T14:47:22+00:00\",\"dateModified\":\"2025-02-21T14:20:35+00:00\",\"description\":\"D\u00e9couvrez G3 FERRARI Rost\u00f2 58 L avec R\u00f4tisserie sur ErresseShop. Qualit\u00e9, prix r\u00e9duits et achat s\u00e9curis\u00e9 \u2013 commandez d\u00e8s maintenant en ligne !\",\"breadcrumb\":{\"@id\":\"https:\/\/www.erresse-shop.it\/fr\/shop\/petits-electromenagers\/fours\/g3-ferrari-rosto-58-l-avec-rotisserie\/#breadcrumb\"},\"inLanguage\":\"fr-FR\",\"potentialAction\":[{\"@type\":\"ReadAction\",\"target\":[\"https:\/\/www.erresse-shop.it\/fr\/shop\/petits-electromenagers\/fours\/g3-ferrari-rosto-58-l-avec-rotisserie\/\"]}]},{\"@type\":\"BreadcrumbList\",\"@id\":\"https:\/\/www.erresse-shop.it\/fr\/shop\/petits-electromenagers\/fours\/g3-ferrari-rosto-58-l-avec-rotisserie\/#breadcrumb\",\"itemListElement\":[{\"@type\":\"ListItem\",\"position\":1,\"name\":\"Home\",\"item\":\"https:\/\/www.erresse-shop.it\/fr\/\"},{\"@type\":\"ListItem\",\"position\":2,\"name\":\"Shop\",\"item\":\"https:\/\/www.erresse-shop.it\/fr\/shop\/\"},{\"@type\":\"ListItem\",\"position\":3,\"name\":\"G3 FERRARI Rost\u00f2 58 L avec R\u00f4tisserie\"}]},{\"@type\":\"WebSite\",\"@id\":\"https:\/\/www.erresse-shop.it\/fr\/#website\",\"url\":\"https:\/\/www.erresse-shop.it\/fr\/\",\"name\":\"Erresse Shop\",\"description\":\"Articoli di qualit\u00e0 per la casa\",\"potentialAction\":[{\"@type\":\"SearchAction\",\"target\":{\"@type\":\"EntryPoint\",\"urlTemplate\":\"https:\/\/www.erresse-shop.it\/fr\/?s={search_term_string}\"},\"query-input\":\"required name=search_term_string\"}],\"inLanguage\":\"fr-FR\"}]}<\/script>\n<!-- \/ Yoast SEO Premium plugin. -->","yoast_head_json":{"title":"G3 FERRARI Rost\u00f2 58 L avec R\u00f4tisserie","description":"D\u00e9couvrez G3 FERRARI Rost\u00f2 58 L avec R\u00f4tisserie sur ErresseShop. Qualit\u00e9, prix r\u00e9duits et achat s\u00e9curis\u00e9 \u2013 commandez d\u00e8s maintenant en ligne !","robots":{"index":"index","follow":"follow","max-snippet":"max-snippet:-1","max-image-preview":"max-image-preview:large","max-video-preview":"max-video-preview:-1"},"canonical":"https:\/\/www.erresse-shop.it\/fr\/shop\/petits-electromenagers\/fours\/g3-ferrari-rosto-58-l-avec-rotisserie\/","og_locale":"fr_FR","og_type":"article","og_title":"G3 FERRARI Rost\u00f2 58 L avec R\u00f4tisserie","og_description":"D\u00e9couvrez G3 FERRARI Rost\u00f2 58 L avec R\u00f4tisserie sur ErresseShop. Qualit\u00e9, prix r\u00e9duits et achat s\u00e9curis\u00e9 \u2013 commandez d\u00e8s maintenant en ligne !","og_url":"https:\/\/www.erresse-shop.it\/fr\/shop\/petits-electromenagers\/fours\/g3-ferrari-rosto-58-l-avec-rotisserie\/","og_site_name":"Erresse Shop","article_modified_time":"2025-02-21T14:20:35+00:00","og_image":[{"width":800,"height":800,"url":"https:\/\/www.erresse-shop.it\/wp-content\/uploads\/2023\/07\/G3-FERRARI-Rosto\u0300-58-L-con-Girarrosto.jpg","type":"image\/jpeg"}],"twitter_card":"summary_large_image","schema":{"@context":"https:\/\/schema.org","@graph":[{"@type":"WebPage","@id":"https:\/\/www.erresse-shop.it\/fr\/shop\/petits-electromenagers\/fours\/g3-ferrari-rosto-58-l-avec-rotisserie\/","url":"https:\/\/www.erresse-shop.it\/fr\/shop\/petits-electromenagers\/fours\/g3-ferrari-rosto-58-l-avec-rotisserie\/","name":"G3 FERRARI Rost\u00f2 58 L avec R\u00f4tisserie","isPartOf":{"@id":"https:\/\/www.erresse-shop.it\/fr\/#website"},"datePublished":"2023-07-28T14:47:22+00:00","dateModified":"2025-02-21T14:20:35+00:00","description":"D\u00e9couvrez G3 FERRARI Rost\u00f2 58 L avec R\u00f4tisserie sur ErresseShop. Qualit\u00e9, prix r\u00e9duits et achat s\u00e9curis\u00e9 \u2013 commandez d\u00e8s maintenant en ligne !","breadcrumb":{"@id":"https:\/\/www.erresse-shop.it\/fr\/shop\/petits-electromenagers\/fours\/g3-ferrari-rosto-58-l-avec-rotisserie\/#breadcrumb"},"inLanguage":"fr-FR","potentialAction":[{"@type":"ReadAction","target":["https:\/\/www.erresse-shop.it\/fr\/shop\/petits-electromenagers\/fours\/g3-ferrari-rosto-58-l-avec-rotisserie\/"]}]},{"@type":"BreadcrumbList","@id":"https:\/\/www.erresse-shop.it\/fr\/shop\/petits-electromenagers\/fours\/g3-ferrari-rosto-58-l-avec-rotisserie\/#breadcrumb","itemListElement":[{"@type":"ListItem","position":1,"name":"Home","item":"https:\/\/www.erresse-shop.it\/fr\/"},{"@type":"ListItem","position":2,"name":"Shop","item":"https:\/\/www.erresse-shop.it\/fr\/shop\/"},{"@type":"ListItem","position":3,"name":"G3 FERRARI Rost\u00f2 58 L avec R\u00f4tisserie"}]},{"@type":"WebSite","@id":"https:\/\/www.erresse-shop.it\/fr\/#website","url":"https:\/\/www.erresse-shop.it\/fr\/","name":"Erresse Shop","description":"Articoli di qualit\u00e0 per la casa","potentialAction":[{"@type":"SearchAction","target":{"@type":"EntryPoint","urlTemplate":"https:\/\/www.erresse-shop.it\/fr\/?s={search_term_string}"},"query-input":"required name=search_term_string"}],"inLanguage":"fr-FR"}]}},"df_price":239.9,"df_sale_price":239.9,"df_regular_price":239.9,"df_image_link":"https:\/\/www.erresse-shop.it\/wp-content\/uploads\/2023\/07\/G3-FERRARI-Rosto-58-L-con-Girarrosto-300x300.jpg","_links":{"self":[{"href":"https:\/\/www.erresse-shop.it\/fr\/wp-json\/wp\/v2\/product\/296209"}],"collection":[{"href":"https:\/\/www.erresse-shop.it\/fr\/wp-json\/wp\/v2\/product"}],"about":[{"href":"https:\/\/www.erresse-shop.it\/fr\/wp-json\/wp\/v2\/types\/product"}],"wp:featuredmedia":[{"embeddable":true,"href":"https:\/\/www.erresse-shop.it\/fr\/wp-json\/wp\/v2\/media\/508538"}],"wp:attachment":[{"href":"https:\/\/www.erresse-shop.it\/fr\/wp-json\/wp\/v2\/media?parent=296209"}],"wp:term":[{"taxonomy":"product_cat","embeddable":true,"href":"https:\/\/www.erresse-shop.it\/fr\/wp-json\/wp\/v2\/product_cat?post=296209"},{"taxonomy":"product_tag","embeddable":true,"href":"https:\/\/www.erresse-shop.it\/fr\/wp-json\/wp\/v2\/product_tag?post=296209"}],"curies":[{"name":"wp","href":"https:\/\/api.w.org\/{rel}","templated":true}]}}