{"id":294002,"date":"2023-07-21T13:57:09","date_gmt":"2023-07-21T13:57:14","guid":{"rendered":"https:\/\/www.erresse-shop.it\/?post_type=product&#038;p=294002"},"modified":"2025-01-14T08:41:28","modified_gmt":"2025-01-14T08:41:28","slug":"kitchenaid-blender-immersion-2-vitesses-noir","status":"publish","type":"product","link":"https:\/\/www.erresse-shop.it\/fr\/shop\/petits-electromenagers\/mixeurs\/kitchenaid-blender-immersion-2-vitesses-noir\/","title":{"rendered":"KITCHENAID Blender Immersion 2 Vitesses Noir"},"content":{"rendered":"<p><strong>Cr\u00e9ez rapidement et facilement des chefs-d&#8217;\u0153uvre culinaires \u00e0 l&#8217;infini.<\/strong><\/p>\n<p>Mixeur plongeant filaire 5KHBL1321SOB d&#8217;une puissance de 180 W. Il dispose de 2 niveaux de vitesse et d&#8217;une capacit\u00e9 de 0,7 litre. Mixe, hache et r\u00e9duit en pur\u00e9e les smoothies, les sauces, les soupes et bien plus encore. Puissant moteur \u00e0 courant continu \u00e0 2 vitesses Pour un contr\u00f4le exceptionnel et silencieux et un fonctionnement durable. Pichet de mixage gradu\u00e9 sans bisph\u00e9nol. R\u00e9duit le besoin de plusieurs bols \u00e0 m\u00e9langer ou verres gradu\u00e9s. Fouette, sert et conserve facilement les aliments dans un seul bol. Couleur : noir, onyx.<\/p>\n","protected":false},"excerpt":{"rendered":"<p>Cr\u00e9ez rapidement et facilement des chefs-d&#8217;\u0153uvre culinaires \u00e0 l&#8217;infini. Mixeur plongeant filaire 5KHBL1321SOB d&#8217;une puissance de 180 W. Il dispose<\/p>\n","protected":false},"featured_media":294025,"template":"","meta":{"_acf_changed":false,"inline_featured_image":false},"product_cat":[12766,12449],"product_tag":[15610,20848,13261],"acf":[],"yoast_head":"<!-- This site is optimized with the Yoast SEO Premium plugin v18.6 (Yoast SEO v19.13) - https:\/\/yoast.com\/wordpress\/plugins\/seo\/ -->\n<title>KITCHENAID Blender Immersion 2 Vitesses Noir<\/title>\n<meta name=\"description\" content=\"D\u00e9couvrez KITCHENAID Blender Immersion 2 Vitesses Noir sur ErresseShop. Qualit\u00e9, prix r\u00e9duits et achat s\u00e9curis\u00e9 \u2013 commandez d\u00e8s maintenant en ligne !\" \/>\n<meta name=\"robots\" content=\"index, follow, max-snippet:-1, max-image-preview:large, max-video-preview:-1\" \/>\n<link rel=\"canonical\" href=\"https:\/\/www.erresse-shop.it\/fr\/shop\/petits-electromenagers\/mixeurs\/kitchenaid-blender-immersion-2-vitesses-noir\/\" \/>\n<meta property=\"og:locale\" content=\"fr_FR\" \/>\n<meta property=\"og:type\" content=\"article\" \/>\n<meta property=\"og:title\" content=\"KITCHENAID Blender Immersion 2 Vitesses Noir\" \/>\n<meta property=\"og:description\" content=\"D\u00e9couvrez KITCHENAID Blender Immersion 2 Vitesses Noir sur ErresseShop. Qualit\u00e9, prix r\u00e9duits et achat s\u00e9curis\u00e9 \u2013 commandez d\u00e8s maintenant en ligne !\" \/>\n<meta property=\"og:url\" content=\"https:\/\/www.erresse-shop.it\/fr\/shop\/petits-electromenagers\/mixeurs\/kitchenaid-blender-immersion-2-vitesses-noir\/\" \/>\n<meta property=\"og:site_name\" content=\"Erresse Shop\" \/>\n<meta property=\"article:modified_time\" content=\"2025-01-14T08:41:28+00:00\" \/>\n<meta property=\"og:image\" content=\"https:\/\/www.erresse-shop.it\/wp-content\/uploads\/2023\/07\/KITCHENAID-Frullatore-Immersione-2-Velocita\u0300-Nero.jpg\" \/>\n\t<meta property=\"og:image:width\" content=\"800\" \/>\n\t<meta property=\"og:image:height\" content=\"800\" \/>\n\t<meta property=\"og:image:type\" content=\"image\/jpeg\" \/>\n<meta name=\"twitter:card\" content=\"summary_large_image\" \/>\n<script type=\"application\/ld+json\" class=\"yoast-schema-graph\">{\"@context\":\"https:\/\/schema.org\",\"@graph\":[{\"@type\":\"WebPage\",\"@id\":\"https:\/\/www.erresse-shop.it\/fr\/shop\/petits-electromenagers\/mixeurs\/kitchenaid-blender-immersion-2-vitesses-noir\/\",\"url\":\"https:\/\/www.erresse-shop.it\/fr\/shop\/petits-electromenagers\/mixeurs\/kitchenaid-blender-immersion-2-vitesses-noir\/\",\"name\":\"KITCHENAID Blender Immersion 2 Vitesses Noir\",\"isPartOf\":{\"@id\":\"https:\/\/www.erresse-shop.it\/fr\/#website\"},\"datePublished\":\"2023-07-21T13:57:14+00:00\",\"dateModified\":\"2025-01-14T08:41:28+00:00\",\"description\":\"D\u00e9couvrez KITCHENAID Blender Immersion 2 Vitesses Noir sur ErresseShop. Qualit\u00e9, prix r\u00e9duits et achat s\u00e9curis\u00e9 \u2013 commandez d\u00e8s maintenant en ligne !\",\"breadcrumb\":{\"@id\":\"https:\/\/www.erresse-shop.it\/fr\/shop\/petits-electromenagers\/mixeurs\/kitchenaid-blender-immersion-2-vitesses-noir\/#breadcrumb\"},\"inLanguage\":\"fr-FR\",\"potentialAction\":[{\"@type\":\"ReadAction\",\"target\":[\"https:\/\/www.erresse-shop.it\/fr\/shop\/petits-electromenagers\/mixeurs\/kitchenaid-blender-immersion-2-vitesses-noir\/\"]}]},{\"@type\":\"BreadcrumbList\",\"@id\":\"https:\/\/www.erresse-shop.it\/fr\/shop\/petits-electromenagers\/mixeurs\/kitchenaid-blender-immersion-2-vitesses-noir\/#breadcrumb\",\"itemListElement\":[{\"@type\":\"ListItem\",\"position\":1,\"name\":\"Home\",\"item\":\"https:\/\/www.erresse-shop.it\/fr\/\"},{\"@type\":\"ListItem\",\"position\":2,\"name\":\"Shop\",\"item\":\"https:\/\/www.erresse-shop.it\/fr\/shop\/\"},{\"@type\":\"ListItem\",\"position\":3,\"name\":\"KITCHENAID Blender Immersion 2 Vitesses Noir\"}]},{\"@type\":\"WebSite\",\"@id\":\"https:\/\/www.erresse-shop.it\/fr\/#website\",\"url\":\"https:\/\/www.erresse-shop.it\/fr\/\",\"name\":\"Erresse Shop\",\"description\":\"Articoli di qualit\u00e0 per la casa\",\"potentialAction\":[{\"@type\":\"SearchAction\",\"target\":{\"@type\":\"EntryPoint\",\"urlTemplate\":\"https:\/\/www.erresse-shop.it\/fr\/?s={search_term_string}\"},\"query-input\":\"required name=search_term_string\"}],\"inLanguage\":\"fr-FR\"}]}<\/script>\n<!-- \/ Yoast SEO Premium plugin. -->","yoast_head_json":{"title":"KITCHENAID Blender Immersion 2 Vitesses Noir","description":"D\u00e9couvrez KITCHENAID Blender Immersion 2 Vitesses Noir sur ErresseShop. Qualit\u00e9, prix r\u00e9duits et achat s\u00e9curis\u00e9 \u2013 commandez d\u00e8s maintenant en ligne !","robots":{"index":"index","follow":"follow","max-snippet":"max-snippet:-1","max-image-preview":"max-image-preview:large","max-video-preview":"max-video-preview:-1"},"canonical":"https:\/\/www.erresse-shop.it\/fr\/shop\/petits-electromenagers\/mixeurs\/kitchenaid-blender-immersion-2-vitesses-noir\/","og_locale":"fr_FR","og_type":"article","og_title":"KITCHENAID Blender Immersion 2 Vitesses Noir","og_description":"D\u00e9couvrez KITCHENAID Blender Immersion 2 Vitesses Noir sur ErresseShop. Qualit\u00e9, prix r\u00e9duits et achat s\u00e9curis\u00e9 \u2013 commandez d\u00e8s maintenant en ligne !","og_url":"https:\/\/www.erresse-shop.it\/fr\/shop\/petits-electromenagers\/mixeurs\/kitchenaid-blender-immersion-2-vitesses-noir\/","og_site_name":"Erresse Shop","article_modified_time":"2025-01-14T08:41:28+00:00","og_image":[{"width":800,"height":800,"url":"https:\/\/www.erresse-shop.it\/wp-content\/uploads\/2023\/07\/KITCHENAID-Frullatore-Immersione-2-Velocita\u0300-Nero.jpg","type":"image\/jpeg"}],"twitter_card":"summary_large_image","schema":{"@context":"https:\/\/schema.org","@graph":[{"@type":"WebPage","@id":"https:\/\/www.erresse-shop.it\/fr\/shop\/petits-electromenagers\/mixeurs\/kitchenaid-blender-immersion-2-vitesses-noir\/","url":"https:\/\/www.erresse-shop.it\/fr\/shop\/petits-electromenagers\/mixeurs\/kitchenaid-blender-immersion-2-vitesses-noir\/","name":"KITCHENAID Blender Immersion 2 Vitesses Noir","isPartOf":{"@id":"https:\/\/www.erresse-shop.it\/fr\/#website"},"datePublished":"2023-07-21T13:57:14+00:00","dateModified":"2025-01-14T08:41:28+00:00","description":"D\u00e9couvrez KITCHENAID Blender Immersion 2 Vitesses Noir sur ErresseShop. Qualit\u00e9, prix r\u00e9duits et achat s\u00e9curis\u00e9 \u2013 commandez d\u00e8s maintenant en ligne !","breadcrumb":{"@id":"https:\/\/www.erresse-shop.it\/fr\/shop\/petits-electromenagers\/mixeurs\/kitchenaid-blender-immersion-2-vitesses-noir\/#breadcrumb"},"inLanguage":"fr-FR","potentialAction":[{"@type":"ReadAction","target":["https:\/\/www.erresse-shop.it\/fr\/shop\/petits-electromenagers\/mixeurs\/kitchenaid-blender-immersion-2-vitesses-noir\/"]}]},{"@type":"BreadcrumbList","@id":"https:\/\/www.erresse-shop.it\/fr\/shop\/petits-electromenagers\/mixeurs\/kitchenaid-blender-immersion-2-vitesses-noir\/#breadcrumb","itemListElement":[{"@type":"ListItem","position":1,"name":"Home","item":"https:\/\/www.erresse-shop.it\/fr\/"},{"@type":"ListItem","position":2,"name":"Shop","item":"https:\/\/www.erresse-shop.it\/fr\/shop\/"},{"@type":"ListItem","position":3,"name":"KITCHENAID Blender Immersion 2 Vitesses Noir"}]},{"@type":"WebSite","@id":"https:\/\/www.erresse-shop.it\/fr\/#website","url":"https:\/\/www.erresse-shop.it\/fr\/","name":"Erresse Shop","description":"Articoli di qualit\u00e0 per la casa","potentialAction":[{"@type":"SearchAction","target":{"@type":"EntryPoint","urlTemplate":"https:\/\/www.erresse-shop.it\/fr\/?s={search_term_string}"},"query-input":"required name=search_term_string"}],"inLanguage":"fr-FR"}]}},"df_price":74.25,"df_sale_price":74.25,"df_regular_price":99,"df_image_link":"https:\/\/www.erresse-shop.it\/wp-content\/uploads\/2023\/07\/KITCHENAID-Frullatore-Immersione-2-Velocita\u0300-Nero-300x300.jpg","_links":{"self":[{"href":"https:\/\/www.erresse-shop.it\/fr\/wp-json\/wp\/v2\/product\/294002"}],"collection":[{"href":"https:\/\/www.erresse-shop.it\/fr\/wp-json\/wp\/v2\/product"}],"about":[{"href":"https:\/\/www.erresse-shop.it\/fr\/wp-json\/wp\/v2\/types\/product"}],"wp:featuredmedia":[{"embeddable":true,"href":"https:\/\/www.erresse-shop.it\/fr\/wp-json\/wp\/v2\/media\/294025"}],"wp:attachment":[{"href":"https:\/\/www.erresse-shop.it\/fr\/wp-json\/wp\/v2\/media?parent=294002"}],"wp:term":[{"taxonomy":"product_cat","embeddable":true,"href":"https:\/\/www.erresse-shop.it\/fr\/wp-json\/wp\/v2\/product_cat?post=294002"},{"taxonomy":"product_tag","embeddable":true,"href":"https:\/\/www.erresse-shop.it\/fr\/wp-json\/wp\/v2\/product_tag?post=294002"}],"curies":[{"name":"wp","href":"https:\/\/api.w.org\/{rel}","templated":true}]}}