{"id":293952,"date":"2023-07-21T13:22:08","date_gmt":"2023-07-21T13:22:13","guid":{"rendered":"https:\/\/www.erresse-shop.it\/?post_type=product&#038;p=293952"},"modified":"2025-06-13T17:38:16","modified_gmt":"2025-06-13T17:38:16","slug":"kitchenaid-fouet-electrique-9-vitesses-plaque-argent","status":"publish","type":"product","link":"https:\/\/www.erresse-shop.it\/fr\/shop\/petits-electromenagers\/batteurs-a-main-electriques\/kitchenaid-fouet-electrique-9-vitesses-plaque-argent\/","title":{"rendered":"KITCHENAID Fouet \u00c9lectrique 9 Vitesses Plaqu\u00e9 Argent"},"content":{"rendered":"<p><strong>Le batteur \u00e9lectrique pour les cuisiniers press\u00e9s<\/strong><\/p>\n<p>Le fouet \u00e0 9 vitesses KitchenAid 5KHM9212 est compact, mais donne d&#8217;excellents r\u00e9sultats. Con\u00e7u par la MARQUE PLAN\u00c9TAIRE NUM\u00c9RO 1 AU MONDE \u207d\u00b9\u207e et aussi polyvalent qu&#8217;un batteur plan\u00e9taire, il vous aide \u00e0 tout pr\u00e9parer, des d\u00e9licieux plats de tous les jours aux menus \u00e9labor\u00e9s lorsque vous recevez des invit\u00e9s.<\/p>\n<p><strong>M\u00e9lange rapide et sans d\u00e9g\u00e2ts<\/strong><\/p>\n<p>Avec le batteur \u00e9lectrique KitchenAid, vous d\u00e9cidez d&#8217;opter pour un m\u00e9lange lent ou vigoureux gr\u00e2ce aux 9 vitesses que vous pouvez r\u00e9gler en appuyant sur un bouton. De la vitesse 1 pour m\u00e9langer lentement des ingr\u00e9dients \u00e9pais, \u00e0 la vitesse 5 pour m\u00e9langer des p\u00e2tes \u00e0 g\u00e2teaux ou \u00e9craser des pommes de terre, en passant par la vitesse 9 pour fouetter une meringue.<\/p>\n<p>La fonction Soft Start est id\u00e9ale pour les batteurs \u00e9lectriques, car elle emp\u00eache le sucre glace de se r\u00e9pandre partout et les grumeaux de beurre de s&#8217;\u00e9chapper du bol.<\/p>\n<p><strong>Un m\u00e9lange parfait de puissance et de pr\u00e9cision<\/strong><\/p>\n<p>Le puissant moteur \u00e0 courant continu de 85 watts est capable de traiter les ingr\u00e9dients avec facilit\u00e9, sans \u00eatre bruyant. R\u00e9glez la vitesse selon vos pr\u00e9f\u00e9rences en appuyant sur les boutons UP et DOWN et obtenez le m\u00e9lange parfait avec une puissance pr\u00e9cise et facile \u00e0 contr\u00f4ler.<\/p>\n<p>L&#8217;indicateur num\u00e9rique de vitesse LED affiche le r\u00e9glage de la vitesse, de 1 \u00e0 9, afin que vous puissiez voir clairement la vitesse utilis\u00e9e et d\u00e9cider de l&#8217;augmenter ou de la diminuer avec votre pouce (\u00e0 l&#8217;aide des fl\u00e8ches).<\/p>\n<p><strong>Bien plus qu&#8217;un simple batteur \u00e9lectrique<\/strong><\/p>\n<p>Le KitchenAid 9-Speed Whisk comprend non seulement 2 fouets turbo, mais aussi un fouet, 2 crochets p\u00e9trisseurs et un manche de fouet (m\u00e9langeur \u00e0 immersion), tous fabriqu\u00e9s en acier inoxydable de qualit\u00e9 et accompagn\u00e9s d&#8217;une pochette en coton.<\/p>\n<p>Avec tous ces accessoires suppl\u00e9mentaires, vous pouvez pr\u00e9parer des plats de toutes sortes. En plus de m\u00e9langer rapidement, cet outil pratique est capable de fouetter, de p\u00e9trir et d&#8217;\u00e9mulsionner, des g\u00e2teaux et des biscuits aux mousses, en passant par les smoothies et les vinaigrettes. Il s&#8217;agit en quelque sorte d&#8217;un mixeur plan\u00e9taire que vous pouvez tenir dans votre main.<\/p>\n<p><strong>Un fouet \u00e9lectrique pratique pour se faire plaisir en cuisine<\/strong><\/p>\n<p>Gr\u00e2ce \u00e0 sa poign\u00e9e souple, le fouet KitchenAid \u00e0 9 vitesses est agr\u00e9able \u00e0 tenir, ce qui vous permet de contr\u00f4ler parfaitement les mouvements pendant le m\u00e9lange.<\/p>\n<p>Gr\u00e2ce au long cordon, vous pouvez travailler loin d&#8217;une prise de courant, tandis que le cordon pivotant innovant vous offre plus de flexibilit\u00e9 car vous pouvez le bloquer d&#8217;un c\u00f4t\u00e9 ou de l&#8217;autre, en fonction de la main que vous pr\u00e9f\u00e9rez utiliser. Trouvez le bon angle pour attraper les ingr\u00e9dients et effectuez plusieurs t\u00e2ches \u00e0 la fois dans la cuisine. Vous ne pourrez plus vous arr\u00eater.<\/p>\n<p><strong>Caract\u00e9ristiques techniques :<\/strong><\/p>\n<ul>\n<li>Tension : 220-240 V<\/li>\n<li>Puissance : 85 W<\/li>\n<li>Fr\u00e9quence : 50\/60 Hz<\/li>\n<li>Longueur du c\u00e2ble : 153 cm<\/li>\n<\/ul>\n<p><strong>Contenu de l&#8217;emballage :<\/strong><\/p>\n<ul>\n<li>Base du fouet \u00e9lectrique<\/li>\n<li>2 fouets en acier inoxydable<\/li>\n<li>Fouet \u00e0 16 fils<\/li>\n<li>2 crochets p\u00e9trisseurs<\/li>\n<li>Tige de fouet<\/li>\n<li>Etui de rangement en coton<\/li>\n<\/ul>\n","protected":false},"excerpt":{"rendered":"<p>Le batteur \u00e9lectrique pour les cuisiniers press\u00e9s Le fouet \u00e0 9 vitesses KitchenAid 5KHM9212 est compact, mais donne d&#8217;excellents r\u00e9sultats.<\/p>\n","protected":false},"featured_media":508579,"template":"","meta":{"_acf_changed":false,"inline_featured_image":false},"product_cat":[20052,12449],"product_tag":[20043,20044,15610],"acf":[],"yoast_head":"<!-- This site is optimized with the Yoast SEO Premium plugin v18.6 (Yoast SEO v19.13) - https:\/\/yoast.com\/wordpress\/plugins\/seo\/ -->\n<title>KITCHENAID Fouet \u00c9lectrique 9 Vitesses Plaqu\u00e9 Argent<\/title>\n<meta name=\"description\" content=\"D\u00e9couvrez KITCHENAID Fouet \u00c9lectrique 9 Vitesses Plaqu\u00e9 Argent sur ErresseShop. Qualit\u00e9, prix r\u00e9duits et achat s\u00e9curis\u00e9 \u2013 commandez d\u00e8s maintenant en ligne !\" \/>\n<meta name=\"robots\" content=\"index, follow, max-snippet:-1, max-image-preview:large, max-video-preview:-1\" \/>\n<link rel=\"canonical\" href=\"https:\/\/www.erresse-shop.it\/fr\/shop\/petits-electromenagers\/batteurs-a-main-electriques\/kitchenaid-fouet-electrique-9-vitesses-plaque-argent\/\" \/>\n<meta property=\"og:locale\" content=\"fr_FR\" \/>\n<meta property=\"og:type\" content=\"article\" \/>\n<meta property=\"og:title\" content=\"KITCHENAID Fouet \u00c9lectrique 9 Vitesses Plaqu\u00e9 Argent\" \/>\n<meta property=\"og:description\" content=\"D\u00e9couvrez KITCHENAID Fouet \u00c9lectrique 9 Vitesses Plaqu\u00e9 Argent sur ErresseShop. Qualit\u00e9, prix r\u00e9duits et achat s\u00e9curis\u00e9 \u2013 commandez d\u00e8s maintenant en ligne !\" \/>\n<meta property=\"og:url\" content=\"https:\/\/www.erresse-shop.it\/fr\/shop\/petits-electromenagers\/batteurs-a-main-electriques\/kitchenaid-fouet-electrique-9-vitesses-plaque-argent\/\" \/>\n<meta property=\"og:site_name\" content=\"Erresse Shop\" \/>\n<meta property=\"article:modified_time\" content=\"2025-06-13T17:38:16+00:00\" \/>\n<meta property=\"og:image\" content=\"https:\/\/www.erresse-shop.it\/wp-content\/uploads\/2023\/07\/KITCHENAID-Sbattitore-Elettrico-9-Velocita\u0300-Argento-Placcato.jpg\" \/>\n\t<meta property=\"og:image:width\" content=\"800\" \/>\n\t<meta property=\"og:image:height\" content=\"800\" \/>\n\t<meta property=\"og:image:type\" content=\"image\/jpeg\" \/>\n<meta name=\"twitter:card\" content=\"summary_large_image\" \/>\n<script type=\"application\/ld+json\" class=\"yoast-schema-graph\">{\"@context\":\"https:\/\/schema.org\",\"@graph\":[{\"@type\":\"WebPage\",\"@id\":\"https:\/\/www.erresse-shop.it\/fr\/shop\/petits-electromenagers\/batteurs-a-main-electriques\/kitchenaid-fouet-electrique-9-vitesses-plaque-argent\/\",\"url\":\"https:\/\/www.erresse-shop.it\/fr\/shop\/petits-electromenagers\/batteurs-a-main-electriques\/kitchenaid-fouet-electrique-9-vitesses-plaque-argent\/\",\"name\":\"KITCHENAID Fouet \u00c9lectrique 9 Vitesses Plaqu\u00e9 Argent\",\"isPartOf\":{\"@id\":\"https:\/\/www.erresse-shop.it\/fr\/#website\"},\"datePublished\":\"2023-07-21T13:22:13+00:00\",\"dateModified\":\"2025-06-13T17:38:16+00:00\",\"description\":\"D\u00e9couvrez KITCHENAID Fouet \u00c9lectrique 9 Vitesses Plaqu\u00e9 Argent sur ErresseShop. Qualit\u00e9, prix r\u00e9duits et achat s\u00e9curis\u00e9 \u2013 commandez d\u00e8s maintenant en ligne !\",\"breadcrumb\":{\"@id\":\"https:\/\/www.erresse-shop.it\/fr\/shop\/petits-electromenagers\/batteurs-a-main-electriques\/kitchenaid-fouet-electrique-9-vitesses-plaque-argent\/#breadcrumb\"},\"inLanguage\":\"fr-FR\",\"potentialAction\":[{\"@type\":\"ReadAction\",\"target\":[\"https:\/\/www.erresse-shop.it\/fr\/shop\/petits-electromenagers\/batteurs-a-main-electriques\/kitchenaid-fouet-electrique-9-vitesses-plaque-argent\/\"]}]},{\"@type\":\"BreadcrumbList\",\"@id\":\"https:\/\/www.erresse-shop.it\/fr\/shop\/petits-electromenagers\/batteurs-a-main-electriques\/kitchenaid-fouet-electrique-9-vitesses-plaque-argent\/#breadcrumb\",\"itemListElement\":[{\"@type\":\"ListItem\",\"position\":1,\"name\":\"Home\",\"item\":\"https:\/\/www.erresse-shop.it\/fr\/\"},{\"@type\":\"ListItem\",\"position\":2,\"name\":\"Shop\",\"item\":\"https:\/\/www.erresse-shop.it\/fr\/shop\/\"},{\"@type\":\"ListItem\",\"position\":3,\"name\":\"KITCHENAID Fouet \u00c9lectrique 9 Vitesses Plaqu\u00e9 Argent\"}]},{\"@type\":\"WebSite\",\"@id\":\"https:\/\/www.erresse-shop.it\/fr\/#website\",\"url\":\"https:\/\/www.erresse-shop.it\/fr\/\",\"name\":\"Erresse Shop\",\"description\":\"Articoli di qualit\u00e0 per la casa\",\"potentialAction\":[{\"@type\":\"SearchAction\",\"target\":{\"@type\":\"EntryPoint\",\"urlTemplate\":\"https:\/\/www.erresse-shop.it\/fr\/?s={search_term_string}\"},\"query-input\":\"required name=search_term_string\"}],\"inLanguage\":\"fr-FR\"}]}<\/script>\n<!-- \/ Yoast SEO Premium plugin. -->","yoast_head_json":{"title":"KITCHENAID Fouet \u00c9lectrique 9 Vitesses Plaqu\u00e9 Argent","description":"D\u00e9couvrez KITCHENAID Fouet \u00c9lectrique 9 Vitesses Plaqu\u00e9 Argent sur ErresseShop. Qualit\u00e9, prix r\u00e9duits et achat s\u00e9curis\u00e9 \u2013 commandez d\u00e8s maintenant en ligne !","robots":{"index":"index","follow":"follow","max-snippet":"max-snippet:-1","max-image-preview":"max-image-preview:large","max-video-preview":"max-video-preview:-1"},"canonical":"https:\/\/www.erresse-shop.it\/fr\/shop\/petits-electromenagers\/batteurs-a-main-electriques\/kitchenaid-fouet-electrique-9-vitesses-plaque-argent\/","og_locale":"fr_FR","og_type":"article","og_title":"KITCHENAID Fouet \u00c9lectrique 9 Vitesses Plaqu\u00e9 Argent","og_description":"D\u00e9couvrez KITCHENAID Fouet \u00c9lectrique 9 Vitesses Plaqu\u00e9 Argent sur ErresseShop. Qualit\u00e9, prix r\u00e9duits et achat s\u00e9curis\u00e9 \u2013 commandez d\u00e8s maintenant en ligne !","og_url":"https:\/\/www.erresse-shop.it\/fr\/shop\/petits-electromenagers\/batteurs-a-main-electriques\/kitchenaid-fouet-electrique-9-vitesses-plaque-argent\/","og_site_name":"Erresse Shop","article_modified_time":"2025-06-13T17:38:16+00:00","og_image":[{"width":800,"height":800,"url":"https:\/\/www.erresse-shop.it\/wp-content\/uploads\/2023\/07\/KITCHENAID-Sbattitore-Elettrico-9-Velocita\u0300-Argento-Placcato.jpg","type":"image\/jpeg"}],"twitter_card":"summary_large_image","schema":{"@context":"https:\/\/schema.org","@graph":[{"@type":"WebPage","@id":"https:\/\/www.erresse-shop.it\/fr\/shop\/petits-electromenagers\/batteurs-a-main-electriques\/kitchenaid-fouet-electrique-9-vitesses-plaque-argent\/","url":"https:\/\/www.erresse-shop.it\/fr\/shop\/petits-electromenagers\/batteurs-a-main-electriques\/kitchenaid-fouet-electrique-9-vitesses-plaque-argent\/","name":"KITCHENAID Fouet \u00c9lectrique 9 Vitesses Plaqu\u00e9 Argent","isPartOf":{"@id":"https:\/\/www.erresse-shop.it\/fr\/#website"},"datePublished":"2023-07-21T13:22:13+00:00","dateModified":"2025-06-13T17:38:16+00:00","description":"D\u00e9couvrez KITCHENAID Fouet \u00c9lectrique 9 Vitesses Plaqu\u00e9 Argent sur ErresseShop. Qualit\u00e9, prix r\u00e9duits et achat s\u00e9curis\u00e9 \u2013 commandez d\u00e8s maintenant en ligne !","breadcrumb":{"@id":"https:\/\/www.erresse-shop.it\/fr\/shop\/petits-electromenagers\/batteurs-a-main-electriques\/kitchenaid-fouet-electrique-9-vitesses-plaque-argent\/#breadcrumb"},"inLanguage":"fr-FR","potentialAction":[{"@type":"ReadAction","target":["https:\/\/www.erresse-shop.it\/fr\/shop\/petits-electromenagers\/batteurs-a-main-electriques\/kitchenaid-fouet-electrique-9-vitesses-plaque-argent\/"]}]},{"@type":"BreadcrumbList","@id":"https:\/\/www.erresse-shop.it\/fr\/shop\/petits-electromenagers\/batteurs-a-main-electriques\/kitchenaid-fouet-electrique-9-vitesses-plaque-argent\/#breadcrumb","itemListElement":[{"@type":"ListItem","position":1,"name":"Home","item":"https:\/\/www.erresse-shop.it\/fr\/"},{"@type":"ListItem","position":2,"name":"Shop","item":"https:\/\/www.erresse-shop.it\/fr\/shop\/"},{"@type":"ListItem","position":3,"name":"KITCHENAID Fouet \u00c9lectrique 9 Vitesses Plaqu\u00e9 Argent"}]},{"@type":"WebSite","@id":"https:\/\/www.erresse-shop.it\/fr\/#website","url":"https:\/\/www.erresse-shop.it\/fr\/","name":"Erresse Shop","description":"Articoli di qualit\u00e0 per la casa","potentialAction":[{"@type":"SearchAction","target":{"@type":"EntryPoint","urlTemplate":"https:\/\/www.erresse-shop.it\/fr\/?s={search_term_string}"},"query-input":"required name=search_term_string"}],"inLanguage":"fr-FR"}]}},"df_price":143.65,"df_sale_price":143.65,"df_regular_price":169,"df_image_link":"https:\/\/www.erresse-shop.it\/wp-content\/uploads\/2023\/07\/KITCHENAID-Sbattitore-Elettrico-9-Velocita-Argento-Placcato-300x300.jpg","_links":{"self":[{"href":"https:\/\/www.erresse-shop.it\/fr\/wp-json\/wp\/v2\/product\/293952"}],"collection":[{"href":"https:\/\/www.erresse-shop.it\/fr\/wp-json\/wp\/v2\/product"}],"about":[{"href":"https:\/\/www.erresse-shop.it\/fr\/wp-json\/wp\/v2\/types\/product"}],"wp:featuredmedia":[{"embeddable":true,"href":"https:\/\/www.erresse-shop.it\/fr\/wp-json\/wp\/v2\/media\/508579"}],"wp:attachment":[{"href":"https:\/\/www.erresse-shop.it\/fr\/wp-json\/wp\/v2\/media?parent=293952"}],"wp:term":[{"taxonomy":"product_cat","embeddable":true,"href":"https:\/\/www.erresse-shop.it\/fr\/wp-json\/wp\/v2\/product_cat?post=293952"},{"taxonomy":"product_tag","embeddable":true,"href":"https:\/\/www.erresse-shop.it\/fr\/wp-json\/wp\/v2\/product_tag?post=293952"}],"curies":[{"name":"wp","href":"https:\/\/api.w.org\/{rel}","templated":true}]}}