{"id":292841,"date":"2023-07-17T14:48:32","date_gmt":"2023-07-17T14:48:37","guid":{"rendered":"https:\/\/www.erresse-shop.it\/?post_type=product&#038;p=292841"},"modified":"2025-05-22T12:16:46","modified_gmt":"2025-05-22T12:16:46","slug":"illy-10-paquets-de-10-capsules-compatibles-nespresso-toast-intense","status":"publish","type":"product","link":"https:\/\/www.erresse-shop.it\/fr\/shop\/cafe\/dosettes-et-capsules-de-cafe\/illy-10-paquets-de-10-capsules-compatibles-nespresso-toast-intense\/","title":{"rendered":"ILLY 10 paquets de 10 capsules compatibles Nespresso Toast intense"},"content":{"rendered":"<p><strong>Paquet de 10 capsules, total 100 capsules (10\u00a0paquets).<\/strong><\/p>\n<p>*avec les machines \u00e0 caf\u00e9 Nespresso\u00ae** Original.<br \/>\n**Marque tierce sans lien avec illycaff\u00e8 S.p.A.<\/p>\n<p><strong>NOTES AROMATIQUES<\/strong><br \/>\nLe caf\u00e9 torr\u00e9fi\u00e9 intense a un go\u00fbt cors\u00e9. Il exprime une l\u00e9g\u00e8re amertume, avec des notes vives de cacao et de fruits secs. Pour le d\u00e9guster au mieux, nous recommandons un volume de tasse compris entre 25 et 40 ml.<\/p>\n","protected":false},"excerpt":{"rendered":"<p>Paquet de 10 capsules, total 100 capsules (10\u00a0paquets). *avec les machines \u00e0 caf\u00e9 Nespresso\u00ae** Original. **Marque tierce sans lien avec<\/p>\n","protected":false},"featured_media":500659,"template":"","meta":{"_acf_changed":false,"inline_featured_image":false},"product_cat":[25350,25391],"product_tag":[12956,23563,23225],"acf":[],"yoast_head":"<!-- This site is optimized with the Yoast SEO Premium plugin v18.6 (Yoast SEO v19.13) - https:\/\/yoast.com\/wordpress\/plugins\/seo\/ -->\n<title>ILLY 10 paquets de 10 capsules compatibles Nespresso\u00ae Toast intense<\/title>\n<meta name=\"description\" content=\"D\u00e9couvrez ILLY 10 paquets de 10 capsules compatibles Nespresso\u00ae Toast intense sur ErresseShop. Qualit\u00e9, prix r\u00e9duits et achat s\u00e9curis\u00e9 \u2013 commandez d\u00e8s maintenant en ligne !\" \/>\n<meta name=\"robots\" content=\"index, follow, max-snippet:-1, max-image-preview:large, max-video-preview:-1\" \/>\n<link rel=\"canonical\" href=\"https:\/\/www.erresse-shop.it\/fr\/shop\/cafe\/dosettes-et-capsules-de-cafe\/illy-10-paquets-de-10-capsules-compatibles-nespresso-toast-intense\/\" \/>\n<meta property=\"og:locale\" content=\"fr_FR\" \/>\n<meta property=\"og:type\" content=\"article\" \/>\n<meta property=\"og:title\" content=\"ILLY 10 paquets de 10 capsules compatibles Nespresso Toast intense\" \/>\n<meta property=\"og:description\" content=\"D\u00e9couvrez ILLY 10 paquets de 10 capsules compatibles Nespresso\u00ae Toast intense sur ErresseShop. Qualit\u00e9, prix r\u00e9duits et achat s\u00e9curis\u00e9 \u2013 commandez d\u00e8s maintenant en ligne !\" \/>\n<meta property=\"og:url\" content=\"https:\/\/www.erresse-shop.it\/fr\/shop\/cafe\/dosettes-et-capsules-de-cafe\/illy-10-paquets-de-10-capsules-compatibles-nespresso-toast-intense\/\" \/>\n<meta property=\"og:site_name\" content=\"Erresse Shop\" \/>\n<meta property=\"article:modified_time\" content=\"2025-05-22T12:16:46+00:00\" \/>\n<meta property=\"og:image\" content=\"https:\/\/www.erresse-shop.it\/wp-content\/uploads\/2023\/07\/ILLY-10-Confezioni-da-10-Capsule-Tostato-Intenso.jpg\" \/>\n\t<meta property=\"og:image:width\" content=\"1200\" \/>\n\t<meta property=\"og:image:height\" content=\"1200\" \/>\n\t<meta property=\"og:image:type\" content=\"image\/jpeg\" \/>\n<meta name=\"twitter:card\" content=\"summary_large_image\" \/>\n<script type=\"application\/ld+json\" class=\"yoast-schema-graph\">{\"@context\":\"https:\/\/schema.org\",\"@graph\":[{\"@type\":\"WebPage\",\"@id\":\"https:\/\/www.erresse-shop.it\/fr\/shop\/cafe\/dosettes-et-capsules-de-cafe\/illy-10-paquets-de-10-capsules-compatibles-nespresso-toast-intense\/\",\"url\":\"https:\/\/www.erresse-shop.it\/fr\/shop\/cafe\/dosettes-et-capsules-de-cafe\/illy-10-paquets-de-10-capsules-compatibles-nespresso-toast-intense\/\",\"name\":\"ILLY 10 paquets de 10 capsules compatibles Nespresso\u00ae Toast intense\",\"isPartOf\":{\"@id\":\"https:\/\/www.erresse-shop.it\/fr\/#website\"},\"datePublished\":\"2023-07-17T14:48:37+00:00\",\"dateModified\":\"2025-05-22T12:16:46+00:00\",\"description\":\"D\u00e9couvrez ILLY 10 paquets de 10 capsules compatibles Nespresso\u00ae Toast intense sur ErresseShop. Qualit\u00e9, prix r\u00e9duits et achat s\u00e9curis\u00e9 \u2013 commandez d\u00e8s maintenant en ligne !\",\"breadcrumb\":{\"@id\":\"https:\/\/www.erresse-shop.it\/fr\/shop\/cafe\/dosettes-et-capsules-de-cafe\/illy-10-paquets-de-10-capsules-compatibles-nespresso-toast-intense\/#breadcrumb\"},\"inLanguage\":\"fr-FR\",\"potentialAction\":[{\"@type\":\"ReadAction\",\"target\":[\"https:\/\/www.erresse-shop.it\/fr\/shop\/cafe\/dosettes-et-capsules-de-cafe\/illy-10-paquets-de-10-capsules-compatibles-nespresso-toast-intense\/\"]}]},{\"@type\":\"BreadcrumbList\",\"@id\":\"https:\/\/www.erresse-shop.it\/fr\/shop\/cafe\/dosettes-et-capsules-de-cafe\/illy-10-paquets-de-10-capsules-compatibles-nespresso-toast-intense\/#breadcrumb\",\"itemListElement\":[{\"@type\":\"ListItem\",\"position\":1,\"name\":\"Home\",\"item\":\"https:\/\/www.erresse-shop.it\/fr\/\"},{\"@type\":\"ListItem\",\"position\":2,\"name\":\"Shop\",\"item\":\"https:\/\/www.erresse-shop.it\/fr\/shop\/\"},{\"@type\":\"ListItem\",\"position\":3,\"name\":\"ILLY 10 paquets de 10 capsules compatibles Nespresso Toast intense\"}]},{\"@type\":\"WebSite\",\"@id\":\"https:\/\/www.erresse-shop.it\/fr\/#website\",\"url\":\"https:\/\/www.erresse-shop.it\/fr\/\",\"name\":\"Erresse Shop\",\"description\":\"Articoli di qualit\u00e0 per la casa\",\"potentialAction\":[{\"@type\":\"SearchAction\",\"target\":{\"@type\":\"EntryPoint\",\"urlTemplate\":\"https:\/\/www.erresse-shop.it\/fr\/?s={search_term_string}\"},\"query-input\":\"required name=search_term_string\"}],\"inLanguage\":\"fr-FR\"}]}<\/script>\n<!-- \/ Yoast SEO Premium plugin. -->","yoast_head_json":{"title":"ILLY 10 paquets de 10 capsules compatibles Nespresso\u00ae Toast intense","description":"D\u00e9couvrez ILLY 10 paquets de 10 capsules compatibles Nespresso\u00ae Toast intense sur ErresseShop. Qualit\u00e9, prix r\u00e9duits et achat s\u00e9curis\u00e9 \u2013 commandez d\u00e8s maintenant en ligne !","robots":{"index":"index","follow":"follow","max-snippet":"max-snippet:-1","max-image-preview":"max-image-preview:large","max-video-preview":"max-video-preview:-1"},"canonical":"https:\/\/www.erresse-shop.it\/fr\/shop\/cafe\/dosettes-et-capsules-de-cafe\/illy-10-paquets-de-10-capsules-compatibles-nespresso-toast-intense\/","og_locale":"fr_FR","og_type":"article","og_title":"ILLY 10 paquets de 10 capsules compatibles Nespresso Toast intense","og_description":"D\u00e9couvrez ILLY 10 paquets de 10 capsules compatibles Nespresso\u00ae Toast intense sur ErresseShop. Qualit\u00e9, prix r\u00e9duits et achat s\u00e9curis\u00e9 \u2013 commandez d\u00e8s maintenant en ligne !","og_url":"https:\/\/www.erresse-shop.it\/fr\/shop\/cafe\/dosettes-et-capsules-de-cafe\/illy-10-paquets-de-10-capsules-compatibles-nespresso-toast-intense\/","og_site_name":"Erresse Shop","article_modified_time":"2025-05-22T12:16:46+00:00","og_image":[{"width":1200,"height":1200,"url":"https:\/\/www.erresse-shop.it\/wp-content\/uploads\/2023\/07\/ILLY-10-Confezioni-da-10-Capsule-Tostato-Intenso.jpg","type":"image\/jpeg"}],"twitter_card":"summary_large_image","schema":{"@context":"https:\/\/schema.org","@graph":[{"@type":"WebPage","@id":"https:\/\/www.erresse-shop.it\/fr\/shop\/cafe\/dosettes-et-capsules-de-cafe\/illy-10-paquets-de-10-capsules-compatibles-nespresso-toast-intense\/","url":"https:\/\/www.erresse-shop.it\/fr\/shop\/cafe\/dosettes-et-capsules-de-cafe\/illy-10-paquets-de-10-capsules-compatibles-nespresso-toast-intense\/","name":"ILLY 10 paquets de 10 capsules compatibles Nespresso\u00ae Toast intense","isPartOf":{"@id":"https:\/\/www.erresse-shop.it\/fr\/#website"},"datePublished":"2023-07-17T14:48:37+00:00","dateModified":"2025-05-22T12:16:46+00:00","description":"D\u00e9couvrez ILLY 10 paquets de 10 capsules compatibles Nespresso\u00ae Toast intense sur ErresseShop. Qualit\u00e9, prix r\u00e9duits et achat s\u00e9curis\u00e9 \u2013 commandez d\u00e8s maintenant en ligne !","breadcrumb":{"@id":"https:\/\/www.erresse-shop.it\/fr\/shop\/cafe\/dosettes-et-capsules-de-cafe\/illy-10-paquets-de-10-capsules-compatibles-nespresso-toast-intense\/#breadcrumb"},"inLanguage":"fr-FR","potentialAction":[{"@type":"ReadAction","target":["https:\/\/www.erresse-shop.it\/fr\/shop\/cafe\/dosettes-et-capsules-de-cafe\/illy-10-paquets-de-10-capsules-compatibles-nespresso-toast-intense\/"]}]},{"@type":"BreadcrumbList","@id":"https:\/\/www.erresse-shop.it\/fr\/shop\/cafe\/dosettes-et-capsules-de-cafe\/illy-10-paquets-de-10-capsules-compatibles-nespresso-toast-intense\/#breadcrumb","itemListElement":[{"@type":"ListItem","position":1,"name":"Home","item":"https:\/\/www.erresse-shop.it\/fr\/"},{"@type":"ListItem","position":2,"name":"Shop","item":"https:\/\/www.erresse-shop.it\/fr\/shop\/"},{"@type":"ListItem","position":3,"name":"ILLY 10 paquets de 10 capsules compatibles Nespresso Toast intense"}]},{"@type":"WebSite","@id":"https:\/\/www.erresse-shop.it\/fr\/#website","url":"https:\/\/www.erresse-shop.it\/fr\/","name":"Erresse Shop","description":"Articoli di qualit\u00e0 per la casa","potentialAction":[{"@type":"SearchAction","target":{"@type":"EntryPoint","urlTemplate":"https:\/\/www.erresse-shop.it\/fr\/?s={search_term_string}"},"query-input":"required name=search_term_string"}],"inLanguage":"fr-FR"}]}},"df_price":46,"df_sale_price":46,"df_regular_price":46,"df_image_link":"https:\/\/www.erresse-shop.it\/wp-content\/uploads\/2023\/07\/ILLY-10-Confezioni-da-10-Capsule-Tostato-Intenso-300x300.jpg","_links":{"self":[{"href":"https:\/\/www.erresse-shop.it\/fr\/wp-json\/wp\/v2\/product\/292841"}],"collection":[{"href":"https:\/\/www.erresse-shop.it\/fr\/wp-json\/wp\/v2\/product"}],"about":[{"href":"https:\/\/www.erresse-shop.it\/fr\/wp-json\/wp\/v2\/types\/product"}],"wp:featuredmedia":[{"embeddable":true,"href":"https:\/\/www.erresse-shop.it\/fr\/wp-json\/wp\/v2\/media\/500659"}],"wp:attachment":[{"href":"https:\/\/www.erresse-shop.it\/fr\/wp-json\/wp\/v2\/media?parent=292841"}],"wp:term":[{"taxonomy":"product_cat","embeddable":true,"href":"https:\/\/www.erresse-shop.it\/fr\/wp-json\/wp\/v2\/product_cat?post=292841"},{"taxonomy":"product_tag","embeddable":true,"href":"https:\/\/www.erresse-shop.it\/fr\/wp-json\/wp\/v2\/product_tag?post=292841"}],"curies":[{"name":"wp","href":"https:\/\/api.w.org\/{rel}","templated":true}]}}