{"id":292815,"date":"2023-07-17T14:36:37","date_gmt":"2023-07-17T14:36:42","guid":{"rendered":"https:\/\/www.erresse-shop.it\/?post_type=product&#038;p=292815"},"modified":"2025-05-22T12:07:52","modified_gmt":"2025-05-22T12:07:52","slug":"illy-6-paquets-de-10-capsules-compatibles-nespresso-toast-classique","status":"publish","type":"product","link":"https:\/\/www.erresse-shop.it\/fr\/shop\/cafe\/dosettes-et-capsules-de-cafe\/illy-6-paquets-de-10-capsules-compatibles-nespresso-toast-classique\/","title":{"rendered":"ILLY 10 Paquets de 10 Capsules Compatibles Nespresso toast classique"},"content":{"rendered":"<p><strong>Paquet de 10 capsules, total 100 capsules (10 paquets).<\/strong><\/p>\n<p>*avec les machines \u00e0 caf\u00e9 Nespresso\u00ae** Original.<br \/>\n**Marque tierce sans lien avec illycaff\u00e8 S.p.A.<\/p>\n<p><strong>NOTES AROMATIQUES<\/strong><br \/>\nLe caf\u00e9 torr\u00e9fi\u00e9 classique a un go\u00fbt doux et velout\u00e9. Il exprime un \u00e9quilibre parfait entre acidit\u00e9 et amertume, avec des notes de caramel, de fleur d&#8217;oranger, de jasmin et un arri\u00e8re-go\u00fbt sucr\u00e9. Pour le d\u00e9guster au mieux, nous recommandons un volume de tasse compris entre 25 et 40 ml pour la variante Espresso.<\/p>\n","protected":false},"excerpt":{"rendered":"<p>Paquet de 10 capsules, total 100 capsules (10 paquets). *avec les machines \u00e0 caf\u00e9 Nespresso\u00ae** Original. **Marque tierce sans lien<\/p>\n","protected":false},"featured_media":292820,"template":"","meta":{"_acf_changed":false,"inline_featured_image":false},"product_cat":[25350,25391],"product_tag":[12956,23563,23225],"acf":[],"yoast_head":"<!-- This site is optimized with the Yoast SEO Premium plugin v18.6 (Yoast SEO v19.13) - https:\/\/yoast.com\/wordpress\/plugins\/seo\/ -->\n<title>ILLY 6 Paquets de 10 Capsules Compatibles Nespresso\u00ae toast classique<\/title>\n<meta name=\"description\" content=\"D\u00e9couvrez ILLY 6 Paquets de 10 Capsules Compatibles Nespresso\u00ae toast classique sur ErresseShop. Qualit\u00e9, prix r\u00e9duits et achat s\u00e9curis\u00e9 \u2013 commandez d\u00e8s maintenant en ligne !\" \/>\n<meta name=\"robots\" content=\"index, follow, max-snippet:-1, max-image-preview:large, max-video-preview:-1\" \/>\n<link rel=\"canonical\" href=\"https:\/\/www.erresse-shop.it\/fr\/shop\/cafe\/dosettes-et-capsules-de-cafe\/illy-6-paquets-de-10-capsules-compatibles-nespresso-toast-classique\/\" \/>\n<meta property=\"og:locale\" content=\"fr_FR\" \/>\n<meta property=\"og:type\" content=\"article\" \/>\n<meta property=\"og:title\" content=\"ILLY 10 Paquets de 10 Capsules Compatibles Nespresso toast classique\" \/>\n<meta property=\"og:description\" content=\"D\u00e9couvrez ILLY 6 Paquets de 10 Capsules Compatibles Nespresso\u00ae toast classique sur ErresseShop. Qualit\u00e9, prix r\u00e9duits et achat s\u00e9curis\u00e9 \u2013 commandez d\u00e8s maintenant en ligne !\" \/>\n<meta property=\"og:url\" content=\"https:\/\/www.erresse-shop.it\/fr\/shop\/cafe\/dosettes-et-capsules-de-cafe\/illy-6-paquets-de-10-capsules-compatibles-nespresso-toast-classique\/\" \/>\n<meta property=\"og:site_name\" content=\"Erresse Shop\" \/>\n<meta property=\"article:modified_time\" content=\"2025-05-22T12:07:52+00:00\" \/>\n<meta property=\"og:image\" content=\"https:\/\/www.erresse-shop.it\/wp-content\/uploads\/2023\/07\/ILLY-6-Confezioni-da-10-Capsule-Compatibili-Espresso-Classico.jpg\" \/>\n\t<meta property=\"og:image:width\" content=\"800\" \/>\n\t<meta property=\"og:image:height\" content=\"800\" \/>\n\t<meta property=\"og:image:type\" content=\"image\/jpeg\" \/>\n<meta name=\"twitter:card\" content=\"summary_large_image\" \/>\n<script type=\"application\/ld+json\" class=\"yoast-schema-graph\">{\"@context\":\"https:\/\/schema.org\",\"@graph\":[{\"@type\":\"WebPage\",\"@id\":\"https:\/\/www.erresse-shop.it\/fr\/shop\/cafe\/dosettes-et-capsules-de-cafe\/illy-6-paquets-de-10-capsules-compatibles-nespresso-toast-classique\/\",\"url\":\"https:\/\/www.erresse-shop.it\/fr\/shop\/cafe\/dosettes-et-capsules-de-cafe\/illy-6-paquets-de-10-capsules-compatibles-nespresso-toast-classique\/\",\"name\":\"ILLY 6 Paquets de 10 Capsules Compatibles Nespresso\u00ae toast classique\",\"isPartOf\":{\"@id\":\"https:\/\/www.erresse-shop.it\/fr\/#website\"},\"datePublished\":\"2023-07-17T14:36:42+00:00\",\"dateModified\":\"2025-05-22T12:07:52+00:00\",\"description\":\"D\u00e9couvrez ILLY 6 Paquets de 10 Capsules Compatibles Nespresso\u00ae toast classique sur ErresseShop. Qualit\u00e9, prix r\u00e9duits et achat s\u00e9curis\u00e9 \u2013 commandez d\u00e8s maintenant en ligne !\",\"breadcrumb\":{\"@id\":\"https:\/\/www.erresse-shop.it\/fr\/shop\/cafe\/dosettes-et-capsules-de-cafe\/illy-6-paquets-de-10-capsules-compatibles-nespresso-toast-classique\/#breadcrumb\"},\"inLanguage\":\"fr-FR\",\"potentialAction\":[{\"@type\":\"ReadAction\",\"target\":[\"https:\/\/www.erresse-shop.it\/fr\/shop\/cafe\/dosettes-et-capsules-de-cafe\/illy-6-paquets-de-10-capsules-compatibles-nespresso-toast-classique\/\"]}]},{\"@type\":\"BreadcrumbList\",\"@id\":\"https:\/\/www.erresse-shop.it\/fr\/shop\/cafe\/dosettes-et-capsules-de-cafe\/illy-6-paquets-de-10-capsules-compatibles-nespresso-toast-classique\/#breadcrumb\",\"itemListElement\":[{\"@type\":\"ListItem\",\"position\":1,\"name\":\"Home\",\"item\":\"https:\/\/www.erresse-shop.it\/fr\/\"},{\"@type\":\"ListItem\",\"position\":2,\"name\":\"Shop\",\"item\":\"https:\/\/www.erresse-shop.it\/fr\/shop\/\"},{\"@type\":\"ListItem\",\"position\":3,\"name\":\"ILLY 10 Paquets de 10 Capsules Compatibles Nespresso toast classique\"}]},{\"@type\":\"WebSite\",\"@id\":\"https:\/\/www.erresse-shop.it\/fr\/#website\",\"url\":\"https:\/\/www.erresse-shop.it\/fr\/\",\"name\":\"Erresse Shop\",\"description\":\"Articoli di qualit\u00e0 per la casa\",\"potentialAction\":[{\"@type\":\"SearchAction\",\"target\":{\"@type\":\"EntryPoint\",\"urlTemplate\":\"https:\/\/www.erresse-shop.it\/fr\/?s={search_term_string}\"},\"query-input\":\"required name=search_term_string\"}],\"inLanguage\":\"fr-FR\"}]}<\/script>\n<!-- \/ Yoast SEO Premium plugin. -->","yoast_head_json":{"title":"ILLY 6 Paquets de 10 Capsules Compatibles Nespresso\u00ae toast classique","description":"D\u00e9couvrez ILLY 6 Paquets de 10 Capsules Compatibles Nespresso\u00ae toast classique sur ErresseShop. Qualit\u00e9, prix r\u00e9duits et achat s\u00e9curis\u00e9 \u2013 commandez d\u00e8s maintenant en ligne !","robots":{"index":"index","follow":"follow","max-snippet":"max-snippet:-1","max-image-preview":"max-image-preview:large","max-video-preview":"max-video-preview:-1"},"canonical":"https:\/\/www.erresse-shop.it\/fr\/shop\/cafe\/dosettes-et-capsules-de-cafe\/illy-6-paquets-de-10-capsules-compatibles-nespresso-toast-classique\/","og_locale":"fr_FR","og_type":"article","og_title":"ILLY 10 Paquets de 10 Capsules Compatibles Nespresso toast classique","og_description":"D\u00e9couvrez ILLY 6 Paquets de 10 Capsules Compatibles Nespresso\u00ae toast classique sur ErresseShop. Qualit\u00e9, prix r\u00e9duits et achat s\u00e9curis\u00e9 \u2013 commandez d\u00e8s maintenant en ligne !","og_url":"https:\/\/www.erresse-shop.it\/fr\/shop\/cafe\/dosettes-et-capsules-de-cafe\/illy-6-paquets-de-10-capsules-compatibles-nespresso-toast-classique\/","og_site_name":"Erresse Shop","article_modified_time":"2025-05-22T12:07:52+00:00","og_image":[{"width":800,"height":800,"url":"https:\/\/www.erresse-shop.it\/wp-content\/uploads\/2023\/07\/ILLY-6-Confezioni-da-10-Capsule-Compatibili-Espresso-Classico.jpg","type":"image\/jpeg"}],"twitter_card":"summary_large_image","schema":{"@context":"https:\/\/schema.org","@graph":[{"@type":"WebPage","@id":"https:\/\/www.erresse-shop.it\/fr\/shop\/cafe\/dosettes-et-capsules-de-cafe\/illy-6-paquets-de-10-capsules-compatibles-nespresso-toast-classique\/","url":"https:\/\/www.erresse-shop.it\/fr\/shop\/cafe\/dosettes-et-capsules-de-cafe\/illy-6-paquets-de-10-capsules-compatibles-nespresso-toast-classique\/","name":"ILLY 6 Paquets de 10 Capsules Compatibles Nespresso\u00ae toast classique","isPartOf":{"@id":"https:\/\/www.erresse-shop.it\/fr\/#website"},"datePublished":"2023-07-17T14:36:42+00:00","dateModified":"2025-05-22T12:07:52+00:00","description":"D\u00e9couvrez ILLY 6 Paquets de 10 Capsules Compatibles Nespresso\u00ae toast classique sur ErresseShop. Qualit\u00e9, prix r\u00e9duits et achat s\u00e9curis\u00e9 \u2013 commandez d\u00e8s maintenant en ligne !","breadcrumb":{"@id":"https:\/\/www.erresse-shop.it\/fr\/shop\/cafe\/dosettes-et-capsules-de-cafe\/illy-6-paquets-de-10-capsules-compatibles-nespresso-toast-classique\/#breadcrumb"},"inLanguage":"fr-FR","potentialAction":[{"@type":"ReadAction","target":["https:\/\/www.erresse-shop.it\/fr\/shop\/cafe\/dosettes-et-capsules-de-cafe\/illy-6-paquets-de-10-capsules-compatibles-nespresso-toast-classique\/"]}]},{"@type":"BreadcrumbList","@id":"https:\/\/www.erresse-shop.it\/fr\/shop\/cafe\/dosettes-et-capsules-de-cafe\/illy-6-paquets-de-10-capsules-compatibles-nespresso-toast-classique\/#breadcrumb","itemListElement":[{"@type":"ListItem","position":1,"name":"Home","item":"https:\/\/www.erresse-shop.it\/fr\/"},{"@type":"ListItem","position":2,"name":"Shop","item":"https:\/\/www.erresse-shop.it\/fr\/shop\/"},{"@type":"ListItem","position":3,"name":"ILLY 10 Paquets de 10 Capsules Compatibles Nespresso toast classique"}]},{"@type":"WebSite","@id":"https:\/\/www.erresse-shop.it\/fr\/#website","url":"https:\/\/www.erresse-shop.it\/fr\/","name":"Erresse Shop","description":"Articoli di qualit\u00e0 per la casa","potentialAction":[{"@type":"SearchAction","target":{"@type":"EntryPoint","urlTemplate":"https:\/\/www.erresse-shop.it\/fr\/?s={search_term_string}"},"query-input":"required name=search_term_string"}],"inLanguage":"fr-FR"}]}},"df_price":39.95,"df_sale_price":39.95,"df_regular_price":46,"df_image_link":"https:\/\/www.erresse-shop.it\/wp-content\/uploads\/2023\/07\/ILLY-6-Confezioni-da-10-Capsule-Compatibili-Espresso-Classico-300x300.jpg","_links":{"self":[{"href":"https:\/\/www.erresse-shop.it\/fr\/wp-json\/wp\/v2\/product\/292815"}],"collection":[{"href":"https:\/\/www.erresse-shop.it\/fr\/wp-json\/wp\/v2\/product"}],"about":[{"href":"https:\/\/www.erresse-shop.it\/fr\/wp-json\/wp\/v2\/types\/product"}],"wp:featuredmedia":[{"embeddable":true,"href":"https:\/\/www.erresse-shop.it\/fr\/wp-json\/wp\/v2\/media\/292820"}],"wp:attachment":[{"href":"https:\/\/www.erresse-shop.it\/fr\/wp-json\/wp\/v2\/media?parent=292815"}],"wp:term":[{"taxonomy":"product_cat","embeddable":true,"href":"https:\/\/www.erresse-shop.it\/fr\/wp-json\/wp\/v2\/product_cat?post=292815"},{"taxonomy":"product_tag","embeddable":true,"href":"https:\/\/www.erresse-shop.it\/fr\/wp-json\/wp\/v2\/product_tag?post=292815"}],"curies":[{"name":"wp","href":"https:\/\/api.w.org\/{rel}","templated":true}]}}