{"id":292730,"date":"2023-07-17T13:25:01","date_gmt":"2023-07-17T13:25:08","guid":{"rendered":"https:\/\/www.erresse-shop.it\/?post_type=product&#038;p=292730"},"modified":"2025-01-14T08:40:24","modified_gmt":"2025-01-14T08:40:24","slug":"illy-6-paquets-de-18-capsules-iperespresso-arabica-selection-bresil","status":"publish","type":"product","link":"https:\/\/www.erresse-shop.it\/fr\/shop\/cafe\/dosettes-et-capsules-de-cafe\/illy-6-paquets-de-18-capsules-iperespresso-arabica-selection-bresil\/","title":{"rendered":"ILLY 6 Paquets de 18 Capsules IperEspresso Arabica S\u00e9lection Br\u00e9sil"},"content":{"rendered":"<p><strong>Paquet de 18 capsules, total 108 capsules (6 paquets).<\/strong><\/p>\n<p>Inspir\u00e9es par les cultures des hauts plateaux du sud-est du Br\u00e9sil, o\u00f9 l&#8217;on obtient un caf\u00e9 Arabica \u00e0 l&#8217;ar\u00f4me intense et enveloppant, les capsules Arabica Selection Brazil sont rehauss\u00e9es par des notes particuli\u00e8res de caramel et de fruits secs, perceptibles gr\u00e2ce \u00e0 un nouveau profil de torr\u00e9faction. Les capsules id\u00e9ales pour ceux qui recherchent un ar\u00f4me \u00e9vocateur. Con\u00e7ues et produites par Illy.<\/p>\n","protected":false},"excerpt":{"rendered":"<p>Paquet de 18 capsules, total 108 capsules (6 paquets). Inspir\u00e9es par les cultures des hauts plateaux du sud-est du Br\u00e9sil,<\/p>\n","protected":false},"featured_media":292734,"template":"","meta":{"_acf_changed":false,"inline_featured_image":false},"product_cat":[25350,25391],"product_tag":[12956,23563,23225],"acf":[],"yoast_head":"<!-- This site is optimized with the Yoast SEO Premium plugin v18.6 (Yoast SEO v19.13) - https:\/\/yoast.com\/wordpress\/plugins\/seo\/ -->\n<title>ILLY 6 Paquets de 18 Capsules IperEspresso Arabica S\u00e9lection Br\u00e9sil<\/title>\n<meta name=\"description\" content=\"D\u00e9couvrez ILLY 6 Paquets de 18 Capsules IperEspresso Arabica S\u00e9lection Br\u00e9sil sur ErresseShop. Qualit\u00e9, prix r\u00e9duits et achat s\u00e9curis\u00e9 \u2013 commandez d\u00e8s maintenant en ligne !\" \/>\n<meta name=\"robots\" content=\"index, follow, max-snippet:-1, max-image-preview:large, max-video-preview:-1\" \/>\n<link rel=\"canonical\" href=\"https:\/\/www.erresse-shop.it\/fr\/shop\/cafe\/dosettes-et-capsules-de-cafe\/illy-6-paquets-de-18-capsules-iperespresso-arabica-selection-bresil\/\" \/>\n<meta property=\"og:locale\" content=\"fr_FR\" \/>\n<meta property=\"og:type\" content=\"article\" \/>\n<meta property=\"og:title\" content=\"ILLY 6 Paquets de 18 Capsules IperEspresso Arabica S\u00e9lection Br\u00e9sil\" \/>\n<meta property=\"og:description\" content=\"D\u00e9couvrez ILLY 6 Paquets de 18 Capsules IperEspresso Arabica S\u00e9lection Br\u00e9sil sur ErresseShop. Qualit\u00e9, prix r\u00e9duits et achat s\u00e9curis\u00e9 \u2013 commandez d\u00e8s maintenant en ligne !\" \/>\n<meta property=\"og:url\" content=\"https:\/\/www.erresse-shop.it\/fr\/shop\/cafe\/dosettes-et-capsules-de-cafe\/illy-6-paquets-de-18-capsules-iperespresso-arabica-selection-bresil\/\" \/>\n<meta property=\"og:site_name\" content=\"Erresse Shop\" \/>\n<meta property=\"article:modified_time\" content=\"2025-01-14T08:40:24+00:00\" \/>\n<meta property=\"og:image\" content=\"https:\/\/www.erresse-shop.it\/wp-content\/uploads\/2023\/07\/ILLY-6-Confezioni-da-18-Capsule-IperEspresso-Arabica-Selection-Brasile.jpg\" \/>\n\t<meta property=\"og:image:width\" content=\"800\" \/>\n\t<meta property=\"og:image:height\" content=\"800\" \/>\n\t<meta property=\"og:image:type\" content=\"image\/jpeg\" \/>\n<meta name=\"twitter:card\" content=\"summary_large_image\" \/>\n<script type=\"application\/ld+json\" class=\"yoast-schema-graph\">{\"@context\":\"https:\/\/schema.org\",\"@graph\":[{\"@type\":\"WebPage\",\"@id\":\"https:\/\/www.erresse-shop.it\/fr\/shop\/cafe\/dosettes-et-capsules-de-cafe\/illy-6-paquets-de-18-capsules-iperespresso-arabica-selection-bresil\/\",\"url\":\"https:\/\/www.erresse-shop.it\/fr\/shop\/cafe\/dosettes-et-capsules-de-cafe\/illy-6-paquets-de-18-capsules-iperespresso-arabica-selection-bresil\/\",\"name\":\"ILLY 6 Paquets de 18 Capsules IperEspresso Arabica S\u00e9lection Br\u00e9sil\",\"isPartOf\":{\"@id\":\"https:\/\/www.erresse-shop.it\/fr\/#website\"},\"datePublished\":\"2023-07-17T13:25:08+00:00\",\"dateModified\":\"2025-01-14T08:40:24+00:00\",\"description\":\"D\u00e9couvrez ILLY 6 Paquets de 18 Capsules IperEspresso Arabica S\u00e9lection Br\u00e9sil sur ErresseShop. Qualit\u00e9, prix r\u00e9duits et achat s\u00e9curis\u00e9 \u2013 commandez d\u00e8s maintenant en ligne !\",\"breadcrumb\":{\"@id\":\"https:\/\/www.erresse-shop.it\/fr\/shop\/cafe\/dosettes-et-capsules-de-cafe\/illy-6-paquets-de-18-capsules-iperespresso-arabica-selection-bresil\/#breadcrumb\"},\"inLanguage\":\"fr-FR\",\"potentialAction\":[{\"@type\":\"ReadAction\",\"target\":[\"https:\/\/www.erresse-shop.it\/fr\/shop\/cafe\/dosettes-et-capsules-de-cafe\/illy-6-paquets-de-18-capsules-iperespresso-arabica-selection-bresil\/\"]}]},{\"@type\":\"BreadcrumbList\",\"@id\":\"https:\/\/www.erresse-shop.it\/fr\/shop\/cafe\/dosettes-et-capsules-de-cafe\/illy-6-paquets-de-18-capsules-iperespresso-arabica-selection-bresil\/#breadcrumb\",\"itemListElement\":[{\"@type\":\"ListItem\",\"position\":1,\"name\":\"Home\",\"item\":\"https:\/\/www.erresse-shop.it\/fr\/\"},{\"@type\":\"ListItem\",\"position\":2,\"name\":\"Shop\",\"item\":\"https:\/\/www.erresse-shop.it\/fr\/shop\/\"},{\"@type\":\"ListItem\",\"position\":3,\"name\":\"ILLY 6 Paquets de 18 Capsules IperEspresso Arabica S\u00e9lection Br\u00e9sil\"}]},{\"@type\":\"WebSite\",\"@id\":\"https:\/\/www.erresse-shop.it\/fr\/#website\",\"url\":\"https:\/\/www.erresse-shop.it\/fr\/\",\"name\":\"Erresse Shop\",\"description\":\"Articoli di qualit\u00e0 per la casa\",\"potentialAction\":[{\"@type\":\"SearchAction\",\"target\":{\"@type\":\"EntryPoint\",\"urlTemplate\":\"https:\/\/www.erresse-shop.it\/fr\/?s={search_term_string}\"},\"query-input\":\"required name=search_term_string\"}],\"inLanguage\":\"fr-FR\"}]}<\/script>\n<!-- \/ Yoast SEO Premium plugin. -->","yoast_head_json":{"title":"ILLY 6 Paquets de 18 Capsules IperEspresso Arabica S\u00e9lection Br\u00e9sil","description":"D\u00e9couvrez ILLY 6 Paquets de 18 Capsules IperEspresso Arabica S\u00e9lection Br\u00e9sil sur ErresseShop. Qualit\u00e9, prix r\u00e9duits et achat s\u00e9curis\u00e9 \u2013 commandez d\u00e8s maintenant en ligne !","robots":{"index":"index","follow":"follow","max-snippet":"max-snippet:-1","max-image-preview":"max-image-preview:large","max-video-preview":"max-video-preview:-1"},"canonical":"https:\/\/www.erresse-shop.it\/fr\/shop\/cafe\/dosettes-et-capsules-de-cafe\/illy-6-paquets-de-18-capsules-iperespresso-arabica-selection-bresil\/","og_locale":"fr_FR","og_type":"article","og_title":"ILLY 6 Paquets de 18 Capsules IperEspresso Arabica S\u00e9lection Br\u00e9sil","og_description":"D\u00e9couvrez ILLY 6 Paquets de 18 Capsules IperEspresso Arabica S\u00e9lection Br\u00e9sil sur ErresseShop. Qualit\u00e9, prix r\u00e9duits et achat s\u00e9curis\u00e9 \u2013 commandez d\u00e8s maintenant en ligne !","og_url":"https:\/\/www.erresse-shop.it\/fr\/shop\/cafe\/dosettes-et-capsules-de-cafe\/illy-6-paquets-de-18-capsules-iperespresso-arabica-selection-bresil\/","og_site_name":"Erresse Shop","article_modified_time":"2025-01-14T08:40:24+00:00","og_image":[{"width":800,"height":800,"url":"https:\/\/www.erresse-shop.it\/wp-content\/uploads\/2023\/07\/ILLY-6-Confezioni-da-18-Capsule-IperEspresso-Arabica-Selection-Brasile.jpg","type":"image\/jpeg"}],"twitter_card":"summary_large_image","schema":{"@context":"https:\/\/schema.org","@graph":[{"@type":"WebPage","@id":"https:\/\/www.erresse-shop.it\/fr\/shop\/cafe\/dosettes-et-capsules-de-cafe\/illy-6-paquets-de-18-capsules-iperespresso-arabica-selection-bresil\/","url":"https:\/\/www.erresse-shop.it\/fr\/shop\/cafe\/dosettes-et-capsules-de-cafe\/illy-6-paquets-de-18-capsules-iperespresso-arabica-selection-bresil\/","name":"ILLY 6 Paquets de 18 Capsules IperEspresso Arabica S\u00e9lection Br\u00e9sil","isPartOf":{"@id":"https:\/\/www.erresse-shop.it\/fr\/#website"},"datePublished":"2023-07-17T13:25:08+00:00","dateModified":"2025-01-14T08:40:24+00:00","description":"D\u00e9couvrez ILLY 6 Paquets de 18 Capsules IperEspresso Arabica S\u00e9lection Br\u00e9sil sur ErresseShop. Qualit\u00e9, prix r\u00e9duits et achat s\u00e9curis\u00e9 \u2013 commandez d\u00e8s maintenant en ligne !","breadcrumb":{"@id":"https:\/\/www.erresse-shop.it\/fr\/shop\/cafe\/dosettes-et-capsules-de-cafe\/illy-6-paquets-de-18-capsules-iperespresso-arabica-selection-bresil\/#breadcrumb"},"inLanguage":"fr-FR","potentialAction":[{"@type":"ReadAction","target":["https:\/\/www.erresse-shop.it\/fr\/shop\/cafe\/dosettes-et-capsules-de-cafe\/illy-6-paquets-de-18-capsules-iperespresso-arabica-selection-bresil\/"]}]},{"@type":"BreadcrumbList","@id":"https:\/\/www.erresse-shop.it\/fr\/shop\/cafe\/dosettes-et-capsules-de-cafe\/illy-6-paquets-de-18-capsules-iperespresso-arabica-selection-bresil\/#breadcrumb","itemListElement":[{"@type":"ListItem","position":1,"name":"Home","item":"https:\/\/www.erresse-shop.it\/fr\/"},{"@type":"ListItem","position":2,"name":"Shop","item":"https:\/\/www.erresse-shop.it\/fr\/shop\/"},{"@type":"ListItem","position":3,"name":"ILLY 6 Paquets de 18 Capsules IperEspresso Arabica S\u00e9lection Br\u00e9sil"}]},{"@type":"WebSite","@id":"https:\/\/www.erresse-shop.it\/fr\/#website","url":"https:\/\/www.erresse-shop.it\/fr\/","name":"Erresse Shop","description":"Articoli di qualit\u00e0 per la casa","potentialAction":[{"@type":"SearchAction","target":{"@type":"EntryPoint","urlTemplate":"https:\/\/www.erresse-shop.it\/fr\/?s={search_term_string}"},"query-input":"required name=search_term_string"}],"inLanguage":"fr-FR"}]}},"df_price":59.4,"df_sale_price":59.4,"df_regular_price":59.4,"df_image_link":"https:\/\/www.erresse-shop.it\/wp-content\/uploads\/2023\/07\/ILLY-6-Confezioni-da-18-Capsule-IperEspresso-Arabica-Selection-Brasile-300x300.jpg","_links":{"self":[{"href":"https:\/\/www.erresse-shop.it\/fr\/wp-json\/wp\/v2\/product\/292730"}],"collection":[{"href":"https:\/\/www.erresse-shop.it\/fr\/wp-json\/wp\/v2\/product"}],"about":[{"href":"https:\/\/www.erresse-shop.it\/fr\/wp-json\/wp\/v2\/types\/product"}],"wp:featuredmedia":[{"embeddable":true,"href":"https:\/\/www.erresse-shop.it\/fr\/wp-json\/wp\/v2\/media\/292734"}],"wp:attachment":[{"href":"https:\/\/www.erresse-shop.it\/fr\/wp-json\/wp\/v2\/media?parent=292730"}],"wp:term":[{"taxonomy":"product_cat","embeddable":true,"href":"https:\/\/www.erresse-shop.it\/fr\/wp-json\/wp\/v2\/product_cat?post=292730"},{"taxonomy":"product_tag","embeddable":true,"href":"https:\/\/www.erresse-shop.it\/fr\/wp-json\/wp\/v2\/product_tag?post=292730"}],"curies":[{"name":"wp","href":"https:\/\/api.w.org\/{rel}","templated":true}]}}