{"id":292623,"date":"2023-07-17T12:51:37","date_gmt":"2023-07-17T12:51:41","guid":{"rendered":"https:\/\/www.erresse-shop.it\/?post_type=product&#038;p=292623"},"modified":"2025-01-14T08:40:09","modified_gmt":"2025-01-14T08:40:09","slug":"smeg-machine-a-cafe-expresso-manuelle-blanc","status":"publish","type":"product","link":"https:\/\/www.erresse-shop.it\/fr\/shop\/petits-electromenagers\/machines-cafe\/manuels\/smeg-machine-a-cafe-expresso-manuelle-blanc\/","title":{"rendered":"SMEG Machine \u00e0 Caf\u00e9 Expresso Manuelle Blanc"},"content":{"rendered":"<p>S\u00e9rie <strong>SMEG<\/strong> 50s<\/p>\n<p>Objets de rencontre symboliques, ic\u00f4nes qui transforment l&#8217;espace qu&#8217;ils occupent, les nouveaux petits de la ligne Anni &#8217;50s, con\u00e7us en collaboration avec Matteo Bazzicalupo et Raffaella Mangiarotti de deepdesign, \u00e9voquent d&#8217;autres temps et fa\u00e7onnent des lieux quotidiens, en investissant ce qui existe ou a exist\u00e9 d&#8217;une nouvelle signification, comme cela se produit dans l&#8217;art et la m\u00e9moire.<br \/>\nDes produits aux formes arrondies et compactes, protagonistes de la cuisine, con\u00e7us pour ceux qui souhaitent vivre l&#8217;exp\u00e9rience d&#8217;un chef, mais pas seulement. Pour ceux qui aiment s&#8217;entourer d&#8217;objets \u00e0 fort caract\u00e8re esth\u00e9tique sans perdre de vue la qualit\u00e9 des prestations.<\/p>\n<p>Machine \u00e0 expresso manuelle fabriqu\u00e9e en Italie : garantit le meilleur r\u00e9sultat pour un excellent caf\u00e9 expresso.<\/p>\n<ul>\n<li>Syst\u00e8me de chauffage avec thermoblock qui garantit une vitesse d&#8217;infusion plus rapide et un contr\u00f4le pr\u00e9cis de la temp\u00e9rature de l&#8217;eau pour l&#8217;infusion du caf\u00e9.<\/li>\n<li>Dimensions parmi les plus compactes de sa cat\u00e9gorie, pour s&#8217;adapter au mieux \u00e0 l&#8217;espace et \u00e0 la cuisine.<\/li>\n<li>Plateau d&#8217;\u00e9gouttage amovible pour accueillir les grandes tasses et faciliter le nettoyage<\/li>\n<li>Pompe d&#8217;une puissance de 15 bars, pour une extraction toujours correcte de votre espresso.<\/li>\n<\/ul>\n<p><strong>Pratique et polyvalente<\/strong><\/p>\n<p>La machine \u00e0 espresso ECF02 est dot\u00e9e d&#8217;un panneau de commande avec un double menu qui vous permet de s\u00e9lectionner 4 fonctions d&#8217;espresso selon vos pr\u00e9f\u00e9rences.<br \/>\nGr\u00e2ce \u00e0 la buse vapeur, vous pouvez facilement cr\u00e9er une mousse de lait riche et cr\u00e9meuse, parfaite pour des pr\u00e9parations telles que le cappuccino, le blanc plat et le latte macchiato.<\/p>\n<p><strong>Un espresso parfait en quelques secondes<\/strong><\/p>\n<p>La nouvelle machine \u00e0 caf\u00e9 ECF02 convient aussi bien au caf\u00e9 moulu qu&#8217;aux dosettes en papier gr\u00e2ce \u00e0 son porte-filtre en acier inoxydable. En outre, le syst\u00e8me de chauffage Thermoblock garantit des temps de pr\u00e9paration rapides et un contr\u00f4le pr\u00e9cis de la temp\u00e9rature de l&#8217;eau pour la pr\u00e9paration du caf\u00e9. Avec une pression de 15 bars, la nouvelle machine \u00e0 caf\u00e9 Smeg ECF02 promet les meilleurs r\u00e9sultats pour un excellent Espresso.<\/p>\n<p><strong>ESTETICA<\/strong><\/p>\n<p>Menu blanc : Espresso simple, Espresso double, Vapeur<br \/>\nMenu Orange : Espresso simple long, Espresso double long, Vapeur<br \/>\nCouleur : Rouge<br \/>\nFinition : brillante<br \/>\nEsth\u00e9tique : style ann\u00e9es 50<br \/>\nMat\u00e9riau du corps : Plastique<br \/>\nCouleur de la base : Chrome poli<br \/>\nMat\u00e9riau de la base : Plastique<br \/>\nMat\u00e9riau du r\u00e9servoir : SAN<br \/>\nMat\u00e9riau du chauffe-tasse : Acier inoxydable<br \/>\nMat\u00e9riau du levier vapeur\/eau chaude : Alliage de zinc<br \/>\nMat\u00e9riau du bec : Acier inoxydable<br \/>\nMat\u00e9riau du porte-filtre : Acier inoxydable<br \/>\nCouleur du bras du porte-filtre : Gris<br \/>\nMat\u00e9riau du bras du porte-filtre : Plastique<br \/>\nCouleur du raccord de sortie d&#8217;eau chaude\/vapeur : Gris<br \/>\nMat\u00e9riau du bac \u00e0 tasses : Acier inoxydable<br \/>\nCouleur du grand plateau \u00e0 tasses : Gris<br \/>\nCouleur du plateau \u00e0 tasses : Aluminium<br \/>\nMat\u00e9riau du grand bac \u00e0 tasses : Plastique<br \/>\nMat\u00e9riau de la buse vapeur\/eau chaude : Acier inoxydable<br \/>\nMat\u00e9riau du bac d&#8217;\u00e9gouttage : Plastique<\/p>\n<p><strong>FONCTIONS<\/strong><\/p>\n<p>Longueur de caf\u00e9 r\u00e9glable : Oui<br \/>\nR\u00e9glage de l&#8217;eau : doux\/moyen\/dur<br \/>\nAvertissement de d\u00e9tartrage : Oui<br \/>\nAvertissement de r\u00e9servoir d&#8217;eau vide\/manquant : Oui<br \/>\nFonction eau chaude pour le th\u00e9 et autres boissons : Oui<br \/>\nMise en veille : 10 min\/30 min\/1 heure<br \/>\nR\u00e9glage de la temp\u00e9rature du caf\u00e9 : basse\/moyenne\/haute<br \/>\nR\u00e9glage de la temp\u00e9rature d&#8217;extraction du caf\u00e9 : basse\/moyenne\/haute<\/p>\n<p><strong>COMMANDES<\/strong><\/p>\n<p>Type de commande : Boutons, levier<br \/>\nMat\u00e9riau des boutons : Plastique<br \/>\nCouleur des boutons : Argent<br \/>\nNombre de boutons de commande des boissons : 3<br \/>\nBouton de menu : 1<br \/>\nBouton ON\/OFF : Oui<br \/>\nNombre de boutons : 4<br \/>\nMode d&#8217;activation de la vapeur : levier<\/p>\n<p><strong>CARACT\u00c9RISTIQUES TECHNIQUES<\/strong><\/p>\n<p>Syst\u00e8me de chauffage : Thermoblock<br \/>\nCapacit\u00e9 du r\u00e9servoir d&#8217;eau : 1,1 l<br \/>\nR\u00e9servoir d&#8217;eau amovible : Oui<br \/>\nPlateau d&#8217;\u00e9gouttage amovible : Oui<br \/>\nLogement pour grandes tasses : Oui<br \/>\nChauffe-tasses : passif<br \/>\nDiam\u00e8tre du porte-filtre : 51 mm<br \/>\nPression de la pompe : 15 bar<br \/>\nTige \u00e0 vapeur : Oui<br \/>\nBase antid\u00e9rapante : Oui<\/p>\n<p><strong>CARACT\u00c9RISTIQUES \u00c9LECTRIQUES<\/strong><\/p>\n<p>Tension (V) : 220-240 V<br \/>\nFr\u00e9quence Hz : 50\/60 Hz<br \/>\nLongueur du cordon d&#8217;alimentation : 1 m<\/p>\n<p><strong>Non disponible \u00e0 la vente en dehors de l&#8217;Europe<\/strong><\/p>\n","protected":false},"excerpt":{"rendered":"<p>S\u00e9rie SMEG 50s Objets de rencontre symboliques, ic\u00f4nes qui transforment l&#8217;espace qu&#8217;ils occupent, les nouveaux petits de la ligne Anni<\/p>\n","protected":false},"featured_media":508620,"template":"","meta":{"_acf_changed":false,"inline_featured_image":false},"product_cat":[12764,25365,12449],"product_tag":[25181,23910,23563,25021,12950,23581,12856],"acf":[],"yoast_head":"<!-- This site is optimized with the Yoast SEO Premium plugin v18.6 (Yoast SEO v19.13) - https:\/\/yoast.com\/wordpress\/plugins\/seo\/ -->\n<title>SMEG Machine \u00e0 Caf\u00e9 Expresso Manuelle Blanc<\/title>\n<meta name=\"description\" content=\"D\u00e9couvrez SMEG Machine \u00e0 Caf\u00e9 Expresso Manuelle Blanc sur ErresseShop. Qualit\u00e9, prix r\u00e9duits et achat s\u00e9curis\u00e9 \u2013 commandez d\u00e8s maintenant en ligne !\" \/>\n<meta name=\"robots\" content=\"index, follow, max-snippet:-1, max-image-preview:large, max-video-preview:-1\" \/>\n<link rel=\"canonical\" href=\"https:\/\/www.erresse-shop.it\/fr\/shop\/petits-electromenagers\/machines-cafe\/manuels\/smeg-machine-a-cafe-expresso-manuelle-blanc\/\" \/>\n<meta property=\"og:locale\" content=\"fr_FR\" \/>\n<meta property=\"og:type\" content=\"article\" \/>\n<meta property=\"og:title\" content=\"SMEG Machine \u00e0 Caf\u00e9 Expresso Manuelle Blanc\" \/>\n<meta property=\"og:description\" content=\"D\u00e9couvrez SMEG Machine \u00e0 Caf\u00e9 Expresso Manuelle Blanc sur ErresseShop. Qualit\u00e9, prix r\u00e9duits et achat s\u00e9curis\u00e9 \u2013 commandez d\u00e8s maintenant en ligne !\" \/>\n<meta property=\"og:url\" content=\"https:\/\/www.erresse-shop.it\/fr\/shop\/petits-electromenagers\/machines-cafe\/manuels\/smeg-machine-a-cafe-expresso-manuelle-blanc\/\" \/>\n<meta property=\"og:site_name\" content=\"Erresse Shop\" \/>\n<meta property=\"article:modified_time\" content=\"2025-01-14T08:40:09+00:00\" \/>\n<meta property=\"og:image\" content=\"https:\/\/www.erresse-shop.it\/wp-content\/uploads\/2023\/07\/SMEG-Macchina-da-Caffe\u0300-Espresso-Manuale-Bianco-1.jpg\" \/>\n\t<meta property=\"og:image:width\" content=\"800\" \/>\n\t<meta property=\"og:image:height\" content=\"800\" \/>\n\t<meta property=\"og:image:type\" content=\"image\/jpeg\" \/>\n<meta name=\"twitter:card\" content=\"summary_large_image\" \/>\n<script type=\"application\/ld+json\" class=\"yoast-schema-graph\">{\"@context\":\"https:\/\/schema.org\",\"@graph\":[{\"@type\":\"WebPage\",\"@id\":\"https:\/\/www.erresse-shop.it\/fr\/shop\/petits-electromenagers\/machines-cafe\/manuels\/smeg-machine-a-cafe-expresso-manuelle-blanc\/\",\"url\":\"https:\/\/www.erresse-shop.it\/fr\/shop\/petits-electromenagers\/machines-cafe\/manuels\/smeg-machine-a-cafe-expresso-manuelle-blanc\/\",\"name\":\"SMEG Machine \u00e0 Caf\u00e9 Expresso Manuelle Blanc\",\"isPartOf\":{\"@id\":\"https:\/\/www.erresse-shop.it\/fr\/#website\"},\"datePublished\":\"2023-07-17T12:51:41+00:00\",\"dateModified\":\"2025-01-14T08:40:09+00:00\",\"description\":\"D\u00e9couvrez SMEG Machine \u00e0 Caf\u00e9 Expresso Manuelle Blanc sur ErresseShop. Qualit\u00e9, prix r\u00e9duits et achat s\u00e9curis\u00e9 \u2013 commandez d\u00e8s maintenant en ligne !\",\"breadcrumb\":{\"@id\":\"https:\/\/www.erresse-shop.it\/fr\/shop\/petits-electromenagers\/machines-cafe\/manuels\/smeg-machine-a-cafe-expresso-manuelle-blanc\/#breadcrumb\"},\"inLanguage\":\"fr-FR\",\"potentialAction\":[{\"@type\":\"ReadAction\",\"target\":[\"https:\/\/www.erresse-shop.it\/fr\/shop\/petits-electromenagers\/machines-cafe\/manuels\/smeg-machine-a-cafe-expresso-manuelle-blanc\/\"]}]},{\"@type\":\"BreadcrumbList\",\"@id\":\"https:\/\/www.erresse-shop.it\/fr\/shop\/petits-electromenagers\/machines-cafe\/manuels\/smeg-machine-a-cafe-expresso-manuelle-blanc\/#breadcrumb\",\"itemListElement\":[{\"@type\":\"ListItem\",\"position\":1,\"name\":\"Home\",\"item\":\"https:\/\/www.erresse-shop.it\/fr\/\"},{\"@type\":\"ListItem\",\"position\":2,\"name\":\"Shop\",\"item\":\"https:\/\/www.erresse-shop.it\/fr\/shop\/\"},{\"@type\":\"ListItem\",\"position\":3,\"name\":\"SMEG Machine \u00e0 Caf\u00e9 Expresso Manuelle Blanc\"}]},{\"@type\":\"WebSite\",\"@id\":\"https:\/\/www.erresse-shop.it\/fr\/#website\",\"url\":\"https:\/\/www.erresse-shop.it\/fr\/\",\"name\":\"Erresse Shop\",\"description\":\"Articoli di qualit\u00e0 per la casa\",\"potentialAction\":[{\"@type\":\"SearchAction\",\"target\":{\"@type\":\"EntryPoint\",\"urlTemplate\":\"https:\/\/www.erresse-shop.it\/fr\/?s={search_term_string}\"},\"query-input\":\"required name=search_term_string\"}],\"inLanguage\":\"fr-FR\"}]}<\/script>\n<!-- \/ Yoast SEO Premium plugin. -->","yoast_head_json":{"title":"SMEG Machine \u00e0 Caf\u00e9 Expresso Manuelle Blanc","description":"D\u00e9couvrez SMEG Machine \u00e0 Caf\u00e9 Expresso Manuelle Blanc sur ErresseShop. Qualit\u00e9, prix r\u00e9duits et achat s\u00e9curis\u00e9 \u2013 commandez d\u00e8s maintenant en ligne !","robots":{"index":"index","follow":"follow","max-snippet":"max-snippet:-1","max-image-preview":"max-image-preview:large","max-video-preview":"max-video-preview:-1"},"canonical":"https:\/\/www.erresse-shop.it\/fr\/shop\/petits-electromenagers\/machines-cafe\/manuels\/smeg-machine-a-cafe-expresso-manuelle-blanc\/","og_locale":"fr_FR","og_type":"article","og_title":"SMEG Machine \u00e0 Caf\u00e9 Expresso Manuelle Blanc","og_description":"D\u00e9couvrez SMEG Machine \u00e0 Caf\u00e9 Expresso Manuelle Blanc sur ErresseShop. Qualit\u00e9, prix r\u00e9duits et achat s\u00e9curis\u00e9 \u2013 commandez d\u00e8s maintenant en ligne !","og_url":"https:\/\/www.erresse-shop.it\/fr\/shop\/petits-electromenagers\/machines-cafe\/manuels\/smeg-machine-a-cafe-expresso-manuelle-blanc\/","og_site_name":"Erresse Shop","article_modified_time":"2025-01-14T08:40:09+00:00","og_image":[{"width":800,"height":800,"url":"https:\/\/www.erresse-shop.it\/wp-content\/uploads\/2023\/07\/SMEG-Macchina-da-Caffe\u0300-Espresso-Manuale-Bianco-1.jpg","type":"image\/jpeg"}],"twitter_card":"summary_large_image","schema":{"@context":"https:\/\/schema.org","@graph":[{"@type":"WebPage","@id":"https:\/\/www.erresse-shop.it\/fr\/shop\/petits-electromenagers\/machines-cafe\/manuels\/smeg-machine-a-cafe-expresso-manuelle-blanc\/","url":"https:\/\/www.erresse-shop.it\/fr\/shop\/petits-electromenagers\/machines-cafe\/manuels\/smeg-machine-a-cafe-expresso-manuelle-blanc\/","name":"SMEG Machine \u00e0 Caf\u00e9 Expresso Manuelle Blanc","isPartOf":{"@id":"https:\/\/www.erresse-shop.it\/fr\/#website"},"datePublished":"2023-07-17T12:51:41+00:00","dateModified":"2025-01-14T08:40:09+00:00","description":"D\u00e9couvrez SMEG Machine \u00e0 Caf\u00e9 Expresso Manuelle Blanc sur ErresseShop. Qualit\u00e9, prix r\u00e9duits et achat s\u00e9curis\u00e9 \u2013 commandez d\u00e8s maintenant en ligne !","breadcrumb":{"@id":"https:\/\/www.erresse-shop.it\/fr\/shop\/petits-electromenagers\/machines-cafe\/manuels\/smeg-machine-a-cafe-expresso-manuelle-blanc\/#breadcrumb"},"inLanguage":"fr-FR","potentialAction":[{"@type":"ReadAction","target":["https:\/\/www.erresse-shop.it\/fr\/shop\/petits-electromenagers\/machines-cafe\/manuels\/smeg-machine-a-cafe-expresso-manuelle-blanc\/"]}]},{"@type":"BreadcrumbList","@id":"https:\/\/www.erresse-shop.it\/fr\/shop\/petits-electromenagers\/machines-cafe\/manuels\/smeg-machine-a-cafe-expresso-manuelle-blanc\/#breadcrumb","itemListElement":[{"@type":"ListItem","position":1,"name":"Home","item":"https:\/\/www.erresse-shop.it\/fr\/"},{"@type":"ListItem","position":2,"name":"Shop","item":"https:\/\/www.erresse-shop.it\/fr\/shop\/"},{"@type":"ListItem","position":3,"name":"SMEG Machine \u00e0 Caf\u00e9 Expresso Manuelle Blanc"}]},{"@type":"WebSite","@id":"https:\/\/www.erresse-shop.it\/fr\/#website","url":"https:\/\/www.erresse-shop.it\/fr\/","name":"Erresse Shop","description":"Articoli di qualit\u00e0 per la casa","potentialAction":[{"@type":"SearchAction","target":{"@type":"EntryPoint","urlTemplate":"https:\/\/www.erresse-shop.it\/fr\/?s={search_term_string}"},"query-input":"required name=search_term_string"}],"inLanguage":"fr-FR"}]}},"df_price":343.95,"df_sale_price":343.95,"df_regular_price":399,"df_image_link":"https:\/\/www.erresse-shop.it\/wp-content\/uploads\/2023\/07\/SMEG-Macchina-da-Caffe-Espresso-Manuale-Bianco-300x300.jpg","_links":{"self":[{"href":"https:\/\/www.erresse-shop.it\/fr\/wp-json\/wp\/v2\/product\/292623"}],"collection":[{"href":"https:\/\/www.erresse-shop.it\/fr\/wp-json\/wp\/v2\/product"}],"about":[{"href":"https:\/\/www.erresse-shop.it\/fr\/wp-json\/wp\/v2\/types\/product"}],"wp:featuredmedia":[{"embeddable":true,"href":"https:\/\/www.erresse-shop.it\/fr\/wp-json\/wp\/v2\/media\/508620"}],"wp:attachment":[{"href":"https:\/\/www.erresse-shop.it\/fr\/wp-json\/wp\/v2\/media?parent=292623"}],"wp:term":[{"taxonomy":"product_cat","embeddable":true,"href":"https:\/\/www.erresse-shop.it\/fr\/wp-json\/wp\/v2\/product_cat?post=292623"},{"taxonomy":"product_tag","embeddable":true,"href":"https:\/\/www.erresse-shop.it\/fr\/wp-json\/wp\/v2\/product_tag?post=292623"}],"curies":[{"name":"wp","href":"https:\/\/api.w.org\/{rel}","templated":true}]}}