{"id":292462,"date":"2023-07-17T09:56:53","date_gmt":"2023-07-17T09:56:57","guid":{"rendered":"https:\/\/www.erresse-shop.it\/?post_type=product&#038;p=292462"},"modified":"2025-01-14T08:39:52","modified_gmt":"2025-01-14T08:39:52","slug":"smeg-machine-a-cafe-expresso-manuelle-avec-moulin-a-cafe-blanc","status":"publish","type":"product","link":"https:\/\/www.erresse-shop.it\/fr\/shop\/petits-electromenagers\/machines-cafe\/manuels\/smeg-machine-a-cafe-expresso-manuelle-avec-moulin-a-cafe-blanc\/","title":{"rendered":"SMEG Machine \u00e0 Caf\u00e9 Expresso Manuelle avec Moulin \u00e0 Caf\u00e9 Blanc"},"content":{"rendered":"<p>S\u00e9rie 50s de <strong>SMEG<\/strong><\/p>\n<p>Objets de rencontre symboliques, ic\u00f4nes qui transforment l&#8217;espace qu&#8217;ils occupent, les nouveaux petits de la ligne Anni &#8217;50s, con\u00e7us en collaboration avec Matteo Bazzicalupo et Raffaella Mangiarotti de deepdesign, \u00e9voquent d&#8217;autres temps et fa\u00e7onnent des lieux quotidiens, en investissant ce qui existe ou a exist\u00e9 d&#8217;une nouvelle signification, comme cela se produit dans l&#8217;art et la m\u00e9moire.<br \/>\nDes produits aux formes arrondies et compactes, protagonistes de la cuisine, con\u00e7us pour ceux qui souhaitent vivre l&#8217;exp\u00e9rience d&#8217;un chef, mais pas seulement. Pour ceux qui aiment s&#8217;entourer d&#8217;objets \u00e0 fort caract\u00e8re esth\u00e9tique sans perdre de vue la qualit\u00e9 des prestations.<\/p>\n<p>Machine \u00e0 expresso manuelle avec moulin \u00e0 caf\u00e9 int\u00e9gr\u00e9 : l&#8217;exp\u00e9rience de la pr\u00e9paration du caf\u00e9 et du lait comme au bar.<\/p>\n<ul>\n<li>Moulin \u00e0 caf\u00e9 int\u00e9gr\u00e9 : le v\u00e9ritable ar\u00f4me du caf\u00e9 fra\u00eechement moulu.<\/li>\n<li>Syst\u00e8me de chauffage avec double bloc thermique : le caf\u00e9 et la vapeur sont toujours pr\u00eats, sans temps d&#8217;attente.<\/li>\n<li>Machine \u00e0 caf\u00e9 con\u00e7ue pour la pr\u00e9paration parfaite d&#8217;un v\u00e9ritable espresso italien, avec fonctions espresso simple et double.<\/li>\n<li>Pompe d&#8217;une puissance de 20 bars : pour une extraction toujours correcte de l&#8217;espresso<\/li>\n<\/ul>\n<p><strong>Rituel du Barista<\/strong><\/p>\n<p>Vivre l&#8217;exp\u00e9rience Barista est possible avec la machine Smeg EGF03 : un concentr\u00e9 de technologies qui contribuent \u00e0 la pr\u00e9paration d&#8217;un caf\u00e9 optimal.<br \/>\nPour une mouture homog\u00e8ne, le moulin \u00e0 caf\u00e9 int\u00e9gr\u00e9 est \u00e9quip\u00e9 de broyeurs coniques en acier inoxydable, qui permettent de r\u00e9gler la mouture \u00e0 un niveau tr\u00e8s fin. Gr\u00e2ce au porte-filtre de 58 mm de diam\u00e8tre et \u00e0 la buse vapeur professionnelle \u00e0 deux niveaux de vapeur, vous pouvez pr\u00e9parer du caf\u00e9 et du lait comme un vrai barista. Le manom\u00e8tre vous permet de v\u00e9rifier que l&#8217;extraction s&#8217;est d\u00e9roul\u00e9e de mani\u00e8re optimale en fonction des param\u00e8tres de l&#8217;espresso.<\/p>\n<p><strong>Thermoblock<\/strong><\/p>\n<p>Le double syst\u00e8me de chauffage Thermoblock, l&#8217;un d\u00e9di\u00e9 au circuit du caf\u00e9 et l&#8217;autre au circuit du lait, garantit que la fonction vapeur est toujours pr\u00eate apr\u00e8s la pr\u00e9paration du caf\u00e9, \u00e9vitant ainsi les temps d&#8217;attente pour le moussage du lait.<\/p>\n<p><strong>R\u00e9glages<\/strong><\/p>\n<p>La nouvelle machine \u00e0 espresso vous permet de personnaliser vos boissons pour satisfaire tous les go\u00fbts : le double menu vous permet de choisir entre deux options de mouture pr\u00e9r\u00e9gl\u00e9es, pour pr\u00e9parer un espresso simple ou double, et deux options d&#8217;infusion, pour pr\u00e9parer une ou deux tasses de caf\u00e9.<\/p>\n<p>Le menu des r\u00e9glages vous permet de s\u00e9lectionner votre profil de pr\u00e9-infusion pr\u00e9f\u00e9r\u00e9 parmi 4 profils diff\u00e9rents (pr\u00e9-infusion courte, standard, longue, progressive) et parmi 4 niveaux de temp\u00e9rature d&#8217;extraction, pour faire de l&#8217;instant caf\u00e9 un v\u00e9ritable rituel.<\/p>\n<p><strong>Accessoires professionnels<\/strong><\/p>\n<p>Les accessoires fournis compl\u00e8tent l&#8217;exp\u00e9rience du caf\u00e9 de connaisseur : les filtres non pressuris\u00e9s et pressuris\u00e9s, la carafe \u00e0 lait et divers accessoires pour le nettoyage et l&#8217;entretien de la machine.<\/p>\n<p><strong>ESTH\u00c9TIQUE<\/strong><br \/>\n<strong>Couleur :<\/strong> Noir<br \/>\n<strong>Finition :<\/strong> Polie<br \/>\n<strong>Esth\u00e9tique :<\/strong> Style ann\u00e9es 50<br \/>\n<strong>Mat\u00e9riau du corps :<\/strong> Aluminium moul\u00e9 sous pression<br \/>\n<strong>Mat\u00e9riau de la base :<\/strong> Plastique<br \/>\n<strong>Mat\u00e9riau du r\u00e9servoir :<\/strong> SAN<br \/>\n<strong>Mat\u00e9riau du broyeur :<\/strong> Acier inoxydable<br \/>\n<strong>Mat\u00e9riau du r\u00e9cipient \u00e0 grains :<\/strong> SAN<br \/>\n<strong>Mat\u00e9riau du couvercle du r\u00e9cipient \u00e0 grains :<\/strong> SAN et TPE<br \/>\n<strong>Mat\u00e9riau du chauffe-tasse :<\/strong> Acier inoxydable<br \/>\n<strong>Mat\u00e9riau du levier vapeur\/eau chaude :<\/strong> Alliage de zinc<br \/>\n<strong>Mat\u00e9riau de l&#8217;unit\u00e9 de brassage :<\/strong> Acier inoxydable<br \/>\n<strong>Mat\u00e9riau du porte-filtre :<\/strong> Acier inoxydable<br \/>\n<strong>Couleur du bras du porte-filtre :<\/strong> Gris<br \/>\n<strong>Mat\u00e9riau du bras du porte-filtre :<\/strong> Plastique<br \/>\n<strong>Mat\u00e9riau de la grille du porte-filtre :<\/strong> Acier inoxydable<br \/>\n<strong>Mat\u00e9riau de la presse \u00e0 lait :<\/strong> acier inoxydable<br \/>\n<strong>Mat\u00e9riau du pot \u00e0 lait :<\/strong> Acier inoxydable<br \/>\n<strong>Mat\u00e9riau de la lance vapeur\/eau chaude :<\/strong> acier inoxydable<br \/>\n<strong>Mat\u00e9riau du plateau d&#8217;\u00e9gouttage :<\/strong> aluminium moul\u00e9 sous pression<\/p>\n<p><strong>FONCTIONS<\/strong><br \/>\n<strong>Fonction caf\u00e9 simple :<\/strong> Oui<br \/>\n<strong>Fonction double caf\u00e9 :<\/strong> Oui<br \/>\n<strong>Longueur de caf\u00e9 r\u00e9glable :<\/strong> Oui<br \/>\n<strong>R\u00e9glage de l&#8217;eau programmable :<\/strong> doux\/moyen\/dur\/tr\u00e8s dur<br \/>\n<strong>Avertissement de d\u00e9tartrage :<\/strong> Oui<br \/>\n<strong>Avertissement de r\u00e9servoir d&#8217;eau vide\/manquant :<\/strong> Oui<br \/>\n<strong>Fonction de veille r\u00e9glable :<\/strong> Oui<br \/>\n<strong>Mise en veille programmable :<\/strong> 10 min\/30 min\/40 min\/60 min<br \/>\n<strong>R\u00e9glage du profil de pr\u00e9infusion :<\/strong> Pr\u00e9infusion courte \/ standard \/ longue \/ progressive<br \/>\n<strong>Intensit\u00e9 de la vapeur :<\/strong> 2 niveaux<br \/>\n<strong>R\u00e9glage de la temp\u00e9rature d&#8217;extraction du caf\u00e9 :<\/strong> basse \/ moyenne \/ optimale \/ haute<br \/>\n<strong>Niveaux de mouture :<\/strong> Superfine \/ Fine \/ Moyenne<br \/>\n<strong>Mouture pour un seul caf\u00e9 :<\/strong> Oui<br \/>\n<strong>Mouture pour double caf\u00e9 :<\/strong> Oui<br \/>\n<strong>Quantit\u00e9 de mouture r\u00e9glable :<\/strong> Oui<\/p>\n<p><strong>COMMANDES<\/strong><br \/>\n<strong>Type de commandes :<\/strong> Boutons, levier<br \/>\n<strong>Mat\u00e9riau des boutons :<\/strong> Plastique<br \/>\n<strong>Couleur des boutons :<\/strong> Argent<br \/>\n<strong>Nombre de boutons :<\/strong> 4<br \/>\n<strong>Mode de r\u00e9glage du broyage :<\/strong> Rotation du r\u00e9cipient \u00e0 grains<br \/>\n<strong>Mode d&#8217;activation de la vapeur :<\/strong> levier<br \/>\n<strong>Mat\u00e9riau du porte-filtre :<\/strong> Plastique<\/p>\n<p><strong>CARACT\u00c9RISTIQUES TECHNIQUES<\/strong><br \/>\n<strong>Syst\u00e8me de chauffage :<\/strong> Double Thermoblock<br \/>\n<strong>Pression de la pompe :<\/strong> 15 bar<br \/>\n<strong>Ecoulement du caf\u00e9 :<\/strong> double<br \/>\n<strong>Type de meule :<\/strong> Conique<br \/>\n<strong>Moulin sup\u00e9rieur amovible :<\/strong> Oui<br \/>\n<strong>Capacit\u00e9 du r\u00e9servoir d&#8217;eau :<\/strong> 2,4 l<br \/>\n<strong>R\u00e9servoir d&#8217;eau amovible :<\/strong> Oui<br \/>\n<strong>Plateau d&#8217;\u00e9gouttage amovible :<\/strong> Oui<br \/>\n<strong>Manom\u00e8tre :<\/strong> Oui<br \/>\n<strong>Chauffe-tasses :<\/strong> passif<br \/>\n<strong>Diam\u00e8tre du porte-filtre :<\/strong> 58 mm<br \/>\n<strong>Pression de la pompe du circuit de caf\u00e9 :<\/strong> 20 bar<br \/>\n<strong>Bac \u00e0 grains avec syst\u00e8me Twist &amp; Lock :<\/strong> Oui<br \/>\n<strong>Bac \u00e0 grains amovible :<\/strong> Oui<br \/>\n<strong>Brosse \u00e0 vapeur professionnelle :<\/strong> Oui<br \/>\n<strong>Capacit\u00e9 du compartiment \u00e0 grains :<\/strong> 250 g<br \/>\n<strong>Base antid\u00e9rapante :<\/strong> Oui<\/p>\n<p><strong>CARACT\u00c9RISTIQUES \u00c9LECTRIQUES<\/strong><br \/>\n<strong>Tension :<\/strong> 220-240V<br \/>\n<strong>Fr\u00e9quence :<\/strong> 50\/60 Hz<br \/>\n<strong>Longueur du c\u00e2ble :<\/strong> 1 m<\/p>\n<p><strong>Non disponible \u00e0 la vente en dehors de l&#8217;Europe<\/strong><\/p>\n","protected":false},"excerpt":{"rendered":"<p>S\u00e9rie 50s de SMEG Objets de rencontre symboliques, ic\u00f4nes qui transforment l&#8217;espace qu&#8217;ils occupent, les nouveaux petits de la ligne<\/p>\n","protected":false},"featured_media":508872,"template":"","meta":{"_acf_changed":false,"inline_featured_image":false},"product_cat":[12764,25365,12449],"product_tag":[25181,13253,23563,25021,12950,13254,23581,23227],"acf":[],"yoast_head":"<!-- This site is optimized with the Yoast SEO Premium plugin v18.6 (Yoast SEO v19.13) - https:\/\/yoast.com\/wordpress\/plugins\/seo\/ -->\n<title>SMEG Machine \u00e0 Caf\u00e9 Expresso Manuelle avec Moulin \u00e0 Caf\u00e9 Blanc<\/title>\n<meta name=\"description\" content=\"D\u00e9couvrez SMEG Machine \u00e0 Caf\u00e9 Expresso Manuelle avec Moulin \u00e0 Caf\u00e9 Blanc sur ErresseShop. Qualit\u00e9, prix r\u00e9duits et achat s\u00e9curis\u00e9 \u2013 commandez d\u00e8s maintenant en ligne !\" \/>\n<meta name=\"robots\" content=\"index, follow, max-snippet:-1, max-image-preview:large, max-video-preview:-1\" \/>\n<link rel=\"canonical\" href=\"https:\/\/www.erresse-shop.it\/fr\/shop\/petits-electromenagers\/machines-cafe\/manuels\/smeg-machine-a-cafe-expresso-manuelle-avec-moulin-a-cafe-blanc\/\" \/>\n<meta property=\"og:locale\" content=\"fr_FR\" \/>\n<meta property=\"og:type\" content=\"article\" \/>\n<meta property=\"og:title\" content=\"SMEG Machine \u00e0 Caf\u00e9 Expresso Manuelle avec Moulin \u00e0 Caf\u00e9 Blanc\" \/>\n<meta property=\"og:description\" content=\"D\u00e9couvrez SMEG Machine \u00e0 Caf\u00e9 Expresso Manuelle avec Moulin \u00e0 Caf\u00e9 Blanc sur ErresseShop. Qualit\u00e9, prix r\u00e9duits et achat s\u00e9curis\u00e9 \u2013 commandez d\u00e8s maintenant en ligne !\" \/>\n<meta property=\"og:url\" content=\"https:\/\/www.erresse-shop.it\/fr\/shop\/petits-electromenagers\/machines-cafe\/manuels\/smeg-machine-a-cafe-expresso-manuelle-avec-moulin-a-cafe-blanc\/\" \/>\n<meta property=\"og:site_name\" content=\"Erresse Shop\" \/>\n<meta property=\"article:modified_time\" content=\"2025-01-14T08:39:52+00:00\" \/>\n<meta property=\"og:image\" content=\"https:\/\/www.erresse-shop.it\/wp-content\/uploads\/2023\/07\/SMEG-Macchina-da-Caffe\u0300-Espresso-Manuale-Bianco.jpg\" \/>\n\t<meta property=\"og:image:width\" content=\"800\" \/>\n\t<meta property=\"og:image:height\" content=\"800\" \/>\n\t<meta property=\"og:image:type\" content=\"image\/jpeg\" \/>\n<meta name=\"twitter:card\" content=\"summary_large_image\" \/>\n<script type=\"application\/ld+json\" class=\"yoast-schema-graph\">{\"@context\":\"https:\/\/schema.org\",\"@graph\":[{\"@type\":\"WebPage\",\"@id\":\"https:\/\/www.erresse-shop.it\/fr\/shop\/petits-electromenagers\/machines-cafe\/manuels\/smeg-machine-a-cafe-expresso-manuelle-avec-moulin-a-cafe-blanc\/\",\"url\":\"https:\/\/www.erresse-shop.it\/fr\/shop\/petits-electromenagers\/machines-cafe\/manuels\/smeg-machine-a-cafe-expresso-manuelle-avec-moulin-a-cafe-blanc\/\",\"name\":\"SMEG Machine \u00e0 Caf\u00e9 Expresso Manuelle avec Moulin \u00e0 Caf\u00e9 Blanc\",\"isPartOf\":{\"@id\":\"https:\/\/www.erresse-shop.it\/fr\/#website\"},\"datePublished\":\"2023-07-17T09:56:57+00:00\",\"dateModified\":\"2025-01-14T08:39:52+00:00\",\"description\":\"D\u00e9couvrez SMEG Machine \u00e0 Caf\u00e9 Expresso Manuelle avec Moulin \u00e0 Caf\u00e9 Blanc sur ErresseShop. Qualit\u00e9, prix r\u00e9duits et achat s\u00e9curis\u00e9 \u2013 commandez d\u00e8s maintenant en ligne !\",\"breadcrumb\":{\"@id\":\"https:\/\/www.erresse-shop.it\/fr\/shop\/petits-electromenagers\/machines-cafe\/manuels\/smeg-machine-a-cafe-expresso-manuelle-avec-moulin-a-cafe-blanc\/#breadcrumb\"},\"inLanguage\":\"fr-FR\",\"potentialAction\":[{\"@type\":\"ReadAction\",\"target\":[\"https:\/\/www.erresse-shop.it\/fr\/shop\/petits-electromenagers\/machines-cafe\/manuels\/smeg-machine-a-cafe-expresso-manuelle-avec-moulin-a-cafe-blanc\/\"]}]},{\"@type\":\"BreadcrumbList\",\"@id\":\"https:\/\/www.erresse-shop.it\/fr\/shop\/petits-electromenagers\/machines-cafe\/manuels\/smeg-machine-a-cafe-expresso-manuelle-avec-moulin-a-cafe-blanc\/#breadcrumb\",\"itemListElement\":[{\"@type\":\"ListItem\",\"position\":1,\"name\":\"Home\",\"item\":\"https:\/\/www.erresse-shop.it\/fr\/\"},{\"@type\":\"ListItem\",\"position\":2,\"name\":\"Shop\",\"item\":\"https:\/\/www.erresse-shop.it\/fr\/shop\/\"},{\"@type\":\"ListItem\",\"position\":3,\"name\":\"SMEG Machine \u00e0 Caf\u00e9 Expresso Manuelle avec Moulin \u00e0 Caf\u00e9 Blanc\"}]},{\"@type\":\"WebSite\",\"@id\":\"https:\/\/www.erresse-shop.it\/fr\/#website\",\"url\":\"https:\/\/www.erresse-shop.it\/fr\/\",\"name\":\"Erresse Shop\",\"description\":\"Articoli di qualit\u00e0 per la casa\",\"potentialAction\":[{\"@type\":\"SearchAction\",\"target\":{\"@type\":\"EntryPoint\",\"urlTemplate\":\"https:\/\/www.erresse-shop.it\/fr\/?s={search_term_string}\"},\"query-input\":\"required name=search_term_string\"}],\"inLanguage\":\"fr-FR\"}]}<\/script>\n<!-- \/ Yoast SEO Premium plugin. -->","yoast_head_json":{"title":"SMEG Machine \u00e0 Caf\u00e9 Expresso Manuelle avec Moulin \u00e0 Caf\u00e9 Blanc","description":"D\u00e9couvrez SMEG Machine \u00e0 Caf\u00e9 Expresso Manuelle avec Moulin \u00e0 Caf\u00e9 Blanc sur ErresseShop. Qualit\u00e9, prix r\u00e9duits et achat s\u00e9curis\u00e9 \u2013 commandez d\u00e8s maintenant en ligne !","robots":{"index":"index","follow":"follow","max-snippet":"max-snippet:-1","max-image-preview":"max-image-preview:large","max-video-preview":"max-video-preview:-1"},"canonical":"https:\/\/www.erresse-shop.it\/fr\/shop\/petits-electromenagers\/machines-cafe\/manuels\/smeg-machine-a-cafe-expresso-manuelle-avec-moulin-a-cafe-blanc\/","og_locale":"fr_FR","og_type":"article","og_title":"SMEG Machine \u00e0 Caf\u00e9 Expresso Manuelle avec Moulin \u00e0 Caf\u00e9 Blanc","og_description":"D\u00e9couvrez SMEG Machine \u00e0 Caf\u00e9 Expresso Manuelle avec Moulin \u00e0 Caf\u00e9 Blanc sur ErresseShop. Qualit\u00e9, prix r\u00e9duits et achat s\u00e9curis\u00e9 \u2013 commandez d\u00e8s maintenant en ligne !","og_url":"https:\/\/www.erresse-shop.it\/fr\/shop\/petits-electromenagers\/machines-cafe\/manuels\/smeg-machine-a-cafe-expresso-manuelle-avec-moulin-a-cafe-blanc\/","og_site_name":"Erresse Shop","article_modified_time":"2025-01-14T08:39:52+00:00","og_image":[{"width":800,"height":800,"url":"https:\/\/www.erresse-shop.it\/wp-content\/uploads\/2023\/07\/SMEG-Macchina-da-Caffe\u0300-Espresso-Manuale-Bianco.jpg","type":"image\/jpeg"}],"twitter_card":"summary_large_image","schema":{"@context":"https:\/\/schema.org","@graph":[{"@type":"WebPage","@id":"https:\/\/www.erresse-shop.it\/fr\/shop\/petits-electromenagers\/machines-cafe\/manuels\/smeg-machine-a-cafe-expresso-manuelle-avec-moulin-a-cafe-blanc\/","url":"https:\/\/www.erresse-shop.it\/fr\/shop\/petits-electromenagers\/machines-cafe\/manuels\/smeg-machine-a-cafe-expresso-manuelle-avec-moulin-a-cafe-blanc\/","name":"SMEG Machine \u00e0 Caf\u00e9 Expresso Manuelle avec Moulin \u00e0 Caf\u00e9 Blanc","isPartOf":{"@id":"https:\/\/www.erresse-shop.it\/fr\/#website"},"datePublished":"2023-07-17T09:56:57+00:00","dateModified":"2025-01-14T08:39:52+00:00","description":"D\u00e9couvrez SMEG Machine \u00e0 Caf\u00e9 Expresso Manuelle avec Moulin \u00e0 Caf\u00e9 Blanc sur ErresseShop. Qualit\u00e9, prix r\u00e9duits et achat s\u00e9curis\u00e9 \u2013 commandez d\u00e8s maintenant en ligne !","breadcrumb":{"@id":"https:\/\/www.erresse-shop.it\/fr\/shop\/petits-electromenagers\/machines-cafe\/manuels\/smeg-machine-a-cafe-expresso-manuelle-avec-moulin-a-cafe-blanc\/#breadcrumb"},"inLanguage":"fr-FR","potentialAction":[{"@type":"ReadAction","target":["https:\/\/www.erresse-shop.it\/fr\/shop\/petits-electromenagers\/machines-cafe\/manuels\/smeg-machine-a-cafe-expresso-manuelle-avec-moulin-a-cafe-blanc\/"]}]},{"@type":"BreadcrumbList","@id":"https:\/\/www.erresse-shop.it\/fr\/shop\/petits-electromenagers\/machines-cafe\/manuels\/smeg-machine-a-cafe-expresso-manuelle-avec-moulin-a-cafe-blanc\/#breadcrumb","itemListElement":[{"@type":"ListItem","position":1,"name":"Home","item":"https:\/\/www.erresse-shop.it\/fr\/"},{"@type":"ListItem","position":2,"name":"Shop","item":"https:\/\/www.erresse-shop.it\/fr\/shop\/"},{"@type":"ListItem","position":3,"name":"SMEG Machine \u00e0 Caf\u00e9 Expresso Manuelle avec Moulin \u00e0 Caf\u00e9 Blanc"}]},{"@type":"WebSite","@id":"https:\/\/www.erresse-shop.it\/fr\/#website","url":"https:\/\/www.erresse-shop.it\/fr\/","name":"Erresse Shop","description":"Articoli di qualit\u00e0 per la casa","potentialAction":[{"@type":"SearchAction","target":{"@type":"EntryPoint","urlTemplate":"https:\/\/www.erresse-shop.it\/fr\/?s={search_term_string}"},"query-input":"required name=search_term_string"}],"inLanguage":"fr-FR"}]}},"df_price":739,"df_sale_price":739,"df_regular_price":869,"df_image_link":"https:\/\/www.erresse-shop.it\/wp-content\/uploads\/2023\/07\/SMEG-Macchina-da-Caffe-Espresso-Manuale-con-Macinacaffe-Bianco-300x300.jpg","_links":{"self":[{"href":"https:\/\/www.erresse-shop.it\/fr\/wp-json\/wp\/v2\/product\/292462"}],"collection":[{"href":"https:\/\/www.erresse-shop.it\/fr\/wp-json\/wp\/v2\/product"}],"about":[{"href":"https:\/\/www.erresse-shop.it\/fr\/wp-json\/wp\/v2\/types\/product"}],"wp:featuredmedia":[{"embeddable":true,"href":"https:\/\/www.erresse-shop.it\/fr\/wp-json\/wp\/v2\/media\/508872"}],"wp:attachment":[{"href":"https:\/\/www.erresse-shop.it\/fr\/wp-json\/wp\/v2\/media?parent=292462"}],"wp:term":[{"taxonomy":"product_cat","embeddable":true,"href":"https:\/\/www.erresse-shop.it\/fr\/wp-json\/wp\/v2\/product_cat?post=292462"},{"taxonomy":"product_tag","embeddable":true,"href":"https:\/\/www.erresse-shop.it\/fr\/wp-json\/wp\/v2\/product_tag?post=292462"}],"curies":[{"name":"wp","href":"https:\/\/api.w.org\/{rel}","templated":true}]}}