{"id":290399,"date":"2023-07-11T14:26:34","date_gmt":"2023-07-11T14:26:39","guid":{"rendered":"https:\/\/www.erresse-shop.it\/?post_type=product&#038;p=290399"},"modified":"2025-01-14T08:39:32","modified_gmt":"2025-01-14T08:39:32","slug":"sage-nespresso-the-vertuo-creatista","status":"publish","type":"product","link":"https:\/\/www.erresse-shop.it\/fr\/shop\/petits-electromenagers\/machines-cafe\/a-dosettes-et-a-capsules\/sage-nespresso-the-vertuo-creatista\/","title":{"rendered":"SAGE Nespresso The Vertuo Creatista"},"content":{"rendered":"<p><strong>Devenez un expert dans la cr\u00e9ation de boissons \u00e0 base de lait avec le th\u00e9 Vertuo Creatista.<\/strong><\/p>\n<p>Avec une large gamme d&#8217;options de caf\u00e9, vous pouvez vous laisser tenter par un caf\u00e9 noir ou cr\u00e9er vos propres recettes avec du lait. Savourez vos recettes pr\u00e9f\u00e9r\u00e9es, des flat whites aux cappuccinos. Gr\u00e2ce \u00e0 la buse vapeur int\u00e9gr\u00e9e, vous pouvez obtenir une mousse de lait cr\u00e9meuse, personnaliser vos recettes ou r\u00e9aliser de fantastiques cr\u00e9ations d&#8217;art latt\u00e9. Choisissez parmi trois temp\u00e9ratures et consistances de lait diff\u00e9rentes, pour un r\u00e9sultat qui correspond toujours \u00e0 votre go\u00fbt. Le tout dans un design haut de gamme en acier inoxydable. Votre caf\u00e9 pr\u00e9f\u00e9r\u00e9, pr\u00e9par\u00e9 \u00e0 la maison.<\/p>\n<p><strong>Technologie d&#8217;extraction intelligente<\/strong><\/p>\n<p>D&#8217;une simple pression, le syst\u00e8me peut pr\u00e9parer des caf\u00e9s parfaits dans diff\u00e9rents formats : Espresso, Double Espresso, Gran Lungo, Mug ou Carafe. Chaque capsule poss\u00e8de un code unique qui, une fois lu par la machine, ajuste les param\u00e8tres d&#8217;extraction pour garantir un caf\u00e9 parfait \u00e0 chaque fois. En deux touches, vous pouvez obtenir un temps d&#8217;extraction plus court, id\u00e9al pour les pr\u00e9parations de caf\u00e9 au lait.<\/p>\n<p><strong>Des recettes au lait \u00e0 l&#8217;infini<\/strong><\/p>\n<p>Cr\u00e9ez facilement de fantastiques flat whites, cappuccinos, lattes, latte macchiatos ou toute autre recette \u00e0 base de lait.<\/p>\n<p><strong>Moussage automatique du lait avec Auto MilQ\u2122<\/strong><\/p>\n<p>Une exp\u00e9rience am\u00e9lior\u00e9e qui vous permet de cr\u00e9er des latte art \u00e0 la maison. Avec 3 r\u00e9glages de temp\u00e9rature et 3 niveaux de consistance du lait, la Vertuo Creatista fait mousser le lait avec une consistance parfaite, comme au caf\u00e9. La buse vapeur se nettoie automatiquement apr\u00e8s utilisation.<\/p>\n<p><strong>Construction en acier inoxydable de haute qualit\u00e9<\/strong><\/p>\n<p>La construction en acier inoxydable bross\u00e9 et poli permet \u00e0 la Vertuo Creatista de s&#8217;int\u00e9grer parfaitement dans n&#8217;importe quelle cuisine. Son design offre un porte-gobelet qui s&#8217;int\u00e8gre au plateau d&#8217;\u00e9gouttage lorsqu&#8217;il n&#8217;est pas utilis\u00e9. Gr\u00e2ce au plateau amovible, vous pouvez \u00e9galement distribuer le caf\u00e9 directement dans votre tasse de voyage ou votre carafe pr\u00e9f\u00e9r\u00e9e.<\/p>\n<p><strong>Dessin dans la carafe et la tasse de voyage<\/strong><\/p>\n<p>La Vertuo Creatista est con\u00e7ue pour vous permettre de pr\u00e9parer du caf\u00e9 directement dans votre carafe ou votre tasse de voyage Nespresso pr\u00e9f\u00e9r\u00e9e.<\/p>\n<p><strong>Connectivit\u00e9 de la machine<\/strong><\/p>\n<p>Une fonction qui vous permet de toujours b\u00e9n\u00e9ficier de la meilleure et de la plus r\u00e9cente exp\u00e9rience Nespresso. Profitez des derni\u00e8res nouveaut\u00e9s en mati\u00e8re de caf\u00e9, commandez des capsules, obtenez des conseils en temps r\u00e9el sur l&#8217;utilisation de votre machine et recevez des alertes et des conseils sur son entretien.<\/p>\n<p><strong>Caract\u00e9ristiques techniques :<\/strong><\/p>\n<ul>\n<li>R\u00e9servoir d&#8217;eau de 2 litres<\/li>\n<li>R\u00e9servoir \u00e0 lait en acier inoxydable, accessoire de nettoyage de la buse vapeur<\/li>\n<li>3 r\u00e9glages pour la temp\u00e9rature du lait et 3 pour le moussage<\/li>\n<li>1300 &#8211; 1500 W<\/li>\n<li>220-240 V \/ 50-60 Hz<\/li>\n<\/ul>\n<p><strong>Ne peut \u00eatre vendu en dehors de l&#8217;Europe<\/strong><\/p>\n","protected":false},"excerpt":{"rendered":"<p>Devenez un expert dans la cr\u00e9ation de boissons \u00e0 base de lait avec le th\u00e9 Vertuo Creatista. Avec une large<\/p>\n","protected":false},"featured_media":290438,"template":"","meta":{"_acf_changed":false,"inline_featured_image":false},"product_cat":[25380,12764,12449],"product_tag":[23563,23300,23586,23301,23302],"acf":[],"yoast_head":"<!-- This site is optimized with the Yoast SEO Premium plugin v18.6 (Yoast SEO v19.13) - https:\/\/yoast.com\/wordpress\/plugins\/seo\/ -->\n<title>SAGE Nespresso The Vertuo Creatista<\/title>\n<meta name=\"description\" content=\"D\u00e9couvrez SAGE Nespresso The Vertuo Creatista sur ErresseShop. Qualit\u00e9, prix r\u00e9duits et achat s\u00e9curis\u00e9 \u2013 commandez d\u00e8s maintenant en ligne !\" \/>\n<meta name=\"robots\" content=\"index, follow, max-snippet:-1, max-image-preview:large, max-video-preview:-1\" \/>\n<link rel=\"canonical\" href=\"https:\/\/www.erresse-shop.it\/fr\/shop\/petits-electromenagers\/machines-cafe\/a-dosettes-et-a-capsules\/sage-nespresso-the-vertuo-creatista\/\" \/>\n<meta property=\"og:locale\" content=\"fr_FR\" \/>\n<meta property=\"og:type\" content=\"article\" \/>\n<meta property=\"og:title\" content=\"SAGE Nespresso The Vertuo Creatista\" \/>\n<meta property=\"og:description\" content=\"D\u00e9couvrez SAGE Nespresso The Vertuo Creatista sur ErresseShop. Qualit\u00e9, prix r\u00e9duits et achat s\u00e9curis\u00e9 \u2013 commandez d\u00e8s maintenant en ligne !\" \/>\n<meta property=\"og:url\" content=\"https:\/\/www.erresse-shop.it\/fr\/shop\/petits-electromenagers\/machines-cafe\/a-dosettes-et-a-capsules\/sage-nespresso-the-vertuo-creatista\/\" \/>\n<meta property=\"og:site_name\" content=\"Erresse Shop\" \/>\n<meta property=\"article:modified_time\" content=\"2025-01-14T08:39:32+00:00\" \/>\n<meta property=\"og:image\" content=\"https:\/\/www.erresse-shop.it\/wp-content\/uploads\/2023\/07\/SAGE-Nespresso-The-Vertuo-Creatista.jpg\" \/>\n\t<meta property=\"og:image:width\" content=\"800\" \/>\n\t<meta property=\"og:image:height\" content=\"800\" \/>\n\t<meta property=\"og:image:type\" content=\"image\/jpeg\" \/>\n<meta name=\"twitter:card\" content=\"summary_large_image\" \/>\n<script type=\"application\/ld+json\" class=\"yoast-schema-graph\">{\"@context\":\"https:\/\/schema.org\",\"@graph\":[{\"@type\":\"WebPage\",\"@id\":\"https:\/\/www.erresse-shop.it\/fr\/shop\/petits-electromenagers\/machines-cafe\/a-dosettes-et-a-capsules\/sage-nespresso-the-vertuo-creatista\/\",\"url\":\"https:\/\/www.erresse-shop.it\/fr\/shop\/petits-electromenagers\/machines-cafe\/a-dosettes-et-a-capsules\/sage-nespresso-the-vertuo-creatista\/\",\"name\":\"SAGE Nespresso The Vertuo Creatista\",\"isPartOf\":{\"@id\":\"https:\/\/www.erresse-shop.it\/fr\/#website\"},\"datePublished\":\"2023-07-11T14:26:39+00:00\",\"dateModified\":\"2025-01-14T08:39:32+00:00\",\"description\":\"D\u00e9couvrez SAGE Nespresso The Vertuo Creatista sur ErresseShop. Qualit\u00e9, prix r\u00e9duits et achat s\u00e9curis\u00e9 \u2013 commandez d\u00e8s maintenant en ligne !\",\"breadcrumb\":{\"@id\":\"https:\/\/www.erresse-shop.it\/fr\/shop\/petits-electromenagers\/machines-cafe\/a-dosettes-et-a-capsules\/sage-nespresso-the-vertuo-creatista\/#breadcrumb\"},\"inLanguage\":\"fr-FR\",\"potentialAction\":[{\"@type\":\"ReadAction\",\"target\":[\"https:\/\/www.erresse-shop.it\/fr\/shop\/petits-electromenagers\/machines-cafe\/a-dosettes-et-a-capsules\/sage-nespresso-the-vertuo-creatista\/\"]}]},{\"@type\":\"BreadcrumbList\",\"@id\":\"https:\/\/www.erresse-shop.it\/fr\/shop\/petits-electromenagers\/machines-cafe\/a-dosettes-et-a-capsules\/sage-nespresso-the-vertuo-creatista\/#breadcrumb\",\"itemListElement\":[{\"@type\":\"ListItem\",\"position\":1,\"name\":\"Home\",\"item\":\"https:\/\/www.erresse-shop.it\/fr\/\"},{\"@type\":\"ListItem\",\"position\":2,\"name\":\"Shop\",\"item\":\"https:\/\/www.erresse-shop.it\/fr\/shop\/\"},{\"@type\":\"ListItem\",\"position\":3,\"name\":\"SAGE Nespresso The Vertuo Creatista\"}]},{\"@type\":\"WebSite\",\"@id\":\"https:\/\/www.erresse-shop.it\/fr\/#website\",\"url\":\"https:\/\/www.erresse-shop.it\/fr\/\",\"name\":\"Erresse Shop\",\"description\":\"Articoli di qualit\u00e0 per la casa\",\"potentialAction\":[{\"@type\":\"SearchAction\",\"target\":{\"@type\":\"EntryPoint\",\"urlTemplate\":\"https:\/\/www.erresse-shop.it\/fr\/?s={search_term_string}\"},\"query-input\":\"required name=search_term_string\"}],\"inLanguage\":\"fr-FR\"}]}<\/script>\n<!-- \/ Yoast SEO Premium plugin. -->","yoast_head_json":{"title":"SAGE Nespresso The Vertuo Creatista","description":"D\u00e9couvrez SAGE Nespresso The Vertuo Creatista sur ErresseShop. Qualit\u00e9, prix r\u00e9duits et achat s\u00e9curis\u00e9 \u2013 commandez d\u00e8s maintenant en ligne !","robots":{"index":"index","follow":"follow","max-snippet":"max-snippet:-1","max-image-preview":"max-image-preview:large","max-video-preview":"max-video-preview:-1"},"canonical":"https:\/\/www.erresse-shop.it\/fr\/shop\/petits-electromenagers\/machines-cafe\/a-dosettes-et-a-capsules\/sage-nespresso-the-vertuo-creatista\/","og_locale":"fr_FR","og_type":"article","og_title":"SAGE Nespresso The Vertuo Creatista","og_description":"D\u00e9couvrez SAGE Nespresso The Vertuo Creatista sur ErresseShop. Qualit\u00e9, prix r\u00e9duits et achat s\u00e9curis\u00e9 \u2013 commandez d\u00e8s maintenant en ligne !","og_url":"https:\/\/www.erresse-shop.it\/fr\/shop\/petits-electromenagers\/machines-cafe\/a-dosettes-et-a-capsules\/sage-nespresso-the-vertuo-creatista\/","og_site_name":"Erresse Shop","article_modified_time":"2025-01-14T08:39:32+00:00","og_image":[{"width":800,"height":800,"url":"https:\/\/www.erresse-shop.it\/wp-content\/uploads\/2023\/07\/SAGE-Nespresso-The-Vertuo-Creatista.jpg","type":"image\/jpeg"}],"twitter_card":"summary_large_image","schema":{"@context":"https:\/\/schema.org","@graph":[{"@type":"WebPage","@id":"https:\/\/www.erresse-shop.it\/fr\/shop\/petits-electromenagers\/machines-cafe\/a-dosettes-et-a-capsules\/sage-nespresso-the-vertuo-creatista\/","url":"https:\/\/www.erresse-shop.it\/fr\/shop\/petits-electromenagers\/machines-cafe\/a-dosettes-et-a-capsules\/sage-nespresso-the-vertuo-creatista\/","name":"SAGE Nespresso The Vertuo Creatista","isPartOf":{"@id":"https:\/\/www.erresse-shop.it\/fr\/#website"},"datePublished":"2023-07-11T14:26:39+00:00","dateModified":"2025-01-14T08:39:32+00:00","description":"D\u00e9couvrez SAGE Nespresso The Vertuo Creatista sur ErresseShop. Qualit\u00e9, prix r\u00e9duits et achat s\u00e9curis\u00e9 \u2013 commandez d\u00e8s maintenant en ligne !","breadcrumb":{"@id":"https:\/\/www.erresse-shop.it\/fr\/shop\/petits-electromenagers\/machines-cafe\/a-dosettes-et-a-capsules\/sage-nespresso-the-vertuo-creatista\/#breadcrumb"},"inLanguage":"fr-FR","potentialAction":[{"@type":"ReadAction","target":["https:\/\/www.erresse-shop.it\/fr\/shop\/petits-electromenagers\/machines-cafe\/a-dosettes-et-a-capsules\/sage-nespresso-the-vertuo-creatista\/"]}]},{"@type":"BreadcrumbList","@id":"https:\/\/www.erresse-shop.it\/fr\/shop\/petits-electromenagers\/machines-cafe\/a-dosettes-et-a-capsules\/sage-nespresso-the-vertuo-creatista\/#breadcrumb","itemListElement":[{"@type":"ListItem","position":1,"name":"Home","item":"https:\/\/www.erresse-shop.it\/fr\/"},{"@type":"ListItem","position":2,"name":"Shop","item":"https:\/\/www.erresse-shop.it\/fr\/shop\/"},{"@type":"ListItem","position":3,"name":"SAGE Nespresso The Vertuo Creatista"}]},{"@type":"WebSite","@id":"https:\/\/www.erresse-shop.it\/fr\/#website","url":"https:\/\/www.erresse-shop.it\/fr\/","name":"Erresse Shop","description":"Articoli di qualit\u00e0 per la casa","potentialAction":[{"@type":"SearchAction","target":{"@type":"EntryPoint","urlTemplate":"https:\/\/www.erresse-shop.it\/fr\/?s={search_term_string}"},"query-input":"required name=search_term_string"}],"inLanguage":"fr-FR"}]}},"df_price":659.95,"df_sale_price":659.95,"df_regular_price":699.9,"df_image_link":"https:\/\/www.erresse-shop.it\/wp-content\/uploads\/2023\/07\/SAGE-Nespresso-The-Vertuo-Creatista-300x300.jpg","_links":{"self":[{"href":"https:\/\/www.erresse-shop.it\/fr\/wp-json\/wp\/v2\/product\/290399"}],"collection":[{"href":"https:\/\/www.erresse-shop.it\/fr\/wp-json\/wp\/v2\/product"}],"about":[{"href":"https:\/\/www.erresse-shop.it\/fr\/wp-json\/wp\/v2\/types\/product"}],"wp:featuredmedia":[{"embeddable":true,"href":"https:\/\/www.erresse-shop.it\/fr\/wp-json\/wp\/v2\/media\/290438"}],"wp:attachment":[{"href":"https:\/\/www.erresse-shop.it\/fr\/wp-json\/wp\/v2\/media?parent=290399"}],"wp:term":[{"taxonomy":"product_cat","embeddable":true,"href":"https:\/\/www.erresse-shop.it\/fr\/wp-json\/wp\/v2\/product_cat?post=290399"},{"taxonomy":"product_tag","embeddable":true,"href":"https:\/\/www.erresse-shop.it\/fr\/wp-json\/wp\/v2\/product_tag?post=290399"}],"curies":[{"name":"wp","href":"https:\/\/api.w.org\/{rel}","templated":true}]}}