{"id":284952,"date":"2023-06-27T14:46:29","date_gmt":"2023-06-27T14:46:33","guid":{"rendered":"https:\/\/www.erresse-shop.it\/?post_type=product&#038;p=284952"},"modified":"2025-01-14T08:37:23","modified_gmt":"2025-01-14T08:37:23","slug":"illy-machine-a-cafe-a-dosettes-e-s-e-blanc","status":"publish","type":"product","link":"https:\/\/www.erresse-shop.it\/fr\/shop\/petits-electromenagers\/machines-cafe\/a-dosettes-et-a-capsules\/illy-machine-a-cafe-a-dosettes-e-s-e-blanc\/","title":{"rendered":"ILLY Machine \u00e0 Caf\u00e9 \u00e0 Dosettes E.S.E. Blanc"},"content":{"rendered":"<p><strong>Nouvelle dosette compostable certifi\u00e9e E.S.E.<\/strong><br \/>\nLes <strong>dosettes<\/strong> certifi\u00e9es <strong>compostables<\/strong>, qui peuvent \u00eatre jet\u00e9es dans la collecte des d\u00e9chets organiques (v\u00e9rifiez aupr\u00e8s de vos autorit\u00e9s locales les m\u00e9thodes actuelles de collecte s\u00e9lective des d\u00e9chets), sont parfaites pour pr\u00e9parer votre <strong>espresso<\/strong> illy pr\u00e9f\u00e9r\u00e9 d&#8217;une mani\u00e8re pratique sans sacrifier le go\u00fbt et la fra\u00eecheur. Les dosettes de caf\u00e9 <strong>illy<\/strong> en papier filtre peuvent \u00eatre utilis\u00e9es avec toutes les machines \u00e0 caf\u00e9 ESE.<\/p>\n<p>La dosette <strong>E.S.E. (Easy Serving Espresso)<\/strong> est tr\u00e8s &#8220;ouverte&#8221; : vous pouvez l&#8217;utiliser non seulement avec les machines \u00e0 caf\u00e9 \u00e0 dosettes illy, mais aussi avec toutes les autres machines \u00e0 dosettes. La dosette n&#8217;est rien d&#8217;autre que du caf\u00e9 moulu, d\u00e9j\u00e0 correctement dos\u00e9 et press\u00e9, contenu entre deux feuilles de papier filtre.<\/p>\n<p>La <strong>machine \u00e0 caf\u00e9<\/strong> \u00e0 dosettes E.S.E. est optimis\u00e9e pour r\u00e9pondre \u00e0 la norme de qualit\u00e9 illy dans la tasse d\u00e8s le premier caf\u00e9. Les deux boutons de pr\u00e9paration vous permettent de choisir entre l&#8217;espresso et le caf\u00e9 long. L&#8217;exp\u00e9rience utilisateur est simple et intuitive : la dosette est ins\u00e9r\u00e9e par le haut et \u00e9ject\u00e9e dans le bac \u00e0 dosettes. La forme compacte maximise la praticit\u00e9.<\/p>\n<p><strong>Caract\u00e9ristiques :<\/strong><br \/>\n&#8211; Garantie : 2 ans<br \/>\n&#8211; Deux hauteurs pour la grille du porte-tasses<br \/>\n&#8211; Mise en veille automatique lorsqu&#8217;il n&#8217;est pas utilis\u00e9<\/p>\n<p><strong>Caract\u00e9ristiques techniques :<\/strong><br \/>\n&#8211; Capacit\u00e9 du r\u00e9servoir : 1 L<br \/>\n&#8211; Dimensions (cm) : 11 x 32 x 26<br \/>\n&#8211; Tension : 230 V, c\u00e2ble de 1 m de long<br \/>\n&#8211; Puissance : mod\u00e8le 626 850w \/ mod\u00e8le 627 1250w<br \/>\n&#8211; Pression de la pompe : 20 bar<\/p>\n","protected":false},"excerpt":{"rendered":"<p>Nouvelle dosette compostable certifi\u00e9e E.S.E. Les dosettes certifi\u00e9es compostables, qui peuvent \u00eatre jet\u00e9es dans la collecte des d\u00e9chets organiques (v\u00e9rifiez<\/p>\n","protected":false},"featured_media":512463,"template":"","meta":{"_acf_changed":false,"inline_featured_image":false},"product_cat":[25380,12764,12449],"product_tag":[23563,23228,16870,12950,23586],"acf":[],"yoast_head":"<!-- This site is optimized with the Yoast SEO Premium plugin v18.6 (Yoast SEO v19.13) - https:\/\/yoast.com\/wordpress\/plugins\/seo\/ -->\n<title>ILLY Machine \u00e0 Caf\u00e9 \u00e0 Dosettes E.S.E. Blanc<\/title>\n<meta name=\"description\" content=\"D\u00e9couvrez ILLY Machine \u00e0 Caf\u00e9 \u00e0 Dosettes E.S.E. Blanc sur ErresseShop. Qualit\u00e9, prix r\u00e9duits et achat s\u00e9curis\u00e9 \u2013 commandez d\u00e8s maintenant en ligne !\" \/>\n<meta name=\"robots\" content=\"index, follow, max-snippet:-1, max-image-preview:large, max-video-preview:-1\" \/>\n<link rel=\"canonical\" href=\"https:\/\/www.erresse-shop.it\/fr\/shop\/petits-electromenagers\/machines-cafe\/a-dosettes-et-a-capsules\/illy-machine-a-cafe-a-dosettes-e-s-e-blanc\/\" \/>\n<meta property=\"og:locale\" content=\"fr_FR\" \/>\n<meta property=\"og:type\" content=\"article\" \/>\n<meta property=\"og:title\" content=\"ILLY Machine \u00e0 Caf\u00e9 \u00e0 Dosettes E.S.E. Blanc\" \/>\n<meta property=\"og:description\" content=\"D\u00e9couvrez ILLY Machine \u00e0 Caf\u00e9 \u00e0 Dosettes E.S.E. Blanc sur ErresseShop. Qualit\u00e9, prix r\u00e9duits et achat s\u00e9curis\u00e9 \u2013 commandez d\u00e8s maintenant en ligne !\" \/>\n<meta property=\"og:url\" content=\"https:\/\/www.erresse-shop.it\/fr\/shop\/petits-electromenagers\/machines-cafe\/a-dosettes-et-a-capsules\/illy-machine-a-cafe-a-dosettes-e-s-e-blanc\/\" \/>\n<meta property=\"og:site_name\" content=\"Erresse Shop\" \/>\n<meta property=\"article:modified_time\" content=\"2025-01-14T08:37:23+00:00\" \/>\n<meta property=\"og:image\" content=\"https:\/\/www.erresse-shop.it\/wp-content\/uploads\/2023\/06\/ILLY-Macchina-da-Caffe\u0300-a-Cialde-E.S.E.-Bianco.jpg\" \/>\n\t<meta property=\"og:image:width\" content=\"800\" \/>\n\t<meta property=\"og:image:height\" content=\"800\" \/>\n\t<meta property=\"og:image:type\" content=\"image\/jpeg\" \/>\n<meta name=\"twitter:card\" content=\"summary_large_image\" \/>\n<script type=\"application\/ld+json\" class=\"yoast-schema-graph\">{\"@context\":\"https:\/\/schema.org\",\"@graph\":[{\"@type\":\"WebPage\",\"@id\":\"https:\/\/www.erresse-shop.it\/fr\/shop\/petits-electromenagers\/machines-cafe\/a-dosettes-et-a-capsules\/illy-machine-a-cafe-a-dosettes-e-s-e-blanc\/\",\"url\":\"https:\/\/www.erresse-shop.it\/fr\/shop\/petits-electromenagers\/machines-cafe\/a-dosettes-et-a-capsules\/illy-machine-a-cafe-a-dosettes-e-s-e-blanc\/\",\"name\":\"ILLY Machine \u00e0 Caf\u00e9 \u00e0 Dosettes E.S.E. Blanc\",\"isPartOf\":{\"@id\":\"https:\/\/www.erresse-shop.it\/fr\/#website\"},\"datePublished\":\"2023-06-27T14:46:33+00:00\",\"dateModified\":\"2025-01-14T08:37:23+00:00\",\"description\":\"D\u00e9couvrez ILLY Machine \u00e0 Caf\u00e9 \u00e0 Dosettes E.S.E. Blanc sur ErresseShop. Qualit\u00e9, prix r\u00e9duits et achat s\u00e9curis\u00e9 \u2013 commandez d\u00e8s maintenant en ligne !\",\"breadcrumb\":{\"@id\":\"https:\/\/www.erresse-shop.it\/fr\/shop\/petits-electromenagers\/machines-cafe\/a-dosettes-et-a-capsules\/illy-machine-a-cafe-a-dosettes-e-s-e-blanc\/#breadcrumb\"},\"inLanguage\":\"fr-FR\",\"potentialAction\":[{\"@type\":\"ReadAction\",\"target\":[\"https:\/\/www.erresse-shop.it\/fr\/shop\/petits-electromenagers\/machines-cafe\/a-dosettes-et-a-capsules\/illy-machine-a-cafe-a-dosettes-e-s-e-blanc\/\"]}]},{\"@type\":\"BreadcrumbList\",\"@id\":\"https:\/\/www.erresse-shop.it\/fr\/shop\/petits-electromenagers\/machines-cafe\/a-dosettes-et-a-capsules\/illy-machine-a-cafe-a-dosettes-e-s-e-blanc\/#breadcrumb\",\"itemListElement\":[{\"@type\":\"ListItem\",\"position\":1,\"name\":\"Home\",\"item\":\"https:\/\/www.erresse-shop.it\/fr\/\"},{\"@type\":\"ListItem\",\"position\":2,\"name\":\"Shop\",\"item\":\"https:\/\/www.erresse-shop.it\/fr\/shop\/\"},{\"@type\":\"ListItem\",\"position\":3,\"name\":\"ILLY Machine \u00e0 Caf\u00e9 \u00e0 Dosettes E.S.E. Blanc\"}]},{\"@type\":\"WebSite\",\"@id\":\"https:\/\/www.erresse-shop.it\/fr\/#website\",\"url\":\"https:\/\/www.erresse-shop.it\/fr\/\",\"name\":\"Erresse Shop\",\"description\":\"Articoli di qualit\u00e0 per la casa\",\"potentialAction\":[{\"@type\":\"SearchAction\",\"target\":{\"@type\":\"EntryPoint\",\"urlTemplate\":\"https:\/\/www.erresse-shop.it\/fr\/?s={search_term_string}\"},\"query-input\":\"required name=search_term_string\"}],\"inLanguage\":\"fr-FR\"}]}<\/script>\n<!-- \/ Yoast SEO Premium plugin. -->","yoast_head_json":{"title":"ILLY Machine \u00e0 Caf\u00e9 \u00e0 Dosettes E.S.E. Blanc","description":"D\u00e9couvrez ILLY Machine \u00e0 Caf\u00e9 \u00e0 Dosettes E.S.E. Blanc sur ErresseShop. Qualit\u00e9, prix r\u00e9duits et achat s\u00e9curis\u00e9 \u2013 commandez d\u00e8s maintenant en ligne !","robots":{"index":"index","follow":"follow","max-snippet":"max-snippet:-1","max-image-preview":"max-image-preview:large","max-video-preview":"max-video-preview:-1"},"canonical":"https:\/\/www.erresse-shop.it\/fr\/shop\/petits-electromenagers\/machines-cafe\/a-dosettes-et-a-capsules\/illy-machine-a-cafe-a-dosettes-e-s-e-blanc\/","og_locale":"fr_FR","og_type":"article","og_title":"ILLY Machine \u00e0 Caf\u00e9 \u00e0 Dosettes E.S.E. Blanc","og_description":"D\u00e9couvrez ILLY Machine \u00e0 Caf\u00e9 \u00e0 Dosettes E.S.E. Blanc sur ErresseShop. Qualit\u00e9, prix r\u00e9duits et achat s\u00e9curis\u00e9 \u2013 commandez d\u00e8s maintenant en ligne !","og_url":"https:\/\/www.erresse-shop.it\/fr\/shop\/petits-electromenagers\/machines-cafe\/a-dosettes-et-a-capsules\/illy-machine-a-cafe-a-dosettes-e-s-e-blanc\/","og_site_name":"Erresse Shop","article_modified_time":"2025-01-14T08:37:23+00:00","og_image":[{"width":800,"height":800,"url":"https:\/\/www.erresse-shop.it\/wp-content\/uploads\/2023\/06\/ILLY-Macchina-da-Caffe\u0300-a-Cialde-E.S.E.-Bianco.jpg","type":"image\/jpeg"}],"twitter_card":"summary_large_image","schema":{"@context":"https:\/\/schema.org","@graph":[{"@type":"WebPage","@id":"https:\/\/www.erresse-shop.it\/fr\/shop\/petits-electromenagers\/machines-cafe\/a-dosettes-et-a-capsules\/illy-machine-a-cafe-a-dosettes-e-s-e-blanc\/","url":"https:\/\/www.erresse-shop.it\/fr\/shop\/petits-electromenagers\/machines-cafe\/a-dosettes-et-a-capsules\/illy-machine-a-cafe-a-dosettes-e-s-e-blanc\/","name":"ILLY Machine \u00e0 Caf\u00e9 \u00e0 Dosettes E.S.E. Blanc","isPartOf":{"@id":"https:\/\/www.erresse-shop.it\/fr\/#website"},"datePublished":"2023-06-27T14:46:33+00:00","dateModified":"2025-01-14T08:37:23+00:00","description":"D\u00e9couvrez ILLY Machine \u00e0 Caf\u00e9 \u00e0 Dosettes E.S.E. Blanc sur ErresseShop. Qualit\u00e9, prix r\u00e9duits et achat s\u00e9curis\u00e9 \u2013 commandez d\u00e8s maintenant en ligne !","breadcrumb":{"@id":"https:\/\/www.erresse-shop.it\/fr\/shop\/petits-electromenagers\/machines-cafe\/a-dosettes-et-a-capsules\/illy-machine-a-cafe-a-dosettes-e-s-e-blanc\/#breadcrumb"},"inLanguage":"fr-FR","potentialAction":[{"@type":"ReadAction","target":["https:\/\/www.erresse-shop.it\/fr\/shop\/petits-electromenagers\/machines-cafe\/a-dosettes-et-a-capsules\/illy-machine-a-cafe-a-dosettes-e-s-e-blanc\/"]}]},{"@type":"BreadcrumbList","@id":"https:\/\/www.erresse-shop.it\/fr\/shop\/petits-electromenagers\/machines-cafe\/a-dosettes-et-a-capsules\/illy-machine-a-cafe-a-dosettes-e-s-e-blanc\/#breadcrumb","itemListElement":[{"@type":"ListItem","position":1,"name":"Home","item":"https:\/\/www.erresse-shop.it\/fr\/"},{"@type":"ListItem","position":2,"name":"Shop","item":"https:\/\/www.erresse-shop.it\/fr\/shop\/"},{"@type":"ListItem","position":3,"name":"ILLY Machine \u00e0 Caf\u00e9 \u00e0 Dosettes E.S.E. Blanc"}]},{"@type":"WebSite","@id":"https:\/\/www.erresse-shop.it\/fr\/#website","url":"https:\/\/www.erresse-shop.it\/fr\/","name":"Erresse Shop","description":"Articoli di qualit\u00e0 per la casa","potentialAction":[{"@type":"SearchAction","target":{"@type":"EntryPoint","urlTemplate":"https:\/\/www.erresse-shop.it\/fr\/?s={search_term_string}"},"query-input":"required name=search_term_string"}],"inLanguage":"fr-FR"}]}},"df_price":129,"df_sale_price":129,"df_regular_price":129,"df_image_link":"https:\/\/www.erresse-shop.it\/wp-content\/uploads\/2023\/06\/ILLY-Macchina-da-Caffe-a-Cialde-E.S.E.-Bianco-300x300.jpg","_links":{"self":[{"href":"https:\/\/www.erresse-shop.it\/fr\/wp-json\/wp\/v2\/product\/284952"}],"collection":[{"href":"https:\/\/www.erresse-shop.it\/fr\/wp-json\/wp\/v2\/product"}],"about":[{"href":"https:\/\/www.erresse-shop.it\/fr\/wp-json\/wp\/v2\/types\/product"}],"wp:featuredmedia":[{"embeddable":true,"href":"https:\/\/www.erresse-shop.it\/fr\/wp-json\/wp\/v2\/media\/512463"}],"wp:attachment":[{"href":"https:\/\/www.erresse-shop.it\/fr\/wp-json\/wp\/v2\/media?parent=284952"}],"wp:term":[{"taxonomy":"product_cat","embeddable":true,"href":"https:\/\/www.erresse-shop.it\/fr\/wp-json\/wp\/v2\/product_cat?post=284952"},{"taxonomy":"product_tag","embeddable":true,"href":"https:\/\/www.erresse-shop.it\/fr\/wp-json\/wp\/v2\/product_tag?post=284952"}],"curies":[{"name":"wp","href":"https:\/\/api.w.org\/{rel}","templated":true}]}}