{"id":284823,"date":"2023-06-27T12:11:38","date_gmt":"2023-06-27T12:11:48","guid":{"rendered":"https:\/\/www.erresse-shop.it\/?post_type=product&#038;p=284823"},"modified":"2025-01-14T08:37:09","modified_gmt":"2025-01-14T08:37:09","slug":"ooni-pelle-a-pizza-perforee-35-cm","status":"publish","type":"product","link":"https:\/\/www.erresse-shop.it\/fr\/shop\/petits-electromenagers\/fours\/ooni-pelle-a-pizza-perforee-35-cm\/","title":{"rendered":"OONI Pelle \u00e0 pizza perfor\u00e9e 35 cm"},"content":{"rendered":"<p>Il utilise le bord effil\u00e9 de la <strong>pelle \u00e0 pizza<\/strong> pour se glisser directement sous les fonds de <strong>pizza<\/strong> ; les <strong>trous<\/strong>, quant \u00e0 eux, garantissent une pizza parfaitement cuite \u00e0 chaque fois, car la vapeur peut s&#8217;\u00e9vaporer rapidement et l&#8217;exc\u00e8s de farine tombe du fond de la pizza.<\/p>\n<p>Le rev\u00eatement anodis\u00e9 tr\u00e8s original, r\u00e9sistant aux rayures, offre une meilleure r\u00e9sistance \u00e0 la corrosion et une surface lisse pour garantir une exp\u00e9rience unique lors de la cuisson et de la sortie du four des pizzas.<\/p>\n<p><strong>Mat\u00e9riaux<\/strong> :<\/p>\n<ul>\n<li><strong>Poign\u00e9e<\/strong> &#8211; nylon renforc\u00e9 de fibre de verre.<\/li>\n<li><strong>T\u00eate<\/strong> &#8211; aluminium anodis\u00e9<\/li>\n<\/ul>\n<p>Lavage \u00e0 la main uniquement. Ne va pas au lave-vaisselle. \u00c9vitez les produits de nettoyage abrasifs. Stocker \u00e0 l&#8217;int\u00e9rieur. Ne laissez pas la lame expos\u00e9e \u00e0 des temp\u00e9ratures \u00e9lev\u00e9es pendant de longues p\u00e9riodes.<\/p>\n","protected":false},"excerpt":{"rendered":"<p>Il utilise le bord effil\u00e9 de la pelle \u00e0 pizza pour se glisser directement sous les fonds de pizza ;<\/p>\n","protected":false},"featured_media":284837,"template":"","meta":{"_acf_changed":false,"inline_featured_image":false},"product_cat":[15660,12449],"product_tag":[17107,18050,12858,18051,13783],"acf":[],"yoast_head":"<!-- This site is optimized with the Yoast SEO Premium plugin v18.6 (Yoast SEO v19.13) - https:\/\/yoast.com\/wordpress\/plugins\/seo\/ -->\n<title>OONI Pelle \u00e0 pizza perfor\u00e9e 35 cm<\/title>\n<meta name=\"description\" content=\"D\u00e9couvrez OONI Pelle \u00e0 pizza perfor\u00e9e 35 cm sur ErresseShop. Qualit\u00e9, prix r\u00e9duits et achat s\u00e9curis\u00e9 \u2013 commandez d\u00e8s maintenant en ligne !\" \/>\n<meta name=\"robots\" content=\"index, follow, max-snippet:-1, max-image-preview:large, max-video-preview:-1\" \/>\n<link rel=\"canonical\" href=\"https:\/\/www.erresse-shop.it\/fr\/shop\/petits-electromenagers\/fours\/ooni-pelle-a-pizza-perforee-35-cm\/\" \/>\n<meta property=\"og:locale\" content=\"fr_FR\" \/>\n<meta property=\"og:type\" content=\"article\" \/>\n<meta property=\"og:title\" content=\"OONI Pelle \u00e0 pizza perfor\u00e9e 35 cm\" \/>\n<meta property=\"og:description\" content=\"D\u00e9couvrez OONI Pelle \u00e0 pizza perfor\u00e9e 35 cm sur ErresseShop. Qualit\u00e9, prix r\u00e9duits et achat s\u00e9curis\u00e9 \u2013 commandez d\u00e8s maintenant en ligne !\" \/>\n<meta property=\"og:url\" content=\"https:\/\/www.erresse-shop.it\/fr\/shop\/petits-electromenagers\/fours\/ooni-pelle-a-pizza-perforee-35-cm\/\" \/>\n<meta property=\"og:site_name\" content=\"Erresse Shop\" \/>\n<meta property=\"article:modified_time\" content=\"2025-01-14T08:37:09+00:00\" \/>\n<meta property=\"og:image\" content=\"https:\/\/www.erresse-shop.it\/wp-content\/uploads\/2023\/06\/OONI-Pala-per-pizza-forata-35-cm.jpg\" \/>\n\t<meta property=\"og:image:width\" content=\"800\" \/>\n\t<meta property=\"og:image:height\" content=\"800\" \/>\n\t<meta property=\"og:image:type\" content=\"image\/jpeg\" \/>\n<meta name=\"twitter:card\" content=\"summary_large_image\" \/>\n<script type=\"application\/ld+json\" class=\"yoast-schema-graph\">{\"@context\":\"https:\/\/schema.org\",\"@graph\":[{\"@type\":\"WebPage\",\"@id\":\"https:\/\/www.erresse-shop.it\/fr\/shop\/petits-electromenagers\/fours\/ooni-pelle-a-pizza-perforee-35-cm\/\",\"url\":\"https:\/\/www.erresse-shop.it\/fr\/shop\/petits-electromenagers\/fours\/ooni-pelle-a-pizza-perforee-35-cm\/\",\"name\":\"OONI Pelle \u00e0 pizza perfor\u00e9e 35 cm\",\"isPartOf\":{\"@id\":\"https:\/\/www.erresse-shop.it\/fr\/#website\"},\"datePublished\":\"2023-06-27T12:11:48+00:00\",\"dateModified\":\"2025-01-14T08:37:09+00:00\",\"description\":\"D\u00e9couvrez OONI Pelle \u00e0 pizza perfor\u00e9e 35 cm sur ErresseShop. Qualit\u00e9, prix r\u00e9duits et achat s\u00e9curis\u00e9 \u2013 commandez d\u00e8s maintenant en ligne !\",\"breadcrumb\":{\"@id\":\"https:\/\/www.erresse-shop.it\/fr\/shop\/petits-electromenagers\/fours\/ooni-pelle-a-pizza-perforee-35-cm\/#breadcrumb\"},\"inLanguage\":\"fr-FR\",\"potentialAction\":[{\"@type\":\"ReadAction\",\"target\":[\"https:\/\/www.erresse-shop.it\/fr\/shop\/petits-electromenagers\/fours\/ooni-pelle-a-pizza-perforee-35-cm\/\"]}]},{\"@type\":\"BreadcrumbList\",\"@id\":\"https:\/\/www.erresse-shop.it\/fr\/shop\/petits-electromenagers\/fours\/ooni-pelle-a-pizza-perforee-35-cm\/#breadcrumb\",\"itemListElement\":[{\"@type\":\"ListItem\",\"position\":1,\"name\":\"Home\",\"item\":\"https:\/\/www.erresse-shop.it\/fr\/\"},{\"@type\":\"ListItem\",\"position\":2,\"name\":\"Shop\",\"item\":\"https:\/\/www.erresse-shop.it\/fr\/shop\/\"},{\"@type\":\"ListItem\",\"position\":3,\"name\":\"OONI Pelle \u00e0 pizza perfor\u00e9e 35 cm\"}]},{\"@type\":\"WebSite\",\"@id\":\"https:\/\/www.erresse-shop.it\/fr\/#website\",\"url\":\"https:\/\/www.erresse-shop.it\/fr\/\",\"name\":\"Erresse Shop\",\"description\":\"Articoli di qualit\u00e0 per la casa\",\"potentialAction\":[{\"@type\":\"SearchAction\",\"target\":{\"@type\":\"EntryPoint\",\"urlTemplate\":\"https:\/\/www.erresse-shop.it\/fr\/?s={search_term_string}\"},\"query-input\":\"required name=search_term_string\"}],\"inLanguage\":\"fr-FR\"}]}<\/script>\n<!-- \/ Yoast SEO Premium plugin. -->","yoast_head_json":{"title":"OONI Pelle \u00e0 pizza perfor\u00e9e 35 cm","description":"D\u00e9couvrez OONI Pelle \u00e0 pizza perfor\u00e9e 35 cm sur ErresseShop. Qualit\u00e9, prix r\u00e9duits et achat s\u00e9curis\u00e9 \u2013 commandez d\u00e8s maintenant en ligne !","robots":{"index":"index","follow":"follow","max-snippet":"max-snippet:-1","max-image-preview":"max-image-preview:large","max-video-preview":"max-video-preview:-1"},"canonical":"https:\/\/www.erresse-shop.it\/fr\/shop\/petits-electromenagers\/fours\/ooni-pelle-a-pizza-perforee-35-cm\/","og_locale":"fr_FR","og_type":"article","og_title":"OONI Pelle \u00e0 pizza perfor\u00e9e 35 cm","og_description":"D\u00e9couvrez OONI Pelle \u00e0 pizza perfor\u00e9e 35 cm sur ErresseShop. Qualit\u00e9, prix r\u00e9duits et achat s\u00e9curis\u00e9 \u2013 commandez d\u00e8s maintenant en ligne !","og_url":"https:\/\/www.erresse-shop.it\/fr\/shop\/petits-electromenagers\/fours\/ooni-pelle-a-pizza-perforee-35-cm\/","og_site_name":"Erresse Shop","article_modified_time":"2025-01-14T08:37:09+00:00","og_image":[{"width":800,"height":800,"url":"https:\/\/www.erresse-shop.it\/wp-content\/uploads\/2023\/06\/OONI-Pala-per-pizza-forata-35-cm.jpg","type":"image\/jpeg"}],"twitter_card":"summary_large_image","schema":{"@context":"https:\/\/schema.org","@graph":[{"@type":"WebPage","@id":"https:\/\/www.erresse-shop.it\/fr\/shop\/petits-electromenagers\/fours\/ooni-pelle-a-pizza-perforee-35-cm\/","url":"https:\/\/www.erresse-shop.it\/fr\/shop\/petits-electromenagers\/fours\/ooni-pelle-a-pizza-perforee-35-cm\/","name":"OONI Pelle \u00e0 pizza perfor\u00e9e 35 cm","isPartOf":{"@id":"https:\/\/www.erresse-shop.it\/fr\/#website"},"datePublished":"2023-06-27T12:11:48+00:00","dateModified":"2025-01-14T08:37:09+00:00","description":"D\u00e9couvrez OONI Pelle \u00e0 pizza perfor\u00e9e 35 cm sur ErresseShop. Qualit\u00e9, prix r\u00e9duits et achat s\u00e9curis\u00e9 \u2013 commandez d\u00e8s maintenant en ligne !","breadcrumb":{"@id":"https:\/\/www.erresse-shop.it\/fr\/shop\/petits-electromenagers\/fours\/ooni-pelle-a-pizza-perforee-35-cm\/#breadcrumb"},"inLanguage":"fr-FR","potentialAction":[{"@type":"ReadAction","target":["https:\/\/www.erresse-shop.it\/fr\/shop\/petits-electromenagers\/fours\/ooni-pelle-a-pizza-perforee-35-cm\/"]}]},{"@type":"BreadcrumbList","@id":"https:\/\/www.erresse-shop.it\/fr\/shop\/petits-electromenagers\/fours\/ooni-pelle-a-pizza-perforee-35-cm\/#breadcrumb","itemListElement":[{"@type":"ListItem","position":1,"name":"Home","item":"https:\/\/www.erresse-shop.it\/fr\/"},{"@type":"ListItem","position":2,"name":"Shop","item":"https:\/\/www.erresse-shop.it\/fr\/shop\/"},{"@type":"ListItem","position":3,"name":"OONI Pelle \u00e0 pizza perfor\u00e9e 35 cm"}]},{"@type":"WebSite","@id":"https:\/\/www.erresse-shop.it\/fr\/#website","url":"https:\/\/www.erresse-shop.it\/fr\/","name":"Erresse Shop","description":"Articoli di qualit\u00e0 per la casa","potentialAction":[{"@type":"SearchAction","target":{"@type":"EntryPoint","urlTemplate":"https:\/\/www.erresse-shop.it\/fr\/?s={search_term_string}"},"query-input":"required name=search_term_string"}],"inLanguage":"fr-FR"}]}},"df_price":52.49249999999999,"df_sale_price":52.49249999999999,"df_regular_price":69.99,"df_image_link":"https:\/\/www.erresse-shop.it\/wp-content\/uploads\/2023\/06\/OONI-Pala-per-pizza-forata-35-cm-300x300.jpg","_links":{"self":[{"href":"https:\/\/www.erresse-shop.it\/fr\/wp-json\/wp\/v2\/product\/284823"}],"collection":[{"href":"https:\/\/www.erresse-shop.it\/fr\/wp-json\/wp\/v2\/product"}],"about":[{"href":"https:\/\/www.erresse-shop.it\/fr\/wp-json\/wp\/v2\/types\/product"}],"wp:featuredmedia":[{"embeddable":true,"href":"https:\/\/www.erresse-shop.it\/fr\/wp-json\/wp\/v2\/media\/284837"}],"wp:attachment":[{"href":"https:\/\/www.erresse-shop.it\/fr\/wp-json\/wp\/v2\/media?parent=284823"}],"wp:term":[{"taxonomy":"product_cat","embeddable":true,"href":"https:\/\/www.erresse-shop.it\/fr\/wp-json\/wp\/v2\/product_cat?post=284823"},{"taxonomy":"product_tag","embeddable":true,"href":"https:\/\/www.erresse-shop.it\/fr\/wp-json\/wp\/v2\/product_tag?post=284823"}],"curies":[{"name":"wp","href":"https:\/\/api.w.org\/{rel}","templated":true}]}}