{"id":283594,"date":"2023-06-22T08:09:03","date_gmt":"2023-06-22T08:09:08","guid":{"rendered":"https:\/\/www.erresse-shop.it\/?post_type=product&#038;p=283594"},"modified":"2025-01-14T08:36:58","modified_gmt":"2025-01-14T08:36:58","slug":"ooni-volt-12-four-a-pizza-electrique-portable","status":"publish","type":"product","link":"https:\/\/www.erresse-shop.it\/fr\/shop\/petits-electromenagers\/fours\/ooni-volt-12-four-a-pizza-electrique-portable\/","title":{"rendered":"OONI Volt 12 Four \u00e0 Pizza \u00e9lectrique Portable"},"content":{"rendered":"<p><strong>Qu&#8217;est-ce qui la rend extraordinaire ?<\/strong><br \/>\nAvec Ooni Volt, un nouveau courant est n\u00e9 dans le monde de la pizza.<br \/>\nEnti\u00e8rement \u00e9lectrique, il permet de cuire des pizzas aussi bien \u00e0 la maison (ou o\u00f9 vous voulez) que dans une pizzeria, \u00e0 l&#8217;int\u00e9rieur ou \u00e0 l&#8217;ext\u00e9rieur.<br \/>\nIl cuit les pizzas \u00e0 la napolitaine en 90 secondes seulement.<br \/>\nLes r\u00e9glages automatiques et manuels de la chaleur en font l&#8217;appareil id\u00e9al pour les d\u00e9butants et les pizza\u00efolos exp\u00e9riment\u00e9s, qui peuvent ainsi pr\u00e9parer une grande vari\u00e9t\u00e9 de styles de pizzas.<br \/>\nLa fonction Boost innovante permet \u00e0 la pierre r\u00e9fractaire de revenir rapidement \u00e0 la temp\u00e9rature entre deux cuissons, de sorte que la derni\u00e8re pizza cuite est tout aussi d\u00e9licieuse que la premi\u00e8re.<br \/>\nLa lumi\u00e8re \u00e0 l&#8217;int\u00e9rieur du four vous permet de surveiller facilement la cuisson de vos cr\u00e9ations.<br \/>\nLa coque en acier du four Ooni Volt est recouverte d&#8217;un rev\u00eatement en poudre pour r\u00e9sister aux intemp\u00e9ries et est isol\u00e9e pour une r\u00e9tention maximale de la chaleur, de sorte que vous pouvez l&#8217;utiliser \u00e0 l&#8217;ext\u00e9rieur.<br \/>\nLe four Ooni Volt est l\u00e9ger, dispose de poign\u00e9es int\u00e9gr\u00e9es et est facile \u00e0 transporter et \u00e0 ranger.<\/p>\n<p><strong>Pourquoi choisir un four \u00e9lectrique ?<\/strong><\/p>\n<p><strong>Une id\u00e9e qui fait mouche<\/strong><br \/>\nLe four Ooni Volt est pr\u00eat \u00e0 l&#8217;emploi d\u00e8s sa sortie de la bo\u00eete et se branche sur une prise \u00e9lectrique. Il suffit de le brancher sur une prise \u00e9lectrique.<br \/>\n<strong>A l&#8217;int\u00e9rieur ou \u00e0 l&#8217;ext\u00e9rieur.<\/strong><br \/>\nC&#8217;est vous qui choisissez o\u00f9 l&#8217;utiliser. Contrairement aux fours \u00e0 bois ou \u00e0 gaz, vous pouvez choisir d&#8217;utiliser votre Ooni Volt dans la cuisine et vous n&#8217;aurez pas non plus de r\u00e9sidus de cendres \u00e0 nettoyer.<br \/>\n<strong>Tout sous contr\u00f4le<\/strong><br \/>\nR\u00e9gler la temp\u00e9rature avec pr\u00e9cision, \u00e9quilibrer la chaleur entre le haut et le bas du four et contr\u00f4ler le temps est aussi simple que de tourner un bouton. Ou trois boutons.<br \/>\n<strong>Z\u00e9ro \u00e9mission<\/strong><br \/>\nDes pizzas aussi bonnes que celles d&#8217;une pizzeria, mais sans flammes ni combustibles br\u00fblants.<\/p>\n<ul>\n<li>Four \u00e0 pizza enti\u00e8rement \u00e9lectrique et polyvalent pour une utilisation \u00e0 l&#8217;int\u00e9rieur ou \u00e0 l&#8217;ext\u00e9rieur<\/li>\n<li>Triple porte en verre borosilicate pour une r\u00e9tention maximale de la chaleur<\/li>\n<li>Boutons r\u00e9glables pour contr\u00f4ler les \u00e9l\u00e9ments chauffants sup\u00e9rieurs et inf\u00e9rieurs<\/li>\n<li>Minuterie int\u00e9gr\u00e9e, contr\u00f4le de la temp\u00e9rature et mode Boost<\/li>\n<li>S&#8217;installe confortablement sur un comptoir de cuisine de taille standard<\/li>\n<li>Grande surface de cuisson de 33 cm<\/li>\n<li>Imm\u00e9diatement pr\u00eat \u00e0 l&#8217;emploi<\/li>\n<li>Atteint 450 \u00b0C en 20 minutes seulement et cuit les pizzas napolitaines sur la pierre en 90 secondes seulement<\/li>\n<li>L\u00e9ger et dot\u00e9 de poign\u00e9es int\u00e9gr\u00e9es, facile \u00e0 transporter<\/li>\n<li>Puissance : 1600 Watt | Tension : 220-240 Volt<\/li>\n<\/ul>\n<p><strong>Contenu du paquet<\/strong><\/p>\n<ul>\n<li>1 Four Ooni Volt 12<\/li>\n<li>1 Pierre r\u00e9fractaire en cordi\u00e9rite de 33 cm<\/li>\n<li>1 Guide pratique<\/li>\n<li>1 manuel d&#8217;instructions<\/li>\n<\/ul>\n<p>Epaisseur de la pierre r\u00e9fractaire en cordi\u00e9rite : 10 mm (0.4&#8243;)<br \/>\nCorps du four en acier inoxydable et acier au carbone rev\u00eatu par poudrage.<\/p>\n","protected":false},"excerpt":{"rendered":"<p>Qu&#8217;est-ce qui la rend extraordinaire ? Avec Ooni Volt, un nouveau courant est n\u00e9 dans le monde de la pizza.<\/p>\n","protected":false},"featured_media":283633,"template":"","meta":{"_acf_changed":false,"inline_featured_image":false},"product_cat":[15660,12449],"product_tag":[19111,22111,17107,23094,23095,12858,14638,13783,24603],"acf":[],"yoast_head":"<!-- This site is optimized with the Yoast SEO Premium plugin v18.6 (Yoast SEO v19.13) - https:\/\/yoast.com\/wordpress\/plugins\/seo\/ -->\n<title>OONI Volt 12 Four \u00e0 Pizza \u00e9lectrique Portable<\/title>\n<meta name=\"description\" content=\"D\u00e9couvrez OONI Volt 12 Four \u00e0 Pizza \u00e9lectrique Portable sur ErresseShop. Qualit\u00e9, prix r\u00e9duits et achat s\u00e9curis\u00e9 \u2013 commandez d\u00e8s maintenant en ligne !\" \/>\n<meta name=\"robots\" content=\"index, follow, max-snippet:-1, max-image-preview:large, max-video-preview:-1\" \/>\n<link rel=\"canonical\" href=\"https:\/\/www.erresse-shop.it\/fr\/shop\/petits-electromenagers\/fours\/ooni-volt-12-four-a-pizza-electrique-portable\/\" \/>\n<meta property=\"og:locale\" content=\"fr_FR\" \/>\n<meta property=\"og:type\" content=\"article\" \/>\n<meta property=\"og:title\" content=\"OONI Volt 12 Four \u00e0 Pizza \u00e9lectrique Portable\" \/>\n<meta property=\"og:description\" content=\"D\u00e9couvrez OONI Volt 12 Four \u00e0 Pizza \u00e9lectrique Portable sur ErresseShop. Qualit\u00e9, prix r\u00e9duits et achat s\u00e9curis\u00e9 \u2013 commandez d\u00e8s maintenant en ligne !\" \/>\n<meta property=\"og:url\" content=\"https:\/\/www.erresse-shop.it\/fr\/shop\/petits-electromenagers\/fours\/ooni-volt-12-four-a-pizza-electrique-portable\/\" \/>\n<meta property=\"og:site_name\" content=\"Erresse Shop\" \/>\n<meta property=\"article:modified_time\" content=\"2025-01-14T08:36:58+00:00\" \/>\n<meta property=\"og:image\" content=\"https:\/\/www.erresse-shop.it\/wp-content\/uploads\/2023\/06\/OONI-Volt-12-Forno-Portatile-Elettrico.jpg\" \/>\n\t<meta property=\"og:image:width\" content=\"800\" \/>\n\t<meta property=\"og:image:height\" content=\"800\" \/>\n\t<meta property=\"og:image:type\" content=\"image\/jpeg\" \/>\n<meta name=\"twitter:card\" content=\"summary_large_image\" \/>\n<script type=\"application\/ld+json\" class=\"yoast-schema-graph\">{\"@context\":\"https:\/\/schema.org\",\"@graph\":[{\"@type\":\"WebPage\",\"@id\":\"https:\/\/www.erresse-shop.it\/fr\/shop\/petits-electromenagers\/fours\/ooni-volt-12-four-a-pizza-electrique-portable\/\",\"url\":\"https:\/\/www.erresse-shop.it\/fr\/shop\/petits-electromenagers\/fours\/ooni-volt-12-four-a-pizza-electrique-portable\/\",\"name\":\"OONI Volt 12 Four \u00e0 Pizza \u00e9lectrique Portable\",\"isPartOf\":{\"@id\":\"https:\/\/www.erresse-shop.it\/fr\/#website\"},\"datePublished\":\"2023-06-22T08:09:08+00:00\",\"dateModified\":\"2025-01-14T08:36:58+00:00\",\"description\":\"D\u00e9couvrez OONI Volt 12 Four \u00e0 Pizza \u00e9lectrique Portable sur ErresseShop. Qualit\u00e9, prix r\u00e9duits et achat s\u00e9curis\u00e9 \u2013 commandez d\u00e8s maintenant en ligne !\",\"breadcrumb\":{\"@id\":\"https:\/\/www.erresse-shop.it\/fr\/shop\/petits-electromenagers\/fours\/ooni-volt-12-four-a-pizza-electrique-portable\/#breadcrumb\"},\"inLanguage\":\"fr-FR\",\"potentialAction\":[{\"@type\":\"ReadAction\",\"target\":[\"https:\/\/www.erresse-shop.it\/fr\/shop\/petits-electromenagers\/fours\/ooni-volt-12-four-a-pizza-electrique-portable\/\"]}]},{\"@type\":\"BreadcrumbList\",\"@id\":\"https:\/\/www.erresse-shop.it\/fr\/shop\/petits-electromenagers\/fours\/ooni-volt-12-four-a-pizza-electrique-portable\/#breadcrumb\",\"itemListElement\":[{\"@type\":\"ListItem\",\"position\":1,\"name\":\"Home\",\"item\":\"https:\/\/www.erresse-shop.it\/fr\/\"},{\"@type\":\"ListItem\",\"position\":2,\"name\":\"Shop\",\"item\":\"https:\/\/www.erresse-shop.it\/fr\/shop\/\"},{\"@type\":\"ListItem\",\"position\":3,\"name\":\"OONI Volt 12 Four \u00e0 Pizza \u00e9lectrique Portable\"}]},{\"@type\":\"WebSite\",\"@id\":\"https:\/\/www.erresse-shop.it\/fr\/#website\",\"url\":\"https:\/\/www.erresse-shop.it\/fr\/\",\"name\":\"Erresse Shop\",\"description\":\"Articoli di qualit\u00e0 per la casa\",\"potentialAction\":[{\"@type\":\"SearchAction\",\"target\":{\"@type\":\"EntryPoint\",\"urlTemplate\":\"https:\/\/www.erresse-shop.it\/fr\/?s={search_term_string}\"},\"query-input\":\"required name=search_term_string\"}],\"inLanguage\":\"fr-FR\"}]}<\/script>\n<!-- \/ Yoast SEO Premium plugin. -->","yoast_head_json":{"title":"OONI Volt 12 Four \u00e0 Pizza \u00e9lectrique Portable","description":"D\u00e9couvrez OONI Volt 12 Four \u00e0 Pizza \u00e9lectrique Portable sur ErresseShop. Qualit\u00e9, prix r\u00e9duits et achat s\u00e9curis\u00e9 \u2013 commandez d\u00e8s maintenant en ligne !","robots":{"index":"index","follow":"follow","max-snippet":"max-snippet:-1","max-image-preview":"max-image-preview:large","max-video-preview":"max-video-preview:-1"},"canonical":"https:\/\/www.erresse-shop.it\/fr\/shop\/petits-electromenagers\/fours\/ooni-volt-12-four-a-pizza-electrique-portable\/","og_locale":"fr_FR","og_type":"article","og_title":"OONI Volt 12 Four \u00e0 Pizza \u00e9lectrique Portable","og_description":"D\u00e9couvrez OONI Volt 12 Four \u00e0 Pizza \u00e9lectrique Portable sur ErresseShop. Qualit\u00e9, prix r\u00e9duits et achat s\u00e9curis\u00e9 \u2013 commandez d\u00e8s maintenant en ligne !","og_url":"https:\/\/www.erresse-shop.it\/fr\/shop\/petits-electromenagers\/fours\/ooni-volt-12-four-a-pizza-electrique-portable\/","og_site_name":"Erresse Shop","article_modified_time":"2025-01-14T08:36:58+00:00","og_image":[{"width":800,"height":800,"url":"https:\/\/www.erresse-shop.it\/wp-content\/uploads\/2023\/06\/OONI-Volt-12-Forno-Portatile-Elettrico.jpg","type":"image\/jpeg"}],"twitter_card":"summary_large_image","schema":{"@context":"https:\/\/schema.org","@graph":[{"@type":"WebPage","@id":"https:\/\/www.erresse-shop.it\/fr\/shop\/petits-electromenagers\/fours\/ooni-volt-12-four-a-pizza-electrique-portable\/","url":"https:\/\/www.erresse-shop.it\/fr\/shop\/petits-electromenagers\/fours\/ooni-volt-12-four-a-pizza-electrique-portable\/","name":"OONI Volt 12 Four \u00e0 Pizza \u00e9lectrique Portable","isPartOf":{"@id":"https:\/\/www.erresse-shop.it\/fr\/#website"},"datePublished":"2023-06-22T08:09:08+00:00","dateModified":"2025-01-14T08:36:58+00:00","description":"D\u00e9couvrez OONI Volt 12 Four \u00e0 Pizza \u00e9lectrique Portable sur ErresseShop. Qualit\u00e9, prix r\u00e9duits et achat s\u00e9curis\u00e9 \u2013 commandez d\u00e8s maintenant en ligne !","breadcrumb":{"@id":"https:\/\/www.erresse-shop.it\/fr\/shop\/petits-electromenagers\/fours\/ooni-volt-12-four-a-pizza-electrique-portable\/#breadcrumb"},"inLanguage":"fr-FR","potentialAction":[{"@type":"ReadAction","target":["https:\/\/www.erresse-shop.it\/fr\/shop\/petits-electromenagers\/fours\/ooni-volt-12-four-a-pizza-electrique-portable\/"]}]},{"@type":"BreadcrumbList","@id":"https:\/\/www.erresse-shop.it\/fr\/shop\/petits-electromenagers\/fours\/ooni-volt-12-four-a-pizza-electrique-portable\/#breadcrumb","itemListElement":[{"@type":"ListItem","position":1,"name":"Home","item":"https:\/\/www.erresse-shop.it\/fr\/"},{"@type":"ListItem","position":2,"name":"Shop","item":"https:\/\/www.erresse-shop.it\/fr\/shop\/"},{"@type":"ListItem","position":3,"name":"OONI Volt 12 Four \u00e0 Pizza \u00e9lectrique Portable"}]},{"@type":"WebSite","@id":"https:\/\/www.erresse-shop.it\/fr\/#website","url":"https:\/\/www.erresse-shop.it\/fr\/","name":"Erresse Shop","description":"Articoli di qualit\u00e0 per la casa","potentialAction":[{"@type":"SearchAction","target":{"@type":"EntryPoint","urlTemplate":"https:\/\/www.erresse-shop.it\/fr\/?s={search_term_string}"},"query-input":"required name=search_term_string"}],"inLanguage":"fr-FR"}]}},"df_price":879,"df_sale_price":879,"df_regular_price":899,"df_image_link":"https:\/\/www.erresse-shop.it\/wp-content\/uploads\/2023\/06\/OONI-Volt-12-Forno-Portatile-Elettrico-300x300.jpg","_links":{"self":[{"href":"https:\/\/www.erresse-shop.it\/fr\/wp-json\/wp\/v2\/product\/283594"}],"collection":[{"href":"https:\/\/www.erresse-shop.it\/fr\/wp-json\/wp\/v2\/product"}],"about":[{"href":"https:\/\/www.erresse-shop.it\/fr\/wp-json\/wp\/v2\/types\/product"}],"wp:featuredmedia":[{"embeddable":true,"href":"https:\/\/www.erresse-shop.it\/fr\/wp-json\/wp\/v2\/media\/283633"}],"wp:attachment":[{"href":"https:\/\/www.erresse-shop.it\/fr\/wp-json\/wp\/v2\/media?parent=283594"}],"wp:term":[{"taxonomy":"product_cat","embeddable":true,"href":"https:\/\/www.erresse-shop.it\/fr\/wp-json\/wp\/v2\/product_cat?post=283594"},{"taxonomy":"product_tag","embeddable":true,"href":"https:\/\/www.erresse-shop.it\/fr\/wp-json\/wp\/v2\/product_tag?post=283594"}],"curies":[{"name":"wp","href":"https:\/\/api.w.org\/{rel}","templated":true}]}}