{"id":283559,"date":"2023-06-22T07:25:50","date_gmt":"2023-06-22T07:25:55","guid":{"rendered":"https:\/\/www.erresse-shop.it\/?post_type=product&#038;p=283559"},"modified":"2025-05-13T10:08:26","modified_gmt":"2025-05-13T10:08:26","slug":"instant-pot-multicuiseur-duo-57-l","status":"publish","type":"product","link":"https:\/\/www.erresse-shop.it\/fr\/shop\/petits-electromenagers\/robots-de-cuisine\/instant-pot-multicuiseur-duo-57-l\/","title":{"rendered":"INSTANT POT Multicuiseur Duo 5,7 L Acier"},"content":{"rendered":"<p>Le multicuiseur Instant Pot Duo\u2122 est le mod\u00e8le le plus populaire en Italie et en Europe.<\/p>\n<p>Non seulement il remplace 7 appareils, mais il acc\u00e9l\u00e8re la cuisson de 2 \u00e0 6 fois et \u00e9conomise jusqu&#8217;\u00e0 70 % de l&#8217;\u00e9nergie utilis\u00e9e dans les m\u00e9thodes de cuisson traditionnelles.<br \/>\nLa gamme Duo\u2122 offre un large \u00e9ventail de programmes intelligents et de fonctionnalit\u00e9s qui r\u00e9volutionnent votre fa\u00e7on de cuisiner.<\/p>\n<p><strong>Le Duo, c&#8217;est 7 appareils en 1 :<\/strong><br \/>\nautocuiseur, sauteuse, cuiseur \u00e0 vapeur, mijoteuse, cuiseur \u00e0 riz, chauffe-plats et yaourti\u00e8re.<\/p>\n<p><strong>12 programmes standard Smart one-touch :<\/strong><\/p>\n<ul>\n<li>soupe\/bouillon<\/li>\n<li>viande\/rago\u00fbt de viande<\/li>\n<li>impulsions<\/li>\n<li>riz<\/li>\n<li>porridge<\/li>\n<li>\u00e0 la vapeur<\/li>\n<li>lente cuisson<\/li>\n<li>friture\/grill<\/li>\n<li>garder la chaleur<\/li>\n<li>yaourt<\/li>\n<li>cuisson sous pression<\/li>\n<li>cuisine classique<\/li>\n<\/ul>\n<p><strong>CARACT\u00c9RISTIQUES TECHNIQUES<\/strong><\/p>\n<ul>\n<li>Capacit\u00e9 5,7 litres<\/li>\n<li>Puissance 1000W<\/li>\n<li>Alimentation \u00e9lectrique 220V-240V<\/li>\n<li>Mat\u00e9riau Couvercle et pot int\u00e9rieur en acier inoxydable, pot ext\u00e9rieur en acier inoxydable bross\u00e9<\/li>\n<li>Garantie de 2 ans<\/li>\n<\/ul>\n","protected":false},"excerpt":{"rendered":"<p><br data-mce-bogus=\"1\"><\/p>\n","protected":false},"featured_media":283574,"template":"","meta":{"_acf_changed":false,"inline_featured_image":false},"product_cat":[12449,12768],"product_tag":[17931,15610,17939,13178,12468,13004],"acf":[],"yoast_head":"<!-- This site is optimized with the Yoast SEO Premium plugin v18.6 (Yoast SEO v19.13) - https:\/\/yoast.com\/wordpress\/plugins\/seo\/ -->\n<title>INSTANT POT Multicuiseur Duo 5,7 L Acier<\/title>\n<meta name=\"description\" content=\"D\u00e9couvrez INSTANT POT Multicuiseur Duo 5,7 L Acier sur ErresseShop. Qualit\u00e9, prix r\u00e9duits et achat s\u00e9curis\u00e9 \u2013 commandez d\u00e8s maintenant en ligne !\" \/>\n<meta name=\"robots\" content=\"index, follow, max-snippet:-1, max-image-preview:large, max-video-preview:-1\" \/>\n<link rel=\"canonical\" href=\"https:\/\/www.erresse-shop.it\/fr\/shop\/petits-electromenagers\/robots-de-cuisine\/instant-pot-multicuiseur-duo-57-l\/\" \/>\n<meta property=\"og:locale\" content=\"fr_FR\" \/>\n<meta property=\"og:type\" content=\"article\" \/>\n<meta property=\"og:title\" content=\"INSTANT POT Multicuiseur Duo 5,7 L Acier\" \/>\n<meta property=\"og:description\" content=\"D\u00e9couvrez INSTANT POT Multicuiseur Duo 5,7 L Acier sur ErresseShop. Qualit\u00e9, prix r\u00e9duits et achat s\u00e9curis\u00e9 \u2013 commandez d\u00e8s maintenant en ligne !\" \/>\n<meta property=\"og:url\" content=\"https:\/\/www.erresse-shop.it\/fr\/shop\/petits-electromenagers\/robots-de-cuisine\/instant-pot-multicuiseur-duo-57-l\/\" \/>\n<meta property=\"og:site_name\" content=\"Erresse Shop\" \/>\n<meta property=\"article:modified_time\" content=\"2025-05-13T10:08:26+00:00\" \/>\n<meta property=\"og:image\" content=\"https:\/\/www.erresse-shop.it\/wp-content\/uploads\/2023\/06\/INSTANT-POT-Multicooker-Duo-57-L.jpg\" \/>\n\t<meta property=\"og:image:width\" content=\"800\" \/>\n\t<meta property=\"og:image:height\" content=\"800\" \/>\n\t<meta property=\"og:image:type\" content=\"image\/jpeg\" \/>\n<meta name=\"twitter:card\" content=\"summary_large_image\" \/>\n<script type=\"application\/ld+json\" class=\"yoast-schema-graph\">{\"@context\":\"https:\/\/schema.org\",\"@graph\":[{\"@type\":\"WebPage\",\"@id\":\"https:\/\/www.erresse-shop.it\/fr\/shop\/petits-electromenagers\/robots-de-cuisine\/instant-pot-multicuiseur-duo-57-l\/\",\"url\":\"https:\/\/www.erresse-shop.it\/fr\/shop\/petits-electromenagers\/robots-de-cuisine\/instant-pot-multicuiseur-duo-57-l\/\",\"name\":\"INSTANT POT Multicuiseur Duo 5,7 L Acier\",\"isPartOf\":{\"@id\":\"https:\/\/www.erresse-shop.it\/fr\/#website\"},\"datePublished\":\"2023-06-22T07:25:55+00:00\",\"dateModified\":\"2025-05-13T10:08:26+00:00\",\"description\":\"D\u00e9couvrez INSTANT POT Multicuiseur Duo 5,7 L Acier sur ErresseShop. Qualit\u00e9, prix r\u00e9duits et achat s\u00e9curis\u00e9 \u2013 commandez d\u00e8s maintenant en ligne !\",\"breadcrumb\":{\"@id\":\"https:\/\/www.erresse-shop.it\/fr\/shop\/petits-electromenagers\/robots-de-cuisine\/instant-pot-multicuiseur-duo-57-l\/#breadcrumb\"},\"inLanguage\":\"fr-FR\",\"potentialAction\":[{\"@type\":\"ReadAction\",\"target\":[\"https:\/\/www.erresse-shop.it\/fr\/shop\/petits-electromenagers\/robots-de-cuisine\/instant-pot-multicuiseur-duo-57-l\/\"]}]},{\"@type\":\"BreadcrumbList\",\"@id\":\"https:\/\/www.erresse-shop.it\/fr\/shop\/petits-electromenagers\/robots-de-cuisine\/instant-pot-multicuiseur-duo-57-l\/#breadcrumb\",\"itemListElement\":[{\"@type\":\"ListItem\",\"position\":1,\"name\":\"Home\",\"item\":\"https:\/\/www.erresse-shop.it\/fr\/\"},{\"@type\":\"ListItem\",\"position\":2,\"name\":\"Shop\",\"item\":\"https:\/\/www.erresse-shop.it\/fr\/shop\/\"},{\"@type\":\"ListItem\",\"position\":3,\"name\":\"INSTANT POT Multicuiseur Duo 5,7 L Acier\"}]},{\"@type\":\"WebSite\",\"@id\":\"https:\/\/www.erresse-shop.it\/fr\/#website\",\"url\":\"https:\/\/www.erresse-shop.it\/fr\/\",\"name\":\"Erresse Shop\",\"description\":\"Articoli di qualit\u00e0 per la casa\",\"potentialAction\":[{\"@type\":\"SearchAction\",\"target\":{\"@type\":\"EntryPoint\",\"urlTemplate\":\"https:\/\/www.erresse-shop.it\/fr\/?s={search_term_string}\"},\"query-input\":\"required name=search_term_string\"}],\"inLanguage\":\"fr-FR\"}]}<\/script>\n<!-- \/ Yoast SEO Premium plugin. -->","yoast_head_json":{"title":"INSTANT POT Multicuiseur Duo 5,7 L Acier","description":"D\u00e9couvrez INSTANT POT Multicuiseur Duo 5,7 L Acier sur ErresseShop. Qualit\u00e9, prix r\u00e9duits et achat s\u00e9curis\u00e9 \u2013 commandez d\u00e8s maintenant en ligne !","robots":{"index":"index","follow":"follow","max-snippet":"max-snippet:-1","max-image-preview":"max-image-preview:large","max-video-preview":"max-video-preview:-1"},"canonical":"https:\/\/www.erresse-shop.it\/fr\/shop\/petits-electromenagers\/robots-de-cuisine\/instant-pot-multicuiseur-duo-57-l\/","og_locale":"fr_FR","og_type":"article","og_title":"INSTANT POT Multicuiseur Duo 5,7 L Acier","og_description":"D\u00e9couvrez INSTANT POT Multicuiseur Duo 5,7 L Acier sur ErresseShop. Qualit\u00e9, prix r\u00e9duits et achat s\u00e9curis\u00e9 \u2013 commandez d\u00e8s maintenant en ligne !","og_url":"https:\/\/www.erresse-shop.it\/fr\/shop\/petits-electromenagers\/robots-de-cuisine\/instant-pot-multicuiseur-duo-57-l\/","og_site_name":"Erresse Shop","article_modified_time":"2025-05-13T10:08:26+00:00","og_image":[{"width":800,"height":800,"url":"https:\/\/www.erresse-shop.it\/wp-content\/uploads\/2023\/06\/INSTANT-POT-Multicooker-Duo-57-L.jpg","type":"image\/jpeg"}],"twitter_card":"summary_large_image","schema":{"@context":"https:\/\/schema.org","@graph":[{"@type":"WebPage","@id":"https:\/\/www.erresse-shop.it\/fr\/shop\/petits-electromenagers\/robots-de-cuisine\/instant-pot-multicuiseur-duo-57-l\/","url":"https:\/\/www.erresse-shop.it\/fr\/shop\/petits-electromenagers\/robots-de-cuisine\/instant-pot-multicuiseur-duo-57-l\/","name":"INSTANT POT Multicuiseur Duo 5,7 L Acier","isPartOf":{"@id":"https:\/\/www.erresse-shop.it\/fr\/#website"},"datePublished":"2023-06-22T07:25:55+00:00","dateModified":"2025-05-13T10:08:26+00:00","description":"D\u00e9couvrez INSTANT POT Multicuiseur Duo 5,7 L Acier sur ErresseShop. Qualit\u00e9, prix r\u00e9duits et achat s\u00e9curis\u00e9 \u2013 commandez d\u00e8s maintenant en ligne !","breadcrumb":{"@id":"https:\/\/www.erresse-shop.it\/fr\/shop\/petits-electromenagers\/robots-de-cuisine\/instant-pot-multicuiseur-duo-57-l\/#breadcrumb"},"inLanguage":"fr-FR","potentialAction":[{"@type":"ReadAction","target":["https:\/\/www.erresse-shop.it\/fr\/shop\/petits-electromenagers\/robots-de-cuisine\/instant-pot-multicuiseur-duo-57-l\/"]}]},{"@type":"BreadcrumbList","@id":"https:\/\/www.erresse-shop.it\/fr\/shop\/petits-electromenagers\/robots-de-cuisine\/instant-pot-multicuiseur-duo-57-l\/#breadcrumb","itemListElement":[{"@type":"ListItem","position":1,"name":"Home","item":"https:\/\/www.erresse-shop.it\/fr\/"},{"@type":"ListItem","position":2,"name":"Shop","item":"https:\/\/www.erresse-shop.it\/fr\/shop\/"},{"@type":"ListItem","position":3,"name":"INSTANT POT Multicuiseur Duo 5,7 L Acier"}]},{"@type":"WebSite","@id":"https:\/\/www.erresse-shop.it\/fr\/#website","url":"https:\/\/www.erresse-shop.it\/fr\/","name":"Erresse Shop","description":"Articoli di qualit\u00e0 per la casa","potentialAction":[{"@type":"SearchAction","target":{"@type":"EntryPoint","urlTemplate":"https:\/\/www.erresse-shop.it\/fr\/?s={search_term_string}"},"query-input":"required name=search_term_string"}],"inLanguage":"fr-FR"}]}},"df_price":82.49249999999999,"df_sale_price":82.49249999999999,"df_regular_price":109.99,"df_image_link":"https:\/\/www.erresse-shop.it\/wp-content\/uploads\/2023\/06\/INSTANT-POT-Multicooker-Duo-57-L-300x300.jpg","_links":{"self":[{"href":"https:\/\/www.erresse-shop.it\/fr\/wp-json\/wp\/v2\/product\/283559"}],"collection":[{"href":"https:\/\/www.erresse-shop.it\/fr\/wp-json\/wp\/v2\/product"}],"about":[{"href":"https:\/\/www.erresse-shop.it\/fr\/wp-json\/wp\/v2\/types\/product"}],"wp:featuredmedia":[{"embeddable":true,"href":"https:\/\/www.erresse-shop.it\/fr\/wp-json\/wp\/v2\/media\/283574"}],"wp:attachment":[{"href":"https:\/\/www.erresse-shop.it\/fr\/wp-json\/wp\/v2\/media?parent=283559"}],"wp:term":[{"taxonomy":"product_cat","embeddable":true,"href":"https:\/\/www.erresse-shop.it\/fr\/wp-json\/wp\/v2\/product_cat?post=283559"},{"taxonomy":"product_tag","embeddable":true,"href":"https:\/\/www.erresse-shop.it\/fr\/wp-json\/wp\/v2\/product_tag?post=283559"}],"curies":[{"name":"wp","href":"https:\/\/api.w.org\/{rel}","templated":true}]}}