{"id":282451,"date":"2023-06-19T10:29:54","date_gmt":"2023-06-19T10:50:49","guid":{"rendered":"https:\/\/www.erresse-shop.it\/shop\/non%20class\u00e9\/la-pavoni-machine-a-cafe-espresso-cellini-evoluzione\/"},"modified":"2025-01-14T08:36:44","modified_gmt":"2025-01-14T08:36:44","slug":"la-pavoni-machine-a-cafe-espresso-cellini-evoluzione","status":"publish","type":"product","link":"https:\/\/www.erresse-shop.it\/fr\/shop\/petits-electromenagers\/machines-cafe\/manuels\/la-pavoni-machine-a-cafe-espresso-cellini-evoluzione\/","title":{"rendered":"LA PAVONI Machine \u00e0 Caf\u00e9 Espresso Cellini Evoluzione"},"content":{"rendered":"<p>Le mod\u00e8le <strong>Cellini<\/strong> <strong>Evoluzione<\/strong> a une chaudi\u00e8re en cuivre avec une bride en laiton. Chaudi\u00e8re avec isolation ext\u00e9rieure pour une plus grande stabilit\u00e9 thermique et une \u00e9conomie d&#8217;\u00e9nergie.<\/p>\n<p>Ch\u00e2ssis et but\u00e9es en acier inoxydable AISI 304.<\/p>\n<p>Deux manom\u00e8tres professionnels, l&#8217;un pour le contr\u00f4le de la pression de la pompe et l&#8217;autre pour la pression de la chaudi\u00e8re, qui garantissent un processus d&#8217;extraction correct, la pompe \u00e9lectrique rotative professionnelle avec la possibilit\u00e9 d&#8217;utiliser un r\u00e9servoir ou d&#8217;\u00eatre raccord\u00e9e au r\u00e9seau d&#8217;eau, et le pressostat m\u00e9canique commercial compl\u00e8tent les caract\u00e9ristiques techniques avanc\u00e9es de ce mod\u00e8le.<\/p>\n<p>Toutes les machines semi-professionnelles La Pavoni 230V sont certifi\u00e9es par :<\/p>\n<p><a href=\"https:\/\/www.erresse-shop.it\/wp-content\/uploads\/2021\/02\/La-Pavoni-Certificato-150x150.png\"><img decoding=\"async\" class=\"alignnone size-thumbnail wp-image-91734\" src=\"https:\/\/www.erresse-shop.it\/wp-content\/uploads\/2021\/02\/La-Pavoni-Certificato-150x150.png\" alt=\"La Pavoni Certificato\" width=\"150\" height=\"150\" \/><\/a><\/p>\n<ul>\n<li>Carrosserie en acier inoxydable poli. (AISI 304)<\/li>\n<li>Groupe moul\u00e9 en laiton chrom\u00e9 avec valve chambre d&#8217;infusion du caf\u00e9<\/li>\n<li>Chaudi\u00e8re en cuivre avec \u00e9changeur de chaleur transversal. Capacit\u00e9 Litres 1,8<\/li>\n<li>Pompe \u00e9lectrique rotative professionnelle (pas de pompe \u00e0 vibration) avec r\u00e9gulation de la pression externe.<\/li>\n<li>R\u00e9servoir d&#8217;eau d&#8217;une capacit\u00e9 de 2,9 litres Possibilit\u00e9 de raccordement au r\u00e9seau d&#8217;eau via un tuyau en acier inoxydable par l&#8217;interm\u00e9diaire d&#8217;un interrupteur<\/li>\n<li>Contr\u00f4le \u00e9lectronique du niveau du r\u00e9servoir d&#8217;eau<\/li>\n<li>Contr\u00f4le \u00e9lectronique du niveau de l&#8217;eau de la chaudi\u00e8re<\/li>\n<li>Contr\u00f4le \u00e9lectronique du niveau d&#8217;eau de la chaudi\u00e8re<\/li>\n<li>Dispositif anti-vide<\/li>\n<li>Lance vapeur anti-br\u00fblure<\/li>\n<li>Dispositif anti-br\u00fblure pour l&#8217;eau chaude<\/li>\n<li>Manom\u00e8tre pour le contr\u00f4le de la pression de la chaudi\u00e8re<\/li>\n<li>Manom\u00e8tre pour le contr\u00f4le de la pression de la pompe<\/li>\n<li>Pressostat commercial SIRAI<\/li>\n<li>Thermostat de s\u00e9curit\u00e9 avec remise \u00e0 z\u00e9ro<\/li>\n<li>Largeur, profondeur, hauteur 300 x 430 x 410 mm<\/li>\n<li>Tension d&#8217;alimentation 220-240 Volt 50Hz &#8211; 120 Volt 60Hz<\/li>\n<li>Consommation \u00e9lectrique 1520 W<\/li>\n<\/ul>\n<p><strong>Non disponible \u00e0 la vente en dehors de l&#8217;Europe<\/strong><\/p>\n","protected":false},"excerpt":{"rendered":"<p>Le mod\u00e8le Cellini Evoluzione a une chaudi\u00e8re en cuivre avec une bride en laiton. Chaudi\u00e8re avec isolation ext\u00e9rieure pour une<\/p>\n","protected":false},"featured_media":282439,"template":"","meta":{"_acf_changed":false,"inline_featured_image":false},"product_cat":[12764,25365,12449],"product_tag":[23563,24680,23581,12856],"acf":[],"yoast_head":"<!-- This site is optimized with the Yoast SEO Premium plugin v18.6 (Yoast SEO v19.13) - https:\/\/yoast.com\/wordpress\/plugins\/seo\/ -->\n<title>LA PAVONI Machine \u00e0 Caf\u00e9 Espresso Cellini Evoluzione<\/title>\n<meta name=\"description\" content=\"D\u00e9couvrez LA PAVONI Machine \u00e0 Caf\u00e9 Espresso Cellini Evoluzione sur ErresseShop. Qualit\u00e9, prix r\u00e9duits et achat s\u00e9curis\u00e9 \u2013 commandez d\u00e8s maintenant en ligne !\" \/>\n<meta name=\"robots\" content=\"index, follow, max-snippet:-1, max-image-preview:large, max-video-preview:-1\" \/>\n<link rel=\"canonical\" href=\"https:\/\/www.erresse-shop.it\/fr\/shop\/petits-electromenagers\/machines-cafe\/manuels\/la-pavoni-machine-a-cafe-espresso-cellini-evoluzione\/\" \/>\n<meta property=\"og:locale\" content=\"fr_FR\" \/>\n<meta property=\"og:type\" content=\"article\" \/>\n<meta property=\"og:title\" content=\"LA PAVONI Machine \u00e0 Caf\u00e9 Espresso Cellini Evoluzione\" \/>\n<meta property=\"og:description\" content=\"D\u00e9couvrez LA PAVONI Machine \u00e0 Caf\u00e9 Espresso Cellini Evoluzione sur ErresseShop. Qualit\u00e9, prix r\u00e9duits et achat s\u00e9curis\u00e9 \u2013 commandez d\u00e8s maintenant en ligne !\" \/>\n<meta property=\"og:url\" content=\"https:\/\/www.erresse-shop.it\/fr\/shop\/petits-electromenagers\/machines-cafe\/manuels\/la-pavoni-machine-a-cafe-espresso-cellini-evoluzione\/\" \/>\n<meta property=\"og:site_name\" content=\"Erresse Shop\" \/>\n<meta property=\"article:modified_time\" content=\"2025-01-14T08:36:44+00:00\" \/>\n<meta property=\"og:image\" content=\"https:\/\/www.erresse-shop.it\/wp-content\/uploads\/2023\/06\/LA-PAVONI-Macchina-da-Caffe\u0300-Cellini-Evoluzione.jpg\" \/>\n\t<meta property=\"og:image:width\" content=\"800\" \/>\n\t<meta property=\"og:image:height\" content=\"800\" \/>\n\t<meta property=\"og:image:type\" content=\"image\/jpeg\" \/>\n<meta name=\"twitter:card\" content=\"summary_large_image\" \/>\n<script type=\"application\/ld+json\" class=\"yoast-schema-graph\">{\"@context\":\"https:\/\/schema.org\",\"@graph\":[{\"@type\":\"WebPage\",\"@id\":\"https:\/\/www.erresse-shop.it\/fr\/shop\/petits-electromenagers\/machines-cafe\/manuels\/la-pavoni-machine-a-cafe-espresso-cellini-evoluzione\/\",\"url\":\"https:\/\/www.erresse-shop.it\/fr\/shop\/petits-electromenagers\/machines-cafe\/manuels\/la-pavoni-machine-a-cafe-espresso-cellini-evoluzione\/\",\"name\":\"LA PAVONI Machine \u00e0 Caf\u00e9 Espresso Cellini Evoluzione\",\"isPartOf\":{\"@id\":\"https:\/\/www.erresse-shop.it\/fr\/#website\"},\"datePublished\":\"2023-06-19T10:50:49+00:00\",\"dateModified\":\"2025-01-14T08:36:44+00:00\",\"description\":\"D\u00e9couvrez LA PAVONI Machine \u00e0 Caf\u00e9 Espresso Cellini Evoluzione sur ErresseShop. Qualit\u00e9, prix r\u00e9duits et achat s\u00e9curis\u00e9 \u2013 commandez d\u00e8s maintenant en ligne !\",\"breadcrumb\":{\"@id\":\"https:\/\/www.erresse-shop.it\/fr\/shop\/petits-electromenagers\/machines-cafe\/manuels\/la-pavoni-machine-a-cafe-espresso-cellini-evoluzione\/#breadcrumb\"},\"inLanguage\":\"fr-FR\",\"potentialAction\":[{\"@type\":\"ReadAction\",\"target\":[\"https:\/\/www.erresse-shop.it\/fr\/shop\/petits-electromenagers\/machines-cafe\/manuels\/la-pavoni-machine-a-cafe-espresso-cellini-evoluzione\/\"]}]},{\"@type\":\"BreadcrumbList\",\"@id\":\"https:\/\/www.erresse-shop.it\/fr\/shop\/petits-electromenagers\/machines-cafe\/manuels\/la-pavoni-machine-a-cafe-espresso-cellini-evoluzione\/#breadcrumb\",\"itemListElement\":[{\"@type\":\"ListItem\",\"position\":1,\"name\":\"Home\",\"item\":\"https:\/\/www.erresse-shop.it\/fr\/\"},{\"@type\":\"ListItem\",\"position\":2,\"name\":\"Shop\",\"item\":\"https:\/\/www.erresse-shop.it\/fr\/shop\/\"},{\"@type\":\"ListItem\",\"position\":3,\"name\":\"LA PAVONI Machine \u00e0 Caf\u00e9 Espresso Cellini Evoluzione\"}]},{\"@type\":\"WebSite\",\"@id\":\"https:\/\/www.erresse-shop.it\/fr\/#website\",\"url\":\"https:\/\/www.erresse-shop.it\/fr\/\",\"name\":\"Erresse Shop\",\"description\":\"Articoli di qualit\u00e0 per la casa\",\"potentialAction\":[{\"@type\":\"SearchAction\",\"target\":{\"@type\":\"EntryPoint\",\"urlTemplate\":\"https:\/\/www.erresse-shop.it\/fr\/?s={search_term_string}\"},\"query-input\":\"required name=search_term_string\"}],\"inLanguage\":\"fr-FR\"}]}<\/script>\n<!-- \/ Yoast SEO Premium plugin. -->","yoast_head_json":{"title":"LA PAVONI Machine \u00e0 Caf\u00e9 Espresso Cellini Evoluzione","description":"D\u00e9couvrez LA PAVONI Machine \u00e0 Caf\u00e9 Espresso Cellini Evoluzione sur ErresseShop. Qualit\u00e9, prix r\u00e9duits et achat s\u00e9curis\u00e9 \u2013 commandez d\u00e8s maintenant en ligne !","robots":{"index":"index","follow":"follow","max-snippet":"max-snippet:-1","max-image-preview":"max-image-preview:large","max-video-preview":"max-video-preview:-1"},"canonical":"https:\/\/www.erresse-shop.it\/fr\/shop\/petits-electromenagers\/machines-cafe\/manuels\/la-pavoni-machine-a-cafe-espresso-cellini-evoluzione\/","og_locale":"fr_FR","og_type":"article","og_title":"LA PAVONI Machine \u00e0 Caf\u00e9 Espresso Cellini Evoluzione","og_description":"D\u00e9couvrez LA PAVONI Machine \u00e0 Caf\u00e9 Espresso Cellini Evoluzione sur ErresseShop. Qualit\u00e9, prix r\u00e9duits et achat s\u00e9curis\u00e9 \u2013 commandez d\u00e8s maintenant en ligne !","og_url":"https:\/\/www.erresse-shop.it\/fr\/shop\/petits-electromenagers\/machines-cafe\/manuels\/la-pavoni-machine-a-cafe-espresso-cellini-evoluzione\/","og_site_name":"Erresse Shop","article_modified_time":"2025-01-14T08:36:44+00:00","og_image":[{"width":800,"height":800,"url":"https:\/\/www.erresse-shop.it\/wp-content\/uploads\/2023\/06\/LA-PAVONI-Macchina-da-Caffe\u0300-Cellini-Evoluzione.jpg","type":"image\/jpeg"}],"twitter_card":"summary_large_image","schema":{"@context":"https:\/\/schema.org","@graph":[{"@type":"WebPage","@id":"https:\/\/www.erresse-shop.it\/fr\/shop\/petits-electromenagers\/machines-cafe\/manuels\/la-pavoni-machine-a-cafe-espresso-cellini-evoluzione\/","url":"https:\/\/www.erresse-shop.it\/fr\/shop\/petits-electromenagers\/machines-cafe\/manuels\/la-pavoni-machine-a-cafe-espresso-cellini-evoluzione\/","name":"LA PAVONI Machine \u00e0 Caf\u00e9 Espresso Cellini Evoluzione","isPartOf":{"@id":"https:\/\/www.erresse-shop.it\/fr\/#website"},"datePublished":"2023-06-19T10:50:49+00:00","dateModified":"2025-01-14T08:36:44+00:00","description":"D\u00e9couvrez LA PAVONI Machine \u00e0 Caf\u00e9 Espresso Cellini Evoluzione sur ErresseShop. Qualit\u00e9, prix r\u00e9duits et achat s\u00e9curis\u00e9 \u2013 commandez d\u00e8s maintenant en ligne !","breadcrumb":{"@id":"https:\/\/www.erresse-shop.it\/fr\/shop\/petits-electromenagers\/machines-cafe\/manuels\/la-pavoni-machine-a-cafe-espresso-cellini-evoluzione\/#breadcrumb"},"inLanguage":"fr-FR","potentialAction":[{"@type":"ReadAction","target":["https:\/\/www.erresse-shop.it\/fr\/shop\/petits-electromenagers\/machines-cafe\/manuels\/la-pavoni-machine-a-cafe-espresso-cellini-evoluzione\/"]}]},{"@type":"BreadcrumbList","@id":"https:\/\/www.erresse-shop.it\/fr\/shop\/petits-electromenagers\/machines-cafe\/manuels\/la-pavoni-machine-a-cafe-espresso-cellini-evoluzione\/#breadcrumb","itemListElement":[{"@type":"ListItem","position":1,"name":"Home","item":"https:\/\/www.erresse-shop.it\/fr\/"},{"@type":"ListItem","position":2,"name":"Shop","item":"https:\/\/www.erresse-shop.it\/fr\/shop\/"},{"@type":"ListItem","position":3,"name":"LA PAVONI Machine \u00e0 Caf\u00e9 Espresso Cellini Evoluzione"}]},{"@type":"WebSite","@id":"https:\/\/www.erresse-shop.it\/fr\/#website","url":"https:\/\/www.erresse-shop.it\/fr\/","name":"Erresse Shop","description":"Articoli di qualit\u00e0 per la casa","potentialAction":[{"@type":"SearchAction","target":{"@type":"EntryPoint","urlTemplate":"https:\/\/www.erresse-shop.it\/fr\/?s={search_term_string}"},"query-input":"required name=search_term_string"}],"inLanguage":"fr-FR"}]}},"df_price":1016.95,"df_sale_price":1016.95,"df_regular_price":1849,"df_image_link":"https:\/\/www.erresse-shop.it\/wp-content\/uploads\/2023\/06\/LA-PAVONI-Macchina-da-Caffe\u0300-Cellini-Evoluzione-300x300.jpg","_links":{"self":[{"href":"https:\/\/www.erresse-shop.it\/fr\/wp-json\/wp\/v2\/product\/282451"}],"collection":[{"href":"https:\/\/www.erresse-shop.it\/fr\/wp-json\/wp\/v2\/product"}],"about":[{"href":"https:\/\/www.erresse-shop.it\/fr\/wp-json\/wp\/v2\/types\/product"}],"wp:featuredmedia":[{"embeddable":true,"href":"https:\/\/www.erresse-shop.it\/fr\/wp-json\/wp\/v2\/media\/282439"}],"wp:attachment":[{"href":"https:\/\/www.erresse-shop.it\/fr\/wp-json\/wp\/v2\/media?parent=282451"}],"wp:term":[{"taxonomy":"product_cat","embeddable":true,"href":"https:\/\/www.erresse-shop.it\/fr\/wp-json\/wp\/v2\/product_cat?post=282451"},{"taxonomy":"product_tag","embeddable":true,"href":"https:\/\/www.erresse-shop.it\/fr\/wp-json\/wp\/v2\/product_tag?post=282451"}],"curies":[{"name":"wp","href":"https:\/\/api.w.org\/{rel}","templated":true}]}}