{"id":280703,"date":"2023-06-14T09:22:27","date_gmt":"2023-06-14T09:41:13","guid":{"rendered":"https:\/\/www.erresse-shop.it\/shop\/non%20class\u00e9\/cookut-poele-a-frire-24-cm-fougere\/"},"modified":"2025-03-12T13:31:11","modified_gmt":"2025-03-12T13:31:11","slug":"cookut-poele-a-frire-24-cm-fougere","status":"publish","type":"product","link":"https:\/\/www.erresse-shop.it\/fr\/shop\/poeles-pots\/poeles\/cookut-poele-a-frire-24-cm-fougere\/","title":{"rendered":"COOKUT Po\u00eale \u00e0 Frire 24 cm Fougere"},"content":{"rendered":"<p>La po\u00eale Cookut, avec son rev\u00eatement min\u00e9ral antiadh\u00e9sif sans PTFE\/PFOA, est id\u00e9ale pour la cuisson sans graisse de tous les plats.<\/p>\n<p>Convient \u00e0 tous les types de cuisini\u00e8res : induction, gaz, \u00e9lectrique, vitro.<\/p>\n<p>Manche en faux bois, polym\u00e8re.<\/p>\n<p>Passe au lave-vaisselle.<\/p>\n","protected":false},"excerpt":{"rendered":"<p>La po\u00eale Cookut, avec son rev\u00eatement min\u00e9ral antiadh\u00e9sif sans PTFE\/PFOA, est id\u00e9ale pour la cuisson sans graisse de tous les<\/p>\n","protected":false},"featured_media":280685,"template":"","meta":{"_acf_changed":false,"inline_featured_image":false},"product_cat":[12458,14802],"product_tag":[25036,25021,13178,22927,24603],"acf":[],"yoast_head":"<!-- This site is optimized with the Yoast SEO Premium plugin v18.6 (Yoast SEO v19.13) - https:\/\/yoast.com\/wordpress\/plugins\/seo\/ -->\n<title>COOKUT Po\u00eale \u00e0 Frire 24 cm Fougere<\/title>\n<meta name=\"description\" content=\"D\u00e9couvrez COOKUT Po\u00eale \u00e0 Frire 24 cm Fougere sur ErresseShop. Qualit\u00e9, prix r\u00e9duits et achat s\u00e9curis\u00e9 \u2013 commandez d\u00e8s maintenant en ligne !\" \/>\n<meta name=\"robots\" content=\"index, follow, max-snippet:-1, max-image-preview:large, max-video-preview:-1\" \/>\n<link rel=\"canonical\" href=\"https:\/\/www.erresse-shop.it\/fr\/shop\/poeles-pots\/poeles\/cookut-poele-a-frire-24-cm-fougere\/\" \/>\n<meta property=\"og:locale\" content=\"fr_FR\" \/>\n<meta property=\"og:type\" content=\"article\" \/>\n<meta property=\"og:title\" content=\"COOKUT Po\u00eale \u00e0 Frire 24 cm Fougere\" \/>\n<meta property=\"og:description\" content=\"D\u00e9couvrez COOKUT Po\u00eale \u00e0 Frire 24 cm Fougere sur ErresseShop. Qualit\u00e9, prix r\u00e9duits et achat s\u00e9curis\u00e9 \u2013 commandez d\u00e8s maintenant en ligne !\" \/>\n<meta property=\"og:url\" content=\"https:\/\/www.erresse-shop.it\/fr\/shop\/poeles-pots\/poeles\/cookut-poele-a-frire-24-cm-fougere\/\" \/>\n<meta property=\"og:site_name\" content=\"Erresse Shop\" \/>\n<meta property=\"article:modified_time\" content=\"2025-03-12T13:31:11+00:00\" \/>\n<meta property=\"og:image\" content=\"https:\/\/www.erresse-shop.it\/wp-content\/uploads\/2023\/06\/COOKUT-Padella-24-cm-Felce.jpg\" \/>\n\t<meta property=\"og:image:width\" content=\"800\" \/>\n\t<meta property=\"og:image:height\" content=\"800\" \/>\n\t<meta property=\"og:image:type\" content=\"image\/jpeg\" \/>\n<meta name=\"twitter:card\" content=\"summary_large_image\" \/>\n<script type=\"application\/ld+json\" class=\"yoast-schema-graph\">{\"@context\":\"https:\/\/schema.org\",\"@graph\":[{\"@type\":\"WebPage\",\"@id\":\"https:\/\/www.erresse-shop.it\/fr\/shop\/poeles-pots\/poeles\/cookut-poele-a-frire-24-cm-fougere\/\",\"url\":\"https:\/\/www.erresse-shop.it\/fr\/shop\/poeles-pots\/poeles\/cookut-poele-a-frire-24-cm-fougere\/\",\"name\":\"COOKUT Po\u00eale \u00e0 Frire 24 cm Fougere\",\"isPartOf\":{\"@id\":\"https:\/\/www.erresse-shop.it\/fr\/#website\"},\"datePublished\":\"2023-06-14T09:41:13+00:00\",\"dateModified\":\"2025-03-12T13:31:11+00:00\",\"description\":\"D\u00e9couvrez COOKUT Po\u00eale \u00e0 Frire 24 cm Fougere sur ErresseShop. Qualit\u00e9, prix r\u00e9duits et achat s\u00e9curis\u00e9 \u2013 commandez d\u00e8s maintenant en ligne !\",\"breadcrumb\":{\"@id\":\"https:\/\/www.erresse-shop.it\/fr\/shop\/poeles-pots\/poeles\/cookut-poele-a-frire-24-cm-fougere\/#breadcrumb\"},\"inLanguage\":\"fr-FR\",\"potentialAction\":[{\"@type\":\"ReadAction\",\"target\":[\"https:\/\/www.erresse-shop.it\/fr\/shop\/poeles-pots\/poeles\/cookut-poele-a-frire-24-cm-fougere\/\"]}]},{\"@type\":\"BreadcrumbList\",\"@id\":\"https:\/\/www.erresse-shop.it\/fr\/shop\/poeles-pots\/poeles\/cookut-poele-a-frire-24-cm-fougere\/#breadcrumb\",\"itemListElement\":[{\"@type\":\"ListItem\",\"position\":1,\"name\":\"Home\",\"item\":\"https:\/\/www.erresse-shop.it\/fr\/\"},{\"@type\":\"ListItem\",\"position\":2,\"name\":\"Shop\",\"item\":\"https:\/\/www.erresse-shop.it\/fr\/shop\/\"},{\"@type\":\"ListItem\",\"position\":3,\"name\":\"COOKUT Po\u00eale \u00e0 Frire 24 cm Fougere\"}]},{\"@type\":\"WebSite\",\"@id\":\"https:\/\/www.erresse-shop.it\/fr\/#website\",\"url\":\"https:\/\/www.erresse-shop.it\/fr\/\",\"name\":\"Erresse Shop\",\"description\":\"Articoli di qualit\u00e0 per la casa\",\"potentialAction\":[{\"@type\":\"SearchAction\",\"target\":{\"@type\":\"EntryPoint\",\"urlTemplate\":\"https:\/\/www.erresse-shop.it\/fr\/?s={search_term_string}\"},\"query-input\":\"required name=search_term_string\"}],\"inLanguage\":\"fr-FR\"}]}<\/script>\n<!-- \/ Yoast SEO Premium plugin. -->","yoast_head_json":{"title":"COOKUT Po\u00eale \u00e0 Frire 24 cm Fougere","description":"D\u00e9couvrez COOKUT Po\u00eale \u00e0 Frire 24 cm Fougere sur ErresseShop. Qualit\u00e9, prix r\u00e9duits et achat s\u00e9curis\u00e9 \u2013 commandez d\u00e8s maintenant en ligne !","robots":{"index":"index","follow":"follow","max-snippet":"max-snippet:-1","max-image-preview":"max-image-preview:large","max-video-preview":"max-video-preview:-1"},"canonical":"https:\/\/www.erresse-shop.it\/fr\/shop\/poeles-pots\/poeles\/cookut-poele-a-frire-24-cm-fougere\/","og_locale":"fr_FR","og_type":"article","og_title":"COOKUT Po\u00eale \u00e0 Frire 24 cm Fougere","og_description":"D\u00e9couvrez COOKUT Po\u00eale \u00e0 Frire 24 cm Fougere sur ErresseShop. Qualit\u00e9, prix r\u00e9duits et achat s\u00e9curis\u00e9 \u2013 commandez d\u00e8s maintenant en ligne !","og_url":"https:\/\/www.erresse-shop.it\/fr\/shop\/poeles-pots\/poeles\/cookut-poele-a-frire-24-cm-fougere\/","og_site_name":"Erresse Shop","article_modified_time":"2025-03-12T13:31:11+00:00","og_image":[{"width":800,"height":800,"url":"https:\/\/www.erresse-shop.it\/wp-content\/uploads\/2023\/06\/COOKUT-Padella-24-cm-Felce.jpg","type":"image\/jpeg"}],"twitter_card":"summary_large_image","schema":{"@context":"https:\/\/schema.org","@graph":[{"@type":"WebPage","@id":"https:\/\/www.erresse-shop.it\/fr\/shop\/poeles-pots\/poeles\/cookut-poele-a-frire-24-cm-fougere\/","url":"https:\/\/www.erresse-shop.it\/fr\/shop\/poeles-pots\/poeles\/cookut-poele-a-frire-24-cm-fougere\/","name":"COOKUT Po\u00eale \u00e0 Frire 24 cm Fougere","isPartOf":{"@id":"https:\/\/www.erresse-shop.it\/fr\/#website"},"datePublished":"2023-06-14T09:41:13+00:00","dateModified":"2025-03-12T13:31:11+00:00","description":"D\u00e9couvrez COOKUT Po\u00eale \u00e0 Frire 24 cm Fougere sur ErresseShop. Qualit\u00e9, prix r\u00e9duits et achat s\u00e9curis\u00e9 \u2013 commandez d\u00e8s maintenant en ligne !","breadcrumb":{"@id":"https:\/\/www.erresse-shop.it\/fr\/shop\/poeles-pots\/poeles\/cookut-poele-a-frire-24-cm-fougere\/#breadcrumb"},"inLanguage":"fr-FR","potentialAction":[{"@type":"ReadAction","target":["https:\/\/www.erresse-shop.it\/fr\/shop\/poeles-pots\/poeles\/cookut-poele-a-frire-24-cm-fougere\/"]}]},{"@type":"BreadcrumbList","@id":"https:\/\/www.erresse-shop.it\/fr\/shop\/poeles-pots\/poeles\/cookut-poele-a-frire-24-cm-fougere\/#breadcrumb","itemListElement":[{"@type":"ListItem","position":1,"name":"Home","item":"https:\/\/www.erresse-shop.it\/fr\/"},{"@type":"ListItem","position":2,"name":"Shop","item":"https:\/\/www.erresse-shop.it\/fr\/shop\/"},{"@type":"ListItem","position":3,"name":"COOKUT Po\u00eale \u00e0 Frire 24 cm Fougere"}]},{"@type":"WebSite","@id":"https:\/\/www.erresse-shop.it\/fr\/#website","url":"https:\/\/www.erresse-shop.it\/fr\/","name":"Erresse Shop","description":"Articoli di qualit\u00e0 per la casa","potentialAction":[{"@type":"SearchAction","target":{"@type":"EntryPoint","urlTemplate":"https:\/\/www.erresse-shop.it\/fr\/?s={search_term_string}"},"query-input":"required name=search_term_string"}],"inLanguage":"fr-FR"}]}},"df_price":29.122500000000002,"df_sale_price":29.122500000000002,"df_regular_price":52.95,"df_image_link":"https:\/\/www.erresse-shop.it\/wp-content\/uploads\/2023\/06\/COOKUT-Padella-24-cm-Felce-300x300.jpg","_links":{"self":[{"href":"https:\/\/www.erresse-shop.it\/fr\/wp-json\/wp\/v2\/product\/280703"}],"collection":[{"href":"https:\/\/www.erresse-shop.it\/fr\/wp-json\/wp\/v2\/product"}],"about":[{"href":"https:\/\/www.erresse-shop.it\/fr\/wp-json\/wp\/v2\/types\/product"}],"wp:featuredmedia":[{"embeddable":true,"href":"https:\/\/www.erresse-shop.it\/fr\/wp-json\/wp\/v2\/media\/280685"}],"wp:attachment":[{"href":"https:\/\/www.erresse-shop.it\/fr\/wp-json\/wp\/v2\/media?parent=280703"}],"wp:term":[{"taxonomy":"product_cat","embeddable":true,"href":"https:\/\/www.erresse-shop.it\/fr\/wp-json\/wp\/v2\/product_cat?post=280703"},{"taxonomy":"product_tag","embeddable":true,"href":"https:\/\/www.erresse-shop.it\/fr\/wp-json\/wp\/v2\/product_tag?post=280703"}],"curies":[{"name":"wp","href":"https:\/\/api.w.org\/{rel}","templated":true}]}}