{"id":280378,"date":"2023-06-13T13:07:07","date_gmt":"2023-06-13T13:19:37","guid":{"rendered":"https:\/\/www.erresse-shop.it\/shop\/non%20class\u00e9\/mr-wattson-lampe-a-poser-led-laiton-noir-mat\/"},"modified":"2025-04-03T05:58:29","modified_gmt":"2025-04-03T05:58:29","slug":"mr-wattson-lampe-a-poser-led-laiton-noir-mat","status":"publish","type":"product","link":"https:\/\/www.erresse-shop.it\/fr\/shop\/ameublement-maison\/lampes\/mr-wattson-lampe-a-poser-led-laiton-noir-mat\/","title":{"rendered":"MR. WATTSON Lampe \u00e0 Poser LED Laiton \/ Noir Mat"},"content":{"rendered":"<p><strong>Mr Wattson<\/strong> est une <strong>lampe de table LED<\/strong> au design griff\u00e9, fabriqu\u00e9e par la soci\u00e9t\u00e9 danoise <strong>Piffany<\/strong> <strong>Copenhagen<\/strong>. Moderne et flexible, la structure est fabriqu\u00e9e \u00e0 la main en bois de fr\u00eane et en alliage m\u00e9tallique.<\/p>\n<p>Le chapeau de la lampe s&#8217;inspire des phares de la Vespa de 1946. Cette lampe iconique et amusante avec des articulations vous permet de changer sa forme et sa position.<\/p>\n<p>L&#8217;abat-jour peut \u00eatre ajust\u00e9 jusqu&#8217;\u00e0 120 degr\u00e9s et la structure est flexible, comme un dr\u00f4le de robot.<\/p>\n<p><strong>Sp\u00e9cifications :<\/strong><\/p>\n<ul>\n<li>Le c\u00e2ble mesure 2,2 m de long et est recouvert de tissu marron.<\/li>\n<li>Il est \u00e9quip\u00e9 d&#8217;un interrupteur et d&#8217;une prise europ\u00e9enne.<\/li>\n<li>Dimensions (LxPxH) : 15,5 x 27,6 x 18-40 cm<\/li>\n<li>LED de 2,5 watts<\/li>\n<li>Garantie de 2 ans<\/li>\n<\/ul>\n","protected":false},"excerpt":{"rendered":"<p>Mr Wattson est une lampe de table LED au design griff\u00e9, fabriqu\u00e9e par la soci\u00e9t\u00e9 danoise Piffany Copenhagen. Moderne et<\/p>\n","protected":false},"featured_media":280372,"template":"","meta":{"_acf_changed":false,"inline_featured_image":false},"product_cat":[12738,12741],"product_tag":[25026,23910,25021],"acf":[],"yoast_head":"<!-- This site is optimized with the Yoast SEO Premium plugin v18.6 (Yoast SEO v19.13) - https:\/\/yoast.com\/wordpress\/plugins\/seo\/ -->\n<title>MR. WATTSON Lampe \u00e0 Poser LED Laiton \/ Noir Mat<\/title>\n<meta name=\"description\" content=\"D\u00e9couvrez MR. WATTSON Lampe \u00e0 Poser LED Laiton \/ Noir Mat sur ErresseShop. Qualit\u00e9, prix r\u00e9duits et achat s\u00e9curis\u00e9 \u2013 commandez d\u00e8s maintenant en ligne !\" \/>\n<meta name=\"robots\" content=\"index, follow, max-snippet:-1, max-image-preview:large, max-video-preview:-1\" \/>\n<link rel=\"canonical\" href=\"https:\/\/www.erresse-shop.it\/fr\/shop\/ameublement-maison\/lampes\/mr-wattson-lampe-a-poser-led-laiton-noir-mat\/\" \/>\n<meta property=\"og:locale\" content=\"fr_FR\" \/>\n<meta property=\"og:type\" content=\"article\" \/>\n<meta property=\"og:title\" content=\"MR. WATTSON Lampe \u00e0 Poser LED Laiton \/ Noir Mat\" \/>\n<meta property=\"og:description\" content=\"D\u00e9couvrez MR. WATTSON Lampe \u00e0 Poser LED Laiton \/ Noir Mat sur ErresseShop. Qualit\u00e9, prix r\u00e9duits et achat s\u00e9curis\u00e9 \u2013 commandez d\u00e8s maintenant en ligne !\" \/>\n<meta property=\"og:url\" content=\"https:\/\/www.erresse-shop.it\/fr\/shop\/ameublement-maison\/lampes\/mr-wattson-lampe-a-poser-led-laiton-noir-mat\/\" \/>\n<meta property=\"og:site_name\" content=\"Erresse Shop\" \/>\n<meta property=\"article:modified_time\" content=\"2025-04-03T05:58:29+00:00\" \/>\n<meta property=\"og:image\" content=\"https:\/\/www.erresse-shop.it\/wp-content\/uploads\/2023\/06\/Mr.-Wattson-Lampada-LED-da-Tavolo-Brass-Matt-Black.jpg\" \/>\n\t<meta property=\"og:image:width\" content=\"800\" \/>\n\t<meta property=\"og:image:height\" content=\"800\" \/>\n\t<meta property=\"og:image:type\" content=\"image\/jpeg\" \/>\n<meta name=\"twitter:card\" content=\"summary_large_image\" \/>\n<script type=\"application\/ld+json\" class=\"yoast-schema-graph\">{\"@context\":\"https:\/\/schema.org\",\"@graph\":[{\"@type\":\"WebPage\",\"@id\":\"https:\/\/www.erresse-shop.it\/fr\/shop\/ameublement-maison\/lampes\/mr-wattson-lampe-a-poser-led-laiton-noir-mat\/\",\"url\":\"https:\/\/www.erresse-shop.it\/fr\/shop\/ameublement-maison\/lampes\/mr-wattson-lampe-a-poser-led-laiton-noir-mat\/\",\"name\":\"MR. WATTSON Lampe \u00e0 Poser LED Laiton \/ Noir Mat\",\"isPartOf\":{\"@id\":\"https:\/\/www.erresse-shop.it\/fr\/#website\"},\"datePublished\":\"2023-06-13T13:19:37+00:00\",\"dateModified\":\"2025-04-03T05:58:29+00:00\",\"description\":\"D\u00e9couvrez MR. WATTSON Lampe \u00e0 Poser LED Laiton \/ Noir Mat sur ErresseShop. Qualit\u00e9, prix r\u00e9duits et achat s\u00e9curis\u00e9 \u2013 commandez d\u00e8s maintenant en ligne !\",\"breadcrumb\":{\"@id\":\"https:\/\/www.erresse-shop.it\/fr\/shop\/ameublement-maison\/lampes\/mr-wattson-lampe-a-poser-led-laiton-noir-mat\/#breadcrumb\"},\"inLanguage\":\"fr-FR\",\"potentialAction\":[{\"@type\":\"ReadAction\",\"target\":[\"https:\/\/www.erresse-shop.it\/fr\/shop\/ameublement-maison\/lampes\/mr-wattson-lampe-a-poser-led-laiton-noir-mat\/\"]}]},{\"@type\":\"BreadcrumbList\",\"@id\":\"https:\/\/www.erresse-shop.it\/fr\/shop\/ameublement-maison\/lampes\/mr-wattson-lampe-a-poser-led-laiton-noir-mat\/#breadcrumb\",\"itemListElement\":[{\"@type\":\"ListItem\",\"position\":1,\"name\":\"Home\",\"item\":\"https:\/\/www.erresse-shop.it\/fr\/\"},{\"@type\":\"ListItem\",\"position\":2,\"name\":\"Shop\",\"item\":\"https:\/\/www.erresse-shop.it\/fr\/shop\/\"},{\"@type\":\"ListItem\",\"position\":3,\"name\":\"MR. WATTSON Lampe \u00e0 Poser LED Laiton \/ Noir Mat\"}]},{\"@type\":\"WebSite\",\"@id\":\"https:\/\/www.erresse-shop.it\/fr\/#website\",\"url\":\"https:\/\/www.erresse-shop.it\/fr\/\",\"name\":\"Erresse Shop\",\"description\":\"Articoli di qualit\u00e0 per la casa\",\"potentialAction\":[{\"@type\":\"SearchAction\",\"target\":{\"@type\":\"EntryPoint\",\"urlTemplate\":\"https:\/\/www.erresse-shop.it\/fr\/?s={search_term_string}\"},\"query-input\":\"required name=search_term_string\"}],\"inLanguage\":\"fr-FR\"}]}<\/script>\n<!-- \/ Yoast SEO Premium plugin. -->","yoast_head_json":{"title":"MR. WATTSON Lampe \u00e0 Poser LED Laiton \/ Noir Mat","description":"D\u00e9couvrez MR. WATTSON Lampe \u00e0 Poser LED Laiton \/ Noir Mat sur ErresseShop. Qualit\u00e9, prix r\u00e9duits et achat s\u00e9curis\u00e9 \u2013 commandez d\u00e8s maintenant en ligne !","robots":{"index":"index","follow":"follow","max-snippet":"max-snippet:-1","max-image-preview":"max-image-preview:large","max-video-preview":"max-video-preview:-1"},"canonical":"https:\/\/www.erresse-shop.it\/fr\/shop\/ameublement-maison\/lampes\/mr-wattson-lampe-a-poser-led-laiton-noir-mat\/","og_locale":"fr_FR","og_type":"article","og_title":"MR. WATTSON Lampe \u00e0 Poser LED Laiton \/ Noir Mat","og_description":"D\u00e9couvrez MR. WATTSON Lampe \u00e0 Poser LED Laiton \/ Noir Mat sur ErresseShop. Qualit\u00e9, prix r\u00e9duits et achat s\u00e9curis\u00e9 \u2013 commandez d\u00e8s maintenant en ligne !","og_url":"https:\/\/www.erresse-shop.it\/fr\/shop\/ameublement-maison\/lampes\/mr-wattson-lampe-a-poser-led-laiton-noir-mat\/","og_site_name":"Erresse Shop","article_modified_time":"2025-04-03T05:58:29+00:00","og_image":[{"width":800,"height":800,"url":"https:\/\/www.erresse-shop.it\/wp-content\/uploads\/2023\/06\/Mr.-Wattson-Lampada-LED-da-Tavolo-Brass-Matt-Black.jpg","type":"image\/jpeg"}],"twitter_card":"summary_large_image","schema":{"@context":"https:\/\/schema.org","@graph":[{"@type":"WebPage","@id":"https:\/\/www.erresse-shop.it\/fr\/shop\/ameublement-maison\/lampes\/mr-wattson-lampe-a-poser-led-laiton-noir-mat\/","url":"https:\/\/www.erresse-shop.it\/fr\/shop\/ameublement-maison\/lampes\/mr-wattson-lampe-a-poser-led-laiton-noir-mat\/","name":"MR. WATTSON Lampe \u00e0 Poser LED Laiton \/ Noir Mat","isPartOf":{"@id":"https:\/\/www.erresse-shop.it\/fr\/#website"},"datePublished":"2023-06-13T13:19:37+00:00","dateModified":"2025-04-03T05:58:29+00:00","description":"D\u00e9couvrez MR. WATTSON Lampe \u00e0 Poser LED Laiton \/ Noir Mat sur ErresseShop. Qualit\u00e9, prix r\u00e9duits et achat s\u00e9curis\u00e9 \u2013 commandez d\u00e8s maintenant en ligne !","breadcrumb":{"@id":"https:\/\/www.erresse-shop.it\/fr\/shop\/ameublement-maison\/lampes\/mr-wattson-lampe-a-poser-led-laiton-noir-mat\/#breadcrumb"},"inLanguage":"fr-FR","potentialAction":[{"@type":"ReadAction","target":["https:\/\/www.erresse-shop.it\/fr\/shop\/ameublement-maison\/lampes\/mr-wattson-lampe-a-poser-led-laiton-noir-mat\/"]}]},{"@type":"BreadcrumbList","@id":"https:\/\/www.erresse-shop.it\/fr\/shop\/ameublement-maison\/lampes\/mr-wattson-lampe-a-poser-led-laiton-noir-mat\/#breadcrumb","itemListElement":[{"@type":"ListItem","position":1,"name":"Home","item":"https:\/\/www.erresse-shop.it\/fr\/"},{"@type":"ListItem","position":2,"name":"Shop","item":"https:\/\/www.erresse-shop.it\/fr\/shop\/"},{"@type":"ListItem","position":3,"name":"MR. WATTSON Lampe \u00e0 Poser LED Laiton \/ Noir Mat"}]},{"@type":"WebSite","@id":"https:\/\/www.erresse-shop.it\/fr\/#website","url":"https:\/\/www.erresse-shop.it\/fr\/","name":"Erresse Shop","description":"Articoli di qualit\u00e0 per la casa","potentialAction":[{"@type":"SearchAction","target":{"@type":"EntryPoint","urlTemplate":"https:\/\/www.erresse-shop.it\/fr\/?s={search_term_string}"},"query-input":"required name=search_term_string"}],"inLanguage":"fr-FR"}]}},"df_price":99,"df_sale_price":99,"df_regular_price":159,"df_image_link":"https:\/\/www.erresse-shop.it\/wp-content\/uploads\/2023\/06\/Mr.-Wattson-Lampada-LED-da-Tavolo-Brass-Matt-Black-300x300.jpg","_links":{"self":[{"href":"https:\/\/www.erresse-shop.it\/fr\/wp-json\/wp\/v2\/product\/280378"}],"collection":[{"href":"https:\/\/www.erresse-shop.it\/fr\/wp-json\/wp\/v2\/product"}],"about":[{"href":"https:\/\/www.erresse-shop.it\/fr\/wp-json\/wp\/v2\/types\/product"}],"wp:featuredmedia":[{"embeddable":true,"href":"https:\/\/www.erresse-shop.it\/fr\/wp-json\/wp\/v2\/media\/280372"}],"wp:attachment":[{"href":"https:\/\/www.erresse-shop.it\/fr\/wp-json\/wp\/v2\/media?parent=280378"}],"wp:term":[{"taxonomy":"product_cat","embeddable":true,"href":"https:\/\/www.erresse-shop.it\/fr\/wp-json\/wp\/v2\/product_cat?post=280378"},{"taxonomy":"product_tag","embeddable":true,"href":"https:\/\/www.erresse-shop.it\/fr\/wp-json\/wp\/v2\/product_tag?post=280378"}],"curies":[{"name":"wp","href":"https:\/\/api.w.org\/{rel}","templated":true}]}}