{"id":278580,"date":"2023-06-07T14:44:41","date_gmt":"2023-06-07T14:44:47","guid":{"rendered":"https:\/\/www.erresse-shop.it\/?post_type=product&#038;p=278580"},"modified":"2025-01-14T08:35:03","modified_gmt":"2025-01-14T08:35:03","slug":"yaxell-super-gou-couteau-de-chef-24-cm","status":"publish","type":"product","link":"https:\/\/www.erresse-shop.it\/fr\/shop\/cuisine\/couteaux\/yaxell-super-gou-couteau-de-chef-24-cm\/","title":{"rendered":"YAXELL Super Gou Couteau de Chef 24 cm"},"content":{"rendered":"<p>Le<strong> couteau de chef Yaxell Super Gou<\/strong> est un couteau de chef japonais avec une lame de 20 cm. Ce couteau est un v\u00e9ritable multitalent dans la cuisine. Il est suffisamment grand pour couper une grande quantit\u00e9 de l\u00e9gumes, de viande et de poisson. Malgr\u00e9 la longueur de la lame, le couteau est facile \u00e0 contr\u00f4ler. Cela est d\u00fb \u00e0 son grand \u00e9quilibre et \u00e0 son tranchant rasoir. Le couteau est \u00e9galement id\u00e9al pour hacher les herbes, \u00e9craser les grains de poivre et \u00e9plucher les gousses d&#8217;ail.<\/p>\n<p><strong>Lame Yaxell Super Gou : 161 couches d&#8217;acier damass\u00e9<\/strong><br \/>\nLes couteaux de cuisine Yaxell Super Gou sont fabriqu\u00e9s \u00e0 partir de 161 couches d&#8217;acier Damas. Une quantit\u00e9 \u00e9trange ? Pas du tout ! En effet, chaque c\u00f4t\u00e9 de la lame est compos\u00e9 de 80 couches d&#8217;acier Damas inoxydable, entre lesquelles se trouve un noyau d&#8217;acier en poudre SG2 tr\u00e8s dur. Cette combinaison permet aux couteaux d&#8217;\u00eatre tranchants comme des rasoirs, inoxydables et d&#8217;une beaut\u00e9 \u00e9blouissante.<\/p>\n<p>L&#8217;acier Damas est compos\u00e9 de deux aciers inoxydables qui sont forg\u00e9s ensemble en couches. Ces deux types d&#8217;acier ont une teneur en carbone diff\u00e9rente, ce qui permet \u00e0 l&#8217;acier de changer de couleur en fonction de la fa\u00e7on dont il est grav\u00e9. La gravure consiste \u00e0 produire un motif dans l&#8217;acier \u00e0 l&#8217;aide d&#8217;un acide. L&#8217;acier inoxydable, qu&#8217;il soit de type Damas ou non, n&#8217;est g\u00e9n\u00e9ralement pas le type d&#8217;acier le plus dur. C&#8217;est pourquoi un noyau d&#8217;acier pulv\u00e9ris\u00e9 SG2 a \u00e9t\u00e9 ajout\u00e9. Le r\u00e9sultat est un tranchant solide comme le roc avec une duret\u00e9 de 63 HRC ! Le nom de la collection est grav\u00e9 \u00e0 la main sur le c\u00f4t\u00e9 de la lame et sur le dos du manche.<\/p>\n<p><strong>Manche Yaxell Super Gou<\/strong><br \/>\nEn raison des formes rondes et des trois rivets, ce manche ressemble beaucoup \u00e0 celui d&#8217;un couteau de cuisine europ\u00e9en. Cela garantit que le manche n&#8217;est pas seulement solide, mais aussi confortable. Le manche est en micarta rouge et noir. Le micarta est un mat\u00e9riau compos\u00e9 de lin, impr\u00e9gn\u00e9 de r\u00e9sine \u00e9poxy. Il s&#8217;agit donc d&#8217;un mat\u00e9riau tr\u00e8s solide. Il peut r\u00e9sister \u00e0 presque tout et a une grande r\u00e9sistance \u00e0 l&#8217;eau. Le micarta est connu pour offrir une grande adh\u00e9rence. M\u00eame lorsqu&#8217;il est mouill\u00e9. La forme ovale ou ronde du manche offre une bonne prise en main et est confortable.<\/p>\n<p><strong>Made in Japan<\/strong><\/p>\n","protected":false},"excerpt":{"rendered":"<p>Le couteau de chef Yaxell Super Gou est un couteau de chef japonais avec une lame de 20 cm. Ce<\/p>\n","protected":false},"featured_media":278567,"template":"","meta":{"_acf_changed":false,"inline_featured_image":false},"product_cat":[12742,14452,12748],"product_tag":[12838,13284,12839,21261,15801,21623,24680],"acf":[],"yoast_head":"<!-- This site is optimized with the Yoast SEO Premium plugin v18.6 (Yoast SEO v19.13) - https:\/\/yoast.com\/wordpress\/plugins\/seo\/ -->\n<title>YAXELL Super Gou Couteau de Chef 24 cm<\/title>\n<meta name=\"description\" content=\"D\u00e9couvrez YAXELL Super Gou Couteau de Chef 24 cm sur ErresseShop. Qualit\u00e9, prix r\u00e9duits et achat s\u00e9curis\u00e9 \u2013 commandez d\u00e8s maintenant en ligne !\" \/>\n<meta name=\"robots\" content=\"index, follow, max-snippet:-1, max-image-preview:large, max-video-preview:-1\" \/>\n<link rel=\"canonical\" href=\"https:\/\/www.erresse-shop.it\/fr\/shop\/cuisine\/couteaux\/yaxell-super-gou-couteau-de-chef-24-cm\/\" \/>\n<meta property=\"og:locale\" content=\"fr_FR\" \/>\n<meta property=\"og:type\" content=\"article\" \/>\n<meta property=\"og:title\" content=\"YAXELL Super Gou Couteau de Chef 24 cm\" \/>\n<meta property=\"og:description\" content=\"D\u00e9couvrez YAXELL Super Gou Couteau de Chef 24 cm sur ErresseShop. Qualit\u00e9, prix r\u00e9duits et achat s\u00e9curis\u00e9 \u2013 commandez d\u00e8s maintenant en ligne !\" \/>\n<meta property=\"og:url\" content=\"https:\/\/www.erresse-shop.it\/fr\/shop\/cuisine\/couteaux\/yaxell-super-gou-couteau-de-chef-24-cm\/\" \/>\n<meta property=\"og:site_name\" content=\"Erresse Shop\" \/>\n<meta property=\"article:modified_time\" content=\"2025-01-14T08:35:03+00:00\" \/>\n<meta property=\"og:image\" content=\"https:\/\/www.erresse-shop.it\/wp-content\/uploads\/2023\/03\/YAXELL-Super-Gou-Coltello-Chef-24-cm.jpg\" \/>\n\t<meta property=\"og:image:width\" content=\"800\" \/>\n\t<meta property=\"og:image:height\" content=\"800\" \/>\n\t<meta property=\"og:image:type\" content=\"image\/jpeg\" \/>\n<meta name=\"twitter:card\" content=\"summary_large_image\" \/>\n<script type=\"application\/ld+json\" class=\"yoast-schema-graph\">{\"@context\":\"https:\/\/schema.org\",\"@graph\":[{\"@type\":\"WebPage\",\"@id\":\"https:\/\/www.erresse-shop.it\/fr\/shop\/cuisine\/couteaux\/yaxell-super-gou-couteau-de-chef-24-cm\/\",\"url\":\"https:\/\/www.erresse-shop.it\/fr\/shop\/cuisine\/couteaux\/yaxell-super-gou-couteau-de-chef-24-cm\/\",\"name\":\"YAXELL Super Gou Couteau de Chef 24 cm\",\"isPartOf\":{\"@id\":\"https:\/\/www.erresse-shop.it\/fr\/#website\"},\"datePublished\":\"2023-06-07T14:44:47+00:00\",\"dateModified\":\"2025-01-14T08:35:03+00:00\",\"description\":\"D\u00e9couvrez YAXELL Super Gou Couteau de Chef 24 cm sur ErresseShop. Qualit\u00e9, prix r\u00e9duits et achat s\u00e9curis\u00e9 \u2013 commandez d\u00e8s maintenant en ligne !\",\"breadcrumb\":{\"@id\":\"https:\/\/www.erresse-shop.it\/fr\/shop\/cuisine\/couteaux\/yaxell-super-gou-couteau-de-chef-24-cm\/#breadcrumb\"},\"inLanguage\":\"fr-FR\",\"potentialAction\":[{\"@type\":\"ReadAction\",\"target\":[\"https:\/\/www.erresse-shop.it\/fr\/shop\/cuisine\/couteaux\/yaxell-super-gou-couteau-de-chef-24-cm\/\"]}]},{\"@type\":\"BreadcrumbList\",\"@id\":\"https:\/\/www.erresse-shop.it\/fr\/shop\/cuisine\/couteaux\/yaxell-super-gou-couteau-de-chef-24-cm\/#breadcrumb\",\"itemListElement\":[{\"@type\":\"ListItem\",\"position\":1,\"name\":\"Home\",\"item\":\"https:\/\/www.erresse-shop.it\/fr\/\"},{\"@type\":\"ListItem\",\"position\":2,\"name\":\"Shop\",\"item\":\"https:\/\/www.erresse-shop.it\/fr\/shop\/\"},{\"@type\":\"ListItem\",\"position\":3,\"name\":\"YAXELL Super Gou Couteau de Chef 24 cm\"}]},{\"@type\":\"WebSite\",\"@id\":\"https:\/\/www.erresse-shop.it\/fr\/#website\",\"url\":\"https:\/\/www.erresse-shop.it\/fr\/\",\"name\":\"Erresse Shop\",\"description\":\"Articoli di qualit\u00e0 per la casa\",\"potentialAction\":[{\"@type\":\"SearchAction\",\"target\":{\"@type\":\"EntryPoint\",\"urlTemplate\":\"https:\/\/www.erresse-shop.it\/fr\/?s={search_term_string}\"},\"query-input\":\"required name=search_term_string\"}],\"inLanguage\":\"fr-FR\"}]}<\/script>\n<!-- \/ Yoast SEO Premium plugin. -->","yoast_head_json":{"title":"YAXELL Super Gou Couteau de Chef 24 cm","description":"D\u00e9couvrez YAXELL Super Gou Couteau de Chef 24 cm sur ErresseShop. Qualit\u00e9, prix r\u00e9duits et achat s\u00e9curis\u00e9 \u2013 commandez d\u00e8s maintenant en ligne !","robots":{"index":"index","follow":"follow","max-snippet":"max-snippet:-1","max-image-preview":"max-image-preview:large","max-video-preview":"max-video-preview:-1"},"canonical":"https:\/\/www.erresse-shop.it\/fr\/shop\/cuisine\/couteaux\/yaxell-super-gou-couteau-de-chef-24-cm\/","og_locale":"fr_FR","og_type":"article","og_title":"YAXELL Super Gou Couteau de Chef 24 cm","og_description":"D\u00e9couvrez YAXELL Super Gou Couteau de Chef 24 cm sur ErresseShop. Qualit\u00e9, prix r\u00e9duits et achat s\u00e9curis\u00e9 \u2013 commandez d\u00e8s maintenant en ligne !","og_url":"https:\/\/www.erresse-shop.it\/fr\/shop\/cuisine\/couteaux\/yaxell-super-gou-couteau-de-chef-24-cm\/","og_site_name":"Erresse Shop","article_modified_time":"2025-01-14T08:35:03+00:00","og_image":[{"width":800,"height":800,"url":"https:\/\/www.erresse-shop.it\/wp-content\/uploads\/2023\/03\/YAXELL-Super-Gou-Coltello-Chef-24-cm.jpg","type":"image\/jpeg"}],"twitter_card":"summary_large_image","schema":{"@context":"https:\/\/schema.org","@graph":[{"@type":"WebPage","@id":"https:\/\/www.erresse-shop.it\/fr\/shop\/cuisine\/couteaux\/yaxell-super-gou-couteau-de-chef-24-cm\/","url":"https:\/\/www.erresse-shop.it\/fr\/shop\/cuisine\/couteaux\/yaxell-super-gou-couteau-de-chef-24-cm\/","name":"YAXELL Super Gou Couteau de Chef 24 cm","isPartOf":{"@id":"https:\/\/www.erresse-shop.it\/fr\/#website"},"datePublished":"2023-06-07T14:44:47+00:00","dateModified":"2025-01-14T08:35:03+00:00","description":"D\u00e9couvrez YAXELL Super Gou Couteau de Chef 24 cm sur ErresseShop. Qualit\u00e9, prix r\u00e9duits et achat s\u00e9curis\u00e9 \u2013 commandez d\u00e8s maintenant en ligne !","breadcrumb":{"@id":"https:\/\/www.erresse-shop.it\/fr\/shop\/cuisine\/couteaux\/yaxell-super-gou-couteau-de-chef-24-cm\/#breadcrumb"},"inLanguage":"fr-FR","potentialAction":[{"@type":"ReadAction","target":["https:\/\/www.erresse-shop.it\/fr\/shop\/cuisine\/couteaux\/yaxell-super-gou-couteau-de-chef-24-cm\/"]}]},{"@type":"BreadcrumbList","@id":"https:\/\/www.erresse-shop.it\/fr\/shop\/cuisine\/couteaux\/yaxell-super-gou-couteau-de-chef-24-cm\/#breadcrumb","itemListElement":[{"@type":"ListItem","position":1,"name":"Home","item":"https:\/\/www.erresse-shop.it\/fr\/"},{"@type":"ListItem","position":2,"name":"Shop","item":"https:\/\/www.erresse-shop.it\/fr\/shop\/"},{"@type":"ListItem","position":3,"name":"YAXELL Super Gou Couteau de Chef 24 cm"}]},{"@type":"WebSite","@id":"https:\/\/www.erresse-shop.it\/fr\/#website","url":"https:\/\/www.erresse-shop.it\/fr\/","name":"Erresse Shop","description":"Articoli di qualit\u00e0 per la casa","potentialAction":[{"@type":"SearchAction","target":{"@type":"EntryPoint","urlTemplate":"https:\/\/www.erresse-shop.it\/fr\/?s={search_term_string}"},"query-input":"required name=search_term_string"}],"inLanguage":"fr-FR"}]}},"df_price":431.20000000000005,"df_sale_price":431.20000000000005,"df_regular_price":539,"df_image_link":"https:\/\/www.erresse-shop.it\/wp-content\/uploads\/2023\/03\/YAXELL-Super-Gou-Coltello-Chef-24-cm-300x300.jpg","_links":{"self":[{"href":"https:\/\/www.erresse-shop.it\/fr\/wp-json\/wp\/v2\/product\/278580"}],"collection":[{"href":"https:\/\/www.erresse-shop.it\/fr\/wp-json\/wp\/v2\/product"}],"about":[{"href":"https:\/\/www.erresse-shop.it\/fr\/wp-json\/wp\/v2\/types\/product"}],"wp:featuredmedia":[{"embeddable":true,"href":"https:\/\/www.erresse-shop.it\/fr\/wp-json\/wp\/v2\/media\/278567"}],"wp:attachment":[{"href":"https:\/\/www.erresse-shop.it\/fr\/wp-json\/wp\/v2\/media?parent=278580"}],"wp:term":[{"taxonomy":"product_cat","embeddable":true,"href":"https:\/\/www.erresse-shop.it\/fr\/wp-json\/wp\/v2\/product_cat?post=278580"},{"taxonomy":"product_tag","embeddable":true,"href":"https:\/\/www.erresse-shop.it\/fr\/wp-json\/wp\/v2\/product_tag?post=278580"}],"curies":[{"name":"wp","href":"https:\/\/api.w.org\/{rel}","templated":true}]}}