{"id":271537,"date":"2023-05-16T12:02:24","date_gmt":"2023-05-16T12:02:30","guid":{"rendered":"https:\/\/www.erresse-shop.it\/?post_type=product&#038;p=271537"},"modified":"2025-04-25T09:40:07","modified_gmt":"2025-04-25T09:40:07","slug":"miyabi-5000-mcd-shotoh-13-cm","status":"publish","type":"product","link":"https:\/\/www.erresse-shop.it\/fr\/shop\/cuisine\/couteaux\/miyabi-5000-mcd-shotoh-13-cm\/","title":{"rendered":"MIYABI 5000 MCD Shotoh 13 cm"},"content":{"rendered":"<p>Le couteau SHOTOH de Miyabi est un outil de coupe petit mais fin, unique en son genre. D&#8217;une longueur de 13 cm, cette lame extra fine et robuste est id\u00e9ale pour couper, \u00e9plucher ou nettoyer les fruits et les l\u00e9gumes. L&#8217;aiguisage sym\u00e9trique Honbazuke de la lame lui conf\u00e8re un caract\u00e8re unique. Ce caract\u00e8re est renforc\u00e9 par le profil typiquement japonais de la lame, caract\u00e9ris\u00e9 par un tranchant sym\u00e9trique d&#8217;un angle de 19 degr\u00e9s. Le c\u0153ur de la lame est constitu\u00e9 de poudre d&#8217;acier micro-carbone MC63, envelopp\u00e9e de 100 couches de deux types d&#8217;acier inoxydable diff\u00e9rents, qui cr\u00e9ent le motif floral damasquin\u00e9 typique de la lame. C&#8217;est ce motif qui fait de ce couteau une \u0153uvre d&#8217;art unique. La lame en CRYODUR\u00ae a \u00e9t\u00e9 durcie \u00e0 -196 degr\u00e9s Celsius selon un proc\u00e9d\u00e9 sp\u00e9cialement d\u00e9velopp\u00e9 pour atteindre une duret\u00e9 remarquable d&#8217;environ 63 Rockwell, ce qui rend le couteau flexible et robuste et garantit une excellente tenue du tranchant. Le manche en bouleau Masur, d&#8217;une d\u00e9licate couleur brun clair, offre un contraste agr\u00e9able avec la luminosit\u00e9 de l&#8217;acier. Le grain et la structure sont uniques pour chaque couteau, et chaque pi\u00e8ce devient un \u00e9l\u00e9ment attrayant dans la cuisine. Le manche a une forme traditionnelle en D et est bien \u00e9quilibr\u00e9, ce qui permet un excellent contr\u00f4le pendant le travail. Le couteau SHOTOH MIYABI 5000MCD est l&#8217;outil id\u00e9al pour les meilleurs travaux de coupe.<\/p>\n<ul>\n<li>Noyau de la lame en acier \u00e0 poudre micro-carbone MC63 noy\u00e9 dans 100 couches d&#8217;acier pour une duret\u00e9 exceptionnelle d&#8217;environ 63 Rockwell (unit\u00e9 de mesure standard internationale de la duret\u00e9) et une r\u00e9tention exceptionnelle du tranchant.<\/li>\n<li>Les lames CRYODUR\u00ae tremp\u00e9es dans la glace offrent une r\u00e9tention exceptionnelle du tranchant, une r\u00e9sistance exceptionnelle \u00e0 la corrosion et une excellente flexibilit\u00e9 de la lame.<\/li>\n<li>Profil de lame authentiquement japonais<\/li>\n<li>La lame sym\u00e9trique avec le tranchant ultra aiguis\u00e9 Honbazuke garantit un tranchant incroyable.<\/li>\n<li>Manche traditionnel en bouleau Masur en &#8220;D&#8221; pour un \u00e9quilibre parfait, un contr\u00f4le optimal et une coupe infatigable.<\/li>\n<li>Manche traditionnel japonais en bouleau de Car\u00e9lie (Masur)<\/li>\n<li>Profil et talon arrondis<\/li>\n<li>Fabriqu\u00e9 \u00e0 la main \u00e0 Seki, Japon<\/li>\n<\/ul>\n<p><strong>CARACT\u00c9RISTIQUES<\/strong><\/p>\n<ul>\n<li>Couleur : brun<\/li>\n<li>Mat\u00e9riau : MC63<\/li>\n<li>Type de poign\u00e9e : cach\u00e9e<\/li>\n<li>Type de bord : lisse<\/li>\n<li>Finition des bords : Aff\u00fbtage Honbazuke<\/li>\n<li>M\u00e9thode de production : soud\u00e9e<\/li>\n<li>Duret\u00e9 de la lame (HRC) : 63 HRC<\/li>\n<li>Couleur du manche : brun<\/li>\n<li>Mat\u00e9riau du manche : bouleau<\/li>\n<\/ul>\n<p><strong>DIMENSIONS<\/strong><\/p>\n<ul>\n<li>Poids net : 0,07 kg<\/li>\n<li>Longueur du produit : 24,00 cm<\/li>\n<li>Largeur du produit : 1,70 cm<\/li>\n<li>Hauteur du produit : 3,20 cm<\/li>\n<li>Longueur de la lame : 12,70 cm<\/li>\n<li>Longueur de la poign\u00e9e : 11,00 cm<\/li>\n<li>Largeur de la poign\u00e9e : 1,70 cm<\/li>\n<li>Largeur de la lame : 0,10 cm<\/li>\n<li>\u00c9paisseur de la lame : 0,10 cm<\/li>\n<\/ul>\n","protected":false},"excerpt":{"rendered":"<p>Le couteau SHOTOH de Miyabi est un outil de coupe petit mais fin, unique en son genre. D&#8217;une longueur de<\/p>\n","protected":false},"featured_media":271546,"template":"","meta":{"_acf_changed":false,"inline_featured_image":false},"product_cat":[12742,14452,12748],"product_tag":[25026,12838,12839,25021,15801,24680,18449,15831,12824],"acf":[],"yoast_head":"<!-- This site is optimized with the Yoast SEO Premium plugin v18.6 (Yoast SEO v19.13) - https:\/\/yoast.com\/wordpress\/plugins\/seo\/ -->\n<title>MIYABI 5000 MCD Shotoh 13 cm<\/title>\n<meta name=\"description\" content=\"D\u00e9couvrez MIYABI 5000 MCD Shotoh 13 cm sur ErresseShop. Qualit\u00e9, prix r\u00e9duits et achat s\u00e9curis\u00e9 \u2013 commandez d\u00e8s maintenant en ligne !\" \/>\n<meta name=\"robots\" content=\"index, follow, max-snippet:-1, max-image-preview:large, max-video-preview:-1\" \/>\n<link rel=\"canonical\" href=\"https:\/\/www.erresse-shop.it\/fr\/shop\/cuisine\/couteaux\/miyabi-5000-mcd-shotoh-13-cm\/\" \/>\n<meta property=\"og:locale\" content=\"fr_FR\" \/>\n<meta property=\"og:type\" content=\"article\" \/>\n<meta property=\"og:title\" content=\"MIYABI 5000 MCD Shotoh 13 cm\" \/>\n<meta property=\"og:description\" content=\"D\u00e9couvrez MIYABI 5000 MCD Shotoh 13 cm sur ErresseShop. Qualit\u00e9, prix r\u00e9duits et achat s\u00e9curis\u00e9 \u2013 commandez d\u00e8s maintenant en ligne !\" \/>\n<meta property=\"og:url\" content=\"https:\/\/www.erresse-shop.it\/fr\/shop\/cuisine\/couteaux\/miyabi-5000-mcd-shotoh-13-cm\/\" \/>\n<meta property=\"og:site_name\" content=\"Erresse Shop\" \/>\n<meta property=\"article:modified_time\" content=\"2025-04-25T09:40:07+00:00\" \/>\n<meta property=\"og:image\" content=\"https:\/\/www.erresse-shop.it\/wp-content\/uploads\/2023\/05\/MIYABI-5000-MCD-Shotoh-13-cm.jpg\" \/>\n\t<meta property=\"og:image:width\" content=\"800\" \/>\n\t<meta property=\"og:image:height\" content=\"800\" \/>\n\t<meta property=\"og:image:type\" content=\"image\/jpeg\" \/>\n<meta name=\"twitter:card\" content=\"summary_large_image\" \/>\n<script type=\"application\/ld+json\" class=\"yoast-schema-graph\">{\"@context\":\"https:\/\/schema.org\",\"@graph\":[{\"@type\":\"WebPage\",\"@id\":\"https:\/\/www.erresse-shop.it\/fr\/shop\/cuisine\/couteaux\/miyabi-5000-mcd-shotoh-13-cm\/\",\"url\":\"https:\/\/www.erresse-shop.it\/fr\/shop\/cuisine\/couteaux\/miyabi-5000-mcd-shotoh-13-cm\/\",\"name\":\"MIYABI 5000 MCD Shotoh 13 cm\",\"isPartOf\":{\"@id\":\"https:\/\/www.erresse-shop.it\/fr\/#website\"},\"datePublished\":\"2023-05-16T12:02:30+00:00\",\"dateModified\":\"2025-04-25T09:40:07+00:00\",\"description\":\"D\u00e9couvrez MIYABI 5000 MCD Shotoh 13 cm sur ErresseShop. Qualit\u00e9, prix r\u00e9duits et achat s\u00e9curis\u00e9 \u2013 commandez d\u00e8s maintenant en ligne !\",\"breadcrumb\":{\"@id\":\"https:\/\/www.erresse-shop.it\/fr\/shop\/cuisine\/couteaux\/miyabi-5000-mcd-shotoh-13-cm\/#breadcrumb\"},\"inLanguage\":\"fr-FR\",\"potentialAction\":[{\"@type\":\"ReadAction\",\"target\":[\"https:\/\/www.erresse-shop.it\/fr\/shop\/cuisine\/couteaux\/miyabi-5000-mcd-shotoh-13-cm\/\"]}]},{\"@type\":\"BreadcrumbList\",\"@id\":\"https:\/\/www.erresse-shop.it\/fr\/shop\/cuisine\/couteaux\/miyabi-5000-mcd-shotoh-13-cm\/#breadcrumb\",\"itemListElement\":[{\"@type\":\"ListItem\",\"position\":1,\"name\":\"Home\",\"item\":\"https:\/\/www.erresse-shop.it\/fr\/\"},{\"@type\":\"ListItem\",\"position\":2,\"name\":\"Shop\",\"item\":\"https:\/\/www.erresse-shop.it\/fr\/shop\/\"},{\"@type\":\"ListItem\",\"position\":3,\"name\":\"MIYABI 5000 MCD Shotoh 13 cm\"}]},{\"@type\":\"WebSite\",\"@id\":\"https:\/\/www.erresse-shop.it\/fr\/#website\",\"url\":\"https:\/\/www.erresse-shop.it\/fr\/\",\"name\":\"Erresse Shop\",\"description\":\"Articoli di qualit\u00e0 per la casa\",\"potentialAction\":[{\"@type\":\"SearchAction\",\"target\":{\"@type\":\"EntryPoint\",\"urlTemplate\":\"https:\/\/www.erresse-shop.it\/fr\/?s={search_term_string}\"},\"query-input\":\"required name=search_term_string\"}],\"inLanguage\":\"fr-FR\"}]}<\/script>\n<!-- \/ Yoast SEO Premium plugin. -->","yoast_head_json":{"title":"MIYABI 5000 MCD Shotoh 13 cm","description":"D\u00e9couvrez MIYABI 5000 MCD Shotoh 13 cm sur ErresseShop. Qualit\u00e9, prix r\u00e9duits et achat s\u00e9curis\u00e9 \u2013 commandez d\u00e8s maintenant en ligne !","robots":{"index":"index","follow":"follow","max-snippet":"max-snippet:-1","max-image-preview":"max-image-preview:large","max-video-preview":"max-video-preview:-1"},"canonical":"https:\/\/www.erresse-shop.it\/fr\/shop\/cuisine\/couteaux\/miyabi-5000-mcd-shotoh-13-cm\/","og_locale":"fr_FR","og_type":"article","og_title":"MIYABI 5000 MCD Shotoh 13 cm","og_description":"D\u00e9couvrez MIYABI 5000 MCD Shotoh 13 cm sur ErresseShop. Qualit\u00e9, prix r\u00e9duits et achat s\u00e9curis\u00e9 \u2013 commandez d\u00e8s maintenant en ligne !","og_url":"https:\/\/www.erresse-shop.it\/fr\/shop\/cuisine\/couteaux\/miyabi-5000-mcd-shotoh-13-cm\/","og_site_name":"Erresse Shop","article_modified_time":"2025-04-25T09:40:07+00:00","og_image":[{"width":800,"height":800,"url":"https:\/\/www.erresse-shop.it\/wp-content\/uploads\/2023\/05\/MIYABI-5000-MCD-Shotoh-13-cm.jpg","type":"image\/jpeg"}],"twitter_card":"summary_large_image","schema":{"@context":"https:\/\/schema.org","@graph":[{"@type":"WebPage","@id":"https:\/\/www.erresse-shop.it\/fr\/shop\/cuisine\/couteaux\/miyabi-5000-mcd-shotoh-13-cm\/","url":"https:\/\/www.erresse-shop.it\/fr\/shop\/cuisine\/couteaux\/miyabi-5000-mcd-shotoh-13-cm\/","name":"MIYABI 5000 MCD Shotoh 13 cm","isPartOf":{"@id":"https:\/\/www.erresse-shop.it\/fr\/#website"},"datePublished":"2023-05-16T12:02:30+00:00","dateModified":"2025-04-25T09:40:07+00:00","description":"D\u00e9couvrez MIYABI 5000 MCD Shotoh 13 cm sur ErresseShop. Qualit\u00e9, prix r\u00e9duits et achat s\u00e9curis\u00e9 \u2013 commandez d\u00e8s maintenant en ligne !","breadcrumb":{"@id":"https:\/\/www.erresse-shop.it\/fr\/shop\/cuisine\/couteaux\/miyabi-5000-mcd-shotoh-13-cm\/#breadcrumb"},"inLanguage":"fr-FR","potentialAction":[{"@type":"ReadAction","target":["https:\/\/www.erresse-shop.it\/fr\/shop\/cuisine\/couteaux\/miyabi-5000-mcd-shotoh-13-cm\/"]}]},{"@type":"BreadcrumbList","@id":"https:\/\/www.erresse-shop.it\/fr\/shop\/cuisine\/couteaux\/miyabi-5000-mcd-shotoh-13-cm\/#breadcrumb","itemListElement":[{"@type":"ListItem","position":1,"name":"Home","item":"https:\/\/www.erresse-shop.it\/fr\/"},{"@type":"ListItem","position":2,"name":"Shop","item":"https:\/\/www.erresse-shop.it\/fr\/shop\/"},{"@type":"ListItem","position":3,"name":"MIYABI 5000 MCD Shotoh 13 cm"}]},{"@type":"WebSite","@id":"https:\/\/www.erresse-shop.it\/fr\/#website","url":"https:\/\/www.erresse-shop.it\/fr\/","name":"Erresse Shop","description":"Articoli di qualit\u00e0 per la casa","potentialAction":[{"@type":"SearchAction","target":{"@type":"EntryPoint","urlTemplate":"https:\/\/www.erresse-shop.it\/fr\/?s={search_term_string}"},"query-input":"required name=search_term_string"}],"inLanguage":"fr-FR"}]}},"df_price":169.95000000000002,"df_sale_price":169.95000000000002,"df_regular_price":309,"df_image_link":"https:\/\/www.erresse-shop.it\/wp-content\/uploads\/2023\/05\/MIYABI-5000-MCD-Shotoh-13-cm-300x300.jpg","_links":{"self":[{"href":"https:\/\/www.erresse-shop.it\/fr\/wp-json\/wp\/v2\/product\/271537"}],"collection":[{"href":"https:\/\/www.erresse-shop.it\/fr\/wp-json\/wp\/v2\/product"}],"about":[{"href":"https:\/\/www.erresse-shop.it\/fr\/wp-json\/wp\/v2\/types\/product"}],"wp:featuredmedia":[{"embeddable":true,"href":"https:\/\/www.erresse-shop.it\/fr\/wp-json\/wp\/v2\/media\/271546"}],"wp:attachment":[{"href":"https:\/\/www.erresse-shop.it\/fr\/wp-json\/wp\/v2\/media?parent=271537"}],"wp:term":[{"taxonomy":"product_cat","embeddable":true,"href":"https:\/\/www.erresse-shop.it\/fr\/wp-json\/wp\/v2\/product_cat?post=271537"},{"taxonomy":"product_tag","embeddable":true,"href":"https:\/\/www.erresse-shop.it\/fr\/wp-json\/wp\/v2\/product_tag?post=271537"}],"curies":[{"name":"wp","href":"https:\/\/api.w.org\/{rel}","templated":true}]}}