{"id":271300,"date":"2023-05-15T12:05:49","date_gmt":"2023-05-15T12:05:53","guid":{"rendered":"https:\/\/www.erresse-shop.it\/?post_type=product&#038;p=271300"},"modified":"2025-05-26T12:36:05","modified_gmt":"2025-05-26T12:36:05","slug":"cookut-panier-de-cuisson-a-la-vapeur-28-cm","status":"publish","type":"product","link":"https:\/\/www.erresse-shop.it\/fr\/shop\/poeles-pots\/marmites-et-cocottes-poeles-pots\/cookut-panier-de-cuisson-a-la-vapeur-28-cm\/","title":{"rendered":"COOKUT Panier de Cuisson \u00e0 la Vapeur 28 cm"},"content":{"rendered":"<p>Le panier vapeur doit \u00eatre plac\u00e9 sur la cocotte L&#8217;Incredibile. Il peut \u00eatre utilis\u00e9 sur 2 niveaux de cuisson avec le plateau vapeur \u00e0 placer sur le fond de la cocotte.<br \/>\nPr\u00e9parez des plats d\u00e9licieux, l\u00e9gers et sains avec ce panier vapeur en acier inoxydable. Il permet une cuisson douce et homog\u00e8ne qui pr\u00e9serve les saveurs et les bienfaits des l\u00e9gumes, poissons, papillotes sans perte de go\u00fbt.<\/p>\n<p>Ce panier vapeur peut se transformer en couscoussier gr\u00e2ce au tamis int\u00e9gr\u00e9. Id\u00e9al pour cuire la semoule et pr\u00e9parer un couscous savoureux.<\/p>\n<p>Le panier vapeur est fabriqu\u00e9 en acier inoxydable et est \u00e9quip\u00e9 de deux poign\u00e9es robustes pour une prise en main s\u00fbre et confortable.<\/p>\n<p>Peut \u00eatre lav\u00e9 au lave-vaisselle.<\/p>\n","protected":false},"excerpt":{"rendered":"<p>Le panier vapeur doit \u00eatre plac\u00e9 sur la cocotte L&#8217;Incredibile. Il peut \u00eatre utilis\u00e9 sur 2 niveaux de cuisson avec<\/p>\n","protected":false},"featured_media":271272,"template":"","meta":{"_acf_changed":false,"inline_featured_image":false},"product_cat":[12458,14792],"product_tag":[25036,20963,25021,12991],"acf":[],"yoast_head":"<!-- This site is optimized with the Yoast SEO Premium plugin v18.6 (Yoast SEO v19.13) - https:\/\/yoast.com\/wordpress\/plugins\/seo\/ -->\n<title>COOKUT Panier de Cuisson \u00e0 la Vapeur 28 cm<\/title>\n<meta name=\"description\" content=\"D\u00e9couvrez COOKUT Panier de Cuisson \u00e0 la Vapeur 28 cm sur ErresseShop. Qualit\u00e9, prix r\u00e9duits et achat s\u00e9curis\u00e9 \u2013 commandez d\u00e8s maintenant en ligne !\" \/>\n<meta name=\"robots\" content=\"index, follow, max-snippet:-1, max-image-preview:large, max-video-preview:-1\" \/>\n<link rel=\"canonical\" href=\"https:\/\/www.erresse-shop.it\/fr\/shop\/poeles-pots\/marmites-et-cocottes-poeles-pots\/cookut-panier-de-cuisson-a-la-vapeur-28-cm\/\" \/>\n<meta property=\"og:locale\" content=\"fr_FR\" \/>\n<meta property=\"og:type\" content=\"article\" \/>\n<meta property=\"og:title\" content=\"COOKUT Panier de Cuisson \u00e0 la Vapeur 28 cm\" \/>\n<meta property=\"og:description\" content=\"D\u00e9couvrez COOKUT Panier de Cuisson \u00e0 la Vapeur 28 cm sur ErresseShop. Qualit\u00e9, prix r\u00e9duits et achat s\u00e9curis\u00e9 \u2013 commandez d\u00e8s maintenant en ligne !\" \/>\n<meta property=\"og:url\" content=\"https:\/\/www.erresse-shop.it\/fr\/shop\/poeles-pots\/marmites-et-cocottes-poeles-pots\/cookut-panier-de-cuisson-a-la-vapeur-28-cm\/\" \/>\n<meta property=\"og:site_name\" content=\"Erresse Shop\" \/>\n<meta property=\"article:modified_time\" content=\"2025-05-26T12:36:05+00:00\" \/>\n<meta property=\"og:image\" content=\"https:\/\/www.erresse-shop.it\/wp-content\/uploads\/2023\/05\/COOKUT-Cestello-per-Cottura-a-Vapore-24-cm.jpg\" \/>\n\t<meta property=\"og:image:width\" content=\"800\" \/>\n\t<meta property=\"og:image:height\" content=\"800\" \/>\n\t<meta property=\"og:image:type\" content=\"image\/jpeg\" \/>\n<meta name=\"twitter:card\" content=\"summary_large_image\" \/>\n<script type=\"application\/ld+json\" class=\"yoast-schema-graph\">{\"@context\":\"https:\/\/schema.org\",\"@graph\":[{\"@type\":\"WebPage\",\"@id\":\"https:\/\/www.erresse-shop.it\/fr\/shop\/poeles-pots\/marmites-et-cocottes-poeles-pots\/cookut-panier-de-cuisson-a-la-vapeur-28-cm\/\",\"url\":\"https:\/\/www.erresse-shop.it\/fr\/shop\/poeles-pots\/marmites-et-cocottes-poeles-pots\/cookut-panier-de-cuisson-a-la-vapeur-28-cm\/\",\"name\":\"COOKUT Panier de Cuisson \u00e0 la Vapeur 28 cm\",\"isPartOf\":{\"@id\":\"https:\/\/www.erresse-shop.it\/fr\/#website\"},\"datePublished\":\"2023-05-15T12:05:53+00:00\",\"dateModified\":\"2025-05-26T12:36:05+00:00\",\"description\":\"D\u00e9couvrez COOKUT Panier de Cuisson \u00e0 la Vapeur 28 cm sur ErresseShop. Qualit\u00e9, prix r\u00e9duits et achat s\u00e9curis\u00e9 \u2013 commandez d\u00e8s maintenant en ligne !\",\"breadcrumb\":{\"@id\":\"https:\/\/www.erresse-shop.it\/fr\/shop\/poeles-pots\/marmites-et-cocottes-poeles-pots\/cookut-panier-de-cuisson-a-la-vapeur-28-cm\/#breadcrumb\"},\"inLanguage\":\"fr-FR\",\"potentialAction\":[{\"@type\":\"ReadAction\",\"target\":[\"https:\/\/www.erresse-shop.it\/fr\/shop\/poeles-pots\/marmites-et-cocottes-poeles-pots\/cookut-panier-de-cuisson-a-la-vapeur-28-cm\/\"]}]},{\"@type\":\"BreadcrumbList\",\"@id\":\"https:\/\/www.erresse-shop.it\/fr\/shop\/poeles-pots\/marmites-et-cocottes-poeles-pots\/cookut-panier-de-cuisson-a-la-vapeur-28-cm\/#breadcrumb\",\"itemListElement\":[{\"@type\":\"ListItem\",\"position\":1,\"name\":\"Home\",\"item\":\"https:\/\/www.erresse-shop.it\/fr\/\"},{\"@type\":\"ListItem\",\"position\":2,\"name\":\"Shop\",\"item\":\"https:\/\/www.erresse-shop.it\/fr\/shop\/\"},{\"@type\":\"ListItem\",\"position\":3,\"name\":\"COOKUT Panier de Cuisson \u00e0 la Vapeur 28 cm\"}]},{\"@type\":\"WebSite\",\"@id\":\"https:\/\/www.erresse-shop.it\/fr\/#website\",\"url\":\"https:\/\/www.erresse-shop.it\/fr\/\",\"name\":\"Erresse Shop\",\"description\":\"Articoli di qualit\u00e0 per la casa\",\"potentialAction\":[{\"@type\":\"SearchAction\",\"target\":{\"@type\":\"EntryPoint\",\"urlTemplate\":\"https:\/\/www.erresse-shop.it\/fr\/?s={search_term_string}\"},\"query-input\":\"required name=search_term_string\"}],\"inLanguage\":\"fr-FR\"}]}<\/script>\n<!-- \/ Yoast SEO Premium plugin. -->","yoast_head_json":{"title":"COOKUT Panier de Cuisson \u00e0 la Vapeur 28 cm","description":"D\u00e9couvrez COOKUT Panier de Cuisson \u00e0 la Vapeur 28 cm sur ErresseShop. Qualit\u00e9, prix r\u00e9duits et achat s\u00e9curis\u00e9 \u2013 commandez d\u00e8s maintenant en ligne !","robots":{"index":"index","follow":"follow","max-snippet":"max-snippet:-1","max-image-preview":"max-image-preview:large","max-video-preview":"max-video-preview:-1"},"canonical":"https:\/\/www.erresse-shop.it\/fr\/shop\/poeles-pots\/marmites-et-cocottes-poeles-pots\/cookut-panier-de-cuisson-a-la-vapeur-28-cm\/","og_locale":"fr_FR","og_type":"article","og_title":"COOKUT Panier de Cuisson \u00e0 la Vapeur 28 cm","og_description":"D\u00e9couvrez COOKUT Panier de Cuisson \u00e0 la Vapeur 28 cm sur ErresseShop. Qualit\u00e9, prix r\u00e9duits et achat s\u00e9curis\u00e9 \u2013 commandez d\u00e8s maintenant en ligne !","og_url":"https:\/\/www.erresse-shop.it\/fr\/shop\/poeles-pots\/marmites-et-cocottes-poeles-pots\/cookut-panier-de-cuisson-a-la-vapeur-28-cm\/","og_site_name":"Erresse Shop","article_modified_time":"2025-05-26T12:36:05+00:00","og_image":[{"width":800,"height":800,"url":"https:\/\/www.erresse-shop.it\/wp-content\/uploads\/2023\/05\/COOKUT-Cestello-per-Cottura-a-Vapore-24-cm.jpg","type":"image\/jpeg"}],"twitter_card":"summary_large_image","schema":{"@context":"https:\/\/schema.org","@graph":[{"@type":"WebPage","@id":"https:\/\/www.erresse-shop.it\/fr\/shop\/poeles-pots\/marmites-et-cocottes-poeles-pots\/cookut-panier-de-cuisson-a-la-vapeur-28-cm\/","url":"https:\/\/www.erresse-shop.it\/fr\/shop\/poeles-pots\/marmites-et-cocottes-poeles-pots\/cookut-panier-de-cuisson-a-la-vapeur-28-cm\/","name":"COOKUT Panier de Cuisson \u00e0 la Vapeur 28 cm","isPartOf":{"@id":"https:\/\/www.erresse-shop.it\/fr\/#website"},"datePublished":"2023-05-15T12:05:53+00:00","dateModified":"2025-05-26T12:36:05+00:00","description":"D\u00e9couvrez COOKUT Panier de Cuisson \u00e0 la Vapeur 28 cm sur ErresseShop. Qualit\u00e9, prix r\u00e9duits et achat s\u00e9curis\u00e9 \u2013 commandez d\u00e8s maintenant en ligne !","breadcrumb":{"@id":"https:\/\/www.erresse-shop.it\/fr\/shop\/poeles-pots\/marmites-et-cocottes-poeles-pots\/cookut-panier-de-cuisson-a-la-vapeur-28-cm\/#breadcrumb"},"inLanguage":"fr-FR","potentialAction":[{"@type":"ReadAction","target":["https:\/\/www.erresse-shop.it\/fr\/shop\/poeles-pots\/marmites-et-cocottes-poeles-pots\/cookut-panier-de-cuisson-a-la-vapeur-28-cm\/"]}]},{"@type":"BreadcrumbList","@id":"https:\/\/www.erresse-shop.it\/fr\/shop\/poeles-pots\/marmites-et-cocottes-poeles-pots\/cookut-panier-de-cuisson-a-la-vapeur-28-cm\/#breadcrumb","itemListElement":[{"@type":"ListItem","position":1,"name":"Home","item":"https:\/\/www.erresse-shop.it\/fr\/"},{"@type":"ListItem","position":2,"name":"Shop","item":"https:\/\/www.erresse-shop.it\/fr\/shop\/"},{"@type":"ListItem","position":3,"name":"COOKUT Panier de Cuisson \u00e0 la Vapeur 28 cm"}]},{"@type":"WebSite","@id":"https:\/\/www.erresse-shop.it\/fr\/#website","url":"https:\/\/www.erresse-shop.it\/fr\/","name":"Erresse Shop","description":"Articoli di qualit\u00e0 per la casa","potentialAction":[{"@type":"SearchAction","target":{"@type":"EntryPoint","urlTemplate":"https:\/\/www.erresse-shop.it\/fr\/?s={search_term_string}"},"query-input":"required name=search_term_string"}],"inLanguage":"fr-FR"}]}},"df_price":24.722500000000004,"df_sale_price":24.722500000000004,"df_regular_price":44.95,"df_image_link":"https:\/\/www.erresse-shop.it\/wp-content\/uploads\/2023\/05\/COOKUT-Cestello-per-Cottura-a-Vapore-24-cm-300x300.jpg","_links":{"self":[{"href":"https:\/\/www.erresse-shop.it\/fr\/wp-json\/wp\/v2\/product\/271300"}],"collection":[{"href":"https:\/\/www.erresse-shop.it\/fr\/wp-json\/wp\/v2\/product"}],"about":[{"href":"https:\/\/www.erresse-shop.it\/fr\/wp-json\/wp\/v2\/types\/product"}],"wp:featuredmedia":[{"embeddable":true,"href":"https:\/\/www.erresse-shop.it\/fr\/wp-json\/wp\/v2\/media\/271272"}],"wp:attachment":[{"href":"https:\/\/www.erresse-shop.it\/fr\/wp-json\/wp\/v2\/media?parent=271300"}],"wp:term":[{"taxonomy":"product_cat","embeddable":true,"href":"https:\/\/www.erresse-shop.it\/fr\/wp-json\/wp\/v2\/product_cat?post=271300"},{"taxonomy":"product_tag","embeddable":true,"href":"https:\/\/www.erresse-shop.it\/fr\/wp-json\/wp\/v2\/product_tag?post=271300"}],"curies":[{"name":"wp","href":"https:\/\/api.w.org\/{rel}","templated":true}]}}