{"id":270350,"date":"2023-05-12T14:04:10","date_gmt":"2023-05-12T14:04:14","guid":{"rendered":"https:\/\/www.erresse-shop.it\/?post_type=product&#038;p=270350"},"modified":"2025-01-14T08:29:42","modified_gmt":"2025-01-14T08:29:42","slug":"marcato-roue-a-pates-rose","status":"publish","type":"product","link":"https:\/\/www.erresse-shop.it\/fr\/shop\/cuisine\/outils\/marcato-roue-a-pates-rose\/","title":{"rendered":"MARCATO Roue \u00e0 P\u00e2tes Rose"},"content":{"rendered":"<p>La roue Pastawheel est un accessoire innovant et facile \u00e0 utiliser. La poign\u00e9e antid\u00e9rapante est en aluminium anodis\u00e9, ce qui prolonge la dur\u00e9e de vie de la roue. Le pivot central rend les trois roues rapidement interchangeables : en un clin d&#8217;\u0153il, vous pouvez passer d&#8217;une coupe lisse \u00e0 une coupe en zigzag \u00e9troite ou large.<\/p>\n<p>Caract\u00e9ristiques :<\/p>\n<ul>\n<li>3 coupes diff\u00e9rentes : coupe lisse, coupe en zigzag \u00e9troite ou large<\/li>\n<li>roues en r\u00e9sine ac\u00e9tal r\u00e9sistante de qualit\u00e9 alimentaire<\/li>\n<li>pour une d\u00e9coupe cr\u00e9ative de la p\u00e2te ou des biscuits<\/li>\n<\/ul>\n","protected":false},"excerpt":{"rendered":"<p>La roue Pastawheel est un accessoire innovant et facile \u00e0 utiliser. La poign\u00e9e antid\u00e9rapante est en aluminium anodis\u00e9, ce qui<\/p>\n","protected":false},"featured_media":270355,"template":"","meta":{"_acf_changed":false,"inline_featured_image":false},"product_cat":[12748,25333],"product_tag":[25026,25021],"acf":[],"yoast_head":"<!-- This site is optimized with the Yoast SEO Premium plugin v18.6 (Yoast SEO v19.13) - https:\/\/yoast.com\/wordpress\/plugins\/seo\/ -->\n<title>MARCATO Roue \u00e0 P\u00e2tes Rose<\/title>\n<meta name=\"description\" content=\"D\u00e9couvrez MARCATO Roue \u00e0 P\u00e2tes Rose sur ErresseShop. Qualit\u00e9, prix r\u00e9duits et achat s\u00e9curis\u00e9 \u2013 commandez d\u00e8s maintenant en ligne !\" \/>\n<meta name=\"robots\" content=\"index, follow, max-snippet:-1, max-image-preview:large, max-video-preview:-1\" \/>\n<link rel=\"canonical\" href=\"https:\/\/www.erresse-shop.it\/fr\/shop\/cuisine\/outils\/marcato-roue-a-pates-rose\/\" \/>\n<meta property=\"og:locale\" content=\"fr_FR\" \/>\n<meta property=\"og:type\" content=\"article\" \/>\n<meta property=\"og:title\" content=\"MARCATO Roue \u00e0 P\u00e2tes Rose\" \/>\n<meta property=\"og:description\" content=\"D\u00e9couvrez MARCATO Roue \u00e0 P\u00e2tes Rose sur ErresseShop. Qualit\u00e9, prix r\u00e9duits et achat s\u00e9curis\u00e9 \u2013 commandez d\u00e8s maintenant en ligne !\" \/>\n<meta property=\"og:url\" content=\"https:\/\/www.erresse-shop.it\/fr\/shop\/cuisine\/outils\/marcato-roue-a-pates-rose\/\" \/>\n<meta property=\"og:site_name\" content=\"Erresse Shop\" \/>\n<meta property=\"article:modified_time\" content=\"2025-01-14T08:29:42+00:00\" \/>\n<meta property=\"og:image\" content=\"https:\/\/www.erresse-shop.it\/wp-content\/uploads\/2023\/05\/MARCATO-Tagliapasta-Pasta-Wheel-Rosa.jpg\" \/>\n\t<meta property=\"og:image:width\" content=\"800\" \/>\n\t<meta property=\"og:image:height\" content=\"800\" \/>\n\t<meta property=\"og:image:type\" content=\"image\/jpeg\" \/>\n<meta name=\"twitter:card\" content=\"summary_large_image\" \/>\n<script type=\"application\/ld+json\" class=\"yoast-schema-graph\">{\"@context\":\"https:\/\/schema.org\",\"@graph\":[{\"@type\":\"WebPage\",\"@id\":\"https:\/\/www.erresse-shop.it\/fr\/shop\/cuisine\/outils\/marcato-roue-a-pates-rose\/\",\"url\":\"https:\/\/www.erresse-shop.it\/fr\/shop\/cuisine\/outils\/marcato-roue-a-pates-rose\/\",\"name\":\"MARCATO Roue \u00e0 P\u00e2tes Rose\",\"isPartOf\":{\"@id\":\"https:\/\/www.erresse-shop.it\/fr\/#website\"},\"datePublished\":\"2023-05-12T14:04:14+00:00\",\"dateModified\":\"2025-01-14T08:29:42+00:00\",\"description\":\"D\u00e9couvrez MARCATO Roue \u00e0 P\u00e2tes Rose sur ErresseShop. Qualit\u00e9, prix r\u00e9duits et achat s\u00e9curis\u00e9 \u2013 commandez d\u00e8s maintenant en ligne !\",\"breadcrumb\":{\"@id\":\"https:\/\/www.erresse-shop.it\/fr\/shop\/cuisine\/outils\/marcato-roue-a-pates-rose\/#breadcrumb\"},\"inLanguage\":\"fr-FR\",\"potentialAction\":[{\"@type\":\"ReadAction\",\"target\":[\"https:\/\/www.erresse-shop.it\/fr\/shop\/cuisine\/outils\/marcato-roue-a-pates-rose\/\"]}]},{\"@type\":\"BreadcrumbList\",\"@id\":\"https:\/\/www.erresse-shop.it\/fr\/shop\/cuisine\/outils\/marcato-roue-a-pates-rose\/#breadcrumb\",\"itemListElement\":[{\"@type\":\"ListItem\",\"position\":1,\"name\":\"Home\",\"item\":\"https:\/\/www.erresse-shop.it\/fr\/\"},{\"@type\":\"ListItem\",\"position\":2,\"name\":\"Shop\",\"item\":\"https:\/\/www.erresse-shop.it\/fr\/shop\/\"},{\"@type\":\"ListItem\",\"position\":3,\"name\":\"MARCATO Roue \u00e0 P\u00e2tes Rose\"}]},{\"@type\":\"WebSite\",\"@id\":\"https:\/\/www.erresse-shop.it\/fr\/#website\",\"url\":\"https:\/\/www.erresse-shop.it\/fr\/\",\"name\":\"Erresse Shop\",\"description\":\"Articoli di qualit\u00e0 per la casa\",\"potentialAction\":[{\"@type\":\"SearchAction\",\"target\":{\"@type\":\"EntryPoint\",\"urlTemplate\":\"https:\/\/www.erresse-shop.it\/fr\/?s={search_term_string}\"},\"query-input\":\"required name=search_term_string\"}],\"inLanguage\":\"fr-FR\"}]}<\/script>\n<!-- \/ Yoast SEO Premium plugin. -->","yoast_head_json":{"title":"MARCATO Roue \u00e0 P\u00e2tes Rose","description":"D\u00e9couvrez MARCATO Roue \u00e0 P\u00e2tes Rose sur ErresseShop. Qualit\u00e9, prix r\u00e9duits et achat s\u00e9curis\u00e9 \u2013 commandez d\u00e8s maintenant en ligne !","robots":{"index":"index","follow":"follow","max-snippet":"max-snippet:-1","max-image-preview":"max-image-preview:large","max-video-preview":"max-video-preview:-1"},"canonical":"https:\/\/www.erresse-shop.it\/fr\/shop\/cuisine\/outils\/marcato-roue-a-pates-rose\/","og_locale":"fr_FR","og_type":"article","og_title":"MARCATO Roue \u00e0 P\u00e2tes Rose","og_description":"D\u00e9couvrez MARCATO Roue \u00e0 P\u00e2tes Rose sur ErresseShop. Qualit\u00e9, prix r\u00e9duits et achat s\u00e9curis\u00e9 \u2013 commandez d\u00e8s maintenant en ligne !","og_url":"https:\/\/www.erresse-shop.it\/fr\/shop\/cuisine\/outils\/marcato-roue-a-pates-rose\/","og_site_name":"Erresse Shop","article_modified_time":"2025-01-14T08:29:42+00:00","og_image":[{"width":800,"height":800,"url":"https:\/\/www.erresse-shop.it\/wp-content\/uploads\/2023\/05\/MARCATO-Tagliapasta-Pasta-Wheel-Rosa.jpg","type":"image\/jpeg"}],"twitter_card":"summary_large_image","schema":{"@context":"https:\/\/schema.org","@graph":[{"@type":"WebPage","@id":"https:\/\/www.erresse-shop.it\/fr\/shop\/cuisine\/outils\/marcato-roue-a-pates-rose\/","url":"https:\/\/www.erresse-shop.it\/fr\/shop\/cuisine\/outils\/marcato-roue-a-pates-rose\/","name":"MARCATO Roue \u00e0 P\u00e2tes Rose","isPartOf":{"@id":"https:\/\/www.erresse-shop.it\/fr\/#website"},"datePublished":"2023-05-12T14:04:14+00:00","dateModified":"2025-01-14T08:29:42+00:00","description":"D\u00e9couvrez MARCATO Roue \u00e0 P\u00e2tes Rose sur ErresseShop. Qualit\u00e9, prix r\u00e9duits et achat s\u00e9curis\u00e9 \u2013 commandez d\u00e8s maintenant en ligne !","breadcrumb":{"@id":"https:\/\/www.erresse-shop.it\/fr\/shop\/cuisine\/outils\/marcato-roue-a-pates-rose\/#breadcrumb"},"inLanguage":"fr-FR","potentialAction":[{"@type":"ReadAction","target":["https:\/\/www.erresse-shop.it\/fr\/shop\/cuisine\/outils\/marcato-roue-a-pates-rose\/"]}]},{"@type":"BreadcrumbList","@id":"https:\/\/www.erresse-shop.it\/fr\/shop\/cuisine\/outils\/marcato-roue-a-pates-rose\/#breadcrumb","itemListElement":[{"@type":"ListItem","position":1,"name":"Home","item":"https:\/\/www.erresse-shop.it\/fr\/"},{"@type":"ListItem","position":2,"name":"Shop","item":"https:\/\/www.erresse-shop.it\/fr\/shop\/"},{"@type":"ListItem","position":3,"name":"MARCATO Roue \u00e0 P\u00e2tes Rose"}]},{"@type":"WebSite","@id":"https:\/\/www.erresse-shop.it\/fr\/#website","url":"https:\/\/www.erresse-shop.it\/fr\/","name":"Erresse Shop","description":"Articoli di qualit\u00e0 per la casa","potentialAction":[{"@type":"SearchAction","target":{"@type":"EntryPoint","urlTemplate":"https:\/\/www.erresse-shop.it\/fr\/?s={search_term_string}"},"query-input":"required name=search_term_string"}],"inLanguage":"fr-FR"}]}},"df_price":25.45,"df_sale_price":25.45,"df_regular_price":50.9,"df_image_link":"https:\/\/www.erresse-shop.it\/wp-content\/uploads\/2023\/05\/MARCATO-Tagliapasta-Pasta-Wheel-Rosa-300x300.jpg","_links":{"self":[{"href":"https:\/\/www.erresse-shop.it\/fr\/wp-json\/wp\/v2\/product\/270350"}],"collection":[{"href":"https:\/\/www.erresse-shop.it\/fr\/wp-json\/wp\/v2\/product"}],"about":[{"href":"https:\/\/www.erresse-shop.it\/fr\/wp-json\/wp\/v2\/types\/product"}],"wp:featuredmedia":[{"embeddable":true,"href":"https:\/\/www.erresse-shop.it\/fr\/wp-json\/wp\/v2\/media\/270355"}],"wp:attachment":[{"href":"https:\/\/www.erresse-shop.it\/fr\/wp-json\/wp\/v2\/media?parent=270350"}],"wp:term":[{"taxonomy":"product_cat","embeddable":true,"href":"https:\/\/www.erresse-shop.it\/fr\/wp-json\/wp\/v2\/product_cat?post=270350"},{"taxonomy":"product_tag","embeddable":true,"href":"https:\/\/www.erresse-shop.it\/fr\/wp-json\/wp\/v2\/product_tag?post=270350"}],"curies":[{"name":"wp","href":"https:\/\/api.w.org\/{rel}","templated":true}]}}