{"id":269232,"date":"2023-05-10T08:06:31","date_gmt":"2023-05-10T08:06:37","guid":{"rendered":"https:\/\/www.erresse-shop.it\/?post_type=product&#038;p=269232"},"modified":"2025-01-14T08:27:42","modified_gmt":"2025-01-14T08:27:42","slug":"vista-alegre-amazonia-petit-plat-ovale","status":"publish","type":"product","link":"https:\/\/www.erresse-shop.it\/fr\/shop\/table-fr-2\/plats\/plats-de-service\/vista-alegre-amazonia-petit-plat-ovale\/","title":{"rendered":"VISTA ALEGRE Amazonia Petit Plat Ovale"},"content":{"rendered":"<p>Petit Plat Ovale Amazonie. Inspir\u00e9e par le livre &#8220;Viagens Philosophicas&#8221; (Voyages philosophiques) du naturaliste Alexandre Rodrigues Ferreira, ainsi que par la faune, la flore et les habitants de l&#8217;Amaz\u014dnia d&#8217;aujourd&#8217;hui, cette collection, d\u00e9velopp\u00e9e en collaboration avec Ecoarts Amaz\u014dnia, r\u00e9unit pour la premi\u00e8re fois toutes les marques du groupe, \u00e0 savoir Vista Alegre, Casa Alegre et Bordallo Pinheiro.<\/p>\n<p>Mat\u00e9riau : Porcelaine<br \/>\nHauteur : 16 mm<br \/>\nLongueur : 337 mm<br \/>\nPoids : 1130 gr<br \/>\nRestrictions d&#8217;utilisation : Ne convient pas au micro-ondes. Pour le lave-vaisselle, des cycles courts \u00e0 basse temp\u00e9rature sont recommand\u00e9s. \u00c9viter l&#8217;utilisation fr\u00e9quente du lave-vaisselle.<\/p>\n","protected":false},"excerpt":{"rendered":"<p>Petit Plat Ovale Amazonie. Inspir\u00e9e par le livre &#8220;Viagens Philosophicas&#8221; (Voyages philosophiques) du naturaliste Alexandre Rodrigues Ferreira, ainsi que par<\/p>\n","protected":false},"featured_media":269247,"template":"","meta":{"_acf_changed":false,"inline_featured_image":false},"product_cat":[12789,12782],"product_tag":[25026,13169,25021,24680,14261,21958,22634,15793,24603],"acf":[],"yoast_head":"<!-- This site is optimized with the Yoast SEO Premium plugin v18.6 (Yoast SEO v19.13) - https:\/\/yoast.com\/wordpress\/plugins\/seo\/ -->\n<title>VISTA ALEGRE Amazonia Petit Plat Ovale<\/title>\n<meta name=\"description\" content=\"D\u00e9couvrez VISTA ALEGRE Amazonia Petit Plat Ovale sur ErresseShop. Qualit\u00e9, prix r\u00e9duits et achat s\u00e9curis\u00e9 \u2013 commandez d\u00e8s maintenant en ligne !\" \/>\n<meta name=\"robots\" content=\"index, follow, max-snippet:-1, max-image-preview:large, max-video-preview:-1\" \/>\n<link rel=\"canonical\" href=\"https:\/\/www.erresse-shop.it\/fr\/shop\/table-fr-2\/plats\/plats-de-service\/vista-alegre-amazonia-petit-plat-ovale\/\" \/>\n<meta property=\"og:locale\" content=\"fr_FR\" \/>\n<meta property=\"og:type\" content=\"article\" \/>\n<meta property=\"og:title\" content=\"VISTA ALEGRE Amazonia Petit Plat Ovale\" \/>\n<meta property=\"og:description\" content=\"D\u00e9couvrez VISTA ALEGRE Amazonia Petit Plat Ovale sur ErresseShop. Qualit\u00e9, prix r\u00e9duits et achat s\u00e9curis\u00e9 \u2013 commandez d\u00e8s maintenant en ligne !\" \/>\n<meta property=\"og:url\" content=\"https:\/\/www.erresse-shop.it\/fr\/shop\/table-fr-2\/plats\/plats-de-service\/vista-alegre-amazonia-petit-plat-ovale\/\" \/>\n<meta property=\"og:site_name\" content=\"Erresse Shop\" \/>\n<meta property=\"article:modified_time\" content=\"2025-01-14T08:27:42+00:00\" \/>\n<meta property=\"og:image\" content=\"https:\/\/www.erresse-shop.it\/wp-content\/uploads\/2023\/05\/VISTA-ALEGRE-Amazonia-Piatto-Ovale-Piccolo.jpg\" \/>\n\t<meta property=\"og:image:width\" content=\"800\" \/>\n\t<meta property=\"og:image:height\" content=\"800\" \/>\n\t<meta property=\"og:image:type\" content=\"image\/jpeg\" \/>\n<meta name=\"twitter:card\" content=\"summary_large_image\" \/>\n<script type=\"application\/ld+json\" class=\"yoast-schema-graph\">{\"@context\":\"https:\/\/schema.org\",\"@graph\":[{\"@type\":\"WebPage\",\"@id\":\"https:\/\/www.erresse-shop.it\/fr\/shop\/table-fr-2\/plats\/plats-de-service\/vista-alegre-amazonia-petit-plat-ovale\/\",\"url\":\"https:\/\/www.erresse-shop.it\/fr\/shop\/table-fr-2\/plats\/plats-de-service\/vista-alegre-amazonia-petit-plat-ovale\/\",\"name\":\"VISTA ALEGRE Amazonia Petit Plat Ovale\",\"isPartOf\":{\"@id\":\"https:\/\/www.erresse-shop.it\/fr\/#website\"},\"datePublished\":\"2023-05-10T08:06:37+00:00\",\"dateModified\":\"2025-01-14T08:27:42+00:00\",\"description\":\"D\u00e9couvrez VISTA ALEGRE Amazonia Petit Plat Ovale sur ErresseShop. Qualit\u00e9, prix r\u00e9duits et achat s\u00e9curis\u00e9 \u2013 commandez d\u00e8s maintenant en ligne !\",\"breadcrumb\":{\"@id\":\"https:\/\/www.erresse-shop.it\/fr\/shop\/table-fr-2\/plats\/plats-de-service\/vista-alegre-amazonia-petit-plat-ovale\/#breadcrumb\"},\"inLanguage\":\"fr-FR\",\"potentialAction\":[{\"@type\":\"ReadAction\",\"target\":[\"https:\/\/www.erresse-shop.it\/fr\/shop\/table-fr-2\/plats\/plats-de-service\/vista-alegre-amazonia-petit-plat-ovale\/\"]}]},{\"@type\":\"BreadcrumbList\",\"@id\":\"https:\/\/www.erresse-shop.it\/fr\/shop\/table-fr-2\/plats\/plats-de-service\/vista-alegre-amazonia-petit-plat-ovale\/#breadcrumb\",\"itemListElement\":[{\"@type\":\"ListItem\",\"position\":1,\"name\":\"Home\",\"item\":\"https:\/\/www.erresse-shop.it\/fr\/\"},{\"@type\":\"ListItem\",\"position\":2,\"name\":\"Shop\",\"item\":\"https:\/\/www.erresse-shop.it\/fr\/shop\/\"},{\"@type\":\"ListItem\",\"position\":3,\"name\":\"VISTA ALEGRE Amazonia Petit Plat Ovale\"}]},{\"@type\":\"WebSite\",\"@id\":\"https:\/\/www.erresse-shop.it\/fr\/#website\",\"url\":\"https:\/\/www.erresse-shop.it\/fr\/\",\"name\":\"Erresse Shop\",\"description\":\"Articoli di qualit\u00e0 per la casa\",\"potentialAction\":[{\"@type\":\"SearchAction\",\"target\":{\"@type\":\"EntryPoint\",\"urlTemplate\":\"https:\/\/www.erresse-shop.it\/fr\/?s={search_term_string}\"},\"query-input\":\"required name=search_term_string\"}],\"inLanguage\":\"fr-FR\"}]}<\/script>\n<!-- \/ Yoast SEO Premium plugin. -->","yoast_head_json":{"title":"VISTA ALEGRE Amazonia Petit Plat Ovale","description":"D\u00e9couvrez VISTA ALEGRE Amazonia Petit Plat Ovale sur ErresseShop. Qualit\u00e9, prix r\u00e9duits et achat s\u00e9curis\u00e9 \u2013 commandez d\u00e8s maintenant en ligne !","robots":{"index":"index","follow":"follow","max-snippet":"max-snippet:-1","max-image-preview":"max-image-preview:large","max-video-preview":"max-video-preview:-1"},"canonical":"https:\/\/www.erresse-shop.it\/fr\/shop\/table-fr-2\/plats\/plats-de-service\/vista-alegre-amazonia-petit-plat-ovale\/","og_locale":"fr_FR","og_type":"article","og_title":"VISTA ALEGRE Amazonia Petit Plat Ovale","og_description":"D\u00e9couvrez VISTA ALEGRE Amazonia Petit Plat Ovale sur ErresseShop. Qualit\u00e9, prix r\u00e9duits et achat s\u00e9curis\u00e9 \u2013 commandez d\u00e8s maintenant en ligne !","og_url":"https:\/\/www.erresse-shop.it\/fr\/shop\/table-fr-2\/plats\/plats-de-service\/vista-alegre-amazonia-petit-plat-ovale\/","og_site_name":"Erresse Shop","article_modified_time":"2025-01-14T08:27:42+00:00","og_image":[{"width":800,"height":800,"url":"https:\/\/www.erresse-shop.it\/wp-content\/uploads\/2023\/05\/VISTA-ALEGRE-Amazonia-Piatto-Ovale-Piccolo.jpg","type":"image\/jpeg"}],"twitter_card":"summary_large_image","schema":{"@context":"https:\/\/schema.org","@graph":[{"@type":"WebPage","@id":"https:\/\/www.erresse-shop.it\/fr\/shop\/table-fr-2\/plats\/plats-de-service\/vista-alegre-amazonia-petit-plat-ovale\/","url":"https:\/\/www.erresse-shop.it\/fr\/shop\/table-fr-2\/plats\/plats-de-service\/vista-alegre-amazonia-petit-plat-ovale\/","name":"VISTA ALEGRE Amazonia Petit Plat Ovale","isPartOf":{"@id":"https:\/\/www.erresse-shop.it\/fr\/#website"},"datePublished":"2023-05-10T08:06:37+00:00","dateModified":"2025-01-14T08:27:42+00:00","description":"D\u00e9couvrez VISTA ALEGRE Amazonia Petit Plat Ovale sur ErresseShop. Qualit\u00e9, prix r\u00e9duits et achat s\u00e9curis\u00e9 \u2013 commandez d\u00e8s maintenant en ligne !","breadcrumb":{"@id":"https:\/\/www.erresse-shop.it\/fr\/shop\/table-fr-2\/plats\/plats-de-service\/vista-alegre-amazonia-petit-plat-ovale\/#breadcrumb"},"inLanguage":"fr-FR","potentialAction":[{"@type":"ReadAction","target":["https:\/\/www.erresse-shop.it\/fr\/shop\/table-fr-2\/plats\/plats-de-service\/vista-alegre-amazonia-petit-plat-ovale\/"]}]},{"@type":"BreadcrumbList","@id":"https:\/\/www.erresse-shop.it\/fr\/shop\/table-fr-2\/plats\/plats-de-service\/vista-alegre-amazonia-petit-plat-ovale\/#breadcrumb","itemListElement":[{"@type":"ListItem","position":1,"name":"Home","item":"https:\/\/www.erresse-shop.it\/fr\/"},{"@type":"ListItem","position":2,"name":"Shop","item":"https:\/\/www.erresse-shop.it\/fr\/shop\/"},{"@type":"ListItem","position":3,"name":"VISTA ALEGRE Amazonia Petit Plat Ovale"}]},{"@type":"WebSite","@id":"https:\/\/www.erresse-shop.it\/fr\/#website","url":"https:\/\/www.erresse-shop.it\/fr\/","name":"Erresse Shop","description":"Articoli di qualit\u00e0 per la casa","potentialAction":[{"@type":"SearchAction","target":{"@type":"EntryPoint","urlTemplate":"https:\/\/www.erresse-shop.it\/fr\/?s={search_term_string}"},"query-input":"required name=search_term_string"}],"inLanguage":"fr-FR"}]}},"df_price":40.050000000000004,"df_sale_price":40.050000000000004,"df_regular_price":89,"df_image_link":"https:\/\/www.erresse-shop.it\/wp-content\/uploads\/2023\/05\/VISTA-ALEGRE-Amazonia-Piatto-Ovale-Piccolo-300x300.jpg","_links":{"self":[{"href":"https:\/\/www.erresse-shop.it\/fr\/wp-json\/wp\/v2\/product\/269232"}],"collection":[{"href":"https:\/\/www.erresse-shop.it\/fr\/wp-json\/wp\/v2\/product"}],"about":[{"href":"https:\/\/www.erresse-shop.it\/fr\/wp-json\/wp\/v2\/types\/product"}],"wp:featuredmedia":[{"embeddable":true,"href":"https:\/\/www.erresse-shop.it\/fr\/wp-json\/wp\/v2\/media\/269247"}],"wp:attachment":[{"href":"https:\/\/www.erresse-shop.it\/fr\/wp-json\/wp\/v2\/media?parent=269232"}],"wp:term":[{"taxonomy":"product_cat","embeddable":true,"href":"https:\/\/www.erresse-shop.it\/fr\/wp-json\/wp\/v2\/product_cat?post=269232"},{"taxonomy":"product_tag","embeddable":true,"href":"https:\/\/www.erresse-shop.it\/fr\/wp-json\/wp\/v2\/product_tag?post=269232"}],"curies":[{"name":"wp","href":"https:\/\/api.w.org\/{rel}","templated":true}]}}