{"id":268828,"date":"2023-05-09T14:16:31","date_gmt":"2023-05-09T14:16:36","guid":{"rendered":"https:\/\/www.erresse-shop.it\/?post_type=product&#038;p=268828"},"modified":"2025-01-14T08:27:04","modified_gmt":"2025-01-14T08:27:04","slug":"vista-alegre-amazonia-centre-de-table-43-cm","status":"publish","type":"product","link":"https:\/\/www.erresse-shop.it\/fr\/shop\/table-fr-2\/plateaux\/vista-alegre-amazonia-centre-de-table-43-cm\/","title":{"rendered":"VISTA ALEGRE Amazonia Centre de Table 43 cm"},"content":{"rendered":"<p>Centre de Table Amazonie. Inspir\u00e9e par le livre &#8220;Viagens Philosophicas&#8221; (Voyages philosophiques) du naturaliste Alexandre Rodrigues Ferreira, ainsi que par la faune, la flore et les habitants de l&#8217;Amaz\u014dnia d&#8217;aujourd&#8217;hui, cette collection, d\u00e9velopp\u00e9e en collaboration avec Ecoarts Amaz\u014dnia, r\u00e9unit pour la premi\u00e8re fois toutes les marques du groupe, \u00e0 savoir Vista Alegre, Casa Alegre et Bordallo Pinheiro.<\/p>\n<p>Mat\u00e9riau : Porcelaine<br \/>\nHauteur : 34 mm<br \/>\nLongueur : 171 mm<br \/>\nPoids : 478 gr<br \/>\nRestrictions d&#8217;utilisation : Ne convient pas au micro-ondes. Pour le lave-vaisselle, des cycles courts \u00e0 basse temp\u00e9rature sont recommand\u00e9s. \u00c9viter l&#8217;utilisation fr\u00e9quente du lave-vaisselle.<\/p>\n","protected":false},"excerpt":{"rendered":"<p>Centre de Table Amazonie. Inspir\u00e9e par le livre &#8220;Viagens Philosophicas&#8221; (Voyages philosophiques) du naturaliste Alexandre Rodrigues Ferreira, ainsi que par<\/p>\n","protected":false},"featured_media":268832,"template":"","meta":{"_acf_changed":false,"inline_featured_image":false},"product_cat":[12792,12782],"product_tag":[25026,25021,24680,24603],"acf":[],"yoast_head":"<!-- This site is optimized with the Yoast SEO Premium plugin v18.6 (Yoast SEO v19.13) - https:\/\/yoast.com\/wordpress\/plugins\/seo\/ -->\n<title>VISTA ALEGRE Amazonia Centre de Table 43 cm<\/title>\n<meta name=\"description\" content=\"D\u00e9couvrez VISTA ALEGRE Amazonia Centre de Table 43 cm sur ErresseShop. Qualit\u00e9, prix r\u00e9duits et achat s\u00e9curis\u00e9 \u2013 commandez d\u00e8s maintenant en ligne !\" \/>\n<meta name=\"robots\" content=\"index, follow, max-snippet:-1, max-image-preview:large, max-video-preview:-1\" \/>\n<link rel=\"canonical\" href=\"https:\/\/www.erresse-shop.it\/fr\/shop\/table-fr-2\/plateaux\/vista-alegre-amazonia-centre-de-table-43-cm\/\" \/>\n<meta property=\"og:locale\" content=\"fr_FR\" \/>\n<meta property=\"og:type\" content=\"article\" \/>\n<meta property=\"og:title\" content=\"VISTA ALEGRE Amazonia Centre de Table 43 cm\" \/>\n<meta property=\"og:description\" content=\"D\u00e9couvrez VISTA ALEGRE Amazonia Centre de Table 43 cm sur ErresseShop. Qualit\u00e9, prix r\u00e9duits et achat s\u00e9curis\u00e9 \u2013 commandez d\u00e8s maintenant en ligne !\" \/>\n<meta property=\"og:url\" content=\"https:\/\/www.erresse-shop.it\/fr\/shop\/table-fr-2\/plateaux\/vista-alegre-amazonia-centre-de-table-43-cm\/\" \/>\n<meta property=\"og:site_name\" content=\"Erresse Shop\" \/>\n<meta property=\"article:modified_time\" content=\"2025-01-14T08:27:04+00:00\" \/>\n<meta property=\"og:image\" content=\"https:\/\/www.erresse-shop.it\/wp-content\/uploads\/2023\/05\/VISTA-ALEGRE-Amazonia-Centrotavola-43-cm-2.jpg\" \/>\n\t<meta property=\"og:image:width\" content=\"800\" \/>\n\t<meta property=\"og:image:height\" content=\"800\" \/>\n\t<meta property=\"og:image:type\" content=\"image\/jpeg\" \/>\n<meta name=\"twitter:card\" content=\"summary_large_image\" \/>\n<script type=\"application\/ld+json\" class=\"yoast-schema-graph\">{\"@context\":\"https:\/\/schema.org\",\"@graph\":[{\"@type\":\"WebPage\",\"@id\":\"https:\/\/www.erresse-shop.it\/fr\/shop\/table-fr-2\/plateaux\/vista-alegre-amazonia-centre-de-table-43-cm\/\",\"url\":\"https:\/\/www.erresse-shop.it\/fr\/shop\/table-fr-2\/plateaux\/vista-alegre-amazonia-centre-de-table-43-cm\/\",\"name\":\"VISTA ALEGRE Amazonia Centre de Table 43 cm\",\"isPartOf\":{\"@id\":\"https:\/\/www.erresse-shop.it\/fr\/#website\"},\"datePublished\":\"2023-05-09T14:16:36+00:00\",\"dateModified\":\"2025-01-14T08:27:04+00:00\",\"description\":\"D\u00e9couvrez VISTA ALEGRE Amazonia Centre de Table 43 cm sur ErresseShop. Qualit\u00e9, prix r\u00e9duits et achat s\u00e9curis\u00e9 \u2013 commandez d\u00e8s maintenant en ligne !\",\"breadcrumb\":{\"@id\":\"https:\/\/www.erresse-shop.it\/fr\/shop\/table-fr-2\/plateaux\/vista-alegre-amazonia-centre-de-table-43-cm\/#breadcrumb\"},\"inLanguage\":\"fr-FR\",\"potentialAction\":[{\"@type\":\"ReadAction\",\"target\":[\"https:\/\/www.erresse-shop.it\/fr\/shop\/table-fr-2\/plateaux\/vista-alegre-amazonia-centre-de-table-43-cm\/\"]}]},{\"@type\":\"BreadcrumbList\",\"@id\":\"https:\/\/www.erresse-shop.it\/fr\/shop\/table-fr-2\/plateaux\/vista-alegre-amazonia-centre-de-table-43-cm\/#breadcrumb\",\"itemListElement\":[{\"@type\":\"ListItem\",\"position\":1,\"name\":\"Home\",\"item\":\"https:\/\/www.erresse-shop.it\/fr\/\"},{\"@type\":\"ListItem\",\"position\":2,\"name\":\"Shop\",\"item\":\"https:\/\/www.erresse-shop.it\/fr\/shop\/\"},{\"@type\":\"ListItem\",\"position\":3,\"name\":\"VISTA ALEGRE Amazonia Centre de Table 43 cm\"}]},{\"@type\":\"WebSite\",\"@id\":\"https:\/\/www.erresse-shop.it\/fr\/#website\",\"url\":\"https:\/\/www.erresse-shop.it\/fr\/\",\"name\":\"Erresse Shop\",\"description\":\"Articoli di qualit\u00e0 per la casa\",\"potentialAction\":[{\"@type\":\"SearchAction\",\"target\":{\"@type\":\"EntryPoint\",\"urlTemplate\":\"https:\/\/www.erresse-shop.it\/fr\/?s={search_term_string}\"},\"query-input\":\"required name=search_term_string\"}],\"inLanguage\":\"fr-FR\"}]}<\/script>\n<!-- \/ Yoast SEO Premium plugin. -->","yoast_head_json":{"title":"VISTA ALEGRE Amazonia Centre de Table 43 cm","description":"D\u00e9couvrez VISTA ALEGRE Amazonia Centre de Table 43 cm sur ErresseShop. Qualit\u00e9, prix r\u00e9duits et achat s\u00e9curis\u00e9 \u2013 commandez d\u00e8s maintenant en ligne !","robots":{"index":"index","follow":"follow","max-snippet":"max-snippet:-1","max-image-preview":"max-image-preview:large","max-video-preview":"max-video-preview:-1"},"canonical":"https:\/\/www.erresse-shop.it\/fr\/shop\/table-fr-2\/plateaux\/vista-alegre-amazonia-centre-de-table-43-cm\/","og_locale":"fr_FR","og_type":"article","og_title":"VISTA ALEGRE Amazonia Centre de Table 43 cm","og_description":"D\u00e9couvrez VISTA ALEGRE Amazonia Centre de Table 43 cm sur ErresseShop. Qualit\u00e9, prix r\u00e9duits et achat s\u00e9curis\u00e9 \u2013 commandez d\u00e8s maintenant en ligne !","og_url":"https:\/\/www.erresse-shop.it\/fr\/shop\/table-fr-2\/plateaux\/vista-alegre-amazonia-centre-de-table-43-cm\/","og_site_name":"Erresse Shop","article_modified_time":"2025-01-14T08:27:04+00:00","og_image":[{"width":800,"height":800,"url":"https:\/\/www.erresse-shop.it\/wp-content\/uploads\/2023\/05\/VISTA-ALEGRE-Amazonia-Centrotavola-43-cm-2.jpg","type":"image\/jpeg"}],"twitter_card":"summary_large_image","schema":{"@context":"https:\/\/schema.org","@graph":[{"@type":"WebPage","@id":"https:\/\/www.erresse-shop.it\/fr\/shop\/table-fr-2\/plateaux\/vista-alegre-amazonia-centre-de-table-43-cm\/","url":"https:\/\/www.erresse-shop.it\/fr\/shop\/table-fr-2\/plateaux\/vista-alegre-amazonia-centre-de-table-43-cm\/","name":"VISTA ALEGRE Amazonia Centre de Table 43 cm","isPartOf":{"@id":"https:\/\/www.erresse-shop.it\/fr\/#website"},"datePublished":"2023-05-09T14:16:36+00:00","dateModified":"2025-01-14T08:27:04+00:00","description":"D\u00e9couvrez VISTA ALEGRE Amazonia Centre de Table 43 cm sur ErresseShop. Qualit\u00e9, prix r\u00e9duits et achat s\u00e9curis\u00e9 \u2013 commandez d\u00e8s maintenant en ligne !","breadcrumb":{"@id":"https:\/\/www.erresse-shop.it\/fr\/shop\/table-fr-2\/plateaux\/vista-alegre-amazonia-centre-de-table-43-cm\/#breadcrumb"},"inLanguage":"fr-FR","potentialAction":[{"@type":"ReadAction","target":["https:\/\/www.erresse-shop.it\/fr\/shop\/table-fr-2\/plateaux\/vista-alegre-amazonia-centre-de-table-43-cm\/"]}]},{"@type":"BreadcrumbList","@id":"https:\/\/www.erresse-shop.it\/fr\/shop\/table-fr-2\/plateaux\/vista-alegre-amazonia-centre-de-table-43-cm\/#breadcrumb","itemListElement":[{"@type":"ListItem","position":1,"name":"Home","item":"https:\/\/www.erresse-shop.it\/fr\/"},{"@type":"ListItem","position":2,"name":"Shop","item":"https:\/\/www.erresse-shop.it\/fr\/shop\/"},{"@type":"ListItem","position":3,"name":"VISTA ALEGRE Amazonia Centre de Table 43 cm"}]},{"@type":"WebSite","@id":"https:\/\/www.erresse-shop.it\/fr\/#website","url":"https:\/\/www.erresse-shop.it\/fr\/","name":"Erresse Shop","description":"Articoli di qualit\u00e0 per la casa","potentialAction":[{"@type":"SearchAction","target":{"@type":"EntryPoint","urlTemplate":"https:\/\/www.erresse-shop.it\/fr\/?s={search_term_string}"},"query-input":"required name=search_term_string"}],"inLanguage":"fr-FR"}]}},"df_price":266.40000000000003,"df_sale_price":266.40000000000003,"df_regular_price":592,"df_image_link":"https:\/\/www.erresse-shop.it\/wp-content\/uploads\/2023\/05\/VISTA-ALEGRE-Amazonia-Centrotavola-43-cm-2-300x300.jpg","_links":{"self":[{"href":"https:\/\/www.erresse-shop.it\/fr\/wp-json\/wp\/v2\/product\/268828"}],"collection":[{"href":"https:\/\/www.erresse-shop.it\/fr\/wp-json\/wp\/v2\/product"}],"about":[{"href":"https:\/\/www.erresse-shop.it\/fr\/wp-json\/wp\/v2\/types\/product"}],"wp:featuredmedia":[{"embeddable":true,"href":"https:\/\/www.erresse-shop.it\/fr\/wp-json\/wp\/v2\/media\/268832"}],"wp:attachment":[{"href":"https:\/\/www.erresse-shop.it\/fr\/wp-json\/wp\/v2\/media?parent=268828"}],"wp:term":[{"taxonomy":"product_cat","embeddable":true,"href":"https:\/\/www.erresse-shop.it\/fr\/wp-json\/wp\/v2\/product_cat?post=268828"},{"taxonomy":"product_tag","embeddable":true,"href":"https:\/\/www.erresse-shop.it\/fr\/wp-json\/wp\/v2\/product_tag?post=268828"}],"curies":[{"name":"wp","href":"https:\/\/api.w.org\/{rel}","templated":true}]}}