{"id":268144,"date":"2023-05-08T13:40:07","date_gmt":"2023-05-08T13:40:12","guid":{"rendered":"https:\/\/www.erresse-shop.it\/?post_type=product&#038;p=268144"},"modified":"2025-01-14T08:25:01","modified_gmt":"2025-01-14T08:25:01","slug":"vista-alegre-dux-set-2-verres-old-fashion","status":"publish","type":"product","link":"https:\/\/www.erresse-shop.it\/fr\/shop\/table-fr-2\/carafes-bouteilles\/vista-alegre-dux-set-2-verres-old-fashion\/","title":{"rendered":"VISTA ALEGRE Dux Set 2 Verres Old Fashion"},"content":{"rendered":"<p>Set 2 Dux \u00e0 l&#8217;ancienne.<br \/>\nLe mot latin dux signifie chef, et ce sens du commandement et de l&#8217;audace est \u00e0 l&#8217;origine de la cr\u00e9ation de cette pi\u00e8ce unique.<br \/>\nFabriqu\u00e9 en cristal et en or, d\u00e9cor\u00e9 et peint \u00e0 la main.<\/p>\n<p>Type de produit : Cristal 30<br \/>\nLargeur : 106 mm<br \/>\nLongueur : 109 mm<br \/>\nPoids : 930 gr<br \/>\nRestrictions d&#8217;utilisation : Ne convient pas au micro-ondes. Ne convient pas au lave-vaisselle.<\/p>\n","protected":false},"excerpt":{"rendered":"<p>Set 2 Dux \u00e0 l&#8217;ancienne. Le mot latin dux signifie chef, et ce sens du commandement et de l&#8217;audace est<\/p>\n","protected":false},"featured_media":268153,"template":"","meta":{"_acf_changed":false,"inline_featured_image":false},"product_cat":[12785,12782],"product_tag":[25026,14413,25021,24680,15730,22555],"acf":[],"yoast_head":"<!-- This site is optimized with the Yoast SEO Premium plugin v18.6 (Yoast SEO v19.13) - https:\/\/yoast.com\/wordpress\/plugins\/seo\/ -->\n<title>VISTA ALEGRE Dux Set 2 Verres Old Fashion<\/title>\n<meta name=\"description\" content=\"D\u00e9couvrez VISTA ALEGRE Dux Set 2 Verres Old Fashion sur ErresseShop. Qualit\u00e9, prix r\u00e9duits et achat s\u00e9curis\u00e9 \u2013 commandez d\u00e8s maintenant en ligne !\" \/>\n<meta name=\"robots\" content=\"index, follow, max-snippet:-1, max-image-preview:large, max-video-preview:-1\" \/>\n<link rel=\"canonical\" href=\"https:\/\/www.erresse-shop.it\/fr\/shop\/table-fr-2\/carafes-bouteilles\/vista-alegre-dux-set-2-verres-old-fashion\/\" \/>\n<meta property=\"og:locale\" content=\"fr_FR\" \/>\n<meta property=\"og:type\" content=\"article\" \/>\n<meta property=\"og:title\" content=\"VISTA ALEGRE Dux Set 2 Verres Old Fashion\" \/>\n<meta property=\"og:description\" content=\"D\u00e9couvrez VISTA ALEGRE Dux Set 2 Verres Old Fashion sur ErresseShop. Qualit\u00e9, prix r\u00e9duits et achat s\u00e9curis\u00e9 \u2013 commandez d\u00e8s maintenant en ligne !\" \/>\n<meta property=\"og:url\" content=\"https:\/\/www.erresse-shop.it\/fr\/shop\/table-fr-2\/carafes-bouteilles\/vista-alegre-dux-set-2-verres-old-fashion\/\" \/>\n<meta property=\"og:site_name\" content=\"Erresse Shop\" \/>\n<meta property=\"article:modified_time\" content=\"2025-01-14T08:25:01+00:00\" \/>\n<meta property=\"og:image\" content=\"https:\/\/www.erresse-shop.it\/wp-content\/uploads\/2023\/05\/VISTA-ALEGRE-Dux-Set-2-Bicchieri-Old-Fashion.jpg\" \/>\n\t<meta property=\"og:image:width\" content=\"800\" \/>\n\t<meta property=\"og:image:height\" content=\"800\" \/>\n\t<meta property=\"og:image:type\" content=\"image\/jpeg\" \/>\n<meta name=\"twitter:card\" content=\"summary_large_image\" \/>\n<script type=\"application\/ld+json\" class=\"yoast-schema-graph\">{\"@context\":\"https:\/\/schema.org\",\"@graph\":[{\"@type\":\"WebPage\",\"@id\":\"https:\/\/www.erresse-shop.it\/fr\/shop\/table-fr-2\/carafes-bouteilles\/vista-alegre-dux-set-2-verres-old-fashion\/\",\"url\":\"https:\/\/www.erresse-shop.it\/fr\/shop\/table-fr-2\/carafes-bouteilles\/vista-alegre-dux-set-2-verres-old-fashion\/\",\"name\":\"VISTA ALEGRE Dux Set 2 Verres Old Fashion\",\"isPartOf\":{\"@id\":\"https:\/\/www.erresse-shop.it\/fr\/#website\"},\"datePublished\":\"2023-05-08T13:40:12+00:00\",\"dateModified\":\"2025-01-14T08:25:01+00:00\",\"description\":\"D\u00e9couvrez VISTA ALEGRE Dux Set 2 Verres Old Fashion sur ErresseShop. Qualit\u00e9, prix r\u00e9duits et achat s\u00e9curis\u00e9 \u2013 commandez d\u00e8s maintenant en ligne !\",\"breadcrumb\":{\"@id\":\"https:\/\/www.erresse-shop.it\/fr\/shop\/table-fr-2\/carafes-bouteilles\/vista-alegre-dux-set-2-verres-old-fashion\/#breadcrumb\"},\"inLanguage\":\"fr-FR\",\"potentialAction\":[{\"@type\":\"ReadAction\",\"target\":[\"https:\/\/www.erresse-shop.it\/fr\/shop\/table-fr-2\/carafes-bouteilles\/vista-alegre-dux-set-2-verres-old-fashion\/\"]}]},{\"@type\":\"BreadcrumbList\",\"@id\":\"https:\/\/www.erresse-shop.it\/fr\/shop\/table-fr-2\/carafes-bouteilles\/vista-alegre-dux-set-2-verres-old-fashion\/#breadcrumb\",\"itemListElement\":[{\"@type\":\"ListItem\",\"position\":1,\"name\":\"Home\",\"item\":\"https:\/\/www.erresse-shop.it\/fr\/\"},{\"@type\":\"ListItem\",\"position\":2,\"name\":\"Shop\",\"item\":\"https:\/\/www.erresse-shop.it\/fr\/shop\/\"},{\"@type\":\"ListItem\",\"position\":3,\"name\":\"VISTA ALEGRE Dux Set 2 Verres Old Fashion\"}]},{\"@type\":\"WebSite\",\"@id\":\"https:\/\/www.erresse-shop.it\/fr\/#website\",\"url\":\"https:\/\/www.erresse-shop.it\/fr\/\",\"name\":\"Erresse Shop\",\"description\":\"Articoli di qualit\u00e0 per la casa\",\"potentialAction\":[{\"@type\":\"SearchAction\",\"target\":{\"@type\":\"EntryPoint\",\"urlTemplate\":\"https:\/\/www.erresse-shop.it\/fr\/?s={search_term_string}\"},\"query-input\":\"required name=search_term_string\"}],\"inLanguage\":\"fr-FR\"}]}<\/script>\n<!-- \/ Yoast SEO Premium plugin. -->","yoast_head_json":{"title":"VISTA ALEGRE Dux Set 2 Verres Old Fashion","description":"D\u00e9couvrez VISTA ALEGRE Dux Set 2 Verres Old Fashion sur ErresseShop. Qualit\u00e9, prix r\u00e9duits et achat s\u00e9curis\u00e9 \u2013 commandez d\u00e8s maintenant en ligne !","robots":{"index":"index","follow":"follow","max-snippet":"max-snippet:-1","max-image-preview":"max-image-preview:large","max-video-preview":"max-video-preview:-1"},"canonical":"https:\/\/www.erresse-shop.it\/fr\/shop\/table-fr-2\/carafes-bouteilles\/vista-alegre-dux-set-2-verres-old-fashion\/","og_locale":"fr_FR","og_type":"article","og_title":"VISTA ALEGRE Dux Set 2 Verres Old Fashion","og_description":"D\u00e9couvrez VISTA ALEGRE Dux Set 2 Verres Old Fashion sur ErresseShop. Qualit\u00e9, prix r\u00e9duits et achat s\u00e9curis\u00e9 \u2013 commandez d\u00e8s maintenant en ligne !","og_url":"https:\/\/www.erresse-shop.it\/fr\/shop\/table-fr-2\/carafes-bouteilles\/vista-alegre-dux-set-2-verres-old-fashion\/","og_site_name":"Erresse Shop","article_modified_time":"2025-01-14T08:25:01+00:00","og_image":[{"width":800,"height":800,"url":"https:\/\/www.erresse-shop.it\/wp-content\/uploads\/2023\/05\/VISTA-ALEGRE-Dux-Set-2-Bicchieri-Old-Fashion.jpg","type":"image\/jpeg"}],"twitter_card":"summary_large_image","schema":{"@context":"https:\/\/schema.org","@graph":[{"@type":"WebPage","@id":"https:\/\/www.erresse-shop.it\/fr\/shop\/table-fr-2\/carafes-bouteilles\/vista-alegre-dux-set-2-verres-old-fashion\/","url":"https:\/\/www.erresse-shop.it\/fr\/shop\/table-fr-2\/carafes-bouteilles\/vista-alegre-dux-set-2-verres-old-fashion\/","name":"VISTA ALEGRE Dux Set 2 Verres Old Fashion","isPartOf":{"@id":"https:\/\/www.erresse-shop.it\/fr\/#website"},"datePublished":"2023-05-08T13:40:12+00:00","dateModified":"2025-01-14T08:25:01+00:00","description":"D\u00e9couvrez VISTA ALEGRE Dux Set 2 Verres Old Fashion sur ErresseShop. Qualit\u00e9, prix r\u00e9duits et achat s\u00e9curis\u00e9 \u2013 commandez d\u00e8s maintenant en ligne !","breadcrumb":{"@id":"https:\/\/www.erresse-shop.it\/fr\/shop\/table-fr-2\/carafes-bouteilles\/vista-alegre-dux-set-2-verres-old-fashion\/#breadcrumb"},"inLanguage":"fr-FR","potentialAction":[{"@type":"ReadAction","target":["https:\/\/www.erresse-shop.it\/fr\/shop\/table-fr-2\/carafes-bouteilles\/vista-alegre-dux-set-2-verres-old-fashion\/"]}]},{"@type":"BreadcrumbList","@id":"https:\/\/www.erresse-shop.it\/fr\/shop\/table-fr-2\/carafes-bouteilles\/vista-alegre-dux-set-2-verres-old-fashion\/#breadcrumb","itemListElement":[{"@type":"ListItem","position":1,"name":"Home","item":"https:\/\/www.erresse-shop.it\/fr\/"},{"@type":"ListItem","position":2,"name":"Shop","item":"https:\/\/www.erresse-shop.it\/fr\/shop\/"},{"@type":"ListItem","position":3,"name":"VISTA ALEGRE Dux Set 2 Verres Old Fashion"}]},{"@type":"WebSite","@id":"https:\/\/www.erresse-shop.it\/fr\/#website","url":"https:\/\/www.erresse-shop.it\/fr\/","name":"Erresse Shop","description":"Articoli di qualit\u00e0 per la casa","potentialAction":[{"@type":"SearchAction","target":{"@type":"EntryPoint","urlTemplate":"https:\/\/www.erresse-shop.it\/fr\/?s={search_term_string}"},"query-input":"required name=search_term_string"}],"inLanguage":"fr-FR"}]}},"df_price":99,"df_sale_price":99,"df_regular_price":220,"df_image_link":"https:\/\/www.erresse-shop.it\/wp-content\/uploads\/2023\/05\/VISTA-ALEGRE-Dux-Set-2-Bicchieri-Old-Fashion-300x300.jpg","_links":{"self":[{"href":"https:\/\/www.erresse-shop.it\/fr\/wp-json\/wp\/v2\/product\/268144"}],"collection":[{"href":"https:\/\/www.erresse-shop.it\/fr\/wp-json\/wp\/v2\/product"}],"about":[{"href":"https:\/\/www.erresse-shop.it\/fr\/wp-json\/wp\/v2\/types\/product"}],"wp:featuredmedia":[{"embeddable":true,"href":"https:\/\/www.erresse-shop.it\/fr\/wp-json\/wp\/v2\/media\/268153"}],"wp:attachment":[{"href":"https:\/\/www.erresse-shop.it\/fr\/wp-json\/wp\/v2\/media?parent=268144"}],"wp:term":[{"taxonomy":"product_cat","embeddable":true,"href":"https:\/\/www.erresse-shop.it\/fr\/wp-json\/wp\/v2\/product_cat?post=268144"},{"taxonomy":"product_tag","embeddable":true,"href":"https:\/\/www.erresse-shop.it\/fr\/wp-json\/wp\/v2\/product_tag?post=268144"}],"curies":[{"name":"wp","href":"https:\/\/api.w.org\/{rel}","templated":true}]}}