{"id":267868,"date":"2023-05-08T09:00:59","date_gmt":"2023-05-08T09:01:05","guid":{"rendered":"https:\/\/www.erresse-shop.it\/?post_type=product&#038;p=267868"},"modified":"2025-01-14T08:23:56","modified_gmt":"2025-01-14T08:23:56","slug":"emile-henry-grande-rotissoire-rectangulaire-argile-2","status":"publish","type":"product","link":"https:\/\/www.erresse-shop.it\/fr\/shop\/poeles-pots\/plats-et-casseroles-a-four\/emile-henry-grande-rotissoire-rectangulaire-argile-2\/","title":{"rendered":"EMILE HENRY Grande R\u00f4tissoire Rectangulaire Argile"},"content":{"rendered":"<p>Apportez une touche d\u00e9licate \u00e0 la cr\u00e9ation, \u00e0 la cuisson et \u00e0 la pr\u00e9sentation \u00e0 table de vos lasagnes, gratins et r\u00f4tis avec la R\u00f4tissoire Rectangulaire Emile Henry. En c\u00e9ramique HR\u00ae (Haute R\u00e9sistance), elle diffuse la chaleur de fa\u00e7on homog\u00e8ne, permettant une cuisson parfaite et naturelle des aliments jusqu&#8217;au centre. Elle peut \u00eatre sortie directement du cong\u00e9lateur et plac\u00e9e dans un four chaud jusqu&#8217;\u00e0 270\u00b0C ou sous le grill. L&#8217;\u00e9mail tr\u00e8s r\u00e9sistant prot\u00e8ge le plat des rayures et des \u00e9clats et peut \u00eatre lav\u00e9 r\u00e9guli\u00e8rement au lave-vaisselle sans perdre sa couleur. La forme g\u00e9n\u00e9reuse et \u00e9l\u00e9gante offre un m\u00e9lange de tradition et de modernit\u00e9, et ce plat Emile Henry deviendra vite un indispensable de la cuisine pour tous vos besoins culinaires.<br \/>\nFabriqu\u00e9 en France<\/p>\n<p>Garantie 10 ans<\/p>\n<p><strong>Longueur \/ Diam\u00e8tre :<\/strong> 42,5 cm<br \/>\n<strong>Largeur :<\/strong> 28 cm<br \/>\n<strong>Hauteur :<\/strong> 8,5 cm<br \/>\n<strong>Poids :<\/strong> 2,6 kg<\/p>\n","protected":false},"excerpt":{"rendered":"<p><br data-mce-bogus=\"1\"><\/p>\n","protected":false},"featured_media":267857,"template":"","meta":{"_acf_changed":false,"inline_featured_image":false},"product_cat":[12458,14805],"product_tag":[15900,14570,19085,17108],"acf":[],"yoast_head":"<!-- This site is optimized with the Yoast SEO Premium plugin v18.6 (Yoast SEO v19.13) - https:\/\/yoast.com\/wordpress\/plugins\/seo\/ -->\n<title>EMILE HENRY Grande R\u00f4tissoire Rectangulaire Argile<\/title>\n<meta name=\"description\" content=\"D\u00e9couvrez EMILE HENRY Grande R\u00f4tissoire Rectangulaire Argile sur ErresseShop. Qualit\u00e9, prix r\u00e9duits et achat s\u00e9curis\u00e9 \u2013 commandez d\u00e8s maintenant en ligne !\" \/>\n<meta name=\"robots\" content=\"index, follow, max-snippet:-1, max-image-preview:large, max-video-preview:-1\" \/>\n<link rel=\"canonical\" href=\"https:\/\/www.erresse-shop.it\/fr\/shop\/poeles-pots\/plats-et-casseroles-a-four\/emile-henry-grande-rotissoire-rectangulaire-argile-2\/\" \/>\n<meta property=\"og:locale\" content=\"fr_FR\" \/>\n<meta property=\"og:type\" content=\"article\" \/>\n<meta property=\"og:title\" content=\"EMILE HENRY Grande R\u00f4tissoire Rectangulaire Argile\" \/>\n<meta property=\"og:description\" content=\"D\u00e9couvrez EMILE HENRY Grande R\u00f4tissoire Rectangulaire Argile sur ErresseShop. Qualit\u00e9, prix r\u00e9duits et achat s\u00e9curis\u00e9 \u2013 commandez d\u00e8s maintenant en ligne !\" \/>\n<meta property=\"og:url\" content=\"https:\/\/www.erresse-shop.it\/fr\/shop\/poeles-pots\/plats-et-casseroles-a-four\/emile-henry-grande-rotissoire-rectangulaire-argile-2\/\" \/>\n<meta property=\"og:site_name\" content=\"Erresse Shop\" \/>\n<meta property=\"article:modified_time\" content=\"2025-01-14T08:23:56+00:00\" \/>\n<meta property=\"og:image\" content=\"https:\/\/www.erresse-shop.it\/wp-content\/uploads\/2023\/05\/EMILE-HENRY-Pirofila-Media-Rettangolare-Argile.jpg\" \/>\n\t<meta property=\"og:image:width\" content=\"800\" \/>\n\t<meta property=\"og:image:height\" content=\"800\" \/>\n\t<meta property=\"og:image:type\" content=\"image\/jpeg\" \/>\n<meta name=\"twitter:card\" content=\"summary_large_image\" \/>\n<script type=\"application\/ld+json\" class=\"yoast-schema-graph\">{\"@context\":\"https:\/\/schema.org\",\"@graph\":[{\"@type\":\"WebPage\",\"@id\":\"https:\/\/www.erresse-shop.it\/fr\/shop\/poeles-pots\/plats-et-casseroles-a-four\/emile-henry-grande-rotissoire-rectangulaire-argile-2\/\",\"url\":\"https:\/\/www.erresse-shop.it\/fr\/shop\/poeles-pots\/plats-et-casseroles-a-four\/emile-henry-grande-rotissoire-rectangulaire-argile-2\/\",\"name\":\"EMILE HENRY Grande R\u00f4tissoire Rectangulaire Argile\",\"isPartOf\":{\"@id\":\"https:\/\/www.erresse-shop.it\/fr\/#website\"},\"datePublished\":\"2023-05-08T09:01:05+00:00\",\"dateModified\":\"2025-01-14T08:23:56+00:00\",\"description\":\"D\u00e9couvrez EMILE HENRY Grande R\u00f4tissoire Rectangulaire Argile sur ErresseShop. Qualit\u00e9, prix r\u00e9duits et achat s\u00e9curis\u00e9 \u2013 commandez d\u00e8s maintenant en ligne !\",\"breadcrumb\":{\"@id\":\"https:\/\/www.erresse-shop.it\/fr\/shop\/poeles-pots\/plats-et-casseroles-a-four\/emile-henry-grande-rotissoire-rectangulaire-argile-2\/#breadcrumb\"},\"inLanguage\":\"fr-FR\",\"potentialAction\":[{\"@type\":\"ReadAction\",\"target\":[\"https:\/\/www.erresse-shop.it\/fr\/shop\/poeles-pots\/plats-et-casseroles-a-four\/emile-henry-grande-rotissoire-rectangulaire-argile-2\/\"]}]},{\"@type\":\"BreadcrumbList\",\"@id\":\"https:\/\/www.erresse-shop.it\/fr\/shop\/poeles-pots\/plats-et-casseroles-a-four\/emile-henry-grande-rotissoire-rectangulaire-argile-2\/#breadcrumb\",\"itemListElement\":[{\"@type\":\"ListItem\",\"position\":1,\"name\":\"Home\",\"item\":\"https:\/\/www.erresse-shop.it\/fr\/\"},{\"@type\":\"ListItem\",\"position\":2,\"name\":\"Shop\",\"item\":\"https:\/\/www.erresse-shop.it\/fr\/shop\/\"},{\"@type\":\"ListItem\",\"position\":3,\"name\":\"EMILE HENRY Grande R\u00f4tissoire Rectangulaire Argile\"}]},{\"@type\":\"WebSite\",\"@id\":\"https:\/\/www.erresse-shop.it\/fr\/#website\",\"url\":\"https:\/\/www.erresse-shop.it\/fr\/\",\"name\":\"Erresse Shop\",\"description\":\"Articoli di qualit\u00e0 per la casa\",\"potentialAction\":[{\"@type\":\"SearchAction\",\"target\":{\"@type\":\"EntryPoint\",\"urlTemplate\":\"https:\/\/www.erresse-shop.it\/fr\/?s={search_term_string}\"},\"query-input\":\"required name=search_term_string\"}],\"inLanguage\":\"fr-FR\"}]}<\/script>\n<!-- \/ Yoast SEO Premium plugin. -->","yoast_head_json":{"title":"EMILE HENRY Grande R\u00f4tissoire Rectangulaire Argile","description":"D\u00e9couvrez EMILE HENRY Grande R\u00f4tissoire Rectangulaire Argile sur ErresseShop. Qualit\u00e9, prix r\u00e9duits et achat s\u00e9curis\u00e9 \u2013 commandez d\u00e8s maintenant en ligne !","robots":{"index":"index","follow":"follow","max-snippet":"max-snippet:-1","max-image-preview":"max-image-preview:large","max-video-preview":"max-video-preview:-1"},"canonical":"https:\/\/www.erresse-shop.it\/fr\/shop\/poeles-pots\/plats-et-casseroles-a-four\/emile-henry-grande-rotissoire-rectangulaire-argile-2\/","og_locale":"fr_FR","og_type":"article","og_title":"EMILE HENRY Grande R\u00f4tissoire Rectangulaire Argile","og_description":"D\u00e9couvrez EMILE HENRY Grande R\u00f4tissoire Rectangulaire Argile sur ErresseShop. Qualit\u00e9, prix r\u00e9duits et achat s\u00e9curis\u00e9 \u2013 commandez d\u00e8s maintenant en ligne !","og_url":"https:\/\/www.erresse-shop.it\/fr\/shop\/poeles-pots\/plats-et-casseroles-a-four\/emile-henry-grande-rotissoire-rectangulaire-argile-2\/","og_site_name":"Erresse Shop","article_modified_time":"2025-01-14T08:23:56+00:00","og_image":[{"width":800,"height":800,"url":"https:\/\/www.erresse-shop.it\/wp-content\/uploads\/2023\/05\/EMILE-HENRY-Pirofila-Media-Rettangolare-Argile.jpg","type":"image\/jpeg"}],"twitter_card":"summary_large_image","schema":{"@context":"https:\/\/schema.org","@graph":[{"@type":"WebPage","@id":"https:\/\/www.erresse-shop.it\/fr\/shop\/poeles-pots\/plats-et-casseroles-a-four\/emile-henry-grande-rotissoire-rectangulaire-argile-2\/","url":"https:\/\/www.erresse-shop.it\/fr\/shop\/poeles-pots\/plats-et-casseroles-a-four\/emile-henry-grande-rotissoire-rectangulaire-argile-2\/","name":"EMILE HENRY Grande R\u00f4tissoire Rectangulaire Argile","isPartOf":{"@id":"https:\/\/www.erresse-shop.it\/fr\/#website"},"datePublished":"2023-05-08T09:01:05+00:00","dateModified":"2025-01-14T08:23:56+00:00","description":"D\u00e9couvrez EMILE HENRY Grande R\u00f4tissoire Rectangulaire Argile sur ErresseShop. Qualit\u00e9, prix r\u00e9duits et achat s\u00e9curis\u00e9 \u2013 commandez d\u00e8s maintenant en ligne !","breadcrumb":{"@id":"https:\/\/www.erresse-shop.it\/fr\/shop\/poeles-pots\/plats-et-casseroles-a-four\/emile-henry-grande-rotissoire-rectangulaire-argile-2\/#breadcrumb"},"inLanguage":"fr-FR","potentialAction":[{"@type":"ReadAction","target":["https:\/\/www.erresse-shop.it\/fr\/shop\/poeles-pots\/plats-et-casseroles-a-four\/emile-henry-grande-rotissoire-rectangulaire-argile-2\/"]}]},{"@type":"BreadcrumbList","@id":"https:\/\/www.erresse-shop.it\/fr\/shop\/poeles-pots\/plats-et-casseroles-a-four\/emile-henry-grande-rotissoire-rectangulaire-argile-2\/#breadcrumb","itemListElement":[{"@type":"ListItem","position":1,"name":"Home","item":"https:\/\/www.erresse-shop.it\/fr\/"},{"@type":"ListItem","position":2,"name":"Shop","item":"https:\/\/www.erresse-shop.it\/fr\/shop\/"},{"@type":"ListItem","position":3,"name":"EMILE HENRY Grande R\u00f4tissoire Rectangulaire Argile"}]},{"@type":"WebSite","@id":"https:\/\/www.erresse-shop.it\/fr\/#website","url":"https:\/\/www.erresse-shop.it\/fr\/","name":"Erresse Shop","description":"Articoli di qualit\u00e0 per la casa","potentialAction":[{"@type":"SearchAction","target":{"@type":"EntryPoint","urlTemplate":"https:\/\/www.erresse-shop.it\/fr\/?s={search_term_string}"},"query-input":"required name=search_term_string"}],"inLanguage":"fr-FR"}]}},"df_price":56.550000000000004,"df_sale_price":56.550000000000004,"df_regular_price":72.5,"df_image_link":"https:\/\/www.erresse-shop.it\/wp-content\/uploads\/2023\/05\/EMILE-HENRY-Pirofila-Media-Rettangolare-Argile-300x300.jpg","_links":{"self":[{"href":"https:\/\/www.erresse-shop.it\/fr\/wp-json\/wp\/v2\/product\/267868"}],"collection":[{"href":"https:\/\/www.erresse-shop.it\/fr\/wp-json\/wp\/v2\/product"}],"about":[{"href":"https:\/\/www.erresse-shop.it\/fr\/wp-json\/wp\/v2\/types\/product"}],"wp:featuredmedia":[{"embeddable":true,"href":"https:\/\/www.erresse-shop.it\/fr\/wp-json\/wp\/v2\/media\/267857"}],"wp:attachment":[{"href":"https:\/\/www.erresse-shop.it\/fr\/wp-json\/wp\/v2\/media?parent=267868"}],"wp:term":[{"taxonomy":"product_cat","embeddable":true,"href":"https:\/\/www.erresse-shop.it\/fr\/wp-json\/wp\/v2\/product_cat?post=267868"},{"taxonomy":"product_tag","embeddable":true,"href":"https:\/\/www.erresse-shop.it\/fr\/wp-json\/wp\/v2\/product_tag?post=267868"}],"curies":[{"name":"wp","href":"https:\/\/api.w.org\/{rel}","templated":true}]}}