{"id":264818,"date":"2023-04-28T10:52:42","date_gmt":"2023-04-28T10:52:47","guid":{"rendered":"https:\/\/www.erresse-shop.it\/?post_type=product&#038;p=264818"},"modified":"2025-01-14T08:22:18","modified_gmt":"2025-01-14T08:22:18","slug":"seletti-toiletpaper-miroir-avec-cadre-dore-mains-avec-serpents","status":"publish","type":"product","link":"https:\/\/www.erresse-shop.it\/fr\/shop\/ameublement-maison\/objets-de-decoration\/seletti-toiletpaper-miroir-avec-cadre-dore-mains-avec-serpents\/","title":{"rendered":"SELETTI Toiletpaper Miroir avec Cadre Dor\u00e9 Mains avec Serpents"},"content":{"rendered":"<p>Une s\u00e9rie de miroirs d\u00e9cor\u00e9s avec certaines des images les plus irr\u00e9v\u00e9rencieuses de <strong>TOILETPAPER<\/strong>. Disponibles en deux tailles, les 6 graphiques donneront une touche provocante \u00e0 votre mur, en faisant de vous le protagoniste de leur monde fou et extraordinaire.<\/p>\n<p><strong>Design :<\/strong> Toiletpaper<br \/>\n<strong>Mat\u00e9riau :<\/strong> Verre et MDF recouverts \u00e0 la main d&#8217;une feuille de laiton<br \/>\n<strong>Dimensions :<\/strong> Cm 54 h : Cm 54 h. 59<\/p>\n","protected":false},"excerpt":{"rendered":"<p>Une s\u00e9rie de miroirs d\u00e9cor\u00e9s avec certaines des images les plus irr\u00e9v\u00e9rencieuses de TOILETPAPER. Disponibles en deux tailles, les 6<\/p>\n","protected":false},"featured_media":264822,"template":"","meta":{"_acf_changed":false,"inline_featured_image":false},"product_cat":[12738,14441],"product_tag":[25021,22578,13107,13102],"acf":[],"yoast_head":"<!-- This site is optimized with the Yoast SEO Premium plugin v18.6 (Yoast SEO v19.13) - https:\/\/yoast.com\/wordpress\/plugins\/seo\/ -->\n<title>SELETTI Toiletpaper Miroir avec Cadre Dor\u00e9 Mains avec Serpents<\/title>\n<meta name=\"description\" content=\"D\u00e9couvrez SELETTI Toiletpaper Miroir avec Cadre Dor\u00e9 Mains avec Serpents sur ErresseShop. Qualit\u00e9, prix r\u00e9duits et achat s\u00e9curis\u00e9 \u2013 commandez d\u00e8s maintenant en ligne !\" \/>\n<meta name=\"robots\" content=\"index, follow, max-snippet:-1, max-image-preview:large, max-video-preview:-1\" \/>\n<link rel=\"canonical\" href=\"https:\/\/www.erresse-shop.it\/fr\/shop\/ameublement-maison\/objets-de-decoration\/seletti-toiletpaper-miroir-avec-cadre-dore-mains-avec-serpents\/\" \/>\n<meta property=\"og:locale\" content=\"fr_FR\" \/>\n<meta property=\"og:type\" content=\"article\" \/>\n<meta property=\"og:title\" content=\"SELETTI Toiletpaper Miroir avec Cadre Dor\u00e9 Mains avec Serpents\" \/>\n<meta property=\"og:description\" content=\"D\u00e9couvrez SELETTI Toiletpaper Miroir avec Cadre Dor\u00e9 Mains avec Serpents sur ErresseShop. Qualit\u00e9, prix r\u00e9duits et achat s\u00e9curis\u00e9 \u2013 commandez d\u00e8s maintenant en ligne !\" \/>\n<meta property=\"og:url\" content=\"https:\/\/www.erresse-shop.it\/fr\/shop\/ameublement-maison\/objets-de-decoration\/seletti-toiletpaper-miroir-avec-cadre-dore-mains-avec-serpents\/\" \/>\n<meta property=\"og:site_name\" content=\"Erresse Shop\" \/>\n<meta property=\"article:modified_time\" content=\"2025-01-14T08:22:18+00:00\" \/>\n<meta property=\"og:image\" content=\"https:\/\/www.erresse-shop.it\/wp-content\/uploads\/2023\/04\/SELETTI-Toiletpaper-Specchio-con-Cornice-Dorata-Mani-con-Serpenti.jpg\" \/>\n\t<meta property=\"og:image:width\" content=\"800\" \/>\n\t<meta property=\"og:image:height\" content=\"800\" \/>\n\t<meta property=\"og:image:type\" content=\"image\/jpeg\" \/>\n<meta name=\"twitter:card\" content=\"summary_large_image\" \/>\n<script type=\"application\/ld+json\" class=\"yoast-schema-graph\">{\"@context\":\"https:\/\/schema.org\",\"@graph\":[{\"@type\":\"WebPage\",\"@id\":\"https:\/\/www.erresse-shop.it\/fr\/shop\/ameublement-maison\/objets-de-decoration\/seletti-toiletpaper-miroir-avec-cadre-dore-mains-avec-serpents\/\",\"url\":\"https:\/\/www.erresse-shop.it\/fr\/shop\/ameublement-maison\/objets-de-decoration\/seletti-toiletpaper-miroir-avec-cadre-dore-mains-avec-serpents\/\",\"name\":\"SELETTI Toiletpaper Miroir avec Cadre Dor\u00e9 Mains avec Serpents\",\"isPartOf\":{\"@id\":\"https:\/\/www.erresse-shop.it\/fr\/#website\"},\"datePublished\":\"2023-04-28T10:52:47+00:00\",\"dateModified\":\"2025-01-14T08:22:18+00:00\",\"description\":\"D\u00e9couvrez SELETTI Toiletpaper Miroir avec Cadre Dor\u00e9 Mains avec Serpents sur ErresseShop. Qualit\u00e9, prix r\u00e9duits et achat s\u00e9curis\u00e9 \u2013 commandez d\u00e8s maintenant en ligne !\",\"breadcrumb\":{\"@id\":\"https:\/\/www.erresse-shop.it\/fr\/shop\/ameublement-maison\/objets-de-decoration\/seletti-toiletpaper-miroir-avec-cadre-dore-mains-avec-serpents\/#breadcrumb\"},\"inLanguage\":\"fr-FR\",\"potentialAction\":[{\"@type\":\"ReadAction\",\"target\":[\"https:\/\/www.erresse-shop.it\/fr\/shop\/ameublement-maison\/objets-de-decoration\/seletti-toiletpaper-miroir-avec-cadre-dore-mains-avec-serpents\/\"]}]},{\"@type\":\"BreadcrumbList\",\"@id\":\"https:\/\/www.erresse-shop.it\/fr\/shop\/ameublement-maison\/objets-de-decoration\/seletti-toiletpaper-miroir-avec-cadre-dore-mains-avec-serpents\/#breadcrumb\",\"itemListElement\":[{\"@type\":\"ListItem\",\"position\":1,\"name\":\"Home\",\"item\":\"https:\/\/www.erresse-shop.it\/fr\/\"},{\"@type\":\"ListItem\",\"position\":2,\"name\":\"Shop\",\"item\":\"https:\/\/www.erresse-shop.it\/fr\/shop\/\"},{\"@type\":\"ListItem\",\"position\":3,\"name\":\"SELETTI Toiletpaper Miroir avec Cadre Dor\u00e9 Mains avec Serpents\"}]},{\"@type\":\"WebSite\",\"@id\":\"https:\/\/www.erresse-shop.it\/fr\/#website\",\"url\":\"https:\/\/www.erresse-shop.it\/fr\/\",\"name\":\"Erresse Shop\",\"description\":\"Articoli di qualit\u00e0 per la casa\",\"potentialAction\":[{\"@type\":\"SearchAction\",\"target\":{\"@type\":\"EntryPoint\",\"urlTemplate\":\"https:\/\/www.erresse-shop.it\/fr\/?s={search_term_string}\"},\"query-input\":\"required name=search_term_string\"}],\"inLanguage\":\"fr-FR\"}]}<\/script>\n<!-- \/ Yoast SEO Premium plugin. -->","yoast_head_json":{"title":"SELETTI Toiletpaper Miroir avec Cadre Dor\u00e9 Mains avec Serpents","description":"D\u00e9couvrez SELETTI Toiletpaper Miroir avec Cadre Dor\u00e9 Mains avec Serpents sur ErresseShop. Qualit\u00e9, prix r\u00e9duits et achat s\u00e9curis\u00e9 \u2013 commandez d\u00e8s maintenant en ligne !","robots":{"index":"index","follow":"follow","max-snippet":"max-snippet:-1","max-image-preview":"max-image-preview:large","max-video-preview":"max-video-preview:-1"},"canonical":"https:\/\/www.erresse-shop.it\/fr\/shop\/ameublement-maison\/objets-de-decoration\/seletti-toiletpaper-miroir-avec-cadre-dore-mains-avec-serpents\/","og_locale":"fr_FR","og_type":"article","og_title":"SELETTI Toiletpaper Miroir avec Cadre Dor\u00e9 Mains avec Serpents","og_description":"D\u00e9couvrez SELETTI Toiletpaper Miroir avec Cadre Dor\u00e9 Mains avec Serpents sur ErresseShop. Qualit\u00e9, prix r\u00e9duits et achat s\u00e9curis\u00e9 \u2013 commandez d\u00e8s maintenant en ligne !","og_url":"https:\/\/www.erresse-shop.it\/fr\/shop\/ameublement-maison\/objets-de-decoration\/seletti-toiletpaper-miroir-avec-cadre-dore-mains-avec-serpents\/","og_site_name":"Erresse Shop","article_modified_time":"2025-01-14T08:22:18+00:00","og_image":[{"width":800,"height":800,"url":"https:\/\/www.erresse-shop.it\/wp-content\/uploads\/2023\/04\/SELETTI-Toiletpaper-Specchio-con-Cornice-Dorata-Mani-con-Serpenti.jpg","type":"image\/jpeg"}],"twitter_card":"summary_large_image","schema":{"@context":"https:\/\/schema.org","@graph":[{"@type":"WebPage","@id":"https:\/\/www.erresse-shop.it\/fr\/shop\/ameublement-maison\/objets-de-decoration\/seletti-toiletpaper-miroir-avec-cadre-dore-mains-avec-serpents\/","url":"https:\/\/www.erresse-shop.it\/fr\/shop\/ameublement-maison\/objets-de-decoration\/seletti-toiletpaper-miroir-avec-cadre-dore-mains-avec-serpents\/","name":"SELETTI Toiletpaper Miroir avec Cadre Dor\u00e9 Mains avec Serpents","isPartOf":{"@id":"https:\/\/www.erresse-shop.it\/fr\/#website"},"datePublished":"2023-04-28T10:52:47+00:00","dateModified":"2025-01-14T08:22:18+00:00","description":"D\u00e9couvrez SELETTI Toiletpaper Miroir avec Cadre Dor\u00e9 Mains avec Serpents sur ErresseShop. Qualit\u00e9, prix r\u00e9duits et achat s\u00e9curis\u00e9 \u2013 commandez d\u00e8s maintenant en ligne !","breadcrumb":{"@id":"https:\/\/www.erresse-shop.it\/fr\/shop\/ameublement-maison\/objets-de-decoration\/seletti-toiletpaper-miroir-avec-cadre-dore-mains-avec-serpents\/#breadcrumb"},"inLanguage":"fr-FR","potentialAction":[{"@type":"ReadAction","target":["https:\/\/www.erresse-shop.it\/fr\/shop\/ameublement-maison\/objets-de-decoration\/seletti-toiletpaper-miroir-avec-cadre-dore-mains-avec-serpents\/"]}]},{"@type":"BreadcrumbList","@id":"https:\/\/www.erresse-shop.it\/fr\/shop\/ameublement-maison\/objets-de-decoration\/seletti-toiletpaper-miroir-avec-cadre-dore-mains-avec-serpents\/#breadcrumb","itemListElement":[{"@type":"ListItem","position":1,"name":"Home","item":"https:\/\/www.erresse-shop.it\/fr\/"},{"@type":"ListItem","position":2,"name":"Shop","item":"https:\/\/www.erresse-shop.it\/fr\/shop\/"},{"@type":"ListItem","position":3,"name":"SELETTI Toiletpaper Miroir avec Cadre Dor\u00e9 Mains avec Serpents"}]},{"@type":"WebSite","@id":"https:\/\/www.erresse-shop.it\/fr\/#website","url":"https:\/\/www.erresse-shop.it\/fr\/","name":"Erresse Shop","description":"Articoli di qualit\u00e0 per la casa","potentialAction":[{"@type":"SearchAction","target":{"@type":"EntryPoint","urlTemplate":"https:\/\/www.erresse-shop.it\/fr\/?s={search_term_string}"},"query-input":"required name=search_term_string"}],"inLanguage":"fr-FR"}]}},"df_price":161.1,"df_sale_price":161.1,"df_regular_price":358,"df_image_link":"https:\/\/www.erresse-shop.it\/wp-content\/uploads\/2023\/04\/SELETTI-Toiletpaper-Specchio-con-Cornice-Dorata-Mani-con-Serpenti-300x300.jpg","_links":{"self":[{"href":"https:\/\/www.erresse-shop.it\/fr\/wp-json\/wp\/v2\/product\/264818"}],"collection":[{"href":"https:\/\/www.erresse-shop.it\/fr\/wp-json\/wp\/v2\/product"}],"about":[{"href":"https:\/\/www.erresse-shop.it\/fr\/wp-json\/wp\/v2\/types\/product"}],"wp:featuredmedia":[{"embeddable":true,"href":"https:\/\/www.erresse-shop.it\/fr\/wp-json\/wp\/v2\/media\/264822"}],"wp:attachment":[{"href":"https:\/\/www.erresse-shop.it\/fr\/wp-json\/wp\/v2\/media?parent=264818"}],"wp:term":[{"taxonomy":"product_cat","embeddable":true,"href":"https:\/\/www.erresse-shop.it\/fr\/wp-json\/wp\/v2\/product_cat?post=264818"},{"taxonomy":"product_tag","embeddable":true,"href":"https:\/\/www.erresse-shop.it\/fr\/wp-json\/wp\/v2\/product_tag?post=264818"}],"curies":[{"name":"wp","href":"https:\/\/api.w.org\/{rel}","templated":true}]}}