{"id":264484,"date":"2023-04-27T13:03:23","date_gmt":"2023-04-27T13:03:28","guid":{"rendered":"https:\/\/www.erresse-shop.it\/?post_type=product&#038;p=264484"},"modified":"2025-01-14T08:21:43","modified_gmt":"2025-01-14T08:21:43","slug":"seletti-magna-graecia-vase-en-terre-cuite-homme","status":"publish","type":"product","link":"https:\/\/www.erresse-shop.it\/fr\/shop\/ameublement-maison\/vases-fr\/seletti-magna-graecia-vase-en-terre-cuite-homme\/","title":{"rendered":"SELETTI Magna Graecia Vase en Terre Cuite Homme"},"content":{"rendered":"<p><em>L&#8217;Italie n&#8217;est pas un pays, c&#8217;est une mer d&#8217;histoires.<\/em><br \/>\n<em>Son imagerie ondule avec des histoires magiques infinies du nord au sud et de l&#8217;ouest \u00e0 l&#8217;est.<\/em><\/p>\n<p><strong>Conception :<\/strong> Antonio Aric\u00f2<br \/>\n<strong>Mat\u00e9riau :<\/strong> terre cuite<br \/>\n<strong>Dimensions :<\/strong> 25 x 23 x h. 33 cm<\/p>\n","protected":false},"excerpt":{"rendered":"<p>L&#8217;Italie n&#8217;est pas un pays, c&#8217;est une mer d&#8217;histoires. Son imagerie ondule avec des histoires magiques infinies du nord au<\/p>\n","protected":false},"featured_media":264503,"template":"","meta":{"_acf_changed":false,"inline_featured_image":false},"product_cat":[12738,14422],"product_tag":[22566,25021,22565,13849],"acf":[],"yoast_head":"<!-- This site is optimized with the Yoast SEO Premium plugin v18.6 (Yoast SEO v19.13) - https:\/\/yoast.com\/wordpress\/plugins\/seo\/ -->\n<title>SELETTI Magna Graecia Vase en Terre Cuite Homme<\/title>\n<meta name=\"description\" content=\"D\u00e9couvrez SELETTI Magna Graecia Vase en Terre Cuite Homme sur ErresseShop. Qualit\u00e9, prix r\u00e9duits et achat s\u00e9curis\u00e9 \u2013 commandez d\u00e8s maintenant en ligne !\" \/>\n<meta name=\"robots\" content=\"index, follow, max-snippet:-1, max-image-preview:large, max-video-preview:-1\" \/>\n<link rel=\"canonical\" href=\"https:\/\/www.erresse-shop.it\/fr\/shop\/ameublement-maison\/vases-fr\/seletti-magna-graecia-vase-en-terre-cuite-homme\/\" \/>\n<meta property=\"og:locale\" content=\"fr_FR\" \/>\n<meta property=\"og:type\" content=\"article\" \/>\n<meta property=\"og:title\" content=\"SELETTI Magna Graecia Vase en Terre Cuite Homme\" \/>\n<meta property=\"og:description\" content=\"D\u00e9couvrez SELETTI Magna Graecia Vase en Terre Cuite Homme sur ErresseShop. Qualit\u00e9, prix r\u00e9duits et achat s\u00e9curis\u00e9 \u2013 commandez d\u00e8s maintenant en ligne !\" \/>\n<meta property=\"og:url\" content=\"https:\/\/www.erresse-shop.it\/fr\/shop\/ameublement-maison\/vases-fr\/seletti-magna-graecia-vase-en-terre-cuite-homme\/\" \/>\n<meta property=\"og:site_name\" content=\"Erresse Shop\" \/>\n<meta property=\"article:modified_time\" content=\"2025-01-14T08:21:43+00:00\" \/>\n<meta property=\"og:image\" content=\"https:\/\/www.erresse-shop.it\/wp-content\/uploads\/2023\/04\/SELETTI-Magna-Graecia-Vaso-in-Terracotta-Man.jpg\" \/>\n\t<meta property=\"og:image:width\" content=\"800\" \/>\n\t<meta property=\"og:image:height\" content=\"800\" \/>\n\t<meta property=\"og:image:type\" content=\"image\/jpeg\" \/>\n<meta name=\"twitter:card\" content=\"summary_large_image\" \/>\n<script type=\"application\/ld+json\" class=\"yoast-schema-graph\">{\"@context\":\"https:\/\/schema.org\",\"@graph\":[{\"@type\":\"WebPage\",\"@id\":\"https:\/\/www.erresse-shop.it\/fr\/shop\/ameublement-maison\/vases-fr\/seletti-magna-graecia-vase-en-terre-cuite-homme\/\",\"url\":\"https:\/\/www.erresse-shop.it\/fr\/shop\/ameublement-maison\/vases-fr\/seletti-magna-graecia-vase-en-terre-cuite-homme\/\",\"name\":\"SELETTI Magna Graecia Vase en Terre Cuite Homme\",\"isPartOf\":{\"@id\":\"https:\/\/www.erresse-shop.it\/fr\/#website\"},\"datePublished\":\"2023-04-27T13:03:28+00:00\",\"dateModified\":\"2025-01-14T08:21:43+00:00\",\"description\":\"D\u00e9couvrez SELETTI Magna Graecia Vase en Terre Cuite Homme sur ErresseShop. Qualit\u00e9, prix r\u00e9duits et achat s\u00e9curis\u00e9 \u2013 commandez d\u00e8s maintenant en ligne !\",\"breadcrumb\":{\"@id\":\"https:\/\/www.erresse-shop.it\/fr\/shop\/ameublement-maison\/vases-fr\/seletti-magna-graecia-vase-en-terre-cuite-homme\/#breadcrumb\"},\"inLanguage\":\"fr-FR\",\"potentialAction\":[{\"@type\":\"ReadAction\",\"target\":[\"https:\/\/www.erresse-shop.it\/fr\/shop\/ameublement-maison\/vases-fr\/seletti-magna-graecia-vase-en-terre-cuite-homme\/\"]}]},{\"@type\":\"BreadcrumbList\",\"@id\":\"https:\/\/www.erresse-shop.it\/fr\/shop\/ameublement-maison\/vases-fr\/seletti-magna-graecia-vase-en-terre-cuite-homme\/#breadcrumb\",\"itemListElement\":[{\"@type\":\"ListItem\",\"position\":1,\"name\":\"Home\",\"item\":\"https:\/\/www.erresse-shop.it\/fr\/\"},{\"@type\":\"ListItem\",\"position\":2,\"name\":\"Shop\",\"item\":\"https:\/\/www.erresse-shop.it\/fr\/shop\/\"},{\"@type\":\"ListItem\",\"position\":3,\"name\":\"SELETTI Magna Graecia Vase en Terre Cuite Homme\"}]},{\"@type\":\"WebSite\",\"@id\":\"https:\/\/www.erresse-shop.it\/fr\/#website\",\"url\":\"https:\/\/www.erresse-shop.it\/fr\/\",\"name\":\"Erresse Shop\",\"description\":\"Articoli di qualit\u00e0 per la casa\",\"potentialAction\":[{\"@type\":\"SearchAction\",\"target\":{\"@type\":\"EntryPoint\",\"urlTemplate\":\"https:\/\/www.erresse-shop.it\/fr\/?s={search_term_string}\"},\"query-input\":\"required name=search_term_string\"}],\"inLanguage\":\"fr-FR\"}]}<\/script>\n<!-- \/ Yoast SEO Premium plugin. -->","yoast_head_json":{"title":"SELETTI Magna Graecia Vase en Terre Cuite Homme","description":"D\u00e9couvrez SELETTI Magna Graecia Vase en Terre Cuite Homme sur ErresseShop. Qualit\u00e9, prix r\u00e9duits et achat s\u00e9curis\u00e9 \u2013 commandez d\u00e8s maintenant en ligne !","robots":{"index":"index","follow":"follow","max-snippet":"max-snippet:-1","max-image-preview":"max-image-preview:large","max-video-preview":"max-video-preview:-1"},"canonical":"https:\/\/www.erresse-shop.it\/fr\/shop\/ameublement-maison\/vases-fr\/seletti-magna-graecia-vase-en-terre-cuite-homme\/","og_locale":"fr_FR","og_type":"article","og_title":"SELETTI Magna Graecia Vase en Terre Cuite Homme","og_description":"D\u00e9couvrez SELETTI Magna Graecia Vase en Terre Cuite Homme sur ErresseShop. Qualit\u00e9, prix r\u00e9duits et achat s\u00e9curis\u00e9 \u2013 commandez d\u00e8s maintenant en ligne !","og_url":"https:\/\/www.erresse-shop.it\/fr\/shop\/ameublement-maison\/vases-fr\/seletti-magna-graecia-vase-en-terre-cuite-homme\/","og_site_name":"Erresse Shop","article_modified_time":"2025-01-14T08:21:43+00:00","og_image":[{"width":800,"height":800,"url":"https:\/\/www.erresse-shop.it\/wp-content\/uploads\/2023\/04\/SELETTI-Magna-Graecia-Vaso-in-Terracotta-Man.jpg","type":"image\/jpeg"}],"twitter_card":"summary_large_image","schema":{"@context":"https:\/\/schema.org","@graph":[{"@type":"WebPage","@id":"https:\/\/www.erresse-shop.it\/fr\/shop\/ameublement-maison\/vases-fr\/seletti-magna-graecia-vase-en-terre-cuite-homme\/","url":"https:\/\/www.erresse-shop.it\/fr\/shop\/ameublement-maison\/vases-fr\/seletti-magna-graecia-vase-en-terre-cuite-homme\/","name":"SELETTI Magna Graecia Vase en Terre Cuite Homme","isPartOf":{"@id":"https:\/\/www.erresse-shop.it\/fr\/#website"},"datePublished":"2023-04-27T13:03:28+00:00","dateModified":"2025-01-14T08:21:43+00:00","description":"D\u00e9couvrez SELETTI Magna Graecia Vase en Terre Cuite Homme sur ErresseShop. Qualit\u00e9, prix r\u00e9duits et achat s\u00e9curis\u00e9 \u2013 commandez d\u00e8s maintenant en ligne !","breadcrumb":{"@id":"https:\/\/www.erresse-shop.it\/fr\/shop\/ameublement-maison\/vases-fr\/seletti-magna-graecia-vase-en-terre-cuite-homme\/#breadcrumb"},"inLanguage":"fr-FR","potentialAction":[{"@type":"ReadAction","target":["https:\/\/www.erresse-shop.it\/fr\/shop\/ameublement-maison\/vases-fr\/seletti-magna-graecia-vase-en-terre-cuite-homme\/"]}]},{"@type":"BreadcrumbList","@id":"https:\/\/www.erresse-shop.it\/fr\/shop\/ameublement-maison\/vases-fr\/seletti-magna-graecia-vase-en-terre-cuite-homme\/#breadcrumb","itemListElement":[{"@type":"ListItem","position":1,"name":"Home","item":"https:\/\/www.erresse-shop.it\/fr\/"},{"@type":"ListItem","position":2,"name":"Shop","item":"https:\/\/www.erresse-shop.it\/fr\/shop\/"},{"@type":"ListItem","position":3,"name":"SELETTI Magna Graecia Vase en Terre Cuite Homme"}]},{"@type":"WebSite","@id":"https:\/\/www.erresse-shop.it\/fr\/#website","url":"https:\/\/www.erresse-shop.it\/fr\/","name":"Erresse Shop","description":"Articoli di qualit\u00e0 per la casa","potentialAction":[{"@type":"SearchAction","target":{"@type":"EntryPoint","urlTemplate":"https:\/\/www.erresse-shop.it\/fr\/?s={search_term_string}"},"query-input":"required name=search_term_string"}],"inLanguage":"fr-FR"}]}},"df_price":49.5,"df_sale_price":49.5,"df_regular_price":110,"df_image_link":"https:\/\/www.erresse-shop.it\/wp-content\/uploads\/2023\/04\/SELETTI-Magna-Graecia-Vaso-in-Terracotta-Man-300x300.jpg","_links":{"self":[{"href":"https:\/\/www.erresse-shop.it\/fr\/wp-json\/wp\/v2\/product\/264484"}],"collection":[{"href":"https:\/\/www.erresse-shop.it\/fr\/wp-json\/wp\/v2\/product"}],"about":[{"href":"https:\/\/www.erresse-shop.it\/fr\/wp-json\/wp\/v2\/types\/product"}],"wp:featuredmedia":[{"embeddable":true,"href":"https:\/\/www.erresse-shop.it\/fr\/wp-json\/wp\/v2\/media\/264503"}],"wp:attachment":[{"href":"https:\/\/www.erresse-shop.it\/fr\/wp-json\/wp\/v2\/media?parent=264484"}],"wp:term":[{"taxonomy":"product_cat","embeddable":true,"href":"https:\/\/www.erresse-shop.it\/fr\/wp-json\/wp\/v2\/product_cat?post=264484"},{"taxonomy":"product_tag","embeddable":true,"href":"https:\/\/www.erresse-shop.it\/fr\/wp-json\/wp\/v2\/product_tag?post=264484"}],"curies":[{"name":"wp","href":"https:\/\/api.w.org\/{rel}","templated":true}]}}