{"id":264328,"date":"2023-04-27T10:34:47","date_gmt":"2023-04-27T10:34:52","guid":{"rendered":"https:\/\/www.erresse-shop.it\/?post_type=product&#038;p=264328"},"modified":"2025-01-14T08:21:24","modified_gmt":"2025-01-14T08:21:24","slug":"riedel-o-ensemble-6-verres-riesling-sauvignon-blanc","status":"publish","type":"product","link":"https:\/\/www.erresse-shop.it\/fr\/shop\/table-fr-2\/verres\/riedel-o-ensemble-6-verres-riesling-sauvignon-blanc\/","title":{"rendered":"RIEDEL &#8220;O&#8221; Ensemble 6 Verres Riesling\/Sauvignon Blanc"},"content":{"rendered":"<p>Le verre <strong>Riesling\/Sauvignon Blanc<\/strong> est parfait pour \u00e9quilibrer l&#8217;acidit\u00e9 \u00e9lev\u00e9e et les sucres r\u00e9siduels des vins blancs fruit\u00e9s. Cette forme est la plus polyvalente des verres \u00e0 vin blanc de la gamme RIEDEL. Il permet d&#8217;\u00e9quilibrer le caract\u00e8re frais et les \u00e9l\u00e9ments min\u00e9raux riches, en soulignant les merveilleux ar\u00f4mes fruit\u00e9s.<\/p>\n<p>Le gobelet <strong>RIEDEL O<\/strong>, con\u00e7u en 2004, a \u00e9t\u00e9 le premier gobelet \u00e0 vin de l&#8217;histoire. O est une version innovante du verre \u00e0 vin d\u00e9contract\u00e9, cr\u00e9\u00e9 \u00e0 partir des formes distinctives de la s\u00e9rie Vinum de RIEDEL. De plus, le gobelet O est lavable au lave-vaisselle : les tiges cass\u00e9es ne sont plus qu&#8217;un lointain souvenir.<\/p>\n<p>Fabriqu\u00e9 en machine et lavable au lave-vaisselle.<br \/>\nL&#8217;emballage contient 6 pi\u00e8ces.<\/p>\n<p>Volume : 375,0 cm<br \/>\nHauteur : 108,0 mm<\/p>\n","protected":false},"excerpt":{"rendered":"<p>Le verre Riesling\/Sauvignon Blanc est parfait pour \u00e9quilibrer l&#8217;acidit\u00e9 \u00e9lev\u00e9e et les sucres r\u00e9siduels des vins blancs fruit\u00e9s. Cette forme<\/p>\n","protected":false},"featured_media":264353,"template":"","meta":{"_acf_changed":false,"inline_featured_image":false},"product_cat":[12782,12784],"product_tag":[25086,23910,25021,14895,21821,12826,15730,23682],"acf":[],"yoast_head":"<!-- This site is optimized with the Yoast SEO Premium plugin v18.6 (Yoast SEO v19.13) - https:\/\/yoast.com\/wordpress\/plugins\/seo\/ -->\n<title>RIEDEL &quot;O&quot; Ensemble 6 Verres Riesling\/Sauvignon Blanc<\/title>\n<meta name=\"description\" content=\"D\u00e9couvrez RIEDEL &quot;O&quot; Ensemble 6 Verres Riesling\/Sauvignon Blanc sur ErresseShop. Qualit\u00e9, prix r\u00e9duits et achat s\u00e9curis\u00e9 \u2013 commandez d\u00e8s maintenant en ligne !\" \/>\n<meta name=\"robots\" content=\"index, follow, max-snippet:-1, max-image-preview:large, max-video-preview:-1\" \/>\n<link rel=\"canonical\" href=\"https:\/\/www.erresse-shop.it\/fr\/shop\/table-fr-2\/verres\/riedel-o-ensemble-6-verres-riesling-sauvignon-blanc\/\" \/>\n<meta property=\"og:locale\" content=\"fr_FR\" \/>\n<meta property=\"og:type\" content=\"article\" \/>\n<meta property=\"og:title\" content=\"RIEDEL &quot;O&quot; Ensemble 6 Verres Riesling\/Sauvignon Blanc\" \/>\n<meta property=\"og:description\" content=\"D\u00e9couvrez RIEDEL &quot;O&quot; Ensemble 6 Verres Riesling\/Sauvignon Blanc sur ErresseShop. Qualit\u00e9, prix r\u00e9duits et achat s\u00e9curis\u00e9 \u2013 commandez d\u00e8s maintenant en ligne !\" \/>\n<meta property=\"og:url\" content=\"https:\/\/www.erresse-shop.it\/fr\/shop\/table-fr-2\/verres\/riedel-o-ensemble-6-verres-riesling-sauvignon-blanc\/\" \/>\n<meta property=\"og:site_name\" content=\"Erresse Shop\" \/>\n<meta property=\"article:modified_time\" content=\"2025-01-14T08:21:24+00:00\" \/>\n<meta property=\"og:image\" content=\"https:\/\/www.erresse-shop.it\/wp-content\/uploads\/2023\/04\/RIEDEL-O-Set-6-Bicchieri-Riesling-Sauvignon-Blanc.jpg\" \/>\n\t<meta property=\"og:image:width\" content=\"800\" \/>\n\t<meta property=\"og:image:height\" content=\"800\" \/>\n\t<meta property=\"og:image:type\" content=\"image\/jpeg\" \/>\n<meta name=\"twitter:card\" content=\"summary_large_image\" \/>\n<script type=\"application\/ld+json\" class=\"yoast-schema-graph\">{\"@context\":\"https:\/\/schema.org\",\"@graph\":[{\"@type\":\"WebPage\",\"@id\":\"https:\/\/www.erresse-shop.it\/fr\/shop\/table-fr-2\/verres\/riedel-o-ensemble-6-verres-riesling-sauvignon-blanc\/\",\"url\":\"https:\/\/www.erresse-shop.it\/fr\/shop\/table-fr-2\/verres\/riedel-o-ensemble-6-verres-riesling-sauvignon-blanc\/\",\"name\":\"RIEDEL \\\"O\\\" Ensemble 6 Verres Riesling\/Sauvignon Blanc\",\"isPartOf\":{\"@id\":\"https:\/\/www.erresse-shop.it\/fr\/#website\"},\"datePublished\":\"2023-04-27T10:34:52+00:00\",\"dateModified\":\"2025-01-14T08:21:24+00:00\",\"description\":\"D\u00e9couvrez RIEDEL \\\"O\\\" Ensemble 6 Verres Riesling\/Sauvignon Blanc sur ErresseShop. Qualit\u00e9, prix r\u00e9duits et achat s\u00e9curis\u00e9 \u2013 commandez d\u00e8s maintenant en ligne !\",\"breadcrumb\":{\"@id\":\"https:\/\/www.erresse-shop.it\/fr\/shop\/table-fr-2\/verres\/riedel-o-ensemble-6-verres-riesling-sauvignon-blanc\/#breadcrumb\"},\"inLanguage\":\"fr-FR\",\"potentialAction\":[{\"@type\":\"ReadAction\",\"target\":[\"https:\/\/www.erresse-shop.it\/fr\/shop\/table-fr-2\/verres\/riedel-o-ensemble-6-verres-riesling-sauvignon-blanc\/\"]}]},{\"@type\":\"BreadcrumbList\",\"@id\":\"https:\/\/www.erresse-shop.it\/fr\/shop\/table-fr-2\/verres\/riedel-o-ensemble-6-verres-riesling-sauvignon-blanc\/#breadcrumb\",\"itemListElement\":[{\"@type\":\"ListItem\",\"position\":1,\"name\":\"Home\",\"item\":\"https:\/\/www.erresse-shop.it\/fr\/\"},{\"@type\":\"ListItem\",\"position\":2,\"name\":\"Shop\",\"item\":\"https:\/\/www.erresse-shop.it\/fr\/shop\/\"},{\"@type\":\"ListItem\",\"position\":3,\"name\":\"RIEDEL &#8220;O&#8221; Ensemble 6 Verres Riesling\/Sauvignon Blanc\"}]},{\"@type\":\"WebSite\",\"@id\":\"https:\/\/www.erresse-shop.it\/fr\/#website\",\"url\":\"https:\/\/www.erresse-shop.it\/fr\/\",\"name\":\"Erresse Shop\",\"description\":\"Articoli di qualit\u00e0 per la casa\",\"potentialAction\":[{\"@type\":\"SearchAction\",\"target\":{\"@type\":\"EntryPoint\",\"urlTemplate\":\"https:\/\/www.erresse-shop.it\/fr\/?s={search_term_string}\"},\"query-input\":\"required name=search_term_string\"}],\"inLanguage\":\"fr-FR\"}]}<\/script>\n<!-- \/ Yoast SEO Premium plugin. -->","yoast_head_json":{"title":"RIEDEL \"O\" Ensemble 6 Verres Riesling\/Sauvignon Blanc","description":"D\u00e9couvrez RIEDEL \"O\" Ensemble 6 Verres Riesling\/Sauvignon Blanc sur ErresseShop. Qualit\u00e9, prix r\u00e9duits et achat s\u00e9curis\u00e9 \u2013 commandez d\u00e8s maintenant en ligne !","robots":{"index":"index","follow":"follow","max-snippet":"max-snippet:-1","max-image-preview":"max-image-preview:large","max-video-preview":"max-video-preview:-1"},"canonical":"https:\/\/www.erresse-shop.it\/fr\/shop\/table-fr-2\/verres\/riedel-o-ensemble-6-verres-riesling-sauvignon-blanc\/","og_locale":"fr_FR","og_type":"article","og_title":"RIEDEL \"O\" Ensemble 6 Verres Riesling\/Sauvignon Blanc","og_description":"D\u00e9couvrez RIEDEL \"O\" Ensemble 6 Verres Riesling\/Sauvignon Blanc sur ErresseShop. Qualit\u00e9, prix r\u00e9duits et achat s\u00e9curis\u00e9 \u2013 commandez d\u00e8s maintenant en ligne !","og_url":"https:\/\/www.erresse-shop.it\/fr\/shop\/table-fr-2\/verres\/riedel-o-ensemble-6-verres-riesling-sauvignon-blanc\/","og_site_name":"Erresse Shop","article_modified_time":"2025-01-14T08:21:24+00:00","og_image":[{"width":800,"height":800,"url":"https:\/\/www.erresse-shop.it\/wp-content\/uploads\/2023\/04\/RIEDEL-O-Set-6-Bicchieri-Riesling-Sauvignon-Blanc.jpg","type":"image\/jpeg"}],"twitter_card":"summary_large_image","schema":{"@context":"https:\/\/schema.org","@graph":[{"@type":"WebPage","@id":"https:\/\/www.erresse-shop.it\/fr\/shop\/table-fr-2\/verres\/riedel-o-ensemble-6-verres-riesling-sauvignon-blanc\/","url":"https:\/\/www.erresse-shop.it\/fr\/shop\/table-fr-2\/verres\/riedel-o-ensemble-6-verres-riesling-sauvignon-blanc\/","name":"RIEDEL \"O\" Ensemble 6 Verres Riesling\/Sauvignon Blanc","isPartOf":{"@id":"https:\/\/www.erresse-shop.it\/fr\/#website"},"datePublished":"2023-04-27T10:34:52+00:00","dateModified":"2025-01-14T08:21:24+00:00","description":"D\u00e9couvrez RIEDEL \"O\" Ensemble 6 Verres Riesling\/Sauvignon Blanc sur ErresseShop. Qualit\u00e9, prix r\u00e9duits et achat s\u00e9curis\u00e9 \u2013 commandez d\u00e8s maintenant en ligne !","breadcrumb":{"@id":"https:\/\/www.erresse-shop.it\/fr\/shop\/table-fr-2\/verres\/riedel-o-ensemble-6-verres-riesling-sauvignon-blanc\/#breadcrumb"},"inLanguage":"fr-FR","potentialAction":[{"@type":"ReadAction","target":["https:\/\/www.erresse-shop.it\/fr\/shop\/table-fr-2\/verres\/riedel-o-ensemble-6-verres-riesling-sauvignon-blanc\/"]}]},{"@type":"BreadcrumbList","@id":"https:\/\/www.erresse-shop.it\/fr\/shop\/table-fr-2\/verres\/riedel-o-ensemble-6-verres-riesling-sauvignon-blanc\/#breadcrumb","itemListElement":[{"@type":"ListItem","position":1,"name":"Home","item":"https:\/\/www.erresse-shop.it\/fr\/"},{"@type":"ListItem","position":2,"name":"Shop","item":"https:\/\/www.erresse-shop.it\/fr\/shop\/"},{"@type":"ListItem","position":3,"name":"RIEDEL &#8220;O&#8221; Ensemble 6 Verres Riesling\/Sauvignon Blanc"}]},{"@type":"WebSite","@id":"https:\/\/www.erresse-shop.it\/fr\/#website","url":"https:\/\/www.erresse-shop.it\/fr\/","name":"Erresse Shop","description":"Articoli di qualit\u00e0 per la casa","potentialAction":[{"@type":"SearchAction","target":{"@type":"EntryPoint","urlTemplate":"https:\/\/www.erresse-shop.it\/fr\/?s={search_term_string}"},"query-input":"required name=search_term_string"}],"inLanguage":"fr-FR"}]}},"df_price":99.95,"df_sale_price":99.95,"df_regular_price":149.4,"df_image_link":"https:\/\/www.erresse-shop.it\/wp-content\/uploads\/2023\/04\/RIEDEL-O-Set-6-Bicchieri-Riesling-Sauvignon-Blanc-300x300.jpg","_links":{"self":[{"href":"https:\/\/www.erresse-shop.it\/fr\/wp-json\/wp\/v2\/product\/264328"}],"collection":[{"href":"https:\/\/www.erresse-shop.it\/fr\/wp-json\/wp\/v2\/product"}],"about":[{"href":"https:\/\/www.erresse-shop.it\/fr\/wp-json\/wp\/v2\/types\/product"}],"wp:featuredmedia":[{"embeddable":true,"href":"https:\/\/www.erresse-shop.it\/fr\/wp-json\/wp\/v2\/media\/264353"}],"wp:attachment":[{"href":"https:\/\/www.erresse-shop.it\/fr\/wp-json\/wp\/v2\/media?parent=264328"}],"wp:term":[{"taxonomy":"product_cat","embeddable":true,"href":"https:\/\/www.erresse-shop.it\/fr\/wp-json\/wp\/v2\/product_cat?post=264328"},{"taxonomy":"product_tag","embeddable":true,"href":"https:\/\/www.erresse-shop.it\/fr\/wp-json\/wp\/v2\/product_tag?post=264328"}],"curies":[{"name":"wp","href":"https:\/\/api.w.org\/{rel}","templated":true}]}}