{"id":263984,"date":"2023-04-26T14:27:45","date_gmt":"2023-04-26T14:27:50","guid":{"rendered":"https:\/\/www.erresse-shop.it\/?post_type=product&#038;p=263984"},"modified":"2025-01-14T08:20:40","modified_gmt":"2025-01-14T08:20:40","slug":"riedel-veritas-ensemble-2-verres-a-sauvignon-blanc","status":"publish","type":"product","link":"https:\/\/www.erresse-shop.it\/fr\/shop\/table-fr-2\/vin\/riedel-veritas-ensemble-2-verres-a-sauvignon-blanc\/","title":{"rendered":"RIEDEL Veritas Ensemble 2 Verres \u00e0 Sauvignon Blanc"},"content":{"rendered":"<p>La s\u00e9rie r\u00e9volutionnaire <strong>RIEDEL Veritas<\/strong> a fait ses d\u00e9buts en 2014, \u00e9tablissant une fois de plus la norme en mati\u00e8re de production de verre. Georg J. Riedel, qui appartient \u00e0 la dixi\u00e8me g\u00e9n\u00e9ration de la famille, a charg\u00e9 les experts de renomm\u00e9e mondiale de la marque de cr\u00e9er une s\u00e9rie dont l&#8217;apparence serait \u00e9poustouflante, la prise en main agr\u00e9able et le prix comp\u00e9titif. Ils se sont acquitt\u00e9s de cette t\u00e2che avec brio, cr\u00e9ant ainsi une collection de verres \u00e0 vin pour le XXIe si\u00e8cle.<\/p>\n<p>Le verre \u00e0 <strong>Sauvignon Blanc<\/strong> est parfait pour tous les styles de ce c\u00e9page, du Bordeaux vieilli en ch\u00eane aux explosions fruit\u00e9es et herbac\u00e9es de Marlborough.<\/p>\n<p>RIEDEL a lanc\u00e9 une nouvelle forme pour ce vin blanc \u00e0 l&#8217;occasion du 20e anniversaire du premier verre \u00e0 sauvignon blanc, en collaborant avec diverses r\u00e9gions viticoles pour cr\u00e9er un verre adapt\u00e9 au style \u00e9volutif du c\u00e9page dans le Nouveau Monde, en \u00e9quilibrant les notes fruit\u00e9es, la fra\u00eecheur et la min\u00e9ralit\u00e9.<\/p>\n<p>\u00c9galement recommand\u00e9 pour les vins de dessert.<\/p>\n<p>Fabriqu\u00e9 en machine et lavable au lave-vaisselle.<br \/>\nL&#8217;emballage contient 2 pi\u00e8ces.Volume : 440,0 cm3<br \/>\nHauteur : 235,0 mm<\/p>\n","protected":false},"excerpt":{"rendered":"<p>La s\u00e9rie r\u00e9volutionnaire RIEDEL Veritas a fait ses d\u00e9buts en 2014, \u00e9tablissant une fois de plus la norme en mati\u00e8re<\/p>\n","protected":false},"featured_media":264009,"template":"","meta":{"_acf_changed":false,"inline_featured_image":false},"product_cat":[14460,12754],"product_tag":[25086,23910,23660,25021,24415,12826,15730,21985,23682],"acf":[],"yoast_head":"<!-- This site is optimized with the Yoast SEO Premium plugin v18.6 (Yoast SEO v19.13) - https:\/\/yoast.com\/wordpress\/plugins\/seo\/ -->\n<title>RIEDEL Veritas Ensemble 2 Verres \u00e0 Sauvignon Blanc<\/title>\n<meta name=\"description\" content=\"D\u00e9couvrez RIEDEL Veritas Ensemble 2 Verres \u00e0 Sauvignon Blanc sur ErresseShop. Qualit\u00e9, prix r\u00e9duits et achat s\u00e9curis\u00e9 \u2013 commandez d\u00e8s maintenant en ligne !\" \/>\n<meta name=\"robots\" content=\"index, follow, max-snippet:-1, max-image-preview:large, max-video-preview:-1\" \/>\n<link rel=\"canonical\" href=\"https:\/\/www.erresse-shop.it\/fr\/shop\/table-fr-2\/vin\/riedel-veritas-ensemble-2-verres-a-sauvignon-blanc\/\" \/>\n<meta property=\"og:locale\" content=\"fr_FR\" \/>\n<meta property=\"og:type\" content=\"article\" \/>\n<meta property=\"og:title\" content=\"RIEDEL Veritas Ensemble 2 Verres \u00e0 Sauvignon Blanc\" \/>\n<meta property=\"og:description\" content=\"D\u00e9couvrez RIEDEL Veritas Ensemble 2 Verres \u00e0 Sauvignon Blanc sur ErresseShop. Qualit\u00e9, prix r\u00e9duits et achat s\u00e9curis\u00e9 \u2013 commandez d\u00e8s maintenant en ligne !\" \/>\n<meta property=\"og:url\" content=\"https:\/\/www.erresse-shop.it\/fr\/shop\/table-fr-2\/vin\/riedel-veritas-ensemble-2-verres-a-sauvignon-blanc\/\" \/>\n<meta property=\"og:site_name\" content=\"Erresse Shop\" \/>\n<meta property=\"article:modified_time\" content=\"2025-01-14T08:20:40+00:00\" \/>\n<meta property=\"og:image\" content=\"https:\/\/www.erresse-shop.it\/wp-content\/uploads\/2023\/04\/RIEDEL-Veritas-Set-2-Calici-Sauvignon-Blanc.jpg\" \/>\n\t<meta property=\"og:image:width\" content=\"800\" \/>\n\t<meta property=\"og:image:height\" content=\"800\" \/>\n\t<meta property=\"og:image:type\" content=\"image\/jpeg\" \/>\n<meta name=\"twitter:card\" content=\"summary_large_image\" \/>\n<script type=\"application\/ld+json\" class=\"yoast-schema-graph\">{\"@context\":\"https:\/\/schema.org\",\"@graph\":[{\"@type\":\"WebPage\",\"@id\":\"https:\/\/www.erresse-shop.it\/fr\/shop\/table-fr-2\/vin\/riedel-veritas-ensemble-2-verres-a-sauvignon-blanc\/\",\"url\":\"https:\/\/www.erresse-shop.it\/fr\/shop\/table-fr-2\/vin\/riedel-veritas-ensemble-2-verres-a-sauvignon-blanc\/\",\"name\":\"RIEDEL Veritas Ensemble 2 Verres \u00e0 Sauvignon Blanc\",\"isPartOf\":{\"@id\":\"https:\/\/www.erresse-shop.it\/fr\/#website\"},\"datePublished\":\"2023-04-26T14:27:50+00:00\",\"dateModified\":\"2025-01-14T08:20:40+00:00\",\"description\":\"D\u00e9couvrez RIEDEL Veritas Ensemble 2 Verres \u00e0 Sauvignon Blanc sur ErresseShop. Qualit\u00e9, prix r\u00e9duits et achat s\u00e9curis\u00e9 \u2013 commandez d\u00e8s maintenant en ligne !\",\"breadcrumb\":{\"@id\":\"https:\/\/www.erresse-shop.it\/fr\/shop\/table-fr-2\/vin\/riedel-veritas-ensemble-2-verres-a-sauvignon-blanc\/#breadcrumb\"},\"inLanguage\":\"fr-FR\",\"potentialAction\":[{\"@type\":\"ReadAction\",\"target\":[\"https:\/\/www.erresse-shop.it\/fr\/shop\/table-fr-2\/vin\/riedel-veritas-ensemble-2-verres-a-sauvignon-blanc\/\"]}]},{\"@type\":\"BreadcrumbList\",\"@id\":\"https:\/\/www.erresse-shop.it\/fr\/shop\/table-fr-2\/vin\/riedel-veritas-ensemble-2-verres-a-sauvignon-blanc\/#breadcrumb\",\"itemListElement\":[{\"@type\":\"ListItem\",\"position\":1,\"name\":\"Home\",\"item\":\"https:\/\/www.erresse-shop.it\/fr\/\"},{\"@type\":\"ListItem\",\"position\":2,\"name\":\"Shop\",\"item\":\"https:\/\/www.erresse-shop.it\/fr\/shop\/\"},{\"@type\":\"ListItem\",\"position\":3,\"name\":\"RIEDEL Veritas Ensemble 2 Verres \u00e0 Sauvignon Blanc\"}]},{\"@type\":\"WebSite\",\"@id\":\"https:\/\/www.erresse-shop.it\/fr\/#website\",\"url\":\"https:\/\/www.erresse-shop.it\/fr\/\",\"name\":\"Erresse Shop\",\"description\":\"Articoli di qualit\u00e0 per la casa\",\"potentialAction\":[{\"@type\":\"SearchAction\",\"target\":{\"@type\":\"EntryPoint\",\"urlTemplate\":\"https:\/\/www.erresse-shop.it\/fr\/?s={search_term_string}\"},\"query-input\":\"required name=search_term_string\"}],\"inLanguage\":\"fr-FR\"}]}<\/script>\n<!-- \/ Yoast SEO Premium plugin. -->","yoast_head_json":{"title":"RIEDEL Veritas Ensemble 2 Verres \u00e0 Sauvignon Blanc","description":"D\u00e9couvrez RIEDEL Veritas Ensemble 2 Verres \u00e0 Sauvignon Blanc sur ErresseShop. Qualit\u00e9, prix r\u00e9duits et achat s\u00e9curis\u00e9 \u2013 commandez d\u00e8s maintenant en ligne !","robots":{"index":"index","follow":"follow","max-snippet":"max-snippet:-1","max-image-preview":"max-image-preview:large","max-video-preview":"max-video-preview:-1"},"canonical":"https:\/\/www.erresse-shop.it\/fr\/shop\/table-fr-2\/vin\/riedel-veritas-ensemble-2-verres-a-sauvignon-blanc\/","og_locale":"fr_FR","og_type":"article","og_title":"RIEDEL Veritas Ensemble 2 Verres \u00e0 Sauvignon Blanc","og_description":"D\u00e9couvrez RIEDEL Veritas Ensemble 2 Verres \u00e0 Sauvignon Blanc sur ErresseShop. Qualit\u00e9, prix r\u00e9duits et achat s\u00e9curis\u00e9 \u2013 commandez d\u00e8s maintenant en ligne !","og_url":"https:\/\/www.erresse-shop.it\/fr\/shop\/table-fr-2\/vin\/riedel-veritas-ensemble-2-verres-a-sauvignon-blanc\/","og_site_name":"Erresse Shop","article_modified_time":"2025-01-14T08:20:40+00:00","og_image":[{"width":800,"height":800,"url":"https:\/\/www.erresse-shop.it\/wp-content\/uploads\/2023\/04\/RIEDEL-Veritas-Set-2-Calici-Sauvignon-Blanc.jpg","type":"image\/jpeg"}],"twitter_card":"summary_large_image","schema":{"@context":"https:\/\/schema.org","@graph":[{"@type":"WebPage","@id":"https:\/\/www.erresse-shop.it\/fr\/shop\/table-fr-2\/vin\/riedel-veritas-ensemble-2-verres-a-sauvignon-blanc\/","url":"https:\/\/www.erresse-shop.it\/fr\/shop\/table-fr-2\/vin\/riedel-veritas-ensemble-2-verres-a-sauvignon-blanc\/","name":"RIEDEL Veritas Ensemble 2 Verres \u00e0 Sauvignon Blanc","isPartOf":{"@id":"https:\/\/www.erresse-shop.it\/fr\/#website"},"datePublished":"2023-04-26T14:27:50+00:00","dateModified":"2025-01-14T08:20:40+00:00","description":"D\u00e9couvrez RIEDEL Veritas Ensemble 2 Verres \u00e0 Sauvignon Blanc sur ErresseShop. Qualit\u00e9, prix r\u00e9duits et achat s\u00e9curis\u00e9 \u2013 commandez d\u00e8s maintenant en ligne !","breadcrumb":{"@id":"https:\/\/www.erresse-shop.it\/fr\/shop\/table-fr-2\/vin\/riedel-veritas-ensemble-2-verres-a-sauvignon-blanc\/#breadcrumb"},"inLanguage":"fr-FR","potentialAction":[{"@type":"ReadAction","target":["https:\/\/www.erresse-shop.it\/fr\/shop\/table-fr-2\/vin\/riedel-veritas-ensemble-2-verres-a-sauvignon-blanc\/"]}]},{"@type":"BreadcrumbList","@id":"https:\/\/www.erresse-shop.it\/fr\/shop\/table-fr-2\/vin\/riedel-veritas-ensemble-2-verres-a-sauvignon-blanc\/#breadcrumb","itemListElement":[{"@type":"ListItem","position":1,"name":"Home","item":"https:\/\/www.erresse-shop.it\/fr\/"},{"@type":"ListItem","position":2,"name":"Shop","item":"https:\/\/www.erresse-shop.it\/fr\/shop\/"},{"@type":"ListItem","position":3,"name":"RIEDEL Veritas Ensemble 2 Verres \u00e0 Sauvignon Blanc"}]},{"@type":"WebSite","@id":"https:\/\/www.erresse-shop.it\/fr\/#website","url":"https:\/\/www.erresse-shop.it\/fr\/","name":"Erresse Shop","description":"Articoli di qualit\u00e0 per la casa","potentialAction":[{"@type":"SearchAction","target":{"@type":"EntryPoint","urlTemplate":"https:\/\/www.erresse-shop.it\/fr\/?s={search_term_string}"},"query-input":"required name=search_term_string"}],"inLanguage":"fr-FR"}]}},"df_price":26.55,"df_sale_price":26.55,"df_regular_price":59,"df_image_link":"https:\/\/www.erresse-shop.it\/wp-content\/uploads\/2023\/04\/RIEDEL-Veritas-Set-2-Calici-Sauvignon-Blanc-300x300.jpg","_links":{"self":[{"href":"https:\/\/www.erresse-shop.it\/fr\/wp-json\/wp\/v2\/product\/263984"}],"collection":[{"href":"https:\/\/www.erresse-shop.it\/fr\/wp-json\/wp\/v2\/product"}],"about":[{"href":"https:\/\/www.erresse-shop.it\/fr\/wp-json\/wp\/v2\/types\/product"}],"wp:featuredmedia":[{"embeddable":true,"href":"https:\/\/www.erresse-shop.it\/fr\/wp-json\/wp\/v2\/media\/264009"}],"wp:attachment":[{"href":"https:\/\/www.erresse-shop.it\/fr\/wp-json\/wp\/v2\/media?parent=263984"}],"wp:term":[{"taxonomy":"product_cat","embeddable":true,"href":"https:\/\/www.erresse-shop.it\/fr\/wp-json\/wp\/v2\/product_cat?post=263984"},{"taxonomy":"product_tag","embeddable":true,"href":"https:\/\/www.erresse-shop.it\/fr\/wp-json\/wp\/v2\/product_tag?post=263984"}],"curies":[{"name":"wp","href":"https:\/\/api.w.org\/{rel}","templated":true}]}}