{"id":263756,"date":"2023-04-26T13:09:00","date_gmt":"2023-04-26T13:09:07","guid":{"rendered":"https:\/\/www.erresse-shop.it\/?post_type=product&#038;p=263756"},"modified":"2025-01-14T08:20:15","modified_gmt":"2025-01-14T08:20:15","slug":"riedel-veritas-ensemble-2-verres-a-vin-rouge-cabernet-merlot","status":"publish","type":"product","link":"https:\/\/www.erresse-shop.it\/fr\/shop\/table-fr-2\/vin\/riedel-veritas-ensemble-2-verres-a-vin-rouge-cabernet-merlot\/","title":{"rendered":"RIEDEL Veritas Ensemble 2 Verres \u00e0 Vin Rouge Cabernet\/Merlot"},"content":{"rendered":"<p>La s\u00e9rie r\u00e9volutionnaire <strong>RIEDEL Veritas<\/strong> a fait ses d\u00e9buts en 2014, \u00e9tablissant une fois de plus la norme en mati\u00e8re de production de verre. Georg J. Riedel, qui appartient \u00e0 la dixi\u00e8me g\u00e9n\u00e9ration de la famille, a charg\u00e9 les experts de renomm\u00e9e mondiale de la marque de cr\u00e9er une s\u00e9rie dont l&#8217;apparence serait \u00e9poustouflante, la prise en main agr\u00e9able et le prix comp\u00e9titif. Ils se sont acquitt\u00e9s de cette t\u00e2che avec brio, cr\u00e9ant ainsi une collection de verres \u00e0 vin pour le XXIe si\u00e8cle.<\/p>\n<p>Le verre <strong>Cabernet<\/strong> est parfait pour les vins rouges complexes et cors\u00e9s \u00e0 forte teneur en tanins.<\/p>\n<p>La taille g\u00e9n\u00e9reuse du verre permet au bouquet de s&#8217;exprimer pleinement et d&#8217;att\u00e9nuer les asp\u00e9rit\u00e9s. Il souligne le caract\u00e8re fruit\u00e9 en att\u00e9nuant l&#8217;amertume des tanins et rend les vins parfaitement \u00e9quilibr\u00e9s.<\/p>\n<p>Fabriqu\u00e9 en machine et lavable au lave-vaisselle.<br \/>\nLe paquet contient 2 pi\u00e8ces.<\/p>\n<p>Volume : 709,0 cm<br \/>\nHauteur : 235,0 mm<\/p>\n","protected":false},"excerpt":{"rendered":"<p>La s\u00e9rie r\u00e9volutionnaire RIEDEL Veritas a fait ses d\u00e9buts en 2014, \u00e9tablissant une fois de plus la norme en mati\u00e8re<\/p>\n","protected":false},"featured_media":263816,"template":"","meta":{"_acf_changed":false,"inline_featured_image":false},"product_cat":[14460,12754],"product_tag":[25086,23910,23660,25021,24415,12826,15730,21985,23682],"acf":[],"yoast_head":"<!-- This site is optimized with the Yoast SEO Premium plugin v18.6 (Yoast SEO v19.13) - https:\/\/yoast.com\/wordpress\/plugins\/seo\/ -->\n<title>RIEDEL Veritas Ensemble 2 Verres \u00e0 Vin Rouge Cabernet\/Merlot<\/title>\n<meta name=\"description\" content=\"D\u00e9couvrez RIEDEL Veritas Ensemble 2 Verres \u00e0 Vin Rouge Cabernet\/Merlot sur ErresseShop. Qualit\u00e9, prix r\u00e9duits et achat s\u00e9curis\u00e9 \u2013 commandez d\u00e8s maintenant en ligne !\" \/>\n<meta name=\"robots\" content=\"index, follow, max-snippet:-1, max-image-preview:large, max-video-preview:-1\" \/>\n<link rel=\"canonical\" href=\"https:\/\/www.erresse-shop.it\/fr\/shop\/table-fr-2\/vin\/riedel-veritas-ensemble-2-verres-a-vin-rouge-cabernet-merlot\/\" \/>\n<meta property=\"og:locale\" content=\"fr_FR\" \/>\n<meta property=\"og:type\" content=\"article\" \/>\n<meta property=\"og:title\" content=\"RIEDEL Veritas Ensemble 2 Verres \u00e0 Vin Rouge Cabernet\/Merlot\" \/>\n<meta property=\"og:description\" content=\"D\u00e9couvrez RIEDEL Veritas Ensemble 2 Verres \u00e0 Vin Rouge Cabernet\/Merlot sur ErresseShop. Qualit\u00e9, prix r\u00e9duits et achat s\u00e9curis\u00e9 \u2013 commandez d\u00e8s maintenant en ligne !\" \/>\n<meta property=\"og:url\" content=\"https:\/\/www.erresse-shop.it\/fr\/shop\/table-fr-2\/vin\/riedel-veritas-ensemble-2-verres-a-vin-rouge-cabernet-merlot\/\" \/>\n<meta property=\"og:site_name\" content=\"Erresse Shop\" \/>\n<meta property=\"article:modified_time\" content=\"2025-01-14T08:20:15+00:00\" \/>\n<meta property=\"og:image\" content=\"https:\/\/www.erresse-shop.it\/wp-content\/uploads\/2023\/04\/RIEDEL-Veritas-Set-2-Calici-Cabernet-Merlot.jpg\" \/>\n\t<meta property=\"og:image:width\" content=\"800\" \/>\n\t<meta property=\"og:image:height\" content=\"800\" \/>\n\t<meta property=\"og:image:type\" content=\"image\/jpeg\" \/>\n<meta name=\"twitter:card\" content=\"summary_large_image\" \/>\n<script type=\"application\/ld+json\" class=\"yoast-schema-graph\">{\"@context\":\"https:\/\/schema.org\",\"@graph\":[{\"@type\":\"WebPage\",\"@id\":\"https:\/\/www.erresse-shop.it\/fr\/shop\/table-fr-2\/vin\/riedel-veritas-ensemble-2-verres-a-vin-rouge-cabernet-merlot\/\",\"url\":\"https:\/\/www.erresse-shop.it\/fr\/shop\/table-fr-2\/vin\/riedel-veritas-ensemble-2-verres-a-vin-rouge-cabernet-merlot\/\",\"name\":\"RIEDEL Veritas Ensemble 2 Verres \u00e0 Vin Rouge Cabernet\/Merlot\",\"isPartOf\":{\"@id\":\"https:\/\/www.erresse-shop.it\/fr\/#website\"},\"datePublished\":\"2023-04-26T13:09:07+00:00\",\"dateModified\":\"2025-01-14T08:20:15+00:00\",\"description\":\"D\u00e9couvrez RIEDEL Veritas Ensemble 2 Verres \u00e0 Vin Rouge Cabernet\/Merlot sur ErresseShop. Qualit\u00e9, prix r\u00e9duits et achat s\u00e9curis\u00e9 \u2013 commandez d\u00e8s maintenant en ligne !\",\"breadcrumb\":{\"@id\":\"https:\/\/www.erresse-shop.it\/fr\/shop\/table-fr-2\/vin\/riedel-veritas-ensemble-2-verres-a-vin-rouge-cabernet-merlot\/#breadcrumb\"},\"inLanguage\":\"fr-FR\",\"potentialAction\":[{\"@type\":\"ReadAction\",\"target\":[\"https:\/\/www.erresse-shop.it\/fr\/shop\/table-fr-2\/vin\/riedel-veritas-ensemble-2-verres-a-vin-rouge-cabernet-merlot\/\"]}]},{\"@type\":\"BreadcrumbList\",\"@id\":\"https:\/\/www.erresse-shop.it\/fr\/shop\/table-fr-2\/vin\/riedel-veritas-ensemble-2-verres-a-vin-rouge-cabernet-merlot\/#breadcrumb\",\"itemListElement\":[{\"@type\":\"ListItem\",\"position\":1,\"name\":\"Home\",\"item\":\"https:\/\/www.erresse-shop.it\/fr\/\"},{\"@type\":\"ListItem\",\"position\":2,\"name\":\"Shop\",\"item\":\"https:\/\/www.erresse-shop.it\/fr\/shop\/\"},{\"@type\":\"ListItem\",\"position\":3,\"name\":\"RIEDEL Veritas Ensemble 2 Verres \u00e0 Vin Rouge Cabernet\/Merlot\"}]},{\"@type\":\"WebSite\",\"@id\":\"https:\/\/www.erresse-shop.it\/fr\/#website\",\"url\":\"https:\/\/www.erresse-shop.it\/fr\/\",\"name\":\"Erresse Shop\",\"description\":\"Articoli di qualit\u00e0 per la casa\",\"potentialAction\":[{\"@type\":\"SearchAction\",\"target\":{\"@type\":\"EntryPoint\",\"urlTemplate\":\"https:\/\/www.erresse-shop.it\/fr\/?s={search_term_string}\"},\"query-input\":\"required name=search_term_string\"}],\"inLanguage\":\"fr-FR\"}]}<\/script>\n<!-- \/ Yoast SEO Premium plugin. -->","yoast_head_json":{"title":"RIEDEL Veritas Ensemble 2 Verres \u00e0 Vin Rouge Cabernet\/Merlot","description":"D\u00e9couvrez RIEDEL Veritas Ensemble 2 Verres \u00e0 Vin Rouge Cabernet\/Merlot sur ErresseShop. Qualit\u00e9, prix r\u00e9duits et achat s\u00e9curis\u00e9 \u2013 commandez d\u00e8s maintenant en ligne !","robots":{"index":"index","follow":"follow","max-snippet":"max-snippet:-1","max-image-preview":"max-image-preview:large","max-video-preview":"max-video-preview:-1"},"canonical":"https:\/\/www.erresse-shop.it\/fr\/shop\/table-fr-2\/vin\/riedel-veritas-ensemble-2-verres-a-vin-rouge-cabernet-merlot\/","og_locale":"fr_FR","og_type":"article","og_title":"RIEDEL Veritas Ensemble 2 Verres \u00e0 Vin Rouge Cabernet\/Merlot","og_description":"D\u00e9couvrez RIEDEL Veritas Ensemble 2 Verres \u00e0 Vin Rouge Cabernet\/Merlot sur ErresseShop. Qualit\u00e9, prix r\u00e9duits et achat s\u00e9curis\u00e9 \u2013 commandez d\u00e8s maintenant en ligne !","og_url":"https:\/\/www.erresse-shop.it\/fr\/shop\/table-fr-2\/vin\/riedel-veritas-ensemble-2-verres-a-vin-rouge-cabernet-merlot\/","og_site_name":"Erresse Shop","article_modified_time":"2025-01-14T08:20:15+00:00","og_image":[{"width":800,"height":800,"url":"https:\/\/www.erresse-shop.it\/wp-content\/uploads\/2023\/04\/RIEDEL-Veritas-Set-2-Calici-Cabernet-Merlot.jpg","type":"image\/jpeg"}],"twitter_card":"summary_large_image","schema":{"@context":"https:\/\/schema.org","@graph":[{"@type":"WebPage","@id":"https:\/\/www.erresse-shop.it\/fr\/shop\/table-fr-2\/vin\/riedel-veritas-ensemble-2-verres-a-vin-rouge-cabernet-merlot\/","url":"https:\/\/www.erresse-shop.it\/fr\/shop\/table-fr-2\/vin\/riedel-veritas-ensemble-2-verres-a-vin-rouge-cabernet-merlot\/","name":"RIEDEL Veritas Ensemble 2 Verres \u00e0 Vin Rouge Cabernet\/Merlot","isPartOf":{"@id":"https:\/\/www.erresse-shop.it\/fr\/#website"},"datePublished":"2023-04-26T13:09:07+00:00","dateModified":"2025-01-14T08:20:15+00:00","description":"D\u00e9couvrez RIEDEL Veritas Ensemble 2 Verres \u00e0 Vin Rouge Cabernet\/Merlot sur ErresseShop. Qualit\u00e9, prix r\u00e9duits et achat s\u00e9curis\u00e9 \u2013 commandez d\u00e8s maintenant en ligne !","breadcrumb":{"@id":"https:\/\/www.erresse-shop.it\/fr\/shop\/table-fr-2\/vin\/riedel-veritas-ensemble-2-verres-a-vin-rouge-cabernet-merlot\/#breadcrumb"},"inLanguage":"fr-FR","potentialAction":[{"@type":"ReadAction","target":["https:\/\/www.erresse-shop.it\/fr\/shop\/table-fr-2\/vin\/riedel-veritas-ensemble-2-verres-a-vin-rouge-cabernet-merlot\/"]}]},{"@type":"BreadcrumbList","@id":"https:\/\/www.erresse-shop.it\/fr\/shop\/table-fr-2\/vin\/riedel-veritas-ensemble-2-verres-a-vin-rouge-cabernet-merlot\/#breadcrumb","itemListElement":[{"@type":"ListItem","position":1,"name":"Home","item":"https:\/\/www.erresse-shop.it\/fr\/"},{"@type":"ListItem","position":2,"name":"Shop","item":"https:\/\/www.erresse-shop.it\/fr\/shop\/"},{"@type":"ListItem","position":3,"name":"RIEDEL Veritas Ensemble 2 Verres \u00e0 Vin Rouge Cabernet\/Merlot"}]},{"@type":"WebSite","@id":"https:\/\/www.erresse-shop.it\/fr\/#website","url":"https:\/\/www.erresse-shop.it\/fr\/","name":"Erresse Shop","description":"Articoli di qualit\u00e0 per la casa","potentialAction":[{"@type":"SearchAction","target":{"@type":"EntryPoint","urlTemplate":"https:\/\/www.erresse-shop.it\/fr\/?s={search_term_string}"},"query-input":"required name=search_term_string"}],"inLanguage":"fr-FR"}]}},"df_price":26.55,"df_sale_price":26.55,"df_regular_price":59,"df_image_link":"https:\/\/www.erresse-shop.it\/wp-content\/uploads\/2023\/04\/RIEDEL-Veritas-Set-2-Calici-Cabernet-Merlot-300x300.jpg","_links":{"self":[{"href":"https:\/\/www.erresse-shop.it\/fr\/wp-json\/wp\/v2\/product\/263756"}],"collection":[{"href":"https:\/\/www.erresse-shop.it\/fr\/wp-json\/wp\/v2\/product"}],"about":[{"href":"https:\/\/www.erresse-shop.it\/fr\/wp-json\/wp\/v2\/types\/product"}],"wp:featuredmedia":[{"embeddable":true,"href":"https:\/\/www.erresse-shop.it\/fr\/wp-json\/wp\/v2\/media\/263816"}],"wp:attachment":[{"href":"https:\/\/www.erresse-shop.it\/fr\/wp-json\/wp\/v2\/media?parent=263756"}],"wp:term":[{"taxonomy":"product_cat","embeddable":true,"href":"https:\/\/www.erresse-shop.it\/fr\/wp-json\/wp\/v2\/product_cat?post=263756"},{"taxonomy":"product_tag","embeddable":true,"href":"https:\/\/www.erresse-shop.it\/fr\/wp-json\/wp\/v2\/product_tag?post=263756"}],"curies":[{"name":"wp","href":"https:\/\/api.w.org\/{rel}","templated":true}]}}