{"id":263678,"date":"2023-04-26T12:10:36","date_gmt":"2023-04-26T12:10:42","guid":{"rendered":"https:\/\/www.erresse-shop.it\/?post_type=product&#038;p=263678"},"modified":"2025-01-14T08:19:54","modified_gmt":"2025-01-14T08:19:54","slug":"riedel-cornetto-decanteur","status":"publish","type":"product","link":"https:\/\/www.erresse-shop.it\/fr\/shop\/table-fr-2\/vin\/riedel-cornetto-decanteur\/","title":{"rendered":"RIEDEL Cornetto D\u00e9canteur"},"content":{"rendered":"<p><strong>RIEDEL<\/strong> propose une large gamme d&#8217;\u00e9l\u00e9gantes carafes en verre souffl\u00e9 pour r\u00e9pondre \u00e0 tous les styles de vie. Une carafe est un objet indispensable pour tout amateur de vin, et toutes les carafes RIEDEL sont fabriqu\u00e9es en cristal fin pour donner aux vins de qualit\u00e9 le traitement qu&#8217;ils m\u00e9ritent. Les vins jeunes et vieux peuvent b\u00e9n\u00e9ficier d&#8217;une d\u00e9cantation, que ce soit pour \u00e9liminer les s\u00e9diments ou pour les rendre plus souples et plus ronds.<\/p>\n<p>La s\u00e9rie Cornetto Confetti s&#8217;inspire du pop art et comprend cinq pi\u00e8ces aux couleurs vives.<br \/>\nLa forme longue et fine de la carafe <strong>Cornetto<\/strong> est id\u00e9ale pour d\u00e9canter les vins jeunes et pour enlever les s\u00e9diments des vins \u00e2g\u00e9s. La minceur de cette carafe permet de minimiser la surface expos\u00e9e, de sorte que les vins \u00e2g\u00e9s les plus d\u00e9licats ne soient pas trop expos\u00e9s \u00e0 l&#8217;oxyg\u00e8ne.<\/p>\n<p>Cette carafe peut contenir une bouteille de vin magnum.<\/p>\n<p>Fabriqu\u00e9e \u00e0 la main. Laver \u00e0 la main uniquement.<\/p>\n<p>Volume : 1850.0 ccm<br \/>\nHauteur : 425,0 mm<\/p>\n","protected":false},"excerpt":{"rendered":"<p>RIEDEL propose une large gamme d&#8217;\u00e9l\u00e9gantes carafes en verre souffl\u00e9 pour r\u00e9pondre \u00e0 tous les styles de vie. Une carafe<\/p>\n","protected":false},"featured_media":506805,"template":"","meta":{"_acf_changed":false,"inline_featured_image":false},"product_cat":[18539,12782,12754],"product_tag":[25086,22550,25021,14889,23682],"acf":[],"yoast_head":"<!-- This site is optimized with the Yoast SEO Premium plugin v18.6 (Yoast SEO v19.13) - https:\/\/yoast.com\/wordpress\/plugins\/seo\/ -->\n<title>RIEDEL Cornetto D\u00e9canteur<\/title>\n<meta name=\"description\" content=\"D\u00e9couvrez RIEDEL Cornetto D\u00e9canteur sur ErresseShop. Qualit\u00e9, prix r\u00e9duits et achat s\u00e9curis\u00e9 \u2013 commandez d\u00e8s maintenant en ligne !\" \/>\n<meta name=\"robots\" content=\"index, follow, max-snippet:-1, max-image-preview:large, max-video-preview:-1\" \/>\n<link rel=\"canonical\" href=\"https:\/\/www.erresse-shop.it\/fr\/shop\/table-fr-2\/vin\/riedel-cornetto-decanteur\/\" \/>\n<meta property=\"og:locale\" content=\"fr_FR\" \/>\n<meta property=\"og:type\" content=\"article\" \/>\n<meta property=\"og:title\" content=\"RIEDEL Cornetto D\u00e9canteur\" \/>\n<meta property=\"og:description\" content=\"D\u00e9couvrez RIEDEL Cornetto D\u00e9canteur sur ErresseShop. Qualit\u00e9, prix r\u00e9duits et achat s\u00e9curis\u00e9 \u2013 commandez d\u00e8s maintenant en ligne !\" \/>\n<meta property=\"og:url\" content=\"https:\/\/www.erresse-shop.it\/fr\/shop\/table-fr-2\/vin\/riedel-cornetto-decanteur\/\" \/>\n<meta property=\"og:site_name\" content=\"Erresse Shop\" \/>\n<meta property=\"article:modified_time\" content=\"2025-01-14T08:19:54+00:00\" \/>\n<meta property=\"og:image\" content=\"https:\/\/www.erresse-shop.it\/wp-content\/uploads\/2023\/04\/RIEDEL-Cornetto-Decanter.jpg\" \/>\n\t<meta property=\"og:image:width\" content=\"800\" \/>\n\t<meta property=\"og:image:height\" content=\"800\" \/>\n\t<meta property=\"og:image:type\" content=\"image\/jpeg\" \/>\n<meta name=\"twitter:card\" content=\"summary_large_image\" \/>\n<script type=\"application\/ld+json\" class=\"yoast-schema-graph\">{\"@context\":\"https:\/\/schema.org\",\"@graph\":[{\"@type\":\"WebPage\",\"@id\":\"https:\/\/www.erresse-shop.it\/fr\/shop\/table-fr-2\/vin\/riedel-cornetto-decanteur\/\",\"url\":\"https:\/\/www.erresse-shop.it\/fr\/shop\/table-fr-2\/vin\/riedel-cornetto-decanteur\/\",\"name\":\"RIEDEL Cornetto D\u00e9canteur\",\"isPartOf\":{\"@id\":\"https:\/\/www.erresse-shop.it\/fr\/#website\"},\"datePublished\":\"2023-04-26T12:10:42+00:00\",\"dateModified\":\"2025-01-14T08:19:54+00:00\",\"description\":\"D\u00e9couvrez RIEDEL Cornetto D\u00e9canteur sur ErresseShop. Qualit\u00e9, prix r\u00e9duits et achat s\u00e9curis\u00e9 \u2013 commandez d\u00e8s maintenant en ligne !\",\"breadcrumb\":{\"@id\":\"https:\/\/www.erresse-shop.it\/fr\/shop\/table-fr-2\/vin\/riedel-cornetto-decanteur\/#breadcrumb\"},\"inLanguage\":\"fr-FR\",\"potentialAction\":[{\"@type\":\"ReadAction\",\"target\":[\"https:\/\/www.erresse-shop.it\/fr\/shop\/table-fr-2\/vin\/riedel-cornetto-decanteur\/\"]}]},{\"@type\":\"BreadcrumbList\",\"@id\":\"https:\/\/www.erresse-shop.it\/fr\/shop\/table-fr-2\/vin\/riedel-cornetto-decanteur\/#breadcrumb\",\"itemListElement\":[{\"@type\":\"ListItem\",\"position\":1,\"name\":\"Home\",\"item\":\"https:\/\/www.erresse-shop.it\/fr\/\"},{\"@type\":\"ListItem\",\"position\":2,\"name\":\"Shop\",\"item\":\"https:\/\/www.erresse-shop.it\/fr\/shop\/\"},{\"@type\":\"ListItem\",\"position\":3,\"name\":\"RIEDEL Cornetto D\u00e9canteur\"}]},{\"@type\":\"WebSite\",\"@id\":\"https:\/\/www.erresse-shop.it\/fr\/#website\",\"url\":\"https:\/\/www.erresse-shop.it\/fr\/\",\"name\":\"Erresse Shop\",\"description\":\"Articoli di qualit\u00e0 per la casa\",\"potentialAction\":[{\"@type\":\"SearchAction\",\"target\":{\"@type\":\"EntryPoint\",\"urlTemplate\":\"https:\/\/www.erresse-shop.it\/fr\/?s={search_term_string}\"},\"query-input\":\"required name=search_term_string\"}],\"inLanguage\":\"fr-FR\"}]}<\/script>\n<!-- \/ Yoast SEO Premium plugin. -->","yoast_head_json":{"title":"RIEDEL Cornetto D\u00e9canteur","description":"D\u00e9couvrez RIEDEL Cornetto D\u00e9canteur sur ErresseShop. Qualit\u00e9, prix r\u00e9duits et achat s\u00e9curis\u00e9 \u2013 commandez d\u00e8s maintenant en ligne !","robots":{"index":"index","follow":"follow","max-snippet":"max-snippet:-1","max-image-preview":"max-image-preview:large","max-video-preview":"max-video-preview:-1"},"canonical":"https:\/\/www.erresse-shop.it\/fr\/shop\/table-fr-2\/vin\/riedel-cornetto-decanteur\/","og_locale":"fr_FR","og_type":"article","og_title":"RIEDEL Cornetto D\u00e9canteur","og_description":"D\u00e9couvrez RIEDEL Cornetto D\u00e9canteur sur ErresseShop. Qualit\u00e9, prix r\u00e9duits et achat s\u00e9curis\u00e9 \u2013 commandez d\u00e8s maintenant en ligne !","og_url":"https:\/\/www.erresse-shop.it\/fr\/shop\/table-fr-2\/vin\/riedel-cornetto-decanteur\/","og_site_name":"Erresse Shop","article_modified_time":"2025-01-14T08:19:54+00:00","og_image":[{"width":800,"height":800,"url":"https:\/\/www.erresse-shop.it\/wp-content\/uploads\/2023\/04\/RIEDEL-Cornetto-Decanter.jpg","type":"image\/jpeg"}],"twitter_card":"summary_large_image","schema":{"@context":"https:\/\/schema.org","@graph":[{"@type":"WebPage","@id":"https:\/\/www.erresse-shop.it\/fr\/shop\/table-fr-2\/vin\/riedel-cornetto-decanteur\/","url":"https:\/\/www.erresse-shop.it\/fr\/shop\/table-fr-2\/vin\/riedel-cornetto-decanteur\/","name":"RIEDEL Cornetto D\u00e9canteur","isPartOf":{"@id":"https:\/\/www.erresse-shop.it\/fr\/#website"},"datePublished":"2023-04-26T12:10:42+00:00","dateModified":"2025-01-14T08:19:54+00:00","description":"D\u00e9couvrez RIEDEL Cornetto D\u00e9canteur sur ErresseShop. Qualit\u00e9, prix r\u00e9duits et achat s\u00e9curis\u00e9 \u2013 commandez d\u00e8s maintenant en ligne !","breadcrumb":{"@id":"https:\/\/www.erresse-shop.it\/fr\/shop\/table-fr-2\/vin\/riedel-cornetto-decanteur\/#breadcrumb"},"inLanguage":"fr-FR","potentialAction":[{"@type":"ReadAction","target":["https:\/\/www.erresse-shop.it\/fr\/shop\/table-fr-2\/vin\/riedel-cornetto-decanteur\/"]}]},{"@type":"BreadcrumbList","@id":"https:\/\/www.erresse-shop.it\/fr\/shop\/table-fr-2\/vin\/riedel-cornetto-decanteur\/#breadcrumb","itemListElement":[{"@type":"ListItem","position":1,"name":"Home","item":"https:\/\/www.erresse-shop.it\/fr\/"},{"@type":"ListItem","position":2,"name":"Shop","item":"https:\/\/www.erresse-shop.it\/fr\/shop\/"},{"@type":"ListItem","position":3,"name":"RIEDEL Cornetto D\u00e9canteur"}]},{"@type":"WebSite","@id":"https:\/\/www.erresse-shop.it\/fr\/#website","url":"https:\/\/www.erresse-shop.it\/fr\/","name":"Erresse Shop","description":"Articoli di qualit\u00e0 per la casa","potentialAction":[{"@type":"SearchAction","target":{"@type":"EntryPoint","urlTemplate":"https:\/\/www.erresse-shop.it\/fr\/?s={search_term_string}"},"query-input":"required name=search_term_string"}],"inLanguage":"fr-FR"}]}},"df_price":188,"df_sale_price":188,"df_regular_price":235,"df_image_link":"https:\/\/www.erresse-shop.it\/wp-content\/uploads\/2023\/04\/RIEDEL-Cornetto-Decanter-Magnum-300x300.jpg","_links":{"self":[{"href":"https:\/\/www.erresse-shop.it\/fr\/wp-json\/wp\/v2\/product\/263678"}],"collection":[{"href":"https:\/\/www.erresse-shop.it\/fr\/wp-json\/wp\/v2\/product"}],"about":[{"href":"https:\/\/www.erresse-shop.it\/fr\/wp-json\/wp\/v2\/types\/product"}],"wp:featuredmedia":[{"embeddable":true,"href":"https:\/\/www.erresse-shop.it\/fr\/wp-json\/wp\/v2\/media\/506805"}],"wp:attachment":[{"href":"https:\/\/www.erresse-shop.it\/fr\/wp-json\/wp\/v2\/media?parent=263678"}],"wp:term":[{"taxonomy":"product_cat","embeddable":true,"href":"https:\/\/www.erresse-shop.it\/fr\/wp-json\/wp\/v2\/product_cat?post=263678"},{"taxonomy":"product_tag","embeddable":true,"href":"https:\/\/www.erresse-shop.it\/fr\/wp-json\/wp\/v2\/product_tag?post=263678"}],"curies":[{"name":"wp","href":"https:\/\/api.w.org\/{rel}","templated":true}]}}