{"id":263661,"date":"2023-04-26T10:49:37","date_gmt":"2023-04-26T10:49:43","guid":{"rendered":"https:\/\/www.erresse-shop.it\/?post_type=product&#038;p=263661"},"modified":"2025-01-14T08:19:49","modified_gmt":"2025-01-14T08:19:49","slug":"riedel-ayam-decanteur","status":"publish","type":"product","link":"https:\/\/www.erresse-shop.it\/fr\/shop\/table-fr-2\/vin\/riedel-ayam-decanteur\/","title":{"rendered":"RIEDEL Ayam D\u00e9canteur"},"content":{"rendered":"<p><strong>RIEDEL<\/strong> propose une large gamme d&#8217;\u00e9l\u00e9gantes carafes en verre souffl\u00e9 pour r\u00e9pondre \u00e0 tous les styles de vie. Une carafe est un objet indispensable pour tout amateur de vin, et toutes les carafes RIEDEL sont fabriqu\u00e9es en cristal fin pour donner aux vins de qualit\u00e9 le traitement qu&#8217;ils m\u00e9ritent. Les vins jeunes et vieux peuvent b\u00e9n\u00e9ficier d&#8217;une d\u00e9cantation, que ce soit pour \u00e9liminer les s\u00e9diments ou pour les rendre plus souples et plus ronds.<\/p>\n<p>La carafe <strong>Ayam<\/strong> s&#8217;inspire d&#8217;une race rare de poule indon\u00e9sienne et porte son nom. Cet instrument fonctionnel de d\u00e9gustation du vin constitue une pi\u00e8ce ma\u00eetresse unique.<br \/>\nMod\u00e9lis\u00e9e \u00e0 main lev\u00e9e, la carafe poss\u00e8de un large goulot pour remplir et verser le vin, qui s&#8217;ouvre sur une base plus large permettant l&#8217;\u00e9change d&#8217;oxyg\u00e8ne entre le courant d&#8217;air et le vin. L&#8217;extr\u00e9mit\u00e9 courb\u00e9e et effil\u00e9e sert de poign\u00e9e \u00e9l\u00e9gante pour l&#8217;Ayam.<\/p>\n<p>Cette carafe peut contenir une bouteille de vin standard.<\/p>\n<p>Fabriqu\u00e9e \u00e0 la main. Laver \u00e0 la main uniquement.<\/p>\n<p>Hauteur : 325,0 mm<br \/>\nVolume : 1500.0 ccm<br \/>\nHauteur : 350,0 mm<\/p>\n","protected":false},"excerpt":{"rendered":"<p>RIEDEL propose une large gamme d&#8217;\u00e9l\u00e9gantes carafes en verre souffl\u00e9 pour r\u00e9pondre \u00e0 tous les styles de vie. Une carafe<\/p>\n","protected":false},"featured_media":263666,"template":"","meta":{"_acf_changed":false,"inline_featured_image":false},"product_cat":[18539,12782,12754],"product_tag":[25086,22550,25021,14889,23682],"acf":[],"yoast_head":"<!-- This site is optimized with the Yoast SEO Premium plugin v18.6 (Yoast SEO v19.13) - https:\/\/yoast.com\/wordpress\/plugins\/seo\/ -->\n<title>RIEDEL Ayam D\u00e9canteur<\/title>\n<meta name=\"description\" content=\"D\u00e9couvrez RIEDEL Ayam D\u00e9canteur sur ErresseShop. Qualit\u00e9, prix r\u00e9duits et achat s\u00e9curis\u00e9 \u2013 commandez d\u00e8s maintenant en ligne !\" \/>\n<meta name=\"robots\" content=\"index, follow, max-snippet:-1, max-image-preview:large, max-video-preview:-1\" \/>\n<link rel=\"canonical\" href=\"https:\/\/www.erresse-shop.it\/fr\/shop\/table-fr-2\/vin\/riedel-ayam-decanteur\/\" \/>\n<meta property=\"og:locale\" content=\"fr_FR\" \/>\n<meta property=\"og:type\" content=\"article\" \/>\n<meta property=\"og:title\" content=\"RIEDEL Ayam D\u00e9canteur\" \/>\n<meta property=\"og:description\" content=\"D\u00e9couvrez RIEDEL Ayam D\u00e9canteur sur ErresseShop. Qualit\u00e9, prix r\u00e9duits et achat s\u00e9curis\u00e9 \u2013 commandez d\u00e8s maintenant en ligne !\" \/>\n<meta property=\"og:url\" content=\"https:\/\/www.erresse-shop.it\/fr\/shop\/table-fr-2\/vin\/riedel-ayam-decanteur\/\" \/>\n<meta property=\"og:site_name\" content=\"Erresse Shop\" \/>\n<meta property=\"article:modified_time\" content=\"2025-01-14T08:19:49+00:00\" \/>\n<meta property=\"og:image\" content=\"https:\/\/www.erresse-shop.it\/wp-content\/uploads\/2023\/04\/RIEDEL-Ayam-Decanter.jpg\" \/>\n\t<meta property=\"og:image:width\" content=\"800\" \/>\n\t<meta property=\"og:image:height\" content=\"800\" \/>\n\t<meta property=\"og:image:type\" content=\"image\/jpeg\" \/>\n<meta name=\"twitter:card\" content=\"summary_large_image\" \/>\n<script type=\"application\/ld+json\" class=\"yoast-schema-graph\">{\"@context\":\"https:\/\/schema.org\",\"@graph\":[{\"@type\":\"WebPage\",\"@id\":\"https:\/\/www.erresse-shop.it\/fr\/shop\/table-fr-2\/vin\/riedel-ayam-decanteur\/\",\"url\":\"https:\/\/www.erresse-shop.it\/fr\/shop\/table-fr-2\/vin\/riedel-ayam-decanteur\/\",\"name\":\"RIEDEL Ayam D\u00e9canteur\",\"isPartOf\":{\"@id\":\"https:\/\/www.erresse-shop.it\/fr\/#website\"},\"datePublished\":\"2023-04-26T10:49:43+00:00\",\"dateModified\":\"2025-01-14T08:19:49+00:00\",\"description\":\"D\u00e9couvrez RIEDEL Ayam D\u00e9canteur sur ErresseShop. Qualit\u00e9, prix r\u00e9duits et achat s\u00e9curis\u00e9 \u2013 commandez d\u00e8s maintenant en ligne !\",\"breadcrumb\":{\"@id\":\"https:\/\/www.erresse-shop.it\/fr\/shop\/table-fr-2\/vin\/riedel-ayam-decanteur\/#breadcrumb\"},\"inLanguage\":\"fr-FR\",\"potentialAction\":[{\"@type\":\"ReadAction\",\"target\":[\"https:\/\/www.erresse-shop.it\/fr\/shop\/table-fr-2\/vin\/riedel-ayam-decanteur\/\"]}]},{\"@type\":\"BreadcrumbList\",\"@id\":\"https:\/\/www.erresse-shop.it\/fr\/shop\/table-fr-2\/vin\/riedel-ayam-decanteur\/#breadcrumb\",\"itemListElement\":[{\"@type\":\"ListItem\",\"position\":1,\"name\":\"Home\",\"item\":\"https:\/\/www.erresse-shop.it\/fr\/\"},{\"@type\":\"ListItem\",\"position\":2,\"name\":\"Shop\",\"item\":\"https:\/\/www.erresse-shop.it\/fr\/shop\/\"},{\"@type\":\"ListItem\",\"position\":3,\"name\":\"RIEDEL Ayam D\u00e9canteur\"}]},{\"@type\":\"WebSite\",\"@id\":\"https:\/\/www.erresse-shop.it\/fr\/#website\",\"url\":\"https:\/\/www.erresse-shop.it\/fr\/\",\"name\":\"Erresse Shop\",\"description\":\"Articoli di qualit\u00e0 per la casa\",\"potentialAction\":[{\"@type\":\"SearchAction\",\"target\":{\"@type\":\"EntryPoint\",\"urlTemplate\":\"https:\/\/www.erresse-shop.it\/fr\/?s={search_term_string}\"},\"query-input\":\"required name=search_term_string\"}],\"inLanguage\":\"fr-FR\"}]}<\/script>\n<!-- \/ Yoast SEO Premium plugin. -->","yoast_head_json":{"title":"RIEDEL Ayam D\u00e9canteur","description":"D\u00e9couvrez RIEDEL Ayam D\u00e9canteur sur ErresseShop. Qualit\u00e9, prix r\u00e9duits et achat s\u00e9curis\u00e9 \u2013 commandez d\u00e8s maintenant en ligne !","robots":{"index":"index","follow":"follow","max-snippet":"max-snippet:-1","max-image-preview":"max-image-preview:large","max-video-preview":"max-video-preview:-1"},"canonical":"https:\/\/www.erresse-shop.it\/fr\/shop\/table-fr-2\/vin\/riedel-ayam-decanteur\/","og_locale":"fr_FR","og_type":"article","og_title":"RIEDEL Ayam D\u00e9canteur","og_description":"D\u00e9couvrez RIEDEL Ayam D\u00e9canteur sur ErresseShop. Qualit\u00e9, prix r\u00e9duits et achat s\u00e9curis\u00e9 \u2013 commandez d\u00e8s maintenant en ligne !","og_url":"https:\/\/www.erresse-shop.it\/fr\/shop\/table-fr-2\/vin\/riedel-ayam-decanteur\/","og_site_name":"Erresse Shop","article_modified_time":"2025-01-14T08:19:49+00:00","og_image":[{"width":800,"height":800,"url":"https:\/\/www.erresse-shop.it\/wp-content\/uploads\/2023\/04\/RIEDEL-Ayam-Decanter.jpg","type":"image\/jpeg"}],"twitter_card":"summary_large_image","schema":{"@context":"https:\/\/schema.org","@graph":[{"@type":"WebPage","@id":"https:\/\/www.erresse-shop.it\/fr\/shop\/table-fr-2\/vin\/riedel-ayam-decanteur\/","url":"https:\/\/www.erresse-shop.it\/fr\/shop\/table-fr-2\/vin\/riedel-ayam-decanteur\/","name":"RIEDEL Ayam D\u00e9canteur","isPartOf":{"@id":"https:\/\/www.erresse-shop.it\/fr\/#website"},"datePublished":"2023-04-26T10:49:43+00:00","dateModified":"2025-01-14T08:19:49+00:00","description":"D\u00e9couvrez RIEDEL Ayam D\u00e9canteur sur ErresseShop. Qualit\u00e9, prix r\u00e9duits et achat s\u00e9curis\u00e9 \u2013 commandez d\u00e8s maintenant en ligne !","breadcrumb":{"@id":"https:\/\/www.erresse-shop.it\/fr\/shop\/table-fr-2\/vin\/riedel-ayam-decanteur\/#breadcrumb"},"inLanguage":"fr-FR","potentialAction":[{"@type":"ReadAction","target":["https:\/\/www.erresse-shop.it\/fr\/shop\/table-fr-2\/vin\/riedel-ayam-decanteur\/"]}]},{"@type":"BreadcrumbList","@id":"https:\/\/www.erresse-shop.it\/fr\/shop\/table-fr-2\/vin\/riedel-ayam-decanteur\/#breadcrumb","itemListElement":[{"@type":"ListItem","position":1,"name":"Home","item":"https:\/\/www.erresse-shop.it\/fr\/"},{"@type":"ListItem","position":2,"name":"Shop","item":"https:\/\/www.erresse-shop.it\/fr\/shop\/"},{"@type":"ListItem","position":3,"name":"RIEDEL Ayam D\u00e9canteur"}]},{"@type":"WebSite","@id":"https:\/\/www.erresse-shop.it\/fr\/#website","url":"https:\/\/www.erresse-shop.it\/fr\/","name":"Erresse Shop","description":"Articoli di qualit\u00e0 per la casa","potentialAction":[{"@type":"SearchAction","target":{"@type":"EntryPoint","urlTemplate":"https:\/\/www.erresse-shop.it\/fr\/?s={search_term_string}"},"query-input":"required name=search_term_string"}],"inLanguage":"fr-FR"}]}},"df_price":239.2,"df_sale_price":239.2,"df_regular_price":299,"df_image_link":"https:\/\/www.erresse-shop.it\/wp-content\/uploads\/2023\/04\/RIEDEL-Ayam-Decanter-300x300.jpg","_links":{"self":[{"href":"https:\/\/www.erresse-shop.it\/fr\/wp-json\/wp\/v2\/product\/263661"}],"collection":[{"href":"https:\/\/www.erresse-shop.it\/fr\/wp-json\/wp\/v2\/product"}],"about":[{"href":"https:\/\/www.erresse-shop.it\/fr\/wp-json\/wp\/v2\/types\/product"}],"wp:featuredmedia":[{"embeddable":true,"href":"https:\/\/www.erresse-shop.it\/fr\/wp-json\/wp\/v2\/media\/263666"}],"wp:attachment":[{"href":"https:\/\/www.erresse-shop.it\/fr\/wp-json\/wp\/v2\/media?parent=263661"}],"wp:term":[{"taxonomy":"product_cat","embeddable":true,"href":"https:\/\/www.erresse-shop.it\/fr\/wp-json\/wp\/v2\/product_cat?post=263661"},{"taxonomy":"product_tag","embeddable":true,"href":"https:\/\/www.erresse-shop.it\/fr\/wp-json\/wp\/v2\/product_tag?post=263661"}],"curies":[{"name":"wp","href":"https:\/\/api.w.org\/{rel}","templated":true}]}}