{"id":263557,"date":"2023-04-26T09:45:45","date_gmt":"2023-04-26T09:45:51","guid":{"rendered":"https:\/\/www.erresse-shop.it\/?post_type=product&#038;p=263557"},"modified":"2025-01-14T08:19:34","modified_gmt":"2025-01-14T08:19:34","slug":"riedel-black-tie-decanteur","status":"publish","type":"product","link":"https:\/\/www.erresse-shop.it\/fr\/shop\/table-fr-2\/vin\/riedel-black-tie-decanteur\/","title":{"rendered":"RIEDEL Black Tie D\u00e9canteur"},"content":{"rendered":"<p><strong>RIEDEL<\/strong> propose une large gamme d&#8217;\u00e9l\u00e9gantes carafes en verre souffl\u00e9 pour r\u00e9pondre \u00e0 tous les styles de vie. Une carafe est un objet indispensable pour tout amateur de vin, et toutes les carafes RIEDEL sont fabriqu\u00e9es en cristal fin pour donner aux vins de qualit\u00e9 le traitement qu&#8217;ils m\u00e9ritent. Les vins jeunes et vieux peuvent b\u00e9n\u00e9ficier d&#8217;une d\u00e9cantation, que ce soit pour \u00e9liminer les s\u00e9diments ou pour les rendre plus souples et plus ronds.<\/p>\n<p>Classique, incurv\u00e9e et indispensable \u00e0 la d\u00e9gustation du vin, la carafe <strong>Black Tie<\/strong> de <strong>RIEDEL<\/strong> fait de la d\u00e9cantation un plaisir.<\/p>\n<p>La carafe Black Tie est en verre souffl\u00e9 moul\u00e9 par les experts de RIEDEL sans moule, ce qui fait que chaque pi\u00e8ce est unique. Elle est orn\u00e9e d&#8217;une bande noire obtenue en ins\u00e9rant une barre de cristal noir dans le verre en fusion avant la fin du moulage ; elle ressemble \u00e0 un smoking et s&#8217;\u00e9tend gracieusement d&#8217;un bout \u00e0 l&#8217;autre.<\/p>\n<p>Le vin est transvas\u00e9 en le versant dans l&#8217;ouverture la plus large, tandis que la plus petite a une fonction purement esth\u00e9tique.<\/p>\n<p>Fabriqu\u00e9 \u00e0 la main. Exclusivement lav\u00e9s \u00e0 la main.<\/p>\n<p>Nos ma\u00eetres verriers fabriquent chaque article \u00e0 la main, de sorte que chaque pi\u00e8ce poss\u00e8de un caract\u00e8re unique. En raison de la nature du processus de fabrication, il peut y avoir de petites diff\u00e9rences dans la taille et le poids de chaque article, des bulles, des imperfections ou de l\u00e9g\u00e8res variations \u00e0 la surface.<\/p>\n<p>Volume : 1955.0 ccm<br \/>\nHauteur : 420,0 mm<\/p>\n","protected":false},"excerpt":{"rendered":"<p>RIEDEL propose une large gamme d&#8217;\u00e9l\u00e9gantes carafes en verre souffl\u00e9 pour r\u00e9pondre \u00e0 tous les styles de vie. Une carafe<\/p>\n","protected":false},"featured_media":263592,"template":"","meta":{"_acf_changed":false,"inline_featured_image":false},"product_cat":[18539,12782,12754],"product_tag":[25086,22550,25021,24680,14889,23682],"acf":[],"yoast_head":"<!-- This site is optimized with the Yoast SEO Premium plugin v18.6 (Yoast SEO v19.13) - https:\/\/yoast.com\/wordpress\/plugins\/seo\/ -->\n<title>RIEDEL Black Tie D\u00e9canteur<\/title>\n<meta name=\"description\" content=\"D\u00e9couvrez RIEDEL Black Tie D\u00e9canteur sur ErresseShop. Qualit\u00e9, prix r\u00e9duits et achat s\u00e9curis\u00e9 \u2013 commandez d\u00e8s maintenant en ligne !\" \/>\n<meta name=\"robots\" content=\"index, follow, max-snippet:-1, max-image-preview:large, max-video-preview:-1\" \/>\n<link rel=\"canonical\" href=\"https:\/\/www.erresse-shop.it\/fr\/shop\/table-fr-2\/vin\/riedel-black-tie-decanteur\/\" \/>\n<meta property=\"og:locale\" content=\"fr_FR\" \/>\n<meta property=\"og:type\" content=\"article\" \/>\n<meta property=\"og:title\" content=\"RIEDEL Black Tie D\u00e9canteur\" \/>\n<meta property=\"og:description\" content=\"D\u00e9couvrez RIEDEL Black Tie D\u00e9canteur sur ErresseShop. Qualit\u00e9, prix r\u00e9duits et achat s\u00e9curis\u00e9 \u2013 commandez d\u00e8s maintenant en ligne !\" \/>\n<meta property=\"og:url\" content=\"https:\/\/www.erresse-shop.it\/fr\/shop\/table-fr-2\/vin\/riedel-black-tie-decanteur\/\" \/>\n<meta property=\"og:site_name\" content=\"Erresse Shop\" \/>\n<meta property=\"article:modified_time\" content=\"2025-01-14T08:19:34+00:00\" \/>\n<meta property=\"og:image\" content=\"https:\/\/www.erresse-shop.it\/wp-content\/uploads\/2023\/04\/RIEDEL-Black-Tie-Decanter.jpg\" \/>\n\t<meta property=\"og:image:width\" content=\"800\" \/>\n\t<meta property=\"og:image:height\" content=\"800\" \/>\n\t<meta property=\"og:image:type\" content=\"image\/jpeg\" \/>\n<meta name=\"twitter:card\" content=\"summary_large_image\" \/>\n<script type=\"application\/ld+json\" class=\"yoast-schema-graph\">{\"@context\":\"https:\/\/schema.org\",\"@graph\":[{\"@type\":\"WebPage\",\"@id\":\"https:\/\/www.erresse-shop.it\/fr\/shop\/table-fr-2\/vin\/riedel-black-tie-decanteur\/\",\"url\":\"https:\/\/www.erresse-shop.it\/fr\/shop\/table-fr-2\/vin\/riedel-black-tie-decanteur\/\",\"name\":\"RIEDEL Black Tie D\u00e9canteur\",\"isPartOf\":{\"@id\":\"https:\/\/www.erresse-shop.it\/fr\/#website\"},\"datePublished\":\"2023-04-26T09:45:51+00:00\",\"dateModified\":\"2025-01-14T08:19:34+00:00\",\"description\":\"D\u00e9couvrez RIEDEL Black Tie D\u00e9canteur sur ErresseShop. Qualit\u00e9, prix r\u00e9duits et achat s\u00e9curis\u00e9 \u2013 commandez d\u00e8s maintenant en ligne !\",\"breadcrumb\":{\"@id\":\"https:\/\/www.erresse-shop.it\/fr\/shop\/table-fr-2\/vin\/riedel-black-tie-decanteur\/#breadcrumb\"},\"inLanguage\":\"fr-FR\",\"potentialAction\":[{\"@type\":\"ReadAction\",\"target\":[\"https:\/\/www.erresse-shop.it\/fr\/shop\/table-fr-2\/vin\/riedel-black-tie-decanteur\/\"]}]},{\"@type\":\"BreadcrumbList\",\"@id\":\"https:\/\/www.erresse-shop.it\/fr\/shop\/table-fr-2\/vin\/riedel-black-tie-decanteur\/#breadcrumb\",\"itemListElement\":[{\"@type\":\"ListItem\",\"position\":1,\"name\":\"Home\",\"item\":\"https:\/\/www.erresse-shop.it\/fr\/\"},{\"@type\":\"ListItem\",\"position\":2,\"name\":\"Shop\",\"item\":\"https:\/\/www.erresse-shop.it\/fr\/shop\/\"},{\"@type\":\"ListItem\",\"position\":3,\"name\":\"RIEDEL Black Tie D\u00e9canteur\"}]},{\"@type\":\"WebSite\",\"@id\":\"https:\/\/www.erresse-shop.it\/fr\/#website\",\"url\":\"https:\/\/www.erresse-shop.it\/fr\/\",\"name\":\"Erresse Shop\",\"description\":\"Articoli di qualit\u00e0 per la casa\",\"potentialAction\":[{\"@type\":\"SearchAction\",\"target\":{\"@type\":\"EntryPoint\",\"urlTemplate\":\"https:\/\/www.erresse-shop.it\/fr\/?s={search_term_string}\"},\"query-input\":\"required name=search_term_string\"}],\"inLanguage\":\"fr-FR\"}]}<\/script>\n<!-- \/ Yoast SEO Premium plugin. -->","yoast_head_json":{"title":"RIEDEL Black Tie D\u00e9canteur","description":"D\u00e9couvrez RIEDEL Black Tie D\u00e9canteur sur ErresseShop. Qualit\u00e9, prix r\u00e9duits et achat s\u00e9curis\u00e9 \u2013 commandez d\u00e8s maintenant en ligne !","robots":{"index":"index","follow":"follow","max-snippet":"max-snippet:-1","max-image-preview":"max-image-preview:large","max-video-preview":"max-video-preview:-1"},"canonical":"https:\/\/www.erresse-shop.it\/fr\/shop\/table-fr-2\/vin\/riedel-black-tie-decanteur\/","og_locale":"fr_FR","og_type":"article","og_title":"RIEDEL Black Tie D\u00e9canteur","og_description":"D\u00e9couvrez RIEDEL Black Tie D\u00e9canteur sur ErresseShop. Qualit\u00e9, prix r\u00e9duits et achat s\u00e9curis\u00e9 \u2013 commandez d\u00e8s maintenant en ligne !","og_url":"https:\/\/www.erresse-shop.it\/fr\/shop\/table-fr-2\/vin\/riedel-black-tie-decanteur\/","og_site_name":"Erresse Shop","article_modified_time":"2025-01-14T08:19:34+00:00","og_image":[{"width":800,"height":800,"url":"https:\/\/www.erresse-shop.it\/wp-content\/uploads\/2023\/04\/RIEDEL-Black-Tie-Decanter.jpg","type":"image\/jpeg"}],"twitter_card":"summary_large_image","schema":{"@context":"https:\/\/schema.org","@graph":[{"@type":"WebPage","@id":"https:\/\/www.erresse-shop.it\/fr\/shop\/table-fr-2\/vin\/riedel-black-tie-decanteur\/","url":"https:\/\/www.erresse-shop.it\/fr\/shop\/table-fr-2\/vin\/riedel-black-tie-decanteur\/","name":"RIEDEL Black Tie D\u00e9canteur","isPartOf":{"@id":"https:\/\/www.erresse-shop.it\/fr\/#website"},"datePublished":"2023-04-26T09:45:51+00:00","dateModified":"2025-01-14T08:19:34+00:00","description":"D\u00e9couvrez RIEDEL Black Tie D\u00e9canteur sur ErresseShop. Qualit\u00e9, prix r\u00e9duits et achat s\u00e9curis\u00e9 \u2013 commandez d\u00e8s maintenant en ligne !","breadcrumb":{"@id":"https:\/\/www.erresse-shop.it\/fr\/shop\/table-fr-2\/vin\/riedel-black-tie-decanteur\/#breadcrumb"},"inLanguage":"fr-FR","potentialAction":[{"@type":"ReadAction","target":["https:\/\/www.erresse-shop.it\/fr\/shop\/table-fr-2\/vin\/riedel-black-tie-decanteur\/"]}]},{"@type":"BreadcrumbList","@id":"https:\/\/www.erresse-shop.it\/fr\/shop\/table-fr-2\/vin\/riedel-black-tie-decanteur\/#breadcrumb","itemListElement":[{"@type":"ListItem","position":1,"name":"Home","item":"https:\/\/www.erresse-shop.it\/fr\/"},{"@type":"ListItem","position":2,"name":"Shop","item":"https:\/\/www.erresse-shop.it\/fr\/shop\/"},{"@type":"ListItem","position":3,"name":"RIEDEL Black Tie D\u00e9canteur"}]},{"@type":"WebSite","@id":"https:\/\/www.erresse-shop.it\/fr\/#website","url":"https:\/\/www.erresse-shop.it\/fr\/","name":"Erresse Shop","description":"Articoli di qualit\u00e0 per la casa","potentialAction":[{"@type":"SearchAction","target":{"@type":"EntryPoint","urlTemplate":"https:\/\/www.erresse-shop.it\/fr\/?s={search_term_string}"},"query-input":"required name=search_term_string"}],"inLanguage":"fr-FR"}]}},"df_price":168.75,"df_sale_price":168.75,"df_regular_price":375,"df_image_link":"https:\/\/www.erresse-shop.it\/wp-content\/uploads\/2023\/04\/RIEDEL-Black-Tie-Decanter-300x300.jpg","_links":{"self":[{"href":"https:\/\/www.erresse-shop.it\/fr\/wp-json\/wp\/v2\/product\/263557"}],"collection":[{"href":"https:\/\/www.erresse-shop.it\/fr\/wp-json\/wp\/v2\/product"}],"about":[{"href":"https:\/\/www.erresse-shop.it\/fr\/wp-json\/wp\/v2\/types\/product"}],"wp:featuredmedia":[{"embeddable":true,"href":"https:\/\/www.erresse-shop.it\/fr\/wp-json\/wp\/v2\/media\/263592"}],"wp:attachment":[{"href":"https:\/\/www.erresse-shop.it\/fr\/wp-json\/wp\/v2\/media?parent=263557"}],"wp:term":[{"taxonomy":"product_cat","embeddable":true,"href":"https:\/\/www.erresse-shop.it\/fr\/wp-json\/wp\/v2\/product_cat?post=263557"},{"taxonomy":"product_tag","embeddable":true,"href":"https:\/\/www.erresse-shop.it\/fr\/wp-json\/wp\/v2\/product_tag?post=263557"}],"curies":[{"name":"wp","href":"https:\/\/api.w.org\/{rel}","templated":true}]}}