{"id":261791,"date":"2023-04-20T09:07:18","date_gmt":"2023-04-20T09:07:24","guid":{"rendered":"https:\/\/www.erresse-shop.it\/?post_type=product&#038;p=261791"},"modified":"2025-01-14T08:18:53","modified_gmt":"2025-01-14T08:18:53","slug":"rowenta-poele-a-griller-optigrill-elite-gr750","status":"publish","type":"product","link":"https:\/\/www.erresse-shop.it\/fr\/shop\/petits-electromenagers\/grilles-et-barbecues\/rowenta-poele-a-griller-optigrill-elite-gr750\/","title":{"rendered":"ROWENTA Po\u00eale \u00e0 Griller Optigrill Elite GR750"},"content":{"rendered":"<p>Cuisinez la viande comme un vrai chef pour un succ\u00e8s garanti aupr\u00e8s de vos convives, quel que soit le type de cuisson souhait\u00e9 (de saignant \u00e0 bien cuit). La technologie intelligente brevet\u00e9e <strong>OptiGrill<\/strong> ajuste automatiquement les param\u00e8tres de cuisson optimaux en fonction de l&#8217;\u00e9paisseur des aliments pour des r\u00e9sultats parfaits.<br \/>\nLaissez-vous guider pas \u00e0 pas par l&#8217;assistant de cuisson intuitif, qui vous avertit lorsque vous pouvez ajouter ou retirer de la viande, quel que soit le niveau de cuisson souhait\u00e9 (saignant, \u00e0 point ou bien cuit). Gr\u00e2ce \u00e0 la nouvelle fonction de cuisson \u00e0 feu vif, le <strong>gril \u00e9lectrique OptiGrill Elite<\/strong> cuit les viandes \u00e0 la perfection, comme au restaurant. D\u00e9couvrez chaque jour les possibilit\u00e9s infinies de ce gril \u00e9lectrique gr\u00e2ce aux 12 programmes automatiques qui vous permettent de cuire non seulement la viande rouge mais aussi d&#8217;autres aliments savoureux, tels que le poulet, le poisson, les l\u00e9gumes et bien plus encore, sans avoir besoin de surveiller la cuisson. L&#8217;OptiGrill Elite passe au lave-vaisselle pour une exp\u00e9rience de cuisson optimale et comprend un livre de recettes pour vous offrir des possibilit\u00e9s de cuisson infinies !<\/p>\n<ul>\n<li><strong>AFFICHAGE INTUITIF :<\/strong> D\u00e9couvrez le premier affichage intuitif qui vous guide pas \u00e0 pas dans la pr\u00e9paration de vos grillades et vous alerte par un compte \u00e0 rebours pr\u00e9cis lorsque le niveau de cuisson souhait\u00e9 est atteint (saignant, \u00e0 point ou bien cuit).<\/li>\n<li><strong>12 PROGRAMMES AUTOMATIQUES :<\/strong> Gr\u00e2ce aux 12 programmes de cuisson automatique, vous pouvez cuire de la viande rouge, du poulet, du poisson, des l\u00e9gumes et bien plus encore, sans avoir besoin de surveiller la cuisson ; organisez des barbecues ensemble et pr\u00e9parez de savoureux hamburgers avec le gril Rowenta !<\/li>\n<li><strong>2 NOUVELLES FONCTIONS :<\/strong> Fonction extra grill (la viande sera parfaitement grill\u00e9e et ray\u00e9e, comme au restaurant) ; et Fonction surgel\u00e9s (pour d\u00e9congeler et cuire vos ingr\u00e9dients tout en pr\u00e9servant leur go\u00fbt).<\/li>\n<li><strong>CAPTEUR DE CUISSON AUTOMATIQUE :<\/strong> Gr\u00e2ce au capteur automatique, le smart grill calcule l&#8217;\u00e9paisseur et le nombre de morceaux de viande \u00e0 cuire, en ajustant automatiquement le temps de cuisson pour des r\u00e9sultats parfaits.<\/li>\n<li><strong>LIVRE DE RECETTES INCLUS :<\/strong> Le livre de recettes inclus contient plus de 20 recettes pour des barbecues savoureux en famille et entre amis, qui vous inspireront jour apr\u00e8s jour.<\/li>\n<li><strong>FACILE \u00c0 NETTOYER :<\/strong> le bac de r\u00e9cup\u00e9ration des graisses et les plaques antiadh\u00e9sives amovibles passent au lave-vaisselle et sont faciles \u00e0 nettoyer.<\/li>\n<\/ul>\n<p><strong>CARACT\u00c9RISTIQUES<\/strong><\/p>\n<ul>\n<li>Canal d&#8217;\u00e9vacuation des jus et des graisses : oui<\/li>\n<li>Indicateur de chauffe : oui<\/li>\n<li>Compatible avec le lave-vaisselle : oui<\/li>\n<li>Contr\u00f4le de la temp\u00e9rature : oui<\/li>\n<li>Puissance maximale : 2000W<\/li>\n<li>Thermostat : oui<\/li>\n<li>Plaques amovibles : oui<\/li>\n<li>Minuterie : oui<\/li>\n<\/ul>\n","protected":false},"excerpt":{"rendered":"<p><br data-mce-bogus=\"1\"><\/p>\n","protected":false},"featured_media":261881,"template":"","meta":{"_acf_changed":false,"inline_featured_image":false},"product_cat":[13383,12449],"product_tag":[13384,22531,12858,13269,22541],"acf":[],"yoast_head":"<!-- This site is optimized with the Yoast SEO Premium plugin v18.6 (Yoast SEO v19.13) - https:\/\/yoast.com\/wordpress\/plugins\/seo\/ -->\n<title>ROWENTA Po\u00eale \u00e0 Griller Optigrill Elite GR750<\/title>\n<meta name=\"description\" content=\"D\u00e9couvrez ROWENTA Po\u00eale \u00e0 Griller Optigrill Elite GR750 sur ErresseShop. Qualit\u00e9, prix r\u00e9duits et achat s\u00e9curis\u00e9 \u2013 commandez d\u00e8s maintenant en ligne !\" \/>\n<meta name=\"robots\" content=\"index, follow, max-snippet:-1, max-image-preview:large, max-video-preview:-1\" \/>\n<link rel=\"canonical\" href=\"https:\/\/www.erresse-shop.it\/fr\/shop\/petits-electromenagers\/grilles-et-barbecues\/rowenta-poele-a-griller-optigrill-elite-gr750\/\" \/>\n<meta property=\"og:locale\" content=\"fr_FR\" \/>\n<meta property=\"og:type\" content=\"article\" \/>\n<meta property=\"og:title\" content=\"ROWENTA Po\u00eale \u00e0 Griller Optigrill Elite GR750\" \/>\n<meta property=\"og:description\" content=\"D\u00e9couvrez ROWENTA Po\u00eale \u00e0 Griller Optigrill Elite GR750 sur ErresseShop. Qualit\u00e9, prix r\u00e9duits et achat s\u00e9curis\u00e9 \u2013 commandez d\u00e8s maintenant en ligne !\" \/>\n<meta property=\"og:url\" content=\"https:\/\/www.erresse-shop.it\/fr\/shop\/petits-electromenagers\/grilles-et-barbecues\/rowenta-poele-a-griller-optigrill-elite-gr750\/\" \/>\n<meta property=\"og:site_name\" content=\"Erresse Shop\" \/>\n<meta property=\"article:modified_time\" content=\"2025-01-14T08:18:53+00:00\" \/>\n<meta property=\"og:image\" content=\"https:\/\/www.erresse-shop.it\/wp-content\/uploads\/2023\/04\/ROWENTA-Bistecchiera-Optigrill-Elite-GR750.jpg\" \/>\n\t<meta property=\"og:image:width\" content=\"800\" \/>\n\t<meta property=\"og:image:height\" content=\"800\" \/>\n\t<meta property=\"og:image:type\" content=\"image\/jpeg\" \/>\n<meta name=\"twitter:card\" content=\"summary_large_image\" \/>\n<script type=\"application\/ld+json\" class=\"yoast-schema-graph\">{\"@context\":\"https:\/\/schema.org\",\"@graph\":[{\"@type\":\"WebPage\",\"@id\":\"https:\/\/www.erresse-shop.it\/fr\/shop\/petits-electromenagers\/grilles-et-barbecues\/rowenta-poele-a-griller-optigrill-elite-gr750\/\",\"url\":\"https:\/\/www.erresse-shop.it\/fr\/shop\/petits-electromenagers\/grilles-et-barbecues\/rowenta-poele-a-griller-optigrill-elite-gr750\/\",\"name\":\"ROWENTA Po\u00eale \u00e0 Griller Optigrill Elite GR750\",\"isPartOf\":{\"@id\":\"https:\/\/www.erresse-shop.it\/fr\/#website\"},\"datePublished\":\"2023-04-20T09:07:24+00:00\",\"dateModified\":\"2025-01-14T08:18:53+00:00\",\"description\":\"D\u00e9couvrez ROWENTA Po\u00eale \u00e0 Griller Optigrill Elite GR750 sur ErresseShop. Qualit\u00e9, prix r\u00e9duits et achat s\u00e9curis\u00e9 \u2013 commandez d\u00e8s maintenant en ligne !\",\"breadcrumb\":{\"@id\":\"https:\/\/www.erresse-shop.it\/fr\/shop\/petits-electromenagers\/grilles-et-barbecues\/rowenta-poele-a-griller-optigrill-elite-gr750\/#breadcrumb\"},\"inLanguage\":\"fr-FR\",\"potentialAction\":[{\"@type\":\"ReadAction\",\"target\":[\"https:\/\/www.erresse-shop.it\/fr\/shop\/petits-electromenagers\/grilles-et-barbecues\/rowenta-poele-a-griller-optigrill-elite-gr750\/\"]}]},{\"@type\":\"BreadcrumbList\",\"@id\":\"https:\/\/www.erresse-shop.it\/fr\/shop\/petits-electromenagers\/grilles-et-barbecues\/rowenta-poele-a-griller-optigrill-elite-gr750\/#breadcrumb\",\"itemListElement\":[{\"@type\":\"ListItem\",\"position\":1,\"name\":\"Home\",\"item\":\"https:\/\/www.erresse-shop.it\/fr\/\"},{\"@type\":\"ListItem\",\"position\":2,\"name\":\"Shop\",\"item\":\"https:\/\/www.erresse-shop.it\/fr\/shop\/\"},{\"@type\":\"ListItem\",\"position\":3,\"name\":\"ROWENTA Po\u00eale \u00e0 Griller Optigrill Elite GR750\"}]},{\"@type\":\"WebSite\",\"@id\":\"https:\/\/www.erresse-shop.it\/fr\/#website\",\"url\":\"https:\/\/www.erresse-shop.it\/fr\/\",\"name\":\"Erresse Shop\",\"description\":\"Articoli di qualit\u00e0 per la casa\",\"potentialAction\":[{\"@type\":\"SearchAction\",\"target\":{\"@type\":\"EntryPoint\",\"urlTemplate\":\"https:\/\/www.erresse-shop.it\/fr\/?s={search_term_string}\"},\"query-input\":\"required name=search_term_string\"}],\"inLanguage\":\"fr-FR\"}]}<\/script>\n<!-- \/ Yoast SEO Premium plugin. -->","yoast_head_json":{"title":"ROWENTA Po\u00eale \u00e0 Griller Optigrill Elite GR750","description":"D\u00e9couvrez ROWENTA Po\u00eale \u00e0 Griller Optigrill Elite GR750 sur ErresseShop. Qualit\u00e9, prix r\u00e9duits et achat s\u00e9curis\u00e9 \u2013 commandez d\u00e8s maintenant en ligne !","robots":{"index":"index","follow":"follow","max-snippet":"max-snippet:-1","max-image-preview":"max-image-preview:large","max-video-preview":"max-video-preview:-1"},"canonical":"https:\/\/www.erresse-shop.it\/fr\/shop\/petits-electromenagers\/grilles-et-barbecues\/rowenta-poele-a-griller-optigrill-elite-gr750\/","og_locale":"fr_FR","og_type":"article","og_title":"ROWENTA Po\u00eale \u00e0 Griller Optigrill Elite GR750","og_description":"D\u00e9couvrez ROWENTA Po\u00eale \u00e0 Griller Optigrill Elite GR750 sur ErresseShop. Qualit\u00e9, prix r\u00e9duits et achat s\u00e9curis\u00e9 \u2013 commandez d\u00e8s maintenant en ligne !","og_url":"https:\/\/www.erresse-shop.it\/fr\/shop\/petits-electromenagers\/grilles-et-barbecues\/rowenta-poele-a-griller-optigrill-elite-gr750\/","og_site_name":"Erresse Shop","article_modified_time":"2025-01-14T08:18:53+00:00","og_image":[{"width":800,"height":800,"url":"https:\/\/www.erresse-shop.it\/wp-content\/uploads\/2023\/04\/ROWENTA-Bistecchiera-Optigrill-Elite-GR750.jpg","type":"image\/jpeg"}],"twitter_card":"summary_large_image","schema":{"@context":"https:\/\/schema.org","@graph":[{"@type":"WebPage","@id":"https:\/\/www.erresse-shop.it\/fr\/shop\/petits-electromenagers\/grilles-et-barbecues\/rowenta-poele-a-griller-optigrill-elite-gr750\/","url":"https:\/\/www.erresse-shop.it\/fr\/shop\/petits-electromenagers\/grilles-et-barbecues\/rowenta-poele-a-griller-optigrill-elite-gr750\/","name":"ROWENTA Po\u00eale \u00e0 Griller Optigrill Elite GR750","isPartOf":{"@id":"https:\/\/www.erresse-shop.it\/fr\/#website"},"datePublished":"2023-04-20T09:07:24+00:00","dateModified":"2025-01-14T08:18:53+00:00","description":"D\u00e9couvrez ROWENTA Po\u00eale \u00e0 Griller Optigrill Elite GR750 sur ErresseShop. Qualit\u00e9, prix r\u00e9duits et achat s\u00e9curis\u00e9 \u2013 commandez d\u00e8s maintenant en ligne !","breadcrumb":{"@id":"https:\/\/www.erresse-shop.it\/fr\/shop\/petits-electromenagers\/grilles-et-barbecues\/rowenta-poele-a-griller-optigrill-elite-gr750\/#breadcrumb"},"inLanguage":"fr-FR","potentialAction":[{"@type":"ReadAction","target":["https:\/\/www.erresse-shop.it\/fr\/shop\/petits-electromenagers\/grilles-et-barbecues\/rowenta-poele-a-griller-optigrill-elite-gr750\/"]}]},{"@type":"BreadcrumbList","@id":"https:\/\/www.erresse-shop.it\/fr\/shop\/petits-electromenagers\/grilles-et-barbecues\/rowenta-poele-a-griller-optigrill-elite-gr750\/#breadcrumb","itemListElement":[{"@type":"ListItem","position":1,"name":"Home","item":"https:\/\/www.erresse-shop.it\/fr\/"},{"@type":"ListItem","position":2,"name":"Shop","item":"https:\/\/www.erresse-shop.it\/fr\/shop\/"},{"@type":"ListItem","position":3,"name":"ROWENTA Po\u00eale \u00e0 Griller Optigrill Elite GR750"}]},{"@type":"WebSite","@id":"https:\/\/www.erresse-shop.it\/fr\/#website","url":"https:\/\/www.erresse-shop.it\/fr\/","name":"Erresse Shop","description":"Articoli di qualit\u00e0 per la casa","potentialAction":[{"@type":"SearchAction","target":{"@type":"EntryPoint","urlTemplate":"https:\/\/www.erresse-shop.it\/fr\/?s={search_term_string}"},"query-input":"required name=search_term_string"}],"inLanguage":"fr-FR"}]}},"df_price":143.928,"df_sale_price":143.928,"df_regular_price":199.9,"df_image_link":"https:\/\/www.erresse-shop.it\/wp-content\/uploads\/2023\/04\/ROWENTA-Bistecchiera-Optigrill-Elite-GR750-300x300.jpg","_links":{"self":[{"href":"https:\/\/www.erresse-shop.it\/fr\/wp-json\/wp\/v2\/product\/261791"}],"collection":[{"href":"https:\/\/www.erresse-shop.it\/fr\/wp-json\/wp\/v2\/product"}],"about":[{"href":"https:\/\/www.erresse-shop.it\/fr\/wp-json\/wp\/v2\/types\/product"}],"wp:featuredmedia":[{"embeddable":true,"href":"https:\/\/www.erresse-shop.it\/fr\/wp-json\/wp\/v2\/media\/261881"}],"wp:attachment":[{"href":"https:\/\/www.erresse-shop.it\/fr\/wp-json\/wp\/v2\/media?parent=261791"}],"wp:term":[{"taxonomy":"product_cat","embeddable":true,"href":"https:\/\/www.erresse-shop.it\/fr\/wp-json\/wp\/v2\/product_cat?post=261791"},{"taxonomy":"product_tag","embeddable":true,"href":"https:\/\/www.erresse-shop.it\/fr\/wp-json\/wp\/v2\/product_tag?post=261791"}],"curies":[{"name":"wp","href":"https:\/\/api.w.org\/{rel}","templated":true}]}}