{"id":261717,"date":"2023-04-20T06:16:11","date_gmt":"2023-04-20T06:16:17","guid":{"rendered":"https:\/\/www.erresse-shop.it\/?post_type=product&#038;p=261717"},"modified":"2025-01-14T08:18:47","modified_gmt":"2025-01-14T08:18:47","slug":"weber-barbecue-electrique-q-2400","status":"publish","type":"product","link":"https:\/\/www.erresse-shop.it\/fr\/shop\/petits-electromenagers\/grilles-et-barbecues\/weber-barbecue-electrique-q-2400\/","title":{"rendered":"WEBER Barbecue \u00c8lectrique Q 2400"},"content":{"rendered":"<p>Le barbecue \u00e9lectrique Weber Q2400 permet de griller une grande quantit\u00e9 d&#8217;aliments sur tous les types de terrasses. C&#8217;est pourquoi il est le gril recommand\u00e9 pour les personnes qui vivent en ville ou qui ont besoin de transporter facilement l&#8217;appareil dans leur maison de vacances. Compact, puissant et efficace, il garantit des r\u00e9sultats optimaux avec un minimum d&#8217;efforts. Le tout sans l&#8217;encombrement de la bouteille et l&#8217;inconv\u00e9nient de devoir la remplir.<\/p>\n<p><strong>CARACT\u00c9RISTIQUES<\/strong><\/p>\n<ul>\n<li>Puissance : 2,2 Kw<\/li>\n<li>Couvercle avec d\u00e9flecteur de chaleur Pour augmenter les performances du gril, un d\u00e9flecteur de chaleur a \u00e9t\u00e9 plac\u00e9 sur la paroi int\u00e9rieure du couvercle ; ce dispositif assure une distribution plus uniforme de la chaleur, en augmentant l&#8217;efficacit\u00e9 (et la temp\u00e9rature) des courants de convection pour une cuisson compl\u00e8te.<\/li>\n<li>le couvercle et le brasero en fonte d&#8217;aluminium rendent le gril tr\u00e8s l\u00e9ger et donc facile \u00e0 transporter<\/li>\n<li>bac de r\u00e9cup\u00e9ration des graisses pratique et jetable, facilement amovible pour faciliter le nettoyage du gril<\/li>\n<li>dimensions du gril : 55 x 39 cm ; les grilles sont enti\u00e8rement en fonte lourde : ce gril permet de cuire n&#8217;importe quel type de steak, de la tranche au T-bone de 2 kg<\/li>\n<li>bouton de r\u00e9glage de la temp\u00e9rature<\/li>\n<li>ch\u00e2ssis en nylon renforc\u00e9 de fibres de verre<\/li>\n<li>grande poign\u00e9e thermo-isolante<\/li>\n<\/ul>\n<p><strong>CARACT\u00c9RISTIQUES TECHNIQUES<\/strong><\/p>\n<ul>\n<li>Dimensions &#8211; couvercle ouvert : 66,1 cm h x 80,1 cm l x 63,8 cm p<\/li>\n<li>Dimensions &#8211; couvercle ferm\u00e9 : 36,9 cm h x 80,1 cm l x 49,6 cm p<\/li>\n<li>Surface de cuisson totale : 54&#215;39 cm<\/li>\n<li>Type de combustible : \u00e9lectrique<\/li>\n<\/ul>\n","protected":false},"excerpt":{"rendered":"<p><br data-mce-bogus=\"1\"><\/p>\n","protected":false},"featured_media":261758,"template":"","meta":{"_acf_changed":false,"inline_featured_image":false},"product_cat":[13383,12449],"product_tag":[13384,22531,12858,13269,24603,22514],"acf":[],"yoast_head":"<!-- This site is optimized with the Yoast SEO Premium plugin v18.6 (Yoast SEO v19.13) - https:\/\/yoast.com\/wordpress\/plugins\/seo\/ -->\n<title>WEBER Barbecue \u00c8lectrique Q 2400<\/title>\n<meta name=\"description\" content=\"D\u00e9couvrez WEBER Barbecue \u00c8lectrique Q 2400 sur ErresseShop. Qualit\u00e9, prix r\u00e9duits et achat s\u00e9curis\u00e9 \u2013 commandez d\u00e8s maintenant en ligne !\" \/>\n<meta name=\"robots\" content=\"index, follow, max-snippet:-1, max-image-preview:large, max-video-preview:-1\" \/>\n<link rel=\"canonical\" href=\"https:\/\/www.erresse-shop.it\/fr\/shop\/petits-electromenagers\/grilles-et-barbecues\/weber-barbecue-electrique-q-2400\/\" \/>\n<meta property=\"og:locale\" content=\"fr_FR\" \/>\n<meta property=\"og:type\" content=\"article\" \/>\n<meta property=\"og:title\" content=\"WEBER Barbecue \u00c8lectrique Q 2400\" \/>\n<meta property=\"og:description\" content=\"D\u00e9couvrez WEBER Barbecue \u00c8lectrique Q 2400 sur ErresseShop. Qualit\u00e9, prix r\u00e9duits et achat s\u00e9curis\u00e9 \u2013 commandez d\u00e8s maintenant en ligne !\" \/>\n<meta property=\"og:url\" content=\"https:\/\/www.erresse-shop.it\/fr\/shop\/petits-electromenagers\/grilles-et-barbecues\/weber-barbecue-electrique-q-2400\/\" \/>\n<meta property=\"og:site_name\" content=\"Erresse Shop\" \/>\n<meta property=\"article:modified_time\" content=\"2025-01-14T08:18:47+00:00\" \/>\n<meta property=\"og:image\" content=\"https:\/\/www.erresse-shop.it\/wp-content\/uploads\/2023\/04\/WEBER-Barbecue-Elettrico-Q-2400.jpg\" \/>\n\t<meta property=\"og:image:width\" content=\"800\" \/>\n\t<meta property=\"og:image:height\" content=\"800\" \/>\n\t<meta property=\"og:image:type\" content=\"image\/jpeg\" \/>\n<meta name=\"twitter:card\" content=\"summary_large_image\" \/>\n<script type=\"application\/ld+json\" class=\"yoast-schema-graph\">{\"@context\":\"https:\/\/schema.org\",\"@graph\":[{\"@type\":\"WebPage\",\"@id\":\"https:\/\/www.erresse-shop.it\/fr\/shop\/petits-electromenagers\/grilles-et-barbecues\/weber-barbecue-electrique-q-2400\/\",\"url\":\"https:\/\/www.erresse-shop.it\/fr\/shop\/petits-electromenagers\/grilles-et-barbecues\/weber-barbecue-electrique-q-2400\/\",\"name\":\"WEBER Barbecue \u00c8lectrique Q 2400\",\"isPartOf\":{\"@id\":\"https:\/\/www.erresse-shop.it\/fr\/#website\"},\"datePublished\":\"2023-04-20T06:16:17+00:00\",\"dateModified\":\"2025-01-14T08:18:47+00:00\",\"description\":\"D\u00e9couvrez WEBER Barbecue \u00c8lectrique Q 2400 sur ErresseShop. Qualit\u00e9, prix r\u00e9duits et achat s\u00e9curis\u00e9 \u2013 commandez d\u00e8s maintenant en ligne !\",\"breadcrumb\":{\"@id\":\"https:\/\/www.erresse-shop.it\/fr\/shop\/petits-electromenagers\/grilles-et-barbecues\/weber-barbecue-electrique-q-2400\/#breadcrumb\"},\"inLanguage\":\"fr-FR\",\"potentialAction\":[{\"@type\":\"ReadAction\",\"target\":[\"https:\/\/www.erresse-shop.it\/fr\/shop\/petits-electromenagers\/grilles-et-barbecues\/weber-barbecue-electrique-q-2400\/\"]}]},{\"@type\":\"BreadcrumbList\",\"@id\":\"https:\/\/www.erresse-shop.it\/fr\/shop\/petits-electromenagers\/grilles-et-barbecues\/weber-barbecue-electrique-q-2400\/#breadcrumb\",\"itemListElement\":[{\"@type\":\"ListItem\",\"position\":1,\"name\":\"Home\",\"item\":\"https:\/\/www.erresse-shop.it\/fr\/\"},{\"@type\":\"ListItem\",\"position\":2,\"name\":\"Shop\",\"item\":\"https:\/\/www.erresse-shop.it\/fr\/shop\/\"},{\"@type\":\"ListItem\",\"position\":3,\"name\":\"WEBER Barbecue \u00c8lectrique Q 2400\"}]},{\"@type\":\"WebSite\",\"@id\":\"https:\/\/www.erresse-shop.it\/fr\/#website\",\"url\":\"https:\/\/www.erresse-shop.it\/fr\/\",\"name\":\"Erresse Shop\",\"description\":\"Articoli di qualit\u00e0 per la casa\",\"potentialAction\":[{\"@type\":\"SearchAction\",\"target\":{\"@type\":\"EntryPoint\",\"urlTemplate\":\"https:\/\/www.erresse-shop.it\/fr\/?s={search_term_string}\"},\"query-input\":\"required name=search_term_string\"}],\"inLanguage\":\"fr-FR\"}]}<\/script>\n<!-- \/ Yoast SEO Premium plugin. -->","yoast_head_json":{"title":"WEBER Barbecue \u00c8lectrique Q 2400","description":"D\u00e9couvrez WEBER Barbecue \u00c8lectrique Q 2400 sur ErresseShop. Qualit\u00e9, prix r\u00e9duits et achat s\u00e9curis\u00e9 \u2013 commandez d\u00e8s maintenant en ligne !","robots":{"index":"index","follow":"follow","max-snippet":"max-snippet:-1","max-image-preview":"max-image-preview:large","max-video-preview":"max-video-preview:-1"},"canonical":"https:\/\/www.erresse-shop.it\/fr\/shop\/petits-electromenagers\/grilles-et-barbecues\/weber-barbecue-electrique-q-2400\/","og_locale":"fr_FR","og_type":"article","og_title":"WEBER Barbecue \u00c8lectrique Q 2400","og_description":"D\u00e9couvrez WEBER Barbecue \u00c8lectrique Q 2400 sur ErresseShop. Qualit\u00e9, prix r\u00e9duits et achat s\u00e9curis\u00e9 \u2013 commandez d\u00e8s maintenant en ligne !","og_url":"https:\/\/www.erresse-shop.it\/fr\/shop\/petits-electromenagers\/grilles-et-barbecues\/weber-barbecue-electrique-q-2400\/","og_site_name":"Erresse Shop","article_modified_time":"2025-01-14T08:18:47+00:00","og_image":[{"width":800,"height":800,"url":"https:\/\/www.erresse-shop.it\/wp-content\/uploads\/2023\/04\/WEBER-Barbecue-Elettrico-Q-2400.jpg","type":"image\/jpeg"}],"twitter_card":"summary_large_image","schema":{"@context":"https:\/\/schema.org","@graph":[{"@type":"WebPage","@id":"https:\/\/www.erresse-shop.it\/fr\/shop\/petits-electromenagers\/grilles-et-barbecues\/weber-barbecue-electrique-q-2400\/","url":"https:\/\/www.erresse-shop.it\/fr\/shop\/petits-electromenagers\/grilles-et-barbecues\/weber-barbecue-electrique-q-2400\/","name":"WEBER Barbecue \u00c8lectrique Q 2400","isPartOf":{"@id":"https:\/\/www.erresse-shop.it\/fr\/#website"},"datePublished":"2023-04-20T06:16:17+00:00","dateModified":"2025-01-14T08:18:47+00:00","description":"D\u00e9couvrez WEBER Barbecue \u00c8lectrique Q 2400 sur ErresseShop. Qualit\u00e9, prix r\u00e9duits et achat s\u00e9curis\u00e9 \u2013 commandez d\u00e8s maintenant en ligne !","breadcrumb":{"@id":"https:\/\/www.erresse-shop.it\/fr\/shop\/petits-electromenagers\/grilles-et-barbecues\/weber-barbecue-electrique-q-2400\/#breadcrumb"},"inLanguage":"fr-FR","potentialAction":[{"@type":"ReadAction","target":["https:\/\/www.erresse-shop.it\/fr\/shop\/petits-electromenagers\/grilles-et-barbecues\/weber-barbecue-electrique-q-2400\/"]}]},{"@type":"BreadcrumbList","@id":"https:\/\/www.erresse-shop.it\/fr\/shop\/petits-electromenagers\/grilles-et-barbecues\/weber-barbecue-electrique-q-2400\/#breadcrumb","itemListElement":[{"@type":"ListItem","position":1,"name":"Home","item":"https:\/\/www.erresse-shop.it\/fr\/"},{"@type":"ListItem","position":2,"name":"Shop","item":"https:\/\/www.erresse-shop.it\/fr\/shop\/"},{"@type":"ListItem","position":3,"name":"WEBER Barbecue \u00c8lectrique Q 2400"}]},{"@type":"WebSite","@id":"https:\/\/www.erresse-shop.it\/fr\/#website","url":"https:\/\/www.erresse-shop.it\/fr\/","name":"Erresse Shop","description":"Articoli di qualit\u00e0 per la casa","potentialAction":[{"@type":"SearchAction","target":{"@type":"EntryPoint","urlTemplate":"https:\/\/www.erresse-shop.it\/fr\/?s={search_term_string}"},"query-input":"required name=search_term_string"}],"inLanguage":"fr-FR"}]}},"df_price":494.1,"df_sale_price":494.1,"df_regular_price":549,"df_image_link":"https:\/\/www.erresse-shop.it\/wp-content\/uploads\/2023\/04\/WEBER-Barbecue-Elettrico-Q-2400-300x300.jpg","_links":{"self":[{"href":"https:\/\/www.erresse-shop.it\/fr\/wp-json\/wp\/v2\/product\/261717"}],"collection":[{"href":"https:\/\/www.erresse-shop.it\/fr\/wp-json\/wp\/v2\/product"}],"about":[{"href":"https:\/\/www.erresse-shop.it\/fr\/wp-json\/wp\/v2\/types\/product"}],"wp:featuredmedia":[{"embeddable":true,"href":"https:\/\/www.erresse-shop.it\/fr\/wp-json\/wp\/v2\/media\/261758"}],"wp:attachment":[{"href":"https:\/\/www.erresse-shop.it\/fr\/wp-json\/wp\/v2\/media?parent=261717"}],"wp:term":[{"taxonomy":"product_cat","embeddable":true,"href":"https:\/\/www.erresse-shop.it\/fr\/wp-json\/wp\/v2\/product_cat?post=261717"},{"taxonomy":"product_tag","embeddable":true,"href":"https:\/\/www.erresse-shop.it\/fr\/wp-json\/wp\/v2\/product_tag?post=261717"}],"curies":[{"name":"wp","href":"https:\/\/api.w.org\/{rel}","templated":true}]}}