{"id":261269,"date":"2023-04-18T12:26:41","date_gmt":"2023-04-18T12:26:45","guid":{"rendered":"https:\/\/www.erresse-shop.it\/?post_type=product&#038;p=261269"},"modified":"2025-01-14T08:18:31","modified_gmt":"2025-01-14T08:18:31","slug":"weber-barbecue-au-charbon-de-bois-original-kettle-e-5730-57-cm","status":"publish","type":"product","link":"https:\/\/www.erresse-shop.it\/fr\/shop\/petits-electromenagers\/grilles-et-barbecues\/weber-barbecue-au-charbon-de-bois-original-kettle-e-5730-57-cm\/","title":{"rendered":"WEBER Barbecue au Charbon de Bois Original Kettle E-5730 57 cm"},"content":{"rendered":"<p>Avec <strong>Weber<\/strong>, cuisinez des hamburgers, des \u00e9pis de ma\u00efs et tous les accompagnements en m\u00eame temps, gr\u00e2ce \u00e0 la grille spacieuse du b<strong>arbecue au charbon de bois Original Kettle<\/strong>.<br \/>\nAvec des caract\u00e9ristiques haut de gamme telles qu&#8217;un r\u00e9glage de fumage pour la cuisson \u00e0 basse temp\u00e9rature, le syst\u00e8me de nettoyage One-Touch avec un grand bac \u00e0 cendres et des crochets \u00e0 ustensiles int\u00e9gr\u00e9s pour un acc\u00e8s facile lors de la cuisson, l&#8217;embl\u00e9matique Kettle continue d&#8217;\u00eatre le barbecue fait pour tout le monde.<\/p>\n<p>Ce mod\u00e8le de barbecue est tr\u00e8s facile \u00e0 nettoyer gr\u00e2ce au syst\u00e8me de nettoyage <strong>One-Touch<\/strong> en acier inoxydable qui permet aux cendres de tomber facilement dans le bac \u00e0 cendres. Le ventilateur en aluminium peut \u00eatre r\u00e9gl\u00e9 pour un flux d&#8217;air optimal pendant le fumage. Le brasero et le couvercle sont tous deux en acier \u00e9maill\u00e9 pour les prot\u00e9ger des intemp\u00e9ries et faciliter le nettoyage.<\/p>\n<p>La <strong>grille<\/strong> en acier chrom\u00e9 est capable de supporter des r\u00f4tis plus lourds sans se d\u00e9former, avec un diam\u00e8tre de pas moins de 57 cm, ce qui permet de pr\u00e9parer des repas m\u00eame pour des groupes plus importants.<\/p>\n<p><strong>CARACT\u00c9RISTIQUES<\/strong><\/p>\n<ul>\n<li>Le thermostat pratique situ\u00e9 sur le couvercle permet de contr\u00f4ler \u00e0 tout moment l&#8217;\u00e9tat de cuisson des aliments.<\/li>\n<li>La poign\u00e9e du couvercle permet de v\u00e9rifier rapidement et facilement l&#8217;\u00e9tat de cuisson de la viande.<\/li>\n<li>Cendrier amovible en aluminium sous le brasero<\/li>\n<li>Les deux roues et la poign\u00e9e permettent de transporter facilement le barbecue.<\/li>\n<li>Les pieds allong\u00e9s sont parfaits pour une position correcte pendant la cuisson.<\/li>\n<\/ul>\n<p><strong>CARACT\u00c9RISTIQUES TECHNIQUES<\/strong><\/p>\n<ul>\n<li>Dimensions &#8211; couvercle ouvert : 92cm h x 65cm l x 78cm p<\/li>\n<li>Dimensions &#8211; couvercle ferm\u00e9 : 107cm h x 65cm w x 67cm d<\/li>\n<li>Diam\u00e8tre : 57 cm<\/li>\n<li>Surface de cuisson totale : 2342 cm\u00b2.<\/li>\n<li>Type de combustible : charbon<\/li>\n<\/ul>\n","protected":false},"excerpt":{"rendered":"<p><br data-mce-bogus=\"1\"><\/p>\n","protected":false},"featured_media":261322,"template":"","meta":{"_acf_changed":false,"inline_featured_image":false},"product_cat":[13383,12449],"product_tag":[13384,22513,12858,13269,24603,22514],"acf":[],"yoast_head":"<!-- This site is optimized with the Yoast SEO Premium plugin v18.6 (Yoast SEO v19.13) - https:\/\/yoast.com\/wordpress\/plugins\/seo\/ -->\n<title>WEBER Barbecue au Charbon de Bois Original Kettle E-5730 57 cm<\/title>\n<meta name=\"description\" content=\"D\u00e9couvrez WEBER Barbecue au Charbon de Bois Original Kettle E-5730 57 cm sur ErresseShop. Qualit\u00e9, prix r\u00e9duits et achat s\u00e9curis\u00e9 \u2013 commandez d\u00e8s maintenant en ligne !\" \/>\n<meta name=\"robots\" content=\"index, follow, max-snippet:-1, max-image-preview:large, max-video-preview:-1\" \/>\n<link rel=\"canonical\" href=\"https:\/\/www.erresse-shop.it\/fr\/shop\/petits-electromenagers\/grilles-et-barbecues\/weber-barbecue-au-charbon-de-bois-original-kettle-e-5730-57-cm\/\" \/>\n<meta property=\"og:locale\" content=\"fr_FR\" \/>\n<meta property=\"og:type\" content=\"article\" \/>\n<meta property=\"og:title\" content=\"WEBER Barbecue au Charbon de Bois Original Kettle E-5730 57 cm\" \/>\n<meta property=\"og:description\" content=\"D\u00e9couvrez WEBER Barbecue au Charbon de Bois Original Kettle E-5730 57 cm sur ErresseShop. Qualit\u00e9, prix r\u00e9duits et achat s\u00e9curis\u00e9 \u2013 commandez d\u00e8s maintenant en ligne !\" \/>\n<meta property=\"og:url\" content=\"https:\/\/www.erresse-shop.it\/fr\/shop\/petits-electromenagers\/grilles-et-barbecues\/weber-barbecue-au-charbon-de-bois-original-kettle-e-5730-57-cm\/\" \/>\n<meta property=\"og:site_name\" content=\"Erresse Shop\" \/>\n<meta property=\"article:modified_time\" content=\"2025-01-14T08:18:31+00:00\" \/>\n<meta property=\"og:image\" content=\"https:\/\/www.erresse-shop.it\/wp-content\/uploads\/2023\/04\/WEBER-Barbecue-a-carbone-Original-Kettle-E-5730-57-cm.jpg\" \/>\n\t<meta property=\"og:image:width\" content=\"800\" \/>\n\t<meta property=\"og:image:height\" content=\"800\" \/>\n\t<meta property=\"og:image:type\" content=\"image\/jpeg\" \/>\n<meta name=\"twitter:card\" content=\"summary_large_image\" \/>\n<script type=\"application\/ld+json\" class=\"yoast-schema-graph\">{\"@context\":\"https:\/\/schema.org\",\"@graph\":[{\"@type\":\"WebPage\",\"@id\":\"https:\/\/www.erresse-shop.it\/fr\/shop\/petits-electromenagers\/grilles-et-barbecues\/weber-barbecue-au-charbon-de-bois-original-kettle-e-5730-57-cm\/\",\"url\":\"https:\/\/www.erresse-shop.it\/fr\/shop\/petits-electromenagers\/grilles-et-barbecues\/weber-barbecue-au-charbon-de-bois-original-kettle-e-5730-57-cm\/\",\"name\":\"WEBER Barbecue au Charbon de Bois Original Kettle E-5730 57 cm\",\"isPartOf\":{\"@id\":\"https:\/\/www.erresse-shop.it\/fr\/#website\"},\"datePublished\":\"2023-04-18T12:26:45+00:00\",\"dateModified\":\"2025-01-14T08:18:31+00:00\",\"description\":\"D\u00e9couvrez WEBER Barbecue au Charbon de Bois Original Kettle E-5730 57 cm sur ErresseShop. Qualit\u00e9, prix r\u00e9duits et achat s\u00e9curis\u00e9 \u2013 commandez d\u00e8s maintenant en ligne !\",\"breadcrumb\":{\"@id\":\"https:\/\/www.erresse-shop.it\/fr\/shop\/petits-electromenagers\/grilles-et-barbecues\/weber-barbecue-au-charbon-de-bois-original-kettle-e-5730-57-cm\/#breadcrumb\"},\"inLanguage\":\"fr-FR\",\"potentialAction\":[{\"@type\":\"ReadAction\",\"target\":[\"https:\/\/www.erresse-shop.it\/fr\/shop\/petits-electromenagers\/grilles-et-barbecues\/weber-barbecue-au-charbon-de-bois-original-kettle-e-5730-57-cm\/\"]}]},{\"@type\":\"BreadcrumbList\",\"@id\":\"https:\/\/www.erresse-shop.it\/fr\/shop\/petits-electromenagers\/grilles-et-barbecues\/weber-barbecue-au-charbon-de-bois-original-kettle-e-5730-57-cm\/#breadcrumb\",\"itemListElement\":[{\"@type\":\"ListItem\",\"position\":1,\"name\":\"Home\",\"item\":\"https:\/\/www.erresse-shop.it\/fr\/\"},{\"@type\":\"ListItem\",\"position\":2,\"name\":\"Shop\",\"item\":\"https:\/\/www.erresse-shop.it\/fr\/shop\/\"},{\"@type\":\"ListItem\",\"position\":3,\"name\":\"WEBER Barbecue au Charbon de Bois Original Kettle E-5730 57 cm\"}]},{\"@type\":\"WebSite\",\"@id\":\"https:\/\/www.erresse-shop.it\/fr\/#website\",\"url\":\"https:\/\/www.erresse-shop.it\/fr\/\",\"name\":\"Erresse Shop\",\"description\":\"Articoli di qualit\u00e0 per la casa\",\"potentialAction\":[{\"@type\":\"SearchAction\",\"target\":{\"@type\":\"EntryPoint\",\"urlTemplate\":\"https:\/\/www.erresse-shop.it\/fr\/?s={search_term_string}\"},\"query-input\":\"required name=search_term_string\"}],\"inLanguage\":\"fr-FR\"}]}<\/script>\n<!-- \/ Yoast SEO Premium plugin. -->","yoast_head_json":{"title":"WEBER Barbecue au Charbon de Bois Original Kettle E-5730 57 cm","description":"D\u00e9couvrez WEBER Barbecue au Charbon de Bois Original Kettle E-5730 57 cm sur ErresseShop. Qualit\u00e9, prix r\u00e9duits et achat s\u00e9curis\u00e9 \u2013 commandez d\u00e8s maintenant en ligne !","robots":{"index":"index","follow":"follow","max-snippet":"max-snippet:-1","max-image-preview":"max-image-preview:large","max-video-preview":"max-video-preview:-1"},"canonical":"https:\/\/www.erresse-shop.it\/fr\/shop\/petits-electromenagers\/grilles-et-barbecues\/weber-barbecue-au-charbon-de-bois-original-kettle-e-5730-57-cm\/","og_locale":"fr_FR","og_type":"article","og_title":"WEBER Barbecue au Charbon de Bois Original Kettle E-5730 57 cm","og_description":"D\u00e9couvrez WEBER Barbecue au Charbon de Bois Original Kettle E-5730 57 cm sur ErresseShop. Qualit\u00e9, prix r\u00e9duits et achat s\u00e9curis\u00e9 \u2013 commandez d\u00e8s maintenant en ligne !","og_url":"https:\/\/www.erresse-shop.it\/fr\/shop\/petits-electromenagers\/grilles-et-barbecues\/weber-barbecue-au-charbon-de-bois-original-kettle-e-5730-57-cm\/","og_site_name":"Erresse Shop","article_modified_time":"2025-01-14T08:18:31+00:00","og_image":[{"width":800,"height":800,"url":"https:\/\/www.erresse-shop.it\/wp-content\/uploads\/2023\/04\/WEBER-Barbecue-a-carbone-Original-Kettle-E-5730-57-cm.jpg","type":"image\/jpeg"}],"twitter_card":"summary_large_image","schema":{"@context":"https:\/\/schema.org","@graph":[{"@type":"WebPage","@id":"https:\/\/www.erresse-shop.it\/fr\/shop\/petits-electromenagers\/grilles-et-barbecues\/weber-barbecue-au-charbon-de-bois-original-kettle-e-5730-57-cm\/","url":"https:\/\/www.erresse-shop.it\/fr\/shop\/petits-electromenagers\/grilles-et-barbecues\/weber-barbecue-au-charbon-de-bois-original-kettle-e-5730-57-cm\/","name":"WEBER Barbecue au Charbon de Bois Original Kettle E-5730 57 cm","isPartOf":{"@id":"https:\/\/www.erresse-shop.it\/fr\/#website"},"datePublished":"2023-04-18T12:26:45+00:00","dateModified":"2025-01-14T08:18:31+00:00","description":"D\u00e9couvrez WEBER Barbecue au Charbon de Bois Original Kettle E-5730 57 cm sur ErresseShop. Qualit\u00e9, prix r\u00e9duits et achat s\u00e9curis\u00e9 \u2013 commandez d\u00e8s maintenant en ligne !","breadcrumb":{"@id":"https:\/\/www.erresse-shop.it\/fr\/shop\/petits-electromenagers\/grilles-et-barbecues\/weber-barbecue-au-charbon-de-bois-original-kettle-e-5730-57-cm\/#breadcrumb"},"inLanguage":"fr-FR","potentialAction":[{"@type":"ReadAction","target":["https:\/\/www.erresse-shop.it\/fr\/shop\/petits-electromenagers\/grilles-et-barbecues\/weber-barbecue-au-charbon-de-bois-original-kettle-e-5730-57-cm\/"]}]},{"@type":"BreadcrumbList","@id":"https:\/\/www.erresse-shop.it\/fr\/shop\/petits-electromenagers\/grilles-et-barbecues\/weber-barbecue-au-charbon-de-bois-original-kettle-e-5730-57-cm\/#breadcrumb","itemListElement":[{"@type":"ListItem","position":1,"name":"Home","item":"https:\/\/www.erresse-shop.it\/fr\/"},{"@type":"ListItem","position":2,"name":"Shop","item":"https:\/\/www.erresse-shop.it\/fr\/shop\/"},{"@type":"ListItem","position":3,"name":"WEBER Barbecue au Charbon de Bois Original Kettle E-5730 57 cm"}]},{"@type":"WebSite","@id":"https:\/\/www.erresse-shop.it\/fr\/#website","url":"https:\/\/www.erresse-shop.it\/fr\/","name":"Erresse Shop","description":"Articoli di qualit\u00e0 per la casa","potentialAction":[{"@type":"SearchAction","target":{"@type":"EntryPoint","urlTemplate":"https:\/\/www.erresse-shop.it\/fr\/?s={search_term_string}"},"query-input":"required name=search_term_string"}],"inLanguage":"fr-FR"}]}},"df_price":296.1,"df_sale_price":296.1,"df_regular_price":329,"df_image_link":"https:\/\/www.erresse-shop.it\/wp-content\/uploads\/2023\/04\/WEBER-Barbecue-a-carbone-Original-Kettle-E-5730-57-cm-300x300.jpg","_links":{"self":[{"href":"https:\/\/www.erresse-shop.it\/fr\/wp-json\/wp\/v2\/product\/261269"}],"collection":[{"href":"https:\/\/www.erresse-shop.it\/fr\/wp-json\/wp\/v2\/product"}],"about":[{"href":"https:\/\/www.erresse-shop.it\/fr\/wp-json\/wp\/v2\/types\/product"}],"wp:featuredmedia":[{"embeddable":true,"href":"https:\/\/www.erresse-shop.it\/fr\/wp-json\/wp\/v2\/media\/261322"}],"wp:attachment":[{"href":"https:\/\/www.erresse-shop.it\/fr\/wp-json\/wp\/v2\/media?parent=261269"}],"wp:term":[{"taxonomy":"product_cat","embeddable":true,"href":"https:\/\/www.erresse-shop.it\/fr\/wp-json\/wp\/v2\/product_cat?post=261269"},{"taxonomy":"product_tag","embeddable":true,"href":"https:\/\/www.erresse-shop.it\/fr\/wp-json\/wp\/v2\/product_tag?post=261269"}],"curies":[{"name":"wp","href":"https:\/\/api.w.org\/{rel}","templated":true}]}}