{"id":260549,"date":"2023-04-06T09:04:20","date_gmt":"2023-04-06T09:04:26","guid":{"rendered":"https:\/\/www.erresse-shop.it\/?post_type=product&#038;p=260549"},"modified":"2025-07-22T10:08:54","modified_gmt":"2025-07-22T10:08:54","slug":"jura-machine-a-cafe-ena-4-full-nordic-white-dont-2-kg-de-cafe","status":"publish","type":"product","link":"https:\/\/www.erresse-shop.it\/fr\/shop\/petits-electromenagers\/machines-cafe\/automatique\/jura-machine-a-cafe-ena-4-full-nordic-white-dont-2-kg-de-cafe\/","title":{"rendered":"JURA Machine \u00e0 caf\u00e9 ENA 4 Full Nordic White"},"content":{"rendered":"<p><strong>UN CAF\u00c9 TOUT SIMPLEMENT G\u00c9NIAL<\/strong><br \/>\nQuel est l&#8217;outil le plus simple pour pr\u00e9parer une tasse de caf\u00e9 extraordinaire ? L&#8217;ENA 4, la nouvelle petite et compacte machine automatique \u00e0 une tasse, qui incarne l&#8217;exp\u00e9rience et la passion de JURA pour les produits intelligents, pour un plaisir \u00e0 d\u00e9guster !<\/p>\n<p>Appuyez sur un bouton et savourez &#8211; c&#8217;est aussi simple que cela d&#8217;utiliser l&#8217;ENA 4. Trois qualit\u00e9s d&#8217;ar\u00f4me et de caf\u00e9 moulu peuvent \u00eatre pr\u00e9s\u00e9lectionn\u00e9es. Conform\u00e9ment \u00e0 la devise de JURA &#8220;fra\u00eechement moulu, pas en capsules&#8221;, le moulin \u00e0 caf\u00e9 AromaG3 garantit une mouture particuli\u00e8rement rapide, qui pr\u00e9serve tout l&#8217;ar\u00f4me du caf\u00e9.<\/p>\n<p>Le proc\u00e9d\u00e9 intelligent d&#8217;extraction puls\u00e9e (P.E.P.\u00ae) optimise le temps d&#8217;extraction des sp\u00e9cialit\u00e9s courtes, ouvrant ainsi de nouvelles dimensions \u00e0 l&#8217;ar\u00f4me. Il permet \u00e9galement une flexibilit\u00e9 maximale dans la programmation du volume de la tasse.<\/p>\n<p><strong>FRA\u00ceCHEMENT MOULU, PAS SOUS FORME DE CAPSULE :<\/strong><br \/>\nUne qualit\u00e9 de caf\u00e9 optimale gr\u00e2ce au nouveau syst\u00e8me intelligent P.E.P.\u00ae qui offre une plus grande libert\u00e9 dans la programmation du volume de la tasse.<br \/>\n<strong>RAPIDEMENT<\/strong> :<br \/>\nLe moulin \u00e0 caf\u00e9 AromaG3 est deux fois plus rapide, pour une mouture qui pr\u00e9serve tout l&#8217;ar\u00f4me du caf\u00e9.<br \/>\n<strong>SIMPLE<\/strong> :<br \/>\nLe plaisir du caf\u00e9 sur simple pression d&#8217;un bouton, gr\u00e2ce \u00e0 une utilisation simple et \u00e0 des fonctions de pr\u00e9s\u00e9lection.<br \/>\n<strong>PETITE TAILLE :<\/strong><br \/>\nAvec seulement 27,1 cm de largeur, 32,3 cm de hauteur et 44,5 cm de profondeur, le petit ENA 4 se glisse facilement partout. Elle impressionne \u00e9galement par son apparence : les variantes Full Metropolitan Black et Full Nordic White se distinguent par leur sobri\u00e9t\u00e9 et leur \u00e9l\u00e9gance, tandis que le r\u00e9servoir d&#8217;eau cylindrique \u00e0 l&#8217;esth\u00e9tique Diamant lui conf\u00e8re une touche de classe.<\/p>\n<p><strong>CARACT\u00c9RISTIQUES\/SP\u00c9CIALIT\u00c9S<\/strong><br \/>\nNombre de caf\u00e9s de sp\u00e9cialit\u00e9 4<br \/>\nStandard pour les machines \u00e0 caf\u00e9 sp\u00e9cialis\u00e9es de JURA<br \/>\nProc\u00e9d\u00e9 d&#8217;extraction puls\u00e9e (P.E.P.\u00ae)<br \/>\nGroupe de brassage \u00e0 capacit\u00e9 variable : 6 &#8211; 10 g<br \/>\nMoulin \u00e0 caf\u00e9 : Moulin \u00e0 caf\u00e9 multigrade Aroma G3<br \/>\nPompe haute performance, 15 bar : 1<br \/>\nSyst\u00e8me de chauffage Thermoblock : 1<br \/>\nSyst\u00e8me de fluides : 1<br \/>\nCompartiment pour le caf\u00e9 moulu<br \/>\nCouvercle de protection contre les ar\u00f4mes<br \/>\nContr\u00f4le et programmation standard<br \/>\nCompatible avec J.O.E.\u00ae.<br \/>\nAffichage : affichage des symboles<br \/>\nQuantit\u00e9 d&#8217;eau pour le caf\u00e9 programmable et personnalisable : oui<br \/>\nIntensit\u00e9 du caf\u00e9 programmable et personnalisable : 3 niveaux<\/p>\n<p><strong>CARACT\u00c9RISTIQUES TECHNIQUES<\/strong><br \/>\nDistributeur de caf\u00e9 r\u00e9glable en hauteur\/largeur : 75 &#8211; 105 mm \/ &#8211;<br \/>\nCapacit\u00e9 du r\u00e9servoir d&#8217;eau : 1,1 l<br \/>\nCapacit\u00e9 du r\u00e9cipient \u00e0 caf\u00e9 en grains : 125 g<br \/>\nBac \u00e0 marc de caf\u00e9 (portions) : 10<br \/>\nLongueur du c\u00e2ble : 1,1 m<br \/>\nTension \/ puissance absorb\u00e9e : 230 V ~ \/ 1450 W<br \/>\nIntensit\u00e9 du courant : 10 A<br \/>\nClasse d&#8217;efficacit\u00e9 \u00e9nerg\u00e9tique \/ consommation d&#8217;\u00e9nergie : A \/ 59,3 kWh\/an<br \/>\nConsommation en mode veille : 0 W<br \/>\nPoids : 8,4 kg<br \/>\nDimensions (L \u00d7 H \u00d7 P) : 27,1 \u00d7 32,3 \u00d7 44,5 cm<\/p>\n<p><strong>Pays de fabrication : Made in Portugal<\/strong><br \/>\n<strong>Ann\u00e9e mod\u00e8le : 2020<\/strong><\/p>\n","protected":false},"excerpt":{"rendered":"<p>UN CAF\u00c9 TOUT SIMPLEMENT G\u00c9NIAL Quel est l&#8217;outil le plus simple pour pr\u00e9parer une tasse de caf\u00e9 extraordinaire ? L&#8217;ENA<\/p>\n","protected":false},"featured_media":508443,"template":"","meta":{"_acf_changed":false,"inline_featured_image":false},"product_cat":[25360,12764,12449],"product_tag":[23563,23660,24415,20780,13254,23568],"acf":[],"yoast_head":"<!-- This site is optimized with the Yoast SEO Premium plugin v18.6 (Yoast SEO v19.13) - https:\/\/yoast.com\/wordpress\/plugins\/seo\/ -->\n<title>JURA Machine \u00e0 caf\u00e9 ENA 4 Full Nordic White - dont 4 Kg de caf\u00e9<\/title>\n<meta name=\"description\" content=\"D\u00e9couvrez JURA Machine \u00e0 caf\u00e9 ENA 4 Full Nordic White -\u00a0 dont 4 Kg de caf\u00e9 sur ErresseShop. Qualit\u00e9, prix r\u00e9duits et achat s\u00e9curis\u00e9 \u2013 commandez d\u00e8s maintenant en ligne !\" \/>\n<meta name=\"robots\" content=\"index, follow, max-snippet:-1, max-image-preview:large, max-video-preview:-1\" \/>\n<link rel=\"canonical\" href=\"https:\/\/www.erresse-shop.it\/fr\/shop\/petits-electromenagers\/machines-cafe\/automatique\/jura-machine-a-cafe-ena-4-full-nordic-white-dont-2-kg-de-cafe\/\" \/>\n<meta property=\"og:locale\" content=\"fr_FR\" \/>\n<meta property=\"og:type\" content=\"article\" \/>\n<meta property=\"og:title\" content=\"JURA Machine \u00e0 caf\u00e9 ENA 4 Full Nordic White\" \/>\n<meta property=\"og:description\" content=\"D\u00e9couvrez JURA Machine \u00e0 caf\u00e9 ENA 4 Full Nordic White -\u00a0 dont 4 Kg de caf\u00e9 sur ErresseShop. Qualit\u00e9, prix r\u00e9duits et achat s\u00e9curis\u00e9 \u2013 commandez d\u00e8s maintenant en ligne !\" \/>\n<meta property=\"og:url\" content=\"https:\/\/www.erresse-shop.it\/fr\/shop\/petits-electromenagers\/machines-cafe\/automatique\/jura-machine-a-cafe-ena-4-full-nordic-white-dont-2-kg-de-cafe\/\" \/>\n<meta property=\"og:site_name\" content=\"Erresse Shop\" \/>\n<meta property=\"article:modified_time\" content=\"2025-07-22T10:08:54+00:00\" \/>\n<meta property=\"og:image\" content=\"https:\/\/www.erresse-shop.it\/wp-content\/uploads\/2023\/04\/JURA-Macchina-Da-Caffe\u0300-ENA-4-Full-Nordic-White-.jpg\" \/>\n\t<meta property=\"og:image:width\" content=\"800\" \/>\n\t<meta property=\"og:image:height\" content=\"800\" \/>\n\t<meta property=\"og:image:type\" content=\"image\/jpeg\" \/>\n<meta name=\"twitter:card\" content=\"summary_large_image\" \/>\n<script type=\"application\/ld+json\" class=\"yoast-schema-graph\">{\"@context\":\"https:\/\/schema.org\",\"@graph\":[{\"@type\":\"WebPage\",\"@id\":\"https:\/\/www.erresse-shop.it\/fr\/shop\/petits-electromenagers\/machines-cafe\/automatique\/jura-machine-a-cafe-ena-4-full-nordic-white-dont-2-kg-de-cafe\/\",\"url\":\"https:\/\/www.erresse-shop.it\/fr\/shop\/petits-electromenagers\/machines-cafe\/automatique\/jura-machine-a-cafe-ena-4-full-nordic-white-dont-2-kg-de-cafe\/\",\"name\":\"JURA Machine \u00e0 caf\u00e9 ENA 4 Full Nordic White - dont 4 Kg de caf\u00e9\",\"isPartOf\":{\"@id\":\"https:\/\/www.erresse-shop.it\/fr\/#website\"},\"datePublished\":\"2023-04-06T09:04:26+00:00\",\"dateModified\":\"2025-07-22T10:08:54+00:00\",\"description\":\"D\u00e9couvrez JURA Machine \u00e0 caf\u00e9 ENA 4 Full Nordic White -\u00a0 dont 4 Kg de caf\u00e9 sur ErresseShop. Qualit\u00e9, prix r\u00e9duits et achat s\u00e9curis\u00e9 \u2013 commandez d\u00e8s maintenant en ligne !\",\"breadcrumb\":{\"@id\":\"https:\/\/www.erresse-shop.it\/fr\/shop\/petits-electromenagers\/machines-cafe\/automatique\/jura-machine-a-cafe-ena-4-full-nordic-white-dont-2-kg-de-cafe\/#breadcrumb\"},\"inLanguage\":\"fr-FR\",\"potentialAction\":[{\"@type\":\"ReadAction\",\"target\":[\"https:\/\/www.erresse-shop.it\/fr\/shop\/petits-electromenagers\/machines-cafe\/automatique\/jura-machine-a-cafe-ena-4-full-nordic-white-dont-2-kg-de-cafe\/\"]}]},{\"@type\":\"BreadcrumbList\",\"@id\":\"https:\/\/www.erresse-shop.it\/fr\/shop\/petits-electromenagers\/machines-cafe\/automatique\/jura-machine-a-cafe-ena-4-full-nordic-white-dont-2-kg-de-cafe\/#breadcrumb\",\"itemListElement\":[{\"@type\":\"ListItem\",\"position\":1,\"name\":\"Home\",\"item\":\"https:\/\/www.erresse-shop.it\/fr\/\"},{\"@type\":\"ListItem\",\"position\":2,\"name\":\"Shop\",\"item\":\"https:\/\/www.erresse-shop.it\/fr\/shop\/\"},{\"@type\":\"ListItem\",\"position\":3,\"name\":\"JURA Machine \u00e0 caf\u00e9 ENA 4 Full Nordic White\"}]},{\"@type\":\"WebSite\",\"@id\":\"https:\/\/www.erresse-shop.it\/fr\/#website\",\"url\":\"https:\/\/www.erresse-shop.it\/fr\/\",\"name\":\"Erresse Shop\",\"description\":\"Articoli di qualit\u00e0 per la casa\",\"potentialAction\":[{\"@type\":\"SearchAction\",\"target\":{\"@type\":\"EntryPoint\",\"urlTemplate\":\"https:\/\/www.erresse-shop.it\/fr\/?s={search_term_string}\"},\"query-input\":\"required name=search_term_string\"}],\"inLanguage\":\"fr-FR\"}]}<\/script>\n<!-- \/ Yoast SEO Premium plugin. -->","yoast_head_json":{"title":"JURA Machine \u00e0 caf\u00e9 ENA 4 Full Nordic White - dont 4 Kg de caf\u00e9","description":"D\u00e9couvrez JURA Machine \u00e0 caf\u00e9 ENA 4 Full Nordic White -\u00a0 dont 4 Kg de caf\u00e9 sur ErresseShop. Qualit\u00e9, prix r\u00e9duits et achat s\u00e9curis\u00e9 \u2013 commandez d\u00e8s maintenant en ligne !","robots":{"index":"index","follow":"follow","max-snippet":"max-snippet:-1","max-image-preview":"max-image-preview:large","max-video-preview":"max-video-preview:-1"},"canonical":"https:\/\/www.erresse-shop.it\/fr\/shop\/petits-electromenagers\/machines-cafe\/automatique\/jura-machine-a-cafe-ena-4-full-nordic-white-dont-2-kg-de-cafe\/","og_locale":"fr_FR","og_type":"article","og_title":"JURA Machine \u00e0 caf\u00e9 ENA 4 Full Nordic White","og_description":"D\u00e9couvrez JURA Machine \u00e0 caf\u00e9 ENA 4 Full Nordic White -\u00a0 dont 4 Kg de caf\u00e9 sur ErresseShop. Qualit\u00e9, prix r\u00e9duits et achat s\u00e9curis\u00e9 \u2013 commandez d\u00e8s maintenant en ligne !","og_url":"https:\/\/www.erresse-shop.it\/fr\/shop\/petits-electromenagers\/machines-cafe\/automatique\/jura-machine-a-cafe-ena-4-full-nordic-white-dont-2-kg-de-cafe\/","og_site_name":"Erresse Shop","article_modified_time":"2025-07-22T10:08:54+00:00","og_image":[{"width":800,"height":800,"url":"https:\/\/www.erresse-shop.it\/wp-content\/uploads\/2023\/04\/JURA-Macchina-Da-Caffe\u0300-ENA-4-Full-Nordic-White-.jpg","type":"image\/jpeg"}],"twitter_card":"summary_large_image","schema":{"@context":"https:\/\/schema.org","@graph":[{"@type":"WebPage","@id":"https:\/\/www.erresse-shop.it\/fr\/shop\/petits-electromenagers\/machines-cafe\/automatique\/jura-machine-a-cafe-ena-4-full-nordic-white-dont-2-kg-de-cafe\/","url":"https:\/\/www.erresse-shop.it\/fr\/shop\/petits-electromenagers\/machines-cafe\/automatique\/jura-machine-a-cafe-ena-4-full-nordic-white-dont-2-kg-de-cafe\/","name":"JURA Machine \u00e0 caf\u00e9 ENA 4 Full Nordic White - dont 4 Kg de caf\u00e9","isPartOf":{"@id":"https:\/\/www.erresse-shop.it\/fr\/#website"},"datePublished":"2023-04-06T09:04:26+00:00","dateModified":"2025-07-22T10:08:54+00:00","description":"D\u00e9couvrez JURA Machine \u00e0 caf\u00e9 ENA 4 Full Nordic White -\u00a0 dont 4 Kg de caf\u00e9 sur ErresseShop. Qualit\u00e9, prix r\u00e9duits et achat s\u00e9curis\u00e9 \u2013 commandez d\u00e8s maintenant en ligne !","breadcrumb":{"@id":"https:\/\/www.erresse-shop.it\/fr\/shop\/petits-electromenagers\/machines-cafe\/automatique\/jura-machine-a-cafe-ena-4-full-nordic-white-dont-2-kg-de-cafe\/#breadcrumb"},"inLanguage":"fr-FR","potentialAction":[{"@type":"ReadAction","target":["https:\/\/www.erresse-shop.it\/fr\/shop\/petits-electromenagers\/machines-cafe\/automatique\/jura-machine-a-cafe-ena-4-full-nordic-white-dont-2-kg-de-cafe\/"]}]},{"@type":"BreadcrumbList","@id":"https:\/\/www.erresse-shop.it\/fr\/shop\/petits-electromenagers\/machines-cafe\/automatique\/jura-machine-a-cafe-ena-4-full-nordic-white-dont-2-kg-de-cafe\/#breadcrumb","itemListElement":[{"@type":"ListItem","position":1,"name":"Home","item":"https:\/\/www.erresse-shop.it\/fr\/"},{"@type":"ListItem","position":2,"name":"Shop","item":"https:\/\/www.erresse-shop.it\/fr\/shop\/"},{"@type":"ListItem","position":3,"name":"JURA Machine \u00e0 caf\u00e9 ENA 4 Full Nordic White"}]},{"@type":"WebSite","@id":"https:\/\/www.erresse-shop.it\/fr\/#website","url":"https:\/\/www.erresse-shop.it\/fr\/","name":"Erresse Shop","description":"Articoli di qualit\u00e0 per la casa","potentialAction":[{"@type":"SearchAction","target":{"@type":"EntryPoint","urlTemplate":"https:\/\/www.erresse-shop.it\/fr\/?s={search_term_string}"},"query-input":"required name=search_term_string"}],"inLanguage":"fr-FR"}]}},"df_price":719.1,"df_sale_price":719.1,"df_regular_price":799,"df_image_link":"https:\/\/www.erresse-shop.it\/wp-content\/uploads\/2023\/04\/JURA-Macchina-Da-Caffe-ENA-4-Full-Nordic-White-300x300.jpg","_links":{"self":[{"href":"https:\/\/www.erresse-shop.it\/fr\/wp-json\/wp\/v2\/product\/260549"}],"collection":[{"href":"https:\/\/www.erresse-shop.it\/fr\/wp-json\/wp\/v2\/product"}],"about":[{"href":"https:\/\/www.erresse-shop.it\/fr\/wp-json\/wp\/v2\/types\/product"}],"wp:featuredmedia":[{"embeddable":true,"href":"https:\/\/www.erresse-shop.it\/fr\/wp-json\/wp\/v2\/media\/508443"}],"wp:attachment":[{"href":"https:\/\/www.erresse-shop.it\/fr\/wp-json\/wp\/v2\/media?parent=260549"}],"wp:term":[{"taxonomy":"product_cat","embeddable":true,"href":"https:\/\/www.erresse-shop.it\/fr\/wp-json\/wp\/v2\/product_cat?post=260549"},{"taxonomy":"product_tag","embeddable":true,"href":"https:\/\/www.erresse-shop.it\/fr\/wp-json\/wp\/v2\/product_tag?post=260549"}],"curies":[{"name":"wp","href":"https:\/\/api.w.org\/{rel}","templated":true}]}}