{"id":258766,"date":"2023-03-30T12:20:57","date_gmt":"2023-03-30T12:21:04","guid":{"rendered":"https:\/\/www.erresse-shop.it\/?post_type=product&#038;p=258766"},"modified":"2025-01-14T08:16:12","modified_gmt":"2025-01-14T08:16:12","slug":"yaxell-super-gou-ypsilon-couteau-universel-12-cm","status":"publish","type":"product","link":"https:\/\/www.erresse-shop.it\/fr\/shop\/cuisine\/couteaux\/yaxell-super-gou-ypsilon-couteau-universel-12-cm\/","title":{"rendered":"YAXELL Super Gou Ypsilon Couteau Universel 12 cm"},"content":{"rendered":"<p><strong>Yaxell Super Gou Ypsilon<\/strong><br \/>\na \u00e9t\u00e9 cr\u00e9\u00e9 comme un mod\u00e8le \u00e9lev\u00e9 du mod\u00e8le Super GOU avec 161 couches, le couteau n\u00b0 1 de 2016 de WIKI VID USA. Du noyau en acier inoxydable fritt\u00e9 SG2 Micro Carbide fabriqu\u00e9 au Japon, \u00e0 la lame rev\u00eatue de 193 couches, en passant par l&#8217;\u00e9l\u00e9gant manche en papier Canvas-Mi- noir avec \u00e9cusson de famille de samoura\u00efs incrust\u00e9, tous les \u00e9l\u00e9ments pour \u00eatre le meilleur couteau de cuisine sont pr\u00e9sents dans le produit. La duret\u00e9 de la lame est de 63 Rockwell. D&#8217;une beaut\u00e9 exceptionnelle et d&#8217;une fabrication parfaite, le Yaxell Super GOU YPSILON offre des performances remarquables et est un plaisir \u00e0 utiliser. La lame est grav\u00e9e de quatre caract\u00e8res japonais signifiant &#8220;Super GOU, l&#8217;esprit du samoura\u00ef&#8221;. YPSI- LON &#8211; le nom du nouveau mod\u00e8le &#8211; est d\u00e9riv\u00e9 de la lettre &#8220;Y&#8221; de la langue allemande. Le Y repr\u00e9sente le logo de Yaxell. Fourni avec un magnifique fourreau en bois de Katana.<\/p>\n<p>Couteau de<strong> cuisine universel Yaxell Super Gou Ypsilon<\/strong> repr\u00e9sente le haut de gamme de la s\u00e9rie Super Gou. Le c\u0153ur en acier inoxydable fritt\u00e9 SG2, la lame recouverte de 193 couches de damas, l&#8217;\u00e9l\u00e9gant manche en Micarta noir, l&#8217;\u00e9cusson de la famille de samoura\u00efs incrust\u00e9 dans le manche, la duret\u00e9 de la lame de 63 Rockwell font de ce couteau une v\u00e9ritable \u0153uvre d&#8217;art. La lame mesure 12 cm de long.<\/p>\n<p><strong>Fabriqu\u00e9 au Japon<\/strong><\/p>\n","protected":false},"excerpt":{"rendered":"<p>Yaxell Super Gou Ypsilon a \u00e9t\u00e9 cr\u00e9\u00e9 comme un mod\u00e8le \u00e9lev\u00e9 du mod\u00e8le Super GOU avec 161 couches, le couteau<\/p>\n","protected":false},"featured_media":258778,"template":"","meta":{"_acf_changed":false,"inline_featured_image":false},"product_cat":[12742,14452,12748],"product_tag":[12838,12839,15801,21623,24680,12841],"acf":[],"yoast_head":"<!-- This site is optimized with the Yoast SEO Premium plugin v18.6 (Yoast SEO v19.13) - https:\/\/yoast.com\/wordpress\/plugins\/seo\/ -->\n<title>YAXELL Super Gou Ypsilon Couteau Universel 12 cm<\/title>\n<meta name=\"description\" content=\"D\u00e9couvrez YAXELL Super Gou Ypsilon Couteau Universel 12 cm sur ErresseShop. Qualit\u00e9, prix r\u00e9duits et achat s\u00e9curis\u00e9 \u2013 commandez d\u00e8s maintenant en ligne !\" \/>\n<meta name=\"robots\" content=\"index, follow, max-snippet:-1, max-image-preview:large, max-video-preview:-1\" \/>\n<link rel=\"canonical\" href=\"https:\/\/www.erresse-shop.it\/fr\/shop\/cuisine\/couteaux\/yaxell-super-gou-ypsilon-couteau-universel-12-cm\/\" \/>\n<meta property=\"og:locale\" content=\"fr_FR\" \/>\n<meta property=\"og:type\" content=\"article\" \/>\n<meta property=\"og:title\" content=\"YAXELL Super Gou Ypsilon Couteau Universel 12 cm\" \/>\n<meta property=\"og:description\" content=\"D\u00e9couvrez YAXELL Super Gou Ypsilon Couteau Universel 12 cm sur ErresseShop. Qualit\u00e9, prix r\u00e9duits et achat s\u00e9curis\u00e9 \u2013 commandez d\u00e8s maintenant en ligne !\" \/>\n<meta property=\"og:url\" content=\"https:\/\/www.erresse-shop.it\/fr\/shop\/cuisine\/couteaux\/yaxell-super-gou-ypsilon-couteau-universel-12-cm\/\" \/>\n<meta property=\"og:site_name\" content=\"Erresse Shop\" \/>\n<meta property=\"article:modified_time\" content=\"2025-01-14T08:16:12+00:00\" \/>\n<meta property=\"og:image\" content=\"https:\/\/www.erresse-shop.it\/wp-content\/uploads\/2023\/03\/YAXELL-Super-Gou-Ypsilon-Coltello-Universale-12-cm.jpg\" \/>\n\t<meta property=\"og:image:width\" content=\"800\" \/>\n\t<meta property=\"og:image:height\" content=\"800\" \/>\n\t<meta property=\"og:image:type\" content=\"image\/jpeg\" \/>\n<meta name=\"twitter:card\" content=\"summary_large_image\" \/>\n<script type=\"application\/ld+json\" class=\"yoast-schema-graph\">{\"@context\":\"https:\/\/schema.org\",\"@graph\":[{\"@type\":\"WebPage\",\"@id\":\"https:\/\/www.erresse-shop.it\/fr\/shop\/cuisine\/couteaux\/yaxell-super-gou-ypsilon-couteau-universel-12-cm\/\",\"url\":\"https:\/\/www.erresse-shop.it\/fr\/shop\/cuisine\/couteaux\/yaxell-super-gou-ypsilon-couteau-universel-12-cm\/\",\"name\":\"YAXELL Super Gou Ypsilon Couteau Universel 12 cm\",\"isPartOf\":{\"@id\":\"https:\/\/www.erresse-shop.it\/fr\/#website\"},\"datePublished\":\"2023-03-30T12:21:04+00:00\",\"dateModified\":\"2025-01-14T08:16:12+00:00\",\"description\":\"D\u00e9couvrez YAXELL Super Gou Ypsilon Couteau Universel 12 cm sur ErresseShop. Qualit\u00e9, prix r\u00e9duits et achat s\u00e9curis\u00e9 \u2013 commandez d\u00e8s maintenant en ligne !\",\"breadcrumb\":{\"@id\":\"https:\/\/www.erresse-shop.it\/fr\/shop\/cuisine\/couteaux\/yaxell-super-gou-ypsilon-couteau-universel-12-cm\/#breadcrumb\"},\"inLanguage\":\"fr-FR\",\"potentialAction\":[{\"@type\":\"ReadAction\",\"target\":[\"https:\/\/www.erresse-shop.it\/fr\/shop\/cuisine\/couteaux\/yaxell-super-gou-ypsilon-couteau-universel-12-cm\/\"]}]},{\"@type\":\"BreadcrumbList\",\"@id\":\"https:\/\/www.erresse-shop.it\/fr\/shop\/cuisine\/couteaux\/yaxell-super-gou-ypsilon-couteau-universel-12-cm\/#breadcrumb\",\"itemListElement\":[{\"@type\":\"ListItem\",\"position\":1,\"name\":\"Home\",\"item\":\"https:\/\/www.erresse-shop.it\/fr\/\"},{\"@type\":\"ListItem\",\"position\":2,\"name\":\"Shop\",\"item\":\"https:\/\/www.erresse-shop.it\/fr\/shop\/\"},{\"@type\":\"ListItem\",\"position\":3,\"name\":\"YAXELL Super Gou Ypsilon Couteau Universel 12 cm\"}]},{\"@type\":\"WebSite\",\"@id\":\"https:\/\/www.erresse-shop.it\/fr\/#website\",\"url\":\"https:\/\/www.erresse-shop.it\/fr\/\",\"name\":\"Erresse Shop\",\"description\":\"Articoli di qualit\u00e0 per la casa\",\"potentialAction\":[{\"@type\":\"SearchAction\",\"target\":{\"@type\":\"EntryPoint\",\"urlTemplate\":\"https:\/\/www.erresse-shop.it\/fr\/?s={search_term_string}\"},\"query-input\":\"required name=search_term_string\"}],\"inLanguage\":\"fr-FR\"}]}<\/script>\n<!-- \/ Yoast SEO Premium plugin. -->","yoast_head_json":{"title":"YAXELL Super Gou Ypsilon Couteau Universel 12 cm","description":"D\u00e9couvrez YAXELL Super Gou Ypsilon Couteau Universel 12 cm sur ErresseShop. Qualit\u00e9, prix r\u00e9duits et achat s\u00e9curis\u00e9 \u2013 commandez d\u00e8s maintenant en ligne !","robots":{"index":"index","follow":"follow","max-snippet":"max-snippet:-1","max-image-preview":"max-image-preview:large","max-video-preview":"max-video-preview:-1"},"canonical":"https:\/\/www.erresse-shop.it\/fr\/shop\/cuisine\/couteaux\/yaxell-super-gou-ypsilon-couteau-universel-12-cm\/","og_locale":"fr_FR","og_type":"article","og_title":"YAXELL Super Gou Ypsilon Couteau Universel 12 cm","og_description":"D\u00e9couvrez YAXELL Super Gou Ypsilon Couteau Universel 12 cm sur ErresseShop. Qualit\u00e9, prix r\u00e9duits et achat s\u00e9curis\u00e9 \u2013 commandez d\u00e8s maintenant en ligne !","og_url":"https:\/\/www.erresse-shop.it\/fr\/shop\/cuisine\/couteaux\/yaxell-super-gou-ypsilon-couteau-universel-12-cm\/","og_site_name":"Erresse Shop","article_modified_time":"2025-01-14T08:16:12+00:00","og_image":[{"width":800,"height":800,"url":"https:\/\/www.erresse-shop.it\/wp-content\/uploads\/2023\/03\/YAXELL-Super-Gou-Ypsilon-Coltello-Universale-12-cm.jpg","type":"image\/jpeg"}],"twitter_card":"summary_large_image","schema":{"@context":"https:\/\/schema.org","@graph":[{"@type":"WebPage","@id":"https:\/\/www.erresse-shop.it\/fr\/shop\/cuisine\/couteaux\/yaxell-super-gou-ypsilon-couteau-universel-12-cm\/","url":"https:\/\/www.erresse-shop.it\/fr\/shop\/cuisine\/couteaux\/yaxell-super-gou-ypsilon-couteau-universel-12-cm\/","name":"YAXELL Super Gou Ypsilon Couteau Universel 12 cm","isPartOf":{"@id":"https:\/\/www.erresse-shop.it\/fr\/#website"},"datePublished":"2023-03-30T12:21:04+00:00","dateModified":"2025-01-14T08:16:12+00:00","description":"D\u00e9couvrez YAXELL Super Gou Ypsilon Couteau Universel 12 cm sur ErresseShop. Qualit\u00e9, prix r\u00e9duits et achat s\u00e9curis\u00e9 \u2013 commandez d\u00e8s maintenant en ligne !","breadcrumb":{"@id":"https:\/\/www.erresse-shop.it\/fr\/shop\/cuisine\/couteaux\/yaxell-super-gou-ypsilon-couteau-universel-12-cm\/#breadcrumb"},"inLanguage":"fr-FR","potentialAction":[{"@type":"ReadAction","target":["https:\/\/www.erresse-shop.it\/fr\/shop\/cuisine\/couteaux\/yaxell-super-gou-ypsilon-couteau-universel-12-cm\/"]}]},{"@type":"BreadcrumbList","@id":"https:\/\/www.erresse-shop.it\/fr\/shop\/cuisine\/couteaux\/yaxell-super-gou-ypsilon-couteau-universel-12-cm\/#breadcrumb","itemListElement":[{"@type":"ListItem","position":1,"name":"Home","item":"https:\/\/www.erresse-shop.it\/fr\/"},{"@type":"ListItem","position":2,"name":"Shop","item":"https:\/\/www.erresse-shop.it\/fr\/shop\/"},{"@type":"ListItem","position":3,"name":"YAXELL Super Gou Ypsilon Couteau Universel 12 cm"}]},{"@type":"WebSite","@id":"https:\/\/www.erresse-shop.it\/fr\/#website","url":"https:\/\/www.erresse-shop.it\/fr\/","name":"Erresse Shop","description":"Articoli di qualit\u00e0 per la casa","potentialAction":[{"@type":"SearchAction","target":{"@type":"EntryPoint","urlTemplate":"https:\/\/www.erresse-shop.it\/fr\/?s={search_term_string}"},"query-input":"required name=search_term_string"}],"inLanguage":"fr-FR"}]}},"df_price":279.2,"df_sale_price":279.2,"df_regular_price":349,"df_image_link":"https:\/\/www.erresse-shop.it\/wp-content\/uploads\/2023\/03\/YAXELL-Super-Gou-Ypsilon-Coltello-Universale-12-cm-300x300.jpg","_links":{"self":[{"href":"https:\/\/www.erresse-shop.it\/fr\/wp-json\/wp\/v2\/product\/258766"}],"collection":[{"href":"https:\/\/www.erresse-shop.it\/fr\/wp-json\/wp\/v2\/product"}],"about":[{"href":"https:\/\/www.erresse-shop.it\/fr\/wp-json\/wp\/v2\/types\/product"}],"wp:featuredmedia":[{"embeddable":true,"href":"https:\/\/www.erresse-shop.it\/fr\/wp-json\/wp\/v2\/media\/258778"}],"wp:attachment":[{"href":"https:\/\/www.erresse-shop.it\/fr\/wp-json\/wp\/v2\/media?parent=258766"}],"wp:term":[{"taxonomy":"product_cat","embeddable":true,"href":"https:\/\/www.erresse-shop.it\/fr\/wp-json\/wp\/v2\/product_cat?post=258766"},{"taxonomy":"product_tag","embeddable":true,"href":"https:\/\/www.erresse-shop.it\/fr\/wp-json\/wp\/v2\/product_tag?post=258766"}],"curies":[{"name":"wp","href":"https:\/\/api.w.org\/{rel}","templated":true}]}}