{"id":258393,"date":"2023-03-30T07:09:36","date_gmt":"2023-03-30T07:09:40","guid":{"rendered":"https:\/\/www.erresse-shop.it\/?post_type=product&#038;p=258393"},"modified":"2025-01-14T08:15:23","modified_gmt":"2025-01-14T08:15:23","slug":"wmf-perfect-plus-autocuiseur-3-l","status":"publish","type":"product","link":"https:\/\/www.erresse-shop.it\/fr\/shop\/poeles-pots\/casseroles\/wmf-perfect-plus-autocuiseur-3-l\/","title":{"rendered":"WMF Perfect Plus Autocuiseur 3 L"},"content":{"rendered":"<p><strong>L&#8217;autocuiseur qui cuit \u00e0 la perfection !<\/strong><br \/>\nL&#8217;autocuiseur Perfect Premium de WMF apporte une touche suppl\u00e9mentaire \u00e0 la cuisine moderne en simplifiant la cuisson et en rendant plus facile et plus rapide que jamais la pr\u00e9paration d&#8217;aliments sains ! Le bouton de commande tout-en-un facilite l&#8217;utilisation, tandis que l&#8217;indicateur de cuisson intuitif \u00e0 deux niveaux garantit des plats d\u00e9licieux \u00e0 base de poisson, de viande, de l\u00e9gumes et autres. Des soupes aux rago\u00fbts, en passant par les viandes cuites \u00e0 la vapeur ou \u00e0 l&#8217;\u00e9touff\u00e9e, les rago\u00fbts et les l\u00e9gumes, le poisson et la volaille, ainsi que les c\u00e9r\u00e9ales et les l\u00e9gumineuses, les possibilit\u00e9s de recettes sont infinies ! La marmite Perfect Premium est dot\u00e9e d&#8217;un syst\u00e8me de s\u00e9curit\u00e9 \u00e0 7 niveaux pour une tranquillit\u00e9 d&#8217;esprit maximale, d&#8217;une poign\u00e9e amovible \u00e0 pression et d&#8217;une marmite et d&#8217;un couvercle lavables au lave-vaisselle pour un nettoyage facile et une hygi\u00e8ne parfaite. Elle est m\u00eame \u00e9quip\u00e9e d&#8217;une balance interne tr\u00e8s pratique. Perfect Premium : l&#8217;autocuiseur dont aucune cuisine ne devrait se passer !<\/p>\n<p><strong>Bouton de commande tout-en-un<\/strong><br \/>\nLa technologie est condens\u00e9e dans la poign\u00e9e ! Tous les r\u00e9glages de l&#8217;autocuiseur sont \u00e0 port\u00e9e de main gr\u00e2ce au bouton de commande innovant tout-en-un : ouverture et fermeture, pr\u00e9s\u00e9lection du niveau de cuisson et \u00e9vacuation de la vapeur.<\/p>\n<p><strong>Indicateur de cuisson<\/strong><br \/>\nUn indicateur de cuisson permet de v\u00e9rifier facilement la progression de la cuisson, avec deux niveaux : le premier niveau est parfait pour la cuisson des l\u00e9gumes, du poisson et de la volaille ; l&#8217;autre est id\u00e9al pour les viandes plus \u00e9paisses, les pommes de terre et les rago\u00fbts. Un troisi\u00e8me anneau signale la pr\u00e9sence de pression \u00e0 l&#8217;int\u00e9rieur de la casserole, qui ne peut \u00eatre ouverte que lorsque l&#8217;indicateur de cuisson est compl\u00e8tement rentr\u00e9 dans la poign\u00e9e.<\/p>\n<p><strong>Une conception tr\u00e8s s\u00fbre<\/strong><br \/>\nSyst\u00e8me de s\u00e9curit\u00e9 \u00e0 sept niveaux avec protection contre les flammes sur la poign\u00e9e lat\u00e9rale et la poign\u00e9e, avec d\u00e9gagement progressif de la vapeur.<\/p>\n<p><strong>Nettoyage facile<\/strong><br \/>\nPoign\u00e9e amovible pour un nettoyage facile et une fermeture hygi\u00e9nique.<\/p>\n<p><strong>Fond universel TransThern<\/strong><br \/>\nLe fond universel TransTherm\u00ae permet d&#8217;\u00e9conomiser de l&#8217;\u00e9nergie lors de la cuisson gr\u00e2ce \u00e0 un niveau optimal de distribution et de conservation de la chaleur. Convient \u00e0 toutes les plaques de cuisson, y compris l&#8217;induction.<\/p>\n<p><strong>Cromargan<\/strong><br \/>\nMarmite et couvercle en acier inoxydable 18\/10 robuste et \u00e9l\u00e9gant Cromargan\u00ae pour une durabilit\u00e9 et une hygi\u00e8ne exceptionnelles, lavable au lave-vaisselle. \u00c9quip\u00e9s d&#8217;une \u00e9chelle gradu\u00e9e interne pratique pour faciliter les mesures.<\/p>\n<p><strong>CARACT\u00c9RISTIQUES TECHNIQUES<\/strong><\/p>\n<p><strong>Source de chaleur :<\/strong> induction, gaz, \u00e9lectricit\u00e9, c\u00e9ramique, halog\u00e8ne<br \/>\n<strong>Capacit\u00e9 de la casserole :<\/strong> 6,5 L<br \/>\n<strong>Capacit\u00e9 de la marmite (nombre de personnes) :<\/strong> 4-6 personnes<br \/>\n<strong>Nombre de programmes de cuisson :<\/strong> 2<br \/>\n<strong>Passage au lave-vaisselle :<\/strong> Oui, sauf le joint, la valve et la poign\u00e9e du couvercle<br \/>\n<strong>Mat\u00e9riau de la casserole :<\/strong> Acier inoxydable<\/p>\n","protected":false},"excerpt":{"rendered":"<p>L&#8217;autocuiseur qui cuit \u00e0 la perfection ! L&#8217;autocuiseur Perfect Premium de WMF apporte une touche suppl\u00e9mentaire \u00e0 la cuisine moderne<\/p>\n","protected":false},"featured_media":258438,"template":"","meta":{"_acf_changed":false,"inline_featured_image":false},"product_cat":[12458,14777],"product_tag":[17642,22482,13426,12468],"acf":[],"yoast_head":"<!-- This site is optimized with the Yoast SEO Premium plugin v18.6 (Yoast SEO v19.13) - https:\/\/yoast.com\/wordpress\/plugins\/seo\/ -->\n<title>WMF Perfect Plus Autocuiseur 3 L<\/title>\n<meta name=\"description\" content=\"D\u00e9couvrez WMF Perfect Plus Autocuiseur 3 L sur ErresseShop. Qualit\u00e9, prix r\u00e9duits et achat s\u00e9curis\u00e9 \u2013 commandez d\u00e8s maintenant en ligne !\" \/>\n<meta name=\"robots\" content=\"index, follow, max-snippet:-1, max-image-preview:large, max-video-preview:-1\" \/>\n<link rel=\"canonical\" href=\"https:\/\/www.erresse-shop.it\/fr\/shop\/poeles-pots\/casseroles\/wmf-perfect-plus-autocuiseur-3-l\/\" \/>\n<meta property=\"og:locale\" content=\"fr_FR\" \/>\n<meta property=\"og:type\" content=\"article\" \/>\n<meta property=\"og:title\" content=\"WMF Perfect Plus Autocuiseur 3 L\" \/>\n<meta property=\"og:description\" content=\"D\u00e9couvrez WMF Perfect Plus Autocuiseur 3 L sur ErresseShop. Qualit\u00e9, prix r\u00e9duits et achat s\u00e9curis\u00e9 \u2013 commandez d\u00e8s maintenant en ligne !\" \/>\n<meta property=\"og:url\" content=\"https:\/\/www.erresse-shop.it\/fr\/shop\/poeles-pots\/casseroles\/wmf-perfect-plus-autocuiseur-3-l\/\" \/>\n<meta property=\"og:site_name\" content=\"Erresse Shop\" \/>\n<meta property=\"article:modified_time\" content=\"2025-01-14T08:15:23+00:00\" \/>\n<meta property=\"og:image\" content=\"https:\/\/www.erresse-shop.it\/wp-content\/uploads\/2023\/03\/WMF-Perfect-Plus-Pentola-a-Pressione-3-L.jpg\" \/>\n\t<meta property=\"og:image:width\" content=\"800\" \/>\n\t<meta property=\"og:image:height\" content=\"800\" \/>\n\t<meta property=\"og:image:type\" content=\"image\/jpeg\" \/>\n<meta name=\"twitter:card\" content=\"summary_large_image\" \/>\n<script type=\"application\/ld+json\" class=\"yoast-schema-graph\">{\"@context\":\"https:\/\/schema.org\",\"@graph\":[{\"@type\":\"WebPage\",\"@id\":\"https:\/\/www.erresse-shop.it\/fr\/shop\/poeles-pots\/casseroles\/wmf-perfect-plus-autocuiseur-3-l\/\",\"url\":\"https:\/\/www.erresse-shop.it\/fr\/shop\/poeles-pots\/casseroles\/wmf-perfect-plus-autocuiseur-3-l\/\",\"name\":\"WMF Perfect Plus Autocuiseur 3 L\",\"isPartOf\":{\"@id\":\"https:\/\/www.erresse-shop.it\/fr\/#website\"},\"datePublished\":\"2023-03-30T07:09:40+00:00\",\"dateModified\":\"2025-01-14T08:15:23+00:00\",\"description\":\"D\u00e9couvrez WMF Perfect Plus Autocuiseur 3 L sur ErresseShop. Qualit\u00e9, prix r\u00e9duits et achat s\u00e9curis\u00e9 \u2013 commandez d\u00e8s maintenant en ligne !\",\"breadcrumb\":{\"@id\":\"https:\/\/www.erresse-shop.it\/fr\/shop\/poeles-pots\/casseroles\/wmf-perfect-plus-autocuiseur-3-l\/#breadcrumb\"},\"inLanguage\":\"fr-FR\",\"potentialAction\":[{\"@type\":\"ReadAction\",\"target\":[\"https:\/\/www.erresse-shop.it\/fr\/shop\/poeles-pots\/casseroles\/wmf-perfect-plus-autocuiseur-3-l\/\"]}]},{\"@type\":\"BreadcrumbList\",\"@id\":\"https:\/\/www.erresse-shop.it\/fr\/shop\/poeles-pots\/casseroles\/wmf-perfect-plus-autocuiseur-3-l\/#breadcrumb\",\"itemListElement\":[{\"@type\":\"ListItem\",\"position\":1,\"name\":\"Home\",\"item\":\"https:\/\/www.erresse-shop.it\/fr\/\"},{\"@type\":\"ListItem\",\"position\":2,\"name\":\"Shop\",\"item\":\"https:\/\/www.erresse-shop.it\/fr\/shop\/\"},{\"@type\":\"ListItem\",\"position\":3,\"name\":\"WMF Perfect Plus Autocuiseur 3 L\"}]},{\"@type\":\"WebSite\",\"@id\":\"https:\/\/www.erresse-shop.it\/fr\/#website\",\"url\":\"https:\/\/www.erresse-shop.it\/fr\/\",\"name\":\"Erresse Shop\",\"description\":\"Articoli di qualit\u00e0 per la casa\",\"potentialAction\":[{\"@type\":\"SearchAction\",\"target\":{\"@type\":\"EntryPoint\",\"urlTemplate\":\"https:\/\/www.erresse-shop.it\/fr\/?s={search_term_string}\"},\"query-input\":\"required name=search_term_string\"}],\"inLanguage\":\"fr-FR\"}]}<\/script>\n<!-- \/ Yoast SEO Premium plugin. -->","yoast_head_json":{"title":"WMF Perfect Plus Autocuiseur 3 L","description":"D\u00e9couvrez WMF Perfect Plus Autocuiseur 3 L sur ErresseShop. Qualit\u00e9, prix r\u00e9duits et achat s\u00e9curis\u00e9 \u2013 commandez d\u00e8s maintenant en ligne !","robots":{"index":"index","follow":"follow","max-snippet":"max-snippet:-1","max-image-preview":"max-image-preview:large","max-video-preview":"max-video-preview:-1"},"canonical":"https:\/\/www.erresse-shop.it\/fr\/shop\/poeles-pots\/casseroles\/wmf-perfect-plus-autocuiseur-3-l\/","og_locale":"fr_FR","og_type":"article","og_title":"WMF Perfect Plus Autocuiseur 3 L","og_description":"D\u00e9couvrez WMF Perfect Plus Autocuiseur 3 L sur ErresseShop. Qualit\u00e9, prix r\u00e9duits et achat s\u00e9curis\u00e9 \u2013 commandez d\u00e8s maintenant en ligne !","og_url":"https:\/\/www.erresse-shop.it\/fr\/shop\/poeles-pots\/casseroles\/wmf-perfect-plus-autocuiseur-3-l\/","og_site_name":"Erresse Shop","article_modified_time":"2025-01-14T08:15:23+00:00","og_image":[{"width":800,"height":800,"url":"https:\/\/www.erresse-shop.it\/wp-content\/uploads\/2023\/03\/WMF-Perfect-Plus-Pentola-a-Pressione-3-L.jpg","type":"image\/jpeg"}],"twitter_card":"summary_large_image","schema":{"@context":"https:\/\/schema.org","@graph":[{"@type":"WebPage","@id":"https:\/\/www.erresse-shop.it\/fr\/shop\/poeles-pots\/casseroles\/wmf-perfect-plus-autocuiseur-3-l\/","url":"https:\/\/www.erresse-shop.it\/fr\/shop\/poeles-pots\/casseroles\/wmf-perfect-plus-autocuiseur-3-l\/","name":"WMF Perfect Plus Autocuiseur 3 L","isPartOf":{"@id":"https:\/\/www.erresse-shop.it\/fr\/#website"},"datePublished":"2023-03-30T07:09:40+00:00","dateModified":"2025-01-14T08:15:23+00:00","description":"D\u00e9couvrez WMF Perfect Plus Autocuiseur 3 L sur ErresseShop. Qualit\u00e9, prix r\u00e9duits et achat s\u00e9curis\u00e9 \u2013 commandez d\u00e8s maintenant en ligne !","breadcrumb":{"@id":"https:\/\/www.erresse-shop.it\/fr\/shop\/poeles-pots\/casseroles\/wmf-perfect-plus-autocuiseur-3-l\/#breadcrumb"},"inLanguage":"fr-FR","potentialAction":[{"@type":"ReadAction","target":["https:\/\/www.erresse-shop.it\/fr\/shop\/poeles-pots\/casseroles\/wmf-perfect-plus-autocuiseur-3-l\/"]}]},{"@type":"BreadcrumbList","@id":"https:\/\/www.erresse-shop.it\/fr\/shop\/poeles-pots\/casseroles\/wmf-perfect-plus-autocuiseur-3-l\/#breadcrumb","itemListElement":[{"@type":"ListItem","position":1,"name":"Home","item":"https:\/\/www.erresse-shop.it\/fr\/"},{"@type":"ListItem","position":2,"name":"Shop","item":"https:\/\/www.erresse-shop.it\/fr\/shop\/"},{"@type":"ListItem","position":3,"name":"WMF Perfect Plus Autocuiseur 3 L"}]},{"@type":"WebSite","@id":"https:\/\/www.erresse-shop.it\/fr\/#website","url":"https:\/\/www.erresse-shop.it\/fr\/","name":"Erresse Shop","description":"Articoli di qualit\u00e0 per la casa","potentialAction":[{"@type":"SearchAction","target":{"@type":"EntryPoint","urlTemplate":"https:\/\/www.erresse-shop.it\/fr\/?s={search_term_string}"},"query-input":"required name=search_term_string"}],"inLanguage":"fr-FR"}]}},"df_price":124.74,"df_sale_price":124.74,"df_regular_price":198,"df_image_link":"https:\/\/www.erresse-shop.it\/wp-content\/uploads\/2023\/03\/WMF-Perfect-Plus-Pentola-a-Pressione-3-L-300x300.jpg","_links":{"self":[{"href":"https:\/\/www.erresse-shop.it\/fr\/wp-json\/wp\/v2\/product\/258393"}],"collection":[{"href":"https:\/\/www.erresse-shop.it\/fr\/wp-json\/wp\/v2\/product"}],"about":[{"href":"https:\/\/www.erresse-shop.it\/fr\/wp-json\/wp\/v2\/types\/product"}],"wp:featuredmedia":[{"embeddable":true,"href":"https:\/\/www.erresse-shop.it\/fr\/wp-json\/wp\/v2\/media\/258438"}],"wp:attachment":[{"href":"https:\/\/www.erresse-shop.it\/fr\/wp-json\/wp\/v2\/media?parent=258393"}],"wp:term":[{"taxonomy":"product_cat","embeddable":true,"href":"https:\/\/www.erresse-shop.it\/fr\/wp-json\/wp\/v2\/product_cat?post=258393"},{"taxonomy":"product_tag","embeddable":true,"href":"https:\/\/www.erresse-shop.it\/fr\/wp-json\/wp\/v2\/product_tag?post=258393"}],"curies":[{"name":"wp","href":"https:\/\/api.w.org\/{rel}","templated":true}]}}