{"id":257276,"date":"2023-03-28T10:37:04","date_gmt":"2023-03-28T10:37:11","guid":{"rendered":"https:\/\/www.erresse-shop.it\/?post_type=product&#038;p=257276"},"modified":"2025-01-14T08:14:36","modified_gmt":"2025-01-14T08:14:36","slug":"villeroy-boch-iconic-assiettes-la-boule-paradiso","status":"publish","type":"product","link":"https:\/\/www.erresse-shop.it\/fr\/shop\/table-fr-2\/plats\/villeroy-boch-iconic-assiettes-la-boule-paradiso\/","title":{"rendered":"VILLEROY &#038; BOCH Iconic Assiettes La Boule Paradiso"},"content":{"rendered":"<p><strong>Nos \u00e9ditions limit\u00e9es anniversaire<\/strong><br \/>\nNos racines combin\u00e9es aux derni\u00e8res tendances : avec nos nouveaut\u00e9s en \u00e9dition limit\u00e9e anniversaire, nous avons cr\u00e9\u00e9 quelque chose d&#8217;extraordinaire. La r\u00e9interpr\u00e9tation de la d\u00e9coration Paradiso, tr\u00e8s appr\u00e9ci\u00e9e, illustre les tendances actuelles avec modernit\u00e9 et \u00e9l\u00e9gance. La taille-douce est une technique originaire d&#8217;Angleterre qui a \u00e9t\u00e9 appliqu\u00e9e \u00e0 la c\u00e9ramique d\u00e8s 1791 par Nicolas Villeroy. C&#8217;est pr\u00e9cis\u00e9ment cette technique traditionnelle qui nous a inspir\u00e9s pour notre anniversaire.<\/p>\n<p><strong>Un attrait visuel intemporel avec un design embl\u00e9matique<\/strong><br \/>\nClassique et moderne r\u00e9unis dans un m\u00eame design : pour le 275e anniversaire, la collection Paradiso s&#8217;inspire des 275 ans de tradition de Villeroy &amp; Boch et les met au go\u00fbt du jour. Des d\u00e9cors historiques en taille-douce rehauss\u00e9s d&#8217;\u00e9l\u00e9ments graphiques modernes et d&#8217;un orange intense donnent naissance \u00e0 un nouveau langage stylistique contemporain. Les pi\u00e8ces combinables polyvalentes s\u00e9duisent par leurs couleurs modernes. La fonctionnalit\u00e9 et le design iconique font de chaque La Boule non seulement un objet qui attire le regard sur chaque table, mais aussi un objet d&#8217;int\u00e9rieur tr\u00e8s sp\u00e9cial.<\/p>\n<p><strong>Le set se compose de :<\/strong><br \/>\n2 bols<br \/>\n2 bols plats<br \/>\n2 assiettes plates<br \/>\n1 assiette de service<\/p>\n<p><strong>Mat\u00e9riau :<\/strong> Porcelaine<br \/>\n<strong>Passe au lave-vaisselle<\/strong><br \/>\n<strong>Passe au micro-ondes<\/strong><\/p>\n","protected":false},"excerpt":{"rendered":"<p>Nos \u00e9ditions limit\u00e9es anniversaire Nos racines combin\u00e9es aux derni\u00e8res tendances : avec nos nouveaut\u00e9s en \u00e9dition limit\u00e9e anniversaire, nous avons<\/p>\n","protected":false},"featured_media":492377,"template":"","meta":{"_acf_changed":false,"inline_featured_image":false},"product_cat":[12788,12782],"product_tag":[13169,23660,25021,24397,17526,14261,24603,21821],"acf":[],"yoast_head":"<!-- This site is optimized with the Yoast SEO Premium plugin v18.6 (Yoast SEO v19.13) - https:\/\/yoast.com\/wordpress\/plugins\/seo\/ -->\n<title>VILLEROY &amp; BOCH Iconic Assiettes La Boule Paradiso<\/title>\n<meta name=\"description\" content=\"D\u00e9couvrez VILLEROY &amp; BOCH Iconic Assiettes La Boule Paradiso sur ErresseShop. Qualit\u00e9, prix r\u00e9duits et achat s\u00e9curis\u00e9 \u2013 commandez d\u00e8s maintenant en ligne !\" \/>\n<meta name=\"robots\" content=\"index, follow, max-snippet:-1, max-image-preview:large, max-video-preview:-1\" \/>\n<link rel=\"canonical\" href=\"https:\/\/www.erresse-shop.it\/fr\/shop\/table-fr-2\/plats\/villeroy-boch-iconic-assiettes-la-boule-paradiso\/\" \/>\n<meta property=\"og:locale\" content=\"fr_FR\" \/>\n<meta property=\"og:type\" content=\"article\" \/>\n<meta property=\"og:title\" content=\"VILLEROY &amp; BOCH Iconic Assiettes La Boule Paradiso\" \/>\n<meta property=\"og:description\" content=\"D\u00e9couvrez VILLEROY &amp; BOCH Iconic Assiettes La Boule Paradiso sur ErresseShop. Qualit\u00e9, prix r\u00e9duits et achat s\u00e9curis\u00e9 \u2013 commandez d\u00e8s maintenant en ligne !\" \/>\n<meta property=\"og:url\" content=\"https:\/\/www.erresse-shop.it\/fr\/shop\/table-fr-2\/plats\/villeroy-boch-iconic-assiettes-la-boule-paradiso\/\" \/>\n<meta property=\"og:site_name\" content=\"Erresse Shop\" \/>\n<meta property=\"article:modified_time\" content=\"2025-01-14T08:14:36+00:00\" \/>\n<meta property=\"og:image\" content=\"https:\/\/www.erresse-shop.it\/wp-content\/uploads\/2023\/03\/VILLEROY-BOCH-Iconic-Piatti-La-Boule-Paradiso.jpg\" \/>\n\t<meta property=\"og:image:width\" content=\"800\" \/>\n\t<meta property=\"og:image:height\" content=\"800\" \/>\n\t<meta property=\"og:image:type\" content=\"image\/jpeg\" \/>\n<meta name=\"twitter:card\" content=\"summary_large_image\" \/>\n<script type=\"application\/ld+json\" class=\"yoast-schema-graph\">{\"@context\":\"https:\/\/schema.org\",\"@graph\":[{\"@type\":\"WebPage\",\"@id\":\"https:\/\/www.erresse-shop.it\/fr\/shop\/table-fr-2\/plats\/villeroy-boch-iconic-assiettes-la-boule-paradiso\/\",\"url\":\"https:\/\/www.erresse-shop.it\/fr\/shop\/table-fr-2\/plats\/villeroy-boch-iconic-assiettes-la-boule-paradiso\/\",\"name\":\"VILLEROY & BOCH Iconic Assiettes La Boule Paradiso\",\"isPartOf\":{\"@id\":\"https:\/\/www.erresse-shop.it\/fr\/#website\"},\"datePublished\":\"2023-03-28T10:37:11+00:00\",\"dateModified\":\"2025-01-14T08:14:36+00:00\",\"description\":\"D\u00e9couvrez VILLEROY & BOCH Iconic Assiettes La Boule Paradiso sur ErresseShop. Qualit\u00e9, prix r\u00e9duits et achat s\u00e9curis\u00e9 \u2013 commandez d\u00e8s maintenant en ligne !\",\"breadcrumb\":{\"@id\":\"https:\/\/www.erresse-shop.it\/fr\/shop\/table-fr-2\/plats\/villeroy-boch-iconic-assiettes-la-boule-paradiso\/#breadcrumb\"},\"inLanguage\":\"fr-FR\",\"potentialAction\":[{\"@type\":\"ReadAction\",\"target\":[\"https:\/\/www.erresse-shop.it\/fr\/shop\/table-fr-2\/plats\/villeroy-boch-iconic-assiettes-la-boule-paradiso\/\"]}]},{\"@type\":\"BreadcrumbList\",\"@id\":\"https:\/\/www.erresse-shop.it\/fr\/shop\/table-fr-2\/plats\/villeroy-boch-iconic-assiettes-la-boule-paradiso\/#breadcrumb\",\"itemListElement\":[{\"@type\":\"ListItem\",\"position\":1,\"name\":\"Home\",\"item\":\"https:\/\/www.erresse-shop.it\/fr\/\"},{\"@type\":\"ListItem\",\"position\":2,\"name\":\"Shop\",\"item\":\"https:\/\/www.erresse-shop.it\/fr\/shop\/\"},{\"@type\":\"ListItem\",\"position\":3,\"name\":\"VILLEROY &#038; BOCH Iconic Assiettes La Boule Paradiso\"}]},{\"@type\":\"WebSite\",\"@id\":\"https:\/\/www.erresse-shop.it\/fr\/#website\",\"url\":\"https:\/\/www.erresse-shop.it\/fr\/\",\"name\":\"Erresse Shop\",\"description\":\"Articoli di qualit\u00e0 per la casa\",\"potentialAction\":[{\"@type\":\"SearchAction\",\"target\":{\"@type\":\"EntryPoint\",\"urlTemplate\":\"https:\/\/www.erresse-shop.it\/fr\/?s={search_term_string}\"},\"query-input\":\"required name=search_term_string\"}],\"inLanguage\":\"fr-FR\"}]}<\/script>\n<!-- \/ Yoast SEO Premium plugin. -->","yoast_head_json":{"title":"VILLEROY & BOCH Iconic Assiettes La Boule Paradiso","description":"D\u00e9couvrez VILLEROY & BOCH Iconic Assiettes La Boule Paradiso sur ErresseShop. Qualit\u00e9, prix r\u00e9duits et achat s\u00e9curis\u00e9 \u2013 commandez d\u00e8s maintenant en ligne !","robots":{"index":"index","follow":"follow","max-snippet":"max-snippet:-1","max-image-preview":"max-image-preview:large","max-video-preview":"max-video-preview:-1"},"canonical":"https:\/\/www.erresse-shop.it\/fr\/shop\/table-fr-2\/plats\/villeroy-boch-iconic-assiettes-la-boule-paradiso\/","og_locale":"fr_FR","og_type":"article","og_title":"VILLEROY & BOCH Iconic Assiettes La Boule Paradiso","og_description":"D\u00e9couvrez VILLEROY & BOCH Iconic Assiettes La Boule Paradiso sur ErresseShop. Qualit\u00e9, prix r\u00e9duits et achat s\u00e9curis\u00e9 \u2013 commandez d\u00e8s maintenant en ligne !","og_url":"https:\/\/www.erresse-shop.it\/fr\/shop\/table-fr-2\/plats\/villeroy-boch-iconic-assiettes-la-boule-paradiso\/","og_site_name":"Erresse Shop","article_modified_time":"2025-01-14T08:14:36+00:00","og_image":[{"width":800,"height":800,"url":"https:\/\/www.erresse-shop.it\/wp-content\/uploads\/2023\/03\/VILLEROY-BOCH-Iconic-Piatti-La-Boule-Paradiso.jpg","type":"image\/jpeg"}],"twitter_card":"summary_large_image","schema":{"@context":"https:\/\/schema.org","@graph":[{"@type":"WebPage","@id":"https:\/\/www.erresse-shop.it\/fr\/shop\/table-fr-2\/plats\/villeroy-boch-iconic-assiettes-la-boule-paradiso\/","url":"https:\/\/www.erresse-shop.it\/fr\/shop\/table-fr-2\/plats\/villeroy-boch-iconic-assiettes-la-boule-paradiso\/","name":"VILLEROY & BOCH Iconic Assiettes La Boule Paradiso","isPartOf":{"@id":"https:\/\/www.erresse-shop.it\/fr\/#website"},"datePublished":"2023-03-28T10:37:11+00:00","dateModified":"2025-01-14T08:14:36+00:00","description":"D\u00e9couvrez VILLEROY & BOCH Iconic Assiettes La Boule Paradiso sur ErresseShop. Qualit\u00e9, prix r\u00e9duits et achat s\u00e9curis\u00e9 \u2013 commandez d\u00e8s maintenant en ligne !","breadcrumb":{"@id":"https:\/\/www.erresse-shop.it\/fr\/shop\/table-fr-2\/plats\/villeroy-boch-iconic-assiettes-la-boule-paradiso\/#breadcrumb"},"inLanguage":"fr-FR","potentialAction":[{"@type":"ReadAction","target":["https:\/\/www.erresse-shop.it\/fr\/shop\/table-fr-2\/plats\/villeroy-boch-iconic-assiettes-la-boule-paradiso\/"]}]},{"@type":"BreadcrumbList","@id":"https:\/\/www.erresse-shop.it\/fr\/shop\/table-fr-2\/plats\/villeroy-boch-iconic-assiettes-la-boule-paradiso\/#breadcrumb","itemListElement":[{"@type":"ListItem","position":1,"name":"Home","item":"https:\/\/www.erresse-shop.it\/fr\/"},{"@type":"ListItem","position":2,"name":"Shop","item":"https:\/\/www.erresse-shop.it\/fr\/shop\/"},{"@type":"ListItem","position":3,"name":"VILLEROY &#038; BOCH Iconic Assiettes La Boule Paradiso"}]},{"@type":"WebSite","@id":"https:\/\/www.erresse-shop.it\/fr\/#website","url":"https:\/\/www.erresse-shop.it\/fr\/","name":"Erresse Shop","description":"Articoli di qualit\u00e0 per la casa","potentialAction":[{"@type":"SearchAction","target":{"@type":"EntryPoint","urlTemplate":"https:\/\/www.erresse-shop.it\/fr\/?s={search_term_string}"},"query-input":"required name=search_term_string"}],"inLanguage":"fr-FR"}]}},"df_price":249.5,"df_sale_price":249.5,"df_regular_price":499,"df_image_link":"https:\/\/www.erresse-shop.it\/wp-content\/uploads\/2023\/03\/VILLEROY-BOCH-Iconic-Piatti-La-Boule-Paradiso-300x300.jpg","_links":{"self":[{"href":"https:\/\/www.erresse-shop.it\/fr\/wp-json\/wp\/v2\/product\/257276"}],"collection":[{"href":"https:\/\/www.erresse-shop.it\/fr\/wp-json\/wp\/v2\/product"}],"about":[{"href":"https:\/\/www.erresse-shop.it\/fr\/wp-json\/wp\/v2\/types\/product"}],"wp:featuredmedia":[{"embeddable":true,"href":"https:\/\/www.erresse-shop.it\/fr\/wp-json\/wp\/v2\/media\/492377"}],"wp:attachment":[{"href":"https:\/\/www.erresse-shop.it\/fr\/wp-json\/wp\/v2\/media?parent=257276"}],"wp:term":[{"taxonomy":"product_cat","embeddable":true,"href":"https:\/\/www.erresse-shop.it\/fr\/wp-json\/wp\/v2\/product_cat?post=257276"},{"taxonomy":"product_tag","embeddable":true,"href":"https:\/\/www.erresse-shop.it\/fr\/wp-json\/wp\/v2\/product_tag?post=257276"}],"curies":[{"name":"wp","href":"https:\/\/api.w.org\/{rel}","templated":true}]}}