{"id":252117,"date":"2023-03-16T10:47:49","date_gmt":"2023-03-16T10:47:55","guid":{"rendered":"https:\/\/www.erresse-shop.it\/?post_type=product&#038;p=252117"},"modified":"2025-01-14T08:13:30","modified_gmt":"2025-01-14T08:13:30","slug":"global-bloc-a-couteaux-pour-13-pieces","status":"publish","type":"product","link":"https:\/\/www.erresse-shop.it\/fr\/shop\/cuisine\/couteaux\/global-bloc-a-couteaux-pour-13-pieces\/","title":{"rendered":"GLOBAL Bloc \u00e0 couteaux pour 13 pi\u00e8ces"},"content":{"rendered":"<p>R\u00e9alis\u00e9 avec le soin esth\u00e9tique et fonctionnel qui a toujours caract\u00e9ris\u00e9 la marque Global, ce bloc \u00e0 couteaux pr\u00e9sente plusieurs atouts. Le premier, le plus \u00e9vident, concerne sa capacit\u00e9 : 15 larges rainures qui lui permettent de contenir jusqu&#8217;\u00e0 30 couteaux de diff\u00e9rentes formes et tailles (13 indiqu\u00e9s par le fabricant, mais cela d\u00e9pend \u00e9videmment de la taille des lames) dans des conditions optimales (gr\u00e2ce au rev\u00eatement interne en plastique) ; comme si cela ne suffisait pas, le bloc est dot\u00e9 d&#8217;une ouverture suppl\u00e9mentaire adapt\u00e9e au logement d&#8217;un aiguisoir. Le tout pour un encombrement r\u00e9solument limit\u00e9, certainement moins que si les diff\u00e9rents couteaux \u00e9taient rang\u00e9s s\u00e9par\u00e9ment.<\/p>\n<p>Il faut \u00e9galement souligner la robustesse et la solidit\u00e9 du bloc qui, r\u00e9alis\u00e9 en acier inoxydable, est dot\u00e9 d&#8217;un socle en caoutchouc qui facilite l&#8217;adh\u00e9rence \u00e0 la surface sur laquelle il repose : antid\u00e9rapant, donc !<\/p>\n<p>Le dernier \u00e9l\u00e9ment qui ressort, il faut le dire, est l&#8217;\u00e9l\u00e9gance et le raffinement de ce produit : la forme rappelle un peu le profil d&#8217;un bateau \u00e0 voile, tandis que l&#8217;heureuse alternance chromatique entre le gris de l&#8217;acier et le noir des inserts synth\u00e9tiques rend ce bloc particuli\u00e8rement adapt\u00e9 comme objet d&#8217;ameublement dans les cuisines au design moderne.<\/p>\n","protected":false},"excerpt":{"rendered":"<p>R\u00e9alis\u00e9 avec le soin esth\u00e9tique et fonctionnel qui a toujours caract\u00e9ris\u00e9 la marque Global, ce bloc \u00e0 couteaux pr\u00e9sente plusieurs<\/p>\n","protected":false},"featured_media":252123,"template":"","meta":{"_acf_changed":false,"inline_featured_image":false},"product_cat":[12745,12742,12748],"product_tag":[15838,14045],"acf":[],"yoast_head":"<!-- This site is optimized with the Yoast SEO Premium plugin v18.6 (Yoast SEO v19.13) - https:\/\/yoast.com\/wordpress\/plugins\/seo\/ -->\n<title>GLOBAL Bloc \u00e0 couteaux pour 13 pi\u00e8ces<\/title>\n<meta name=\"description\" content=\"D\u00e9couvrez GLOBAL Bloc \u00e0 couteaux pour 13 pi\u00e8ces sur ErresseShop. Qualit\u00e9, prix r\u00e9duits et achat s\u00e9curis\u00e9 \u2013 commandez d\u00e8s maintenant en ligne !\" \/>\n<meta name=\"robots\" content=\"index, follow, max-snippet:-1, max-image-preview:large, max-video-preview:-1\" \/>\n<link rel=\"canonical\" href=\"https:\/\/www.erresse-shop.it\/fr\/shop\/cuisine\/couteaux\/global-bloc-a-couteaux-pour-13-pieces\/\" \/>\n<meta property=\"og:locale\" content=\"fr_FR\" \/>\n<meta property=\"og:type\" content=\"article\" \/>\n<meta property=\"og:title\" content=\"GLOBAL Bloc \u00e0 couteaux pour 13 pi\u00e8ces\" \/>\n<meta property=\"og:description\" content=\"D\u00e9couvrez GLOBAL Bloc \u00e0 couteaux pour 13 pi\u00e8ces sur ErresseShop. Qualit\u00e9, prix r\u00e9duits et achat s\u00e9curis\u00e9 \u2013 commandez d\u00e8s maintenant en ligne !\" \/>\n<meta property=\"og:url\" content=\"https:\/\/www.erresse-shop.it\/fr\/shop\/cuisine\/couteaux\/global-bloc-a-couteaux-pour-13-pieces\/\" \/>\n<meta property=\"og:site_name\" content=\"Erresse Shop\" \/>\n<meta property=\"article:modified_time\" content=\"2025-01-14T08:13:30+00:00\" \/>\n<meta property=\"og:image\" content=\"https:\/\/www.erresse-shop.it\/wp-content\/uploads\/2023\/03\/GLOBAL-Ceppo-per-13-Coltelli.jpg\" \/>\n\t<meta property=\"og:image:width\" content=\"800\" \/>\n\t<meta property=\"og:image:height\" content=\"800\" \/>\n\t<meta property=\"og:image:type\" content=\"image\/jpeg\" \/>\n<meta name=\"twitter:card\" content=\"summary_large_image\" \/>\n<script type=\"application\/ld+json\" class=\"yoast-schema-graph\">{\"@context\":\"https:\/\/schema.org\",\"@graph\":[{\"@type\":\"WebPage\",\"@id\":\"https:\/\/www.erresse-shop.it\/fr\/shop\/cuisine\/couteaux\/global-bloc-a-couteaux-pour-13-pieces\/\",\"url\":\"https:\/\/www.erresse-shop.it\/fr\/shop\/cuisine\/couteaux\/global-bloc-a-couteaux-pour-13-pieces\/\",\"name\":\"GLOBAL Bloc \u00e0 couteaux pour 13 pi\u00e8ces\",\"isPartOf\":{\"@id\":\"https:\/\/www.erresse-shop.it\/fr\/#website\"},\"datePublished\":\"2023-03-16T10:47:55+00:00\",\"dateModified\":\"2025-01-14T08:13:30+00:00\",\"description\":\"D\u00e9couvrez GLOBAL Bloc \u00e0 couteaux pour 13 pi\u00e8ces sur ErresseShop. Qualit\u00e9, prix r\u00e9duits et achat s\u00e9curis\u00e9 \u2013 commandez d\u00e8s maintenant en ligne !\",\"breadcrumb\":{\"@id\":\"https:\/\/www.erresse-shop.it\/fr\/shop\/cuisine\/couteaux\/global-bloc-a-couteaux-pour-13-pieces\/#breadcrumb\"},\"inLanguage\":\"fr-FR\",\"potentialAction\":[{\"@type\":\"ReadAction\",\"target\":[\"https:\/\/www.erresse-shop.it\/fr\/shop\/cuisine\/couteaux\/global-bloc-a-couteaux-pour-13-pieces\/\"]}]},{\"@type\":\"BreadcrumbList\",\"@id\":\"https:\/\/www.erresse-shop.it\/fr\/shop\/cuisine\/couteaux\/global-bloc-a-couteaux-pour-13-pieces\/#breadcrumb\",\"itemListElement\":[{\"@type\":\"ListItem\",\"position\":1,\"name\":\"Home\",\"item\":\"https:\/\/www.erresse-shop.it\/fr\/\"},{\"@type\":\"ListItem\",\"position\":2,\"name\":\"Shop\",\"item\":\"https:\/\/www.erresse-shop.it\/fr\/shop\/\"},{\"@type\":\"ListItem\",\"position\":3,\"name\":\"GLOBAL Bloc \u00e0 couteaux pour 13 pi\u00e8ces\"}]},{\"@type\":\"WebSite\",\"@id\":\"https:\/\/www.erresse-shop.it\/fr\/#website\",\"url\":\"https:\/\/www.erresse-shop.it\/fr\/\",\"name\":\"Erresse Shop\",\"description\":\"Articoli di qualit\u00e0 per la casa\",\"potentialAction\":[{\"@type\":\"SearchAction\",\"target\":{\"@type\":\"EntryPoint\",\"urlTemplate\":\"https:\/\/www.erresse-shop.it\/fr\/?s={search_term_string}\"},\"query-input\":\"required name=search_term_string\"}],\"inLanguage\":\"fr-FR\"}]}<\/script>\n<!-- \/ Yoast SEO Premium plugin. -->","yoast_head_json":{"title":"GLOBAL Bloc \u00e0 couteaux pour 13 pi\u00e8ces","description":"D\u00e9couvrez GLOBAL Bloc \u00e0 couteaux pour 13 pi\u00e8ces sur ErresseShop. Qualit\u00e9, prix r\u00e9duits et achat s\u00e9curis\u00e9 \u2013 commandez d\u00e8s maintenant en ligne !","robots":{"index":"index","follow":"follow","max-snippet":"max-snippet:-1","max-image-preview":"max-image-preview:large","max-video-preview":"max-video-preview:-1"},"canonical":"https:\/\/www.erresse-shop.it\/fr\/shop\/cuisine\/couteaux\/global-bloc-a-couteaux-pour-13-pieces\/","og_locale":"fr_FR","og_type":"article","og_title":"GLOBAL Bloc \u00e0 couteaux pour 13 pi\u00e8ces","og_description":"D\u00e9couvrez GLOBAL Bloc \u00e0 couteaux pour 13 pi\u00e8ces sur ErresseShop. Qualit\u00e9, prix r\u00e9duits et achat s\u00e9curis\u00e9 \u2013 commandez d\u00e8s maintenant en ligne !","og_url":"https:\/\/www.erresse-shop.it\/fr\/shop\/cuisine\/couteaux\/global-bloc-a-couteaux-pour-13-pieces\/","og_site_name":"Erresse Shop","article_modified_time":"2025-01-14T08:13:30+00:00","og_image":[{"width":800,"height":800,"url":"https:\/\/www.erresse-shop.it\/wp-content\/uploads\/2023\/03\/GLOBAL-Ceppo-per-13-Coltelli.jpg","type":"image\/jpeg"}],"twitter_card":"summary_large_image","schema":{"@context":"https:\/\/schema.org","@graph":[{"@type":"WebPage","@id":"https:\/\/www.erresse-shop.it\/fr\/shop\/cuisine\/couteaux\/global-bloc-a-couteaux-pour-13-pieces\/","url":"https:\/\/www.erresse-shop.it\/fr\/shop\/cuisine\/couteaux\/global-bloc-a-couteaux-pour-13-pieces\/","name":"GLOBAL Bloc \u00e0 couteaux pour 13 pi\u00e8ces","isPartOf":{"@id":"https:\/\/www.erresse-shop.it\/fr\/#website"},"datePublished":"2023-03-16T10:47:55+00:00","dateModified":"2025-01-14T08:13:30+00:00","description":"D\u00e9couvrez GLOBAL Bloc \u00e0 couteaux pour 13 pi\u00e8ces sur ErresseShop. Qualit\u00e9, prix r\u00e9duits et achat s\u00e9curis\u00e9 \u2013 commandez d\u00e8s maintenant en ligne !","breadcrumb":{"@id":"https:\/\/www.erresse-shop.it\/fr\/shop\/cuisine\/couteaux\/global-bloc-a-couteaux-pour-13-pieces\/#breadcrumb"},"inLanguage":"fr-FR","potentialAction":[{"@type":"ReadAction","target":["https:\/\/www.erresse-shop.it\/fr\/shop\/cuisine\/couteaux\/global-bloc-a-couteaux-pour-13-pieces\/"]}]},{"@type":"BreadcrumbList","@id":"https:\/\/www.erresse-shop.it\/fr\/shop\/cuisine\/couteaux\/global-bloc-a-couteaux-pour-13-pieces\/#breadcrumb","itemListElement":[{"@type":"ListItem","position":1,"name":"Home","item":"https:\/\/www.erresse-shop.it\/fr\/"},{"@type":"ListItem","position":2,"name":"Shop","item":"https:\/\/www.erresse-shop.it\/fr\/shop\/"},{"@type":"ListItem","position":3,"name":"GLOBAL Bloc \u00e0 couteaux pour 13 pi\u00e8ces"}]},{"@type":"WebSite","@id":"https:\/\/www.erresse-shop.it\/fr\/#website","url":"https:\/\/www.erresse-shop.it\/fr\/","name":"Erresse Shop","description":"Articoli di qualit\u00e0 per la casa","potentialAction":[{"@type":"SearchAction","target":{"@type":"EntryPoint","urlTemplate":"https:\/\/www.erresse-shop.it\/fr\/?s={search_term_string}"},"query-input":"required name=search_term_string"}],"inLanguage":"fr-FR"}]}},"df_price":179.95,"df_sale_price":179.95,"df_regular_price":236,"df_image_link":"https:\/\/www.erresse-shop.it\/wp-content\/uploads\/2023\/03\/GLOBAL-Ceppo-per-13-Coltelli-300x300.jpg","_links":{"self":[{"href":"https:\/\/www.erresse-shop.it\/fr\/wp-json\/wp\/v2\/product\/252117"}],"collection":[{"href":"https:\/\/www.erresse-shop.it\/fr\/wp-json\/wp\/v2\/product"}],"about":[{"href":"https:\/\/www.erresse-shop.it\/fr\/wp-json\/wp\/v2\/types\/product"}],"wp:featuredmedia":[{"embeddable":true,"href":"https:\/\/www.erresse-shop.it\/fr\/wp-json\/wp\/v2\/media\/252123"}],"wp:attachment":[{"href":"https:\/\/www.erresse-shop.it\/fr\/wp-json\/wp\/v2\/media?parent=252117"}],"wp:term":[{"taxonomy":"product_cat","embeddable":true,"href":"https:\/\/www.erresse-shop.it\/fr\/wp-json\/wp\/v2\/product_cat?post=252117"},{"taxonomy":"product_tag","embeddable":true,"href":"https:\/\/www.erresse-shop.it\/fr\/wp-json\/wp\/v2\/product_tag?post=252117"}],"curies":[{"name":"wp","href":"https:\/\/api.w.org\/{rel}","templated":true}]}}