{"id":251984,"date":"2023-03-16T08:34:05","date_gmt":"2023-03-16T08:34:11","guid":{"rendered":"https:\/\/www.erresse-shop.it\/?post_type=product&#038;p=251984"},"modified":"2025-01-14T08:12:48","modified_gmt":"2025-01-14T08:12:48","slug":"global-rail-de-guidage-pour-laiguisage","status":"publish","type":"product","link":"https:\/\/www.erresse-shop.it\/fr\/shop\/cuisine\/couteaux\/global-rail-de-guidage-pour-laiguisage\/","title":{"rendered":"GLOBAL Rail de Guidage pour l&#8217;Aiguisage"},"content":{"rendered":"<p>Deux guides pour l&#8217;aff\u00fbtage \u00e0 la meule. Ces guides sont fix\u00e9s au dos du couteau. Le grand guide pour les grands couteaux et le petit guide pour les petits couteaux. Une fois fix\u00e9s \u00e0 l&#8217;arri\u00e8re des couteaux, ces clips d\u00e9finissent et maintiennent l&#8217;angle d&#8217;aff\u00fbtage correct. Ces guides peuvent \u00eatre utilis\u00e9s sur n&#8217;importe quelle marque de couteau et r\u00e8glent l&#8217;angle du couteau \u00e0 15 degr\u00e9s, ce qui est parfait pour les couteaux globaux.<\/p>\n<ul>\n<li>Paire de guides MinoSharp<\/li>\n<li>Grand pour les grands couteaux (+15 cm)<\/li>\n<li>Petit pour les petits couteaux (-15 cm)<\/li>\n<li>Peut fonctionner avec n&#8217;importe quelle marque de couteaux<\/li>\n<li>Angle r\u00e9gl\u00e9 \u00e0 15 degr\u00e9s<\/li>\n<li>Fabriqu\u00e9 au Japon<\/li>\n<\/ul>\n","protected":false},"excerpt":{"rendered":"<p>Deux guides pour l&#8217;aff\u00fbtage \u00e0 la meule. Ces guides sont fix\u00e9s au dos du couteau. Le grand guide pour les<\/p>\n","protected":false},"featured_media":252002,"template":"","meta":{"_acf_changed":false,"inline_featured_image":false},"product_cat":[12743,12742,12748],"product_tag":[],"acf":[],"yoast_head":"<!-- This site is optimized with the Yoast SEO Premium plugin v18.6 (Yoast SEO v19.13) - https:\/\/yoast.com\/wordpress\/plugins\/seo\/ -->\n<title>GLOBAL Rail de Guidage pour l&#039;Aiguisage<\/title>\n<meta name=\"description\" content=\"D\u00e9couvrez GLOBAL Rail de Guidage pour l&#039;Aiguisage sur ErresseShop. Qualit\u00e9, prix r\u00e9duits et achat s\u00e9curis\u00e9 \u2013 commandez d\u00e8s maintenant en ligne !\" \/>\n<meta name=\"robots\" content=\"index, follow, max-snippet:-1, max-image-preview:large, max-video-preview:-1\" \/>\n<link rel=\"canonical\" href=\"https:\/\/www.erresse-shop.it\/fr\/shop\/cuisine\/couteaux\/global-rail-de-guidage-pour-laiguisage\/\" \/>\n<meta property=\"og:locale\" content=\"fr_FR\" \/>\n<meta property=\"og:type\" content=\"article\" \/>\n<meta property=\"og:title\" content=\"GLOBAL Rail de Guidage pour l&#039;Aiguisage\" \/>\n<meta property=\"og:description\" content=\"D\u00e9couvrez GLOBAL Rail de Guidage pour l&#039;Aiguisage sur ErresseShop. Qualit\u00e9, prix r\u00e9duits et achat s\u00e9curis\u00e9 \u2013 commandez d\u00e8s maintenant en ligne !\" \/>\n<meta property=\"og:url\" content=\"https:\/\/www.erresse-shop.it\/fr\/shop\/cuisine\/couteaux\/global-rail-de-guidage-pour-laiguisage\/\" \/>\n<meta property=\"og:site_name\" content=\"Erresse Shop\" \/>\n<meta property=\"article:modified_time\" content=\"2025-01-14T08:12:48+00:00\" \/>\n<meta property=\"og:image\" content=\"https:\/\/www.erresse-shop.it\/wp-content\/uploads\/2023\/03\/GLOBAL-Binario-Guida-per-Affilare.jpg\" \/>\n\t<meta property=\"og:image:width\" content=\"800\" \/>\n\t<meta property=\"og:image:height\" content=\"800\" \/>\n\t<meta property=\"og:image:type\" content=\"image\/jpeg\" \/>\n<meta name=\"twitter:card\" content=\"summary_large_image\" \/>\n<script type=\"application\/ld+json\" class=\"yoast-schema-graph\">{\"@context\":\"https:\/\/schema.org\",\"@graph\":[{\"@type\":\"WebPage\",\"@id\":\"https:\/\/www.erresse-shop.it\/fr\/shop\/cuisine\/couteaux\/global-rail-de-guidage-pour-laiguisage\/\",\"url\":\"https:\/\/www.erresse-shop.it\/fr\/shop\/cuisine\/couteaux\/global-rail-de-guidage-pour-laiguisage\/\",\"name\":\"GLOBAL Rail de Guidage pour l'Aiguisage\",\"isPartOf\":{\"@id\":\"https:\/\/www.erresse-shop.it\/fr\/#website\"},\"datePublished\":\"2023-03-16T08:34:11+00:00\",\"dateModified\":\"2025-01-14T08:12:48+00:00\",\"description\":\"D\u00e9couvrez GLOBAL Rail de Guidage pour l'Aiguisage sur ErresseShop. Qualit\u00e9, prix r\u00e9duits et achat s\u00e9curis\u00e9 \u2013 commandez d\u00e8s maintenant en ligne !\",\"breadcrumb\":{\"@id\":\"https:\/\/www.erresse-shop.it\/fr\/shop\/cuisine\/couteaux\/global-rail-de-guidage-pour-laiguisage\/#breadcrumb\"},\"inLanguage\":\"fr-FR\",\"potentialAction\":[{\"@type\":\"ReadAction\",\"target\":[\"https:\/\/www.erresse-shop.it\/fr\/shop\/cuisine\/couteaux\/global-rail-de-guidage-pour-laiguisage\/\"]}]},{\"@type\":\"BreadcrumbList\",\"@id\":\"https:\/\/www.erresse-shop.it\/fr\/shop\/cuisine\/couteaux\/global-rail-de-guidage-pour-laiguisage\/#breadcrumb\",\"itemListElement\":[{\"@type\":\"ListItem\",\"position\":1,\"name\":\"Home\",\"item\":\"https:\/\/www.erresse-shop.it\/fr\/\"},{\"@type\":\"ListItem\",\"position\":2,\"name\":\"Shop\",\"item\":\"https:\/\/www.erresse-shop.it\/fr\/shop\/\"},{\"@type\":\"ListItem\",\"position\":3,\"name\":\"GLOBAL Rail de Guidage pour l&#8217;Aiguisage\"}]},{\"@type\":\"WebSite\",\"@id\":\"https:\/\/www.erresse-shop.it\/fr\/#website\",\"url\":\"https:\/\/www.erresse-shop.it\/fr\/\",\"name\":\"Erresse Shop\",\"description\":\"Articoli di qualit\u00e0 per la casa\",\"potentialAction\":[{\"@type\":\"SearchAction\",\"target\":{\"@type\":\"EntryPoint\",\"urlTemplate\":\"https:\/\/www.erresse-shop.it\/fr\/?s={search_term_string}\"},\"query-input\":\"required name=search_term_string\"}],\"inLanguage\":\"fr-FR\"}]}<\/script>\n<!-- \/ Yoast SEO Premium plugin. -->","yoast_head_json":{"title":"GLOBAL Rail de Guidage pour l'Aiguisage","description":"D\u00e9couvrez GLOBAL Rail de Guidage pour l'Aiguisage sur ErresseShop. Qualit\u00e9, prix r\u00e9duits et achat s\u00e9curis\u00e9 \u2013 commandez d\u00e8s maintenant en ligne !","robots":{"index":"index","follow":"follow","max-snippet":"max-snippet:-1","max-image-preview":"max-image-preview:large","max-video-preview":"max-video-preview:-1"},"canonical":"https:\/\/www.erresse-shop.it\/fr\/shop\/cuisine\/couteaux\/global-rail-de-guidage-pour-laiguisage\/","og_locale":"fr_FR","og_type":"article","og_title":"GLOBAL Rail de Guidage pour l'Aiguisage","og_description":"D\u00e9couvrez GLOBAL Rail de Guidage pour l'Aiguisage sur ErresseShop. Qualit\u00e9, prix r\u00e9duits et achat s\u00e9curis\u00e9 \u2013 commandez d\u00e8s maintenant en ligne !","og_url":"https:\/\/www.erresse-shop.it\/fr\/shop\/cuisine\/couteaux\/global-rail-de-guidage-pour-laiguisage\/","og_site_name":"Erresse Shop","article_modified_time":"2025-01-14T08:12:48+00:00","og_image":[{"width":800,"height":800,"url":"https:\/\/www.erresse-shop.it\/wp-content\/uploads\/2023\/03\/GLOBAL-Binario-Guida-per-Affilare.jpg","type":"image\/jpeg"}],"twitter_card":"summary_large_image","schema":{"@context":"https:\/\/schema.org","@graph":[{"@type":"WebPage","@id":"https:\/\/www.erresse-shop.it\/fr\/shop\/cuisine\/couteaux\/global-rail-de-guidage-pour-laiguisage\/","url":"https:\/\/www.erresse-shop.it\/fr\/shop\/cuisine\/couteaux\/global-rail-de-guidage-pour-laiguisage\/","name":"GLOBAL Rail de Guidage pour l'Aiguisage","isPartOf":{"@id":"https:\/\/www.erresse-shop.it\/fr\/#website"},"datePublished":"2023-03-16T08:34:11+00:00","dateModified":"2025-01-14T08:12:48+00:00","description":"D\u00e9couvrez GLOBAL Rail de Guidage pour l'Aiguisage sur ErresseShop. Qualit\u00e9, prix r\u00e9duits et achat s\u00e9curis\u00e9 \u2013 commandez d\u00e8s maintenant en ligne !","breadcrumb":{"@id":"https:\/\/www.erresse-shop.it\/fr\/shop\/cuisine\/couteaux\/global-rail-de-guidage-pour-laiguisage\/#breadcrumb"},"inLanguage":"fr-FR","potentialAction":[{"@type":"ReadAction","target":["https:\/\/www.erresse-shop.it\/fr\/shop\/cuisine\/couteaux\/global-rail-de-guidage-pour-laiguisage\/"]}]},{"@type":"BreadcrumbList","@id":"https:\/\/www.erresse-shop.it\/fr\/shop\/cuisine\/couteaux\/global-rail-de-guidage-pour-laiguisage\/#breadcrumb","itemListElement":[{"@type":"ListItem","position":1,"name":"Home","item":"https:\/\/www.erresse-shop.it\/fr\/"},{"@type":"ListItem","position":2,"name":"Shop","item":"https:\/\/www.erresse-shop.it\/fr\/shop\/"},{"@type":"ListItem","position":3,"name":"GLOBAL Rail de Guidage pour l&#8217;Aiguisage"}]},{"@type":"WebSite","@id":"https:\/\/www.erresse-shop.it\/fr\/#website","url":"https:\/\/www.erresse-shop.it\/fr\/","name":"Erresse Shop","description":"Articoli di qualit\u00e0 per la casa","potentialAction":[{"@type":"SearchAction","target":{"@type":"EntryPoint","urlTemplate":"https:\/\/www.erresse-shop.it\/fr\/?s={search_term_string}"},"query-input":"required name=search_term_string"}],"inLanguage":"fr-FR"}]}},"df_price":10.735,"df_sale_price":10.735,"df_regular_price":11.3,"df_image_link":"https:\/\/www.erresse-shop.it\/wp-content\/uploads\/2023\/03\/GLOBAL-Binario-Guida-per-Affilare-300x300.jpg","_links":{"self":[{"href":"https:\/\/www.erresse-shop.it\/fr\/wp-json\/wp\/v2\/product\/251984"}],"collection":[{"href":"https:\/\/www.erresse-shop.it\/fr\/wp-json\/wp\/v2\/product"}],"about":[{"href":"https:\/\/www.erresse-shop.it\/fr\/wp-json\/wp\/v2\/types\/product"}],"wp:featuredmedia":[{"embeddable":true,"href":"https:\/\/www.erresse-shop.it\/fr\/wp-json\/wp\/v2\/media\/252002"}],"wp:attachment":[{"href":"https:\/\/www.erresse-shop.it\/fr\/wp-json\/wp\/v2\/media?parent=251984"}],"wp:term":[{"taxonomy":"product_cat","embeddable":true,"href":"https:\/\/www.erresse-shop.it\/fr\/wp-json\/wp\/v2\/product_cat?post=251984"},{"taxonomy":"product_tag","embeddable":true,"href":"https:\/\/www.erresse-shop.it\/fr\/wp-json\/wp\/v2\/product_tag?post=251984"}],"curies":[{"name":"wp","href":"https:\/\/api.w.org\/{rel}","templated":true}]}}