{"id":251923,"date":"2023-03-16T07:51:14","date_gmt":"2023-03-16T07:51:19","guid":{"rendered":"https:\/\/www.erresse-shop.it\/?post_type=product&#038;p=251923"},"modified":"2025-01-14T08:12:38","modified_gmt":"2025-01-14T08:12:38","slug":"global-couteau-a-legumes-20-cm","status":"publish","type":"product","link":"https:\/\/www.erresse-shop.it\/fr\/shop\/cuisine\/couteaux\/global-couteau-a-legumes-20-cm\/","title":{"rendered":"GLOBAL Couteau \u00e0 L\u00e9gumes 20 cm"},"content":{"rendered":"<p>La forme du couteau est sp\u00e9cialement con\u00e7ue pour couper les l\u00e9gumes. Le GF-36 est dot\u00e9 d&#8217;une lame longue et plate con\u00e7ue pour entrer en contact avec la planche \u00e0 d\u00e9couper \u00e0 chaque coup de couteau et couper proprement tous les l\u00e9gumes. La lame profonde facilite le travail avec les l\u00e9gumes lourds tels que les patates douces, les citrouilles et les betteraves. L&#8217;avant de la lame pr\u00e9sente une l\u00e9g\u00e8re courbe vers le haut pour couper les l\u00e9gumes en tranches et en d\u00e9s.<\/p>\n<p>Nous recommandons le GF-36 aux chefs professionnels qui hachent beaucoup en cuisine. Ce couteau peut r\u00e9sister \u00e0 beaucoup de stress et est beaucoup plus robuste que son cousin G-5.<\/p>\n<p>Comme il s&#8217;agit d&#8217;un couteau enti\u00e8rement forg\u00e9, le GF-36 est fait d&#8217;une seule pi\u00e8ce d&#8217;acier, de la pointe du couteau \u00e0 l&#8217;extr\u00e9mit\u00e9 du manche, et poss\u00e8de une soie solide.<\/p>\n<ul>\n<li>Couteau enti\u00e8rement forg\u00e9<\/li>\n<li>Acier inoxydable Cromova18<\/li>\n<li>Rockwell C56-58<\/li>\n<li>Tranchant aigu \u00e0 15 degr\u00e9s<\/li>\n<li>Con\u00e7u par Komin Yamada<\/li>\n<li>Lavable \u00e0 la main uniquement<\/li>\n<li>Fabriqu\u00e9 au Japon<\/li>\n<\/ul>\n","protected":false},"excerpt":{"rendered":"<p>La forme du couteau est sp\u00e9cialement con\u00e7ue pour couper les l\u00e9gumes. Le GF-36 est dot\u00e9 d&#8217;une lame longue et plate<\/p>\n","protected":false},"featured_media":251946,"template":"","meta":{"_acf_changed":false,"inline_featured_image":false},"product_cat":[12742,14452,12748],"product_tag":[12839,15909],"acf":[],"yoast_head":"<!-- This site is optimized with the Yoast SEO Premium plugin v18.6 (Yoast SEO v19.13) - https:\/\/yoast.com\/wordpress\/plugins\/seo\/ -->\n<title>GLOBAL Couteau \u00e0 L\u00e9gumes 20 cm<\/title>\n<meta name=\"description\" content=\"D\u00e9couvrez GLOBAL Couteau \u00e0 L\u00e9gumes 20 cm sur ErresseShop. Qualit\u00e9, prix r\u00e9duits et achat s\u00e9curis\u00e9 \u2013 commandez d\u00e8s maintenant en ligne !\" \/>\n<meta name=\"robots\" content=\"index, follow, max-snippet:-1, max-image-preview:large, max-video-preview:-1\" \/>\n<link rel=\"canonical\" href=\"https:\/\/www.erresse-shop.it\/fr\/shop\/cuisine\/couteaux\/global-couteau-a-legumes-20-cm\/\" \/>\n<meta property=\"og:locale\" content=\"fr_FR\" \/>\n<meta property=\"og:type\" content=\"article\" \/>\n<meta property=\"og:title\" content=\"GLOBAL Couteau \u00e0 L\u00e9gumes 20 cm\" \/>\n<meta property=\"og:description\" content=\"D\u00e9couvrez GLOBAL Couteau \u00e0 L\u00e9gumes 20 cm sur ErresseShop. Qualit\u00e9, prix r\u00e9duits et achat s\u00e9curis\u00e9 \u2013 commandez d\u00e8s maintenant en ligne !\" \/>\n<meta property=\"og:url\" content=\"https:\/\/www.erresse-shop.it\/fr\/shop\/cuisine\/couteaux\/global-couteau-a-legumes-20-cm\/\" \/>\n<meta property=\"og:site_name\" content=\"Erresse Shop\" \/>\n<meta property=\"article:modified_time\" content=\"2025-01-14T08:12:38+00:00\" \/>\n<meta property=\"og:image\" content=\"https:\/\/www.erresse-shop.it\/wp-content\/uploads\/2023\/03\/GLOBAL-Coltello-Verdure-20-cm.jpg\" \/>\n\t<meta property=\"og:image:width\" content=\"800\" \/>\n\t<meta property=\"og:image:height\" content=\"800\" \/>\n\t<meta property=\"og:image:type\" content=\"image\/jpeg\" \/>\n<meta name=\"twitter:card\" content=\"summary_large_image\" \/>\n<script type=\"application\/ld+json\" class=\"yoast-schema-graph\">{\"@context\":\"https:\/\/schema.org\",\"@graph\":[{\"@type\":\"WebPage\",\"@id\":\"https:\/\/www.erresse-shop.it\/fr\/shop\/cuisine\/couteaux\/global-couteau-a-legumes-20-cm\/\",\"url\":\"https:\/\/www.erresse-shop.it\/fr\/shop\/cuisine\/couteaux\/global-couteau-a-legumes-20-cm\/\",\"name\":\"GLOBAL Couteau \u00e0 L\u00e9gumes 20 cm\",\"isPartOf\":{\"@id\":\"https:\/\/www.erresse-shop.it\/fr\/#website\"},\"datePublished\":\"2023-03-16T07:51:19+00:00\",\"dateModified\":\"2025-01-14T08:12:38+00:00\",\"description\":\"D\u00e9couvrez GLOBAL Couteau \u00e0 L\u00e9gumes 20 cm sur ErresseShop. Qualit\u00e9, prix r\u00e9duits et achat s\u00e9curis\u00e9 \u2013 commandez d\u00e8s maintenant en ligne !\",\"breadcrumb\":{\"@id\":\"https:\/\/www.erresse-shop.it\/fr\/shop\/cuisine\/couteaux\/global-couteau-a-legumes-20-cm\/#breadcrumb\"},\"inLanguage\":\"fr-FR\",\"potentialAction\":[{\"@type\":\"ReadAction\",\"target\":[\"https:\/\/www.erresse-shop.it\/fr\/shop\/cuisine\/couteaux\/global-couteau-a-legumes-20-cm\/\"]}]},{\"@type\":\"BreadcrumbList\",\"@id\":\"https:\/\/www.erresse-shop.it\/fr\/shop\/cuisine\/couteaux\/global-couteau-a-legumes-20-cm\/#breadcrumb\",\"itemListElement\":[{\"@type\":\"ListItem\",\"position\":1,\"name\":\"Home\",\"item\":\"https:\/\/www.erresse-shop.it\/fr\/\"},{\"@type\":\"ListItem\",\"position\":2,\"name\":\"Shop\",\"item\":\"https:\/\/www.erresse-shop.it\/fr\/shop\/\"},{\"@type\":\"ListItem\",\"position\":3,\"name\":\"GLOBAL Couteau \u00e0 L\u00e9gumes 20 cm\"}]},{\"@type\":\"WebSite\",\"@id\":\"https:\/\/www.erresse-shop.it\/fr\/#website\",\"url\":\"https:\/\/www.erresse-shop.it\/fr\/\",\"name\":\"Erresse Shop\",\"description\":\"Articoli di qualit\u00e0 per la casa\",\"potentialAction\":[{\"@type\":\"SearchAction\",\"target\":{\"@type\":\"EntryPoint\",\"urlTemplate\":\"https:\/\/www.erresse-shop.it\/fr\/?s={search_term_string}\"},\"query-input\":\"required name=search_term_string\"}],\"inLanguage\":\"fr-FR\"}]}<\/script>\n<!-- \/ Yoast SEO Premium plugin. -->","yoast_head_json":{"title":"GLOBAL Couteau \u00e0 L\u00e9gumes 20 cm","description":"D\u00e9couvrez GLOBAL Couteau \u00e0 L\u00e9gumes 20 cm sur ErresseShop. Qualit\u00e9, prix r\u00e9duits et achat s\u00e9curis\u00e9 \u2013 commandez d\u00e8s maintenant en ligne !","robots":{"index":"index","follow":"follow","max-snippet":"max-snippet:-1","max-image-preview":"max-image-preview:large","max-video-preview":"max-video-preview:-1"},"canonical":"https:\/\/www.erresse-shop.it\/fr\/shop\/cuisine\/couteaux\/global-couteau-a-legumes-20-cm\/","og_locale":"fr_FR","og_type":"article","og_title":"GLOBAL Couteau \u00e0 L\u00e9gumes 20 cm","og_description":"D\u00e9couvrez GLOBAL Couteau \u00e0 L\u00e9gumes 20 cm sur ErresseShop. Qualit\u00e9, prix r\u00e9duits et achat s\u00e9curis\u00e9 \u2013 commandez d\u00e8s maintenant en ligne !","og_url":"https:\/\/www.erresse-shop.it\/fr\/shop\/cuisine\/couteaux\/global-couteau-a-legumes-20-cm\/","og_site_name":"Erresse Shop","article_modified_time":"2025-01-14T08:12:38+00:00","og_image":[{"width":800,"height":800,"url":"https:\/\/www.erresse-shop.it\/wp-content\/uploads\/2023\/03\/GLOBAL-Coltello-Verdure-20-cm.jpg","type":"image\/jpeg"}],"twitter_card":"summary_large_image","schema":{"@context":"https:\/\/schema.org","@graph":[{"@type":"WebPage","@id":"https:\/\/www.erresse-shop.it\/fr\/shop\/cuisine\/couteaux\/global-couteau-a-legumes-20-cm\/","url":"https:\/\/www.erresse-shop.it\/fr\/shop\/cuisine\/couteaux\/global-couteau-a-legumes-20-cm\/","name":"GLOBAL Couteau \u00e0 L\u00e9gumes 20 cm","isPartOf":{"@id":"https:\/\/www.erresse-shop.it\/fr\/#website"},"datePublished":"2023-03-16T07:51:19+00:00","dateModified":"2025-01-14T08:12:38+00:00","description":"D\u00e9couvrez GLOBAL Couteau \u00e0 L\u00e9gumes 20 cm sur ErresseShop. Qualit\u00e9, prix r\u00e9duits et achat s\u00e9curis\u00e9 \u2013 commandez d\u00e8s maintenant en ligne !","breadcrumb":{"@id":"https:\/\/www.erresse-shop.it\/fr\/shop\/cuisine\/couteaux\/global-couteau-a-legumes-20-cm\/#breadcrumb"},"inLanguage":"fr-FR","potentialAction":[{"@type":"ReadAction","target":["https:\/\/www.erresse-shop.it\/fr\/shop\/cuisine\/couteaux\/global-couteau-a-legumes-20-cm\/"]}]},{"@type":"BreadcrumbList","@id":"https:\/\/www.erresse-shop.it\/fr\/shop\/cuisine\/couteaux\/global-couteau-a-legumes-20-cm\/#breadcrumb","itemListElement":[{"@type":"ListItem","position":1,"name":"Home","item":"https:\/\/www.erresse-shop.it\/fr\/"},{"@type":"ListItem","position":2,"name":"Shop","item":"https:\/\/www.erresse-shop.it\/fr\/shop\/"},{"@type":"ListItem","position":3,"name":"GLOBAL Couteau \u00e0 L\u00e9gumes 20 cm"}]},{"@type":"WebSite","@id":"https:\/\/www.erresse-shop.it\/fr\/#website","url":"https:\/\/www.erresse-shop.it\/fr\/","name":"Erresse Shop","description":"Articoli di qualit\u00e0 per la casa","potentialAction":[{"@type":"SearchAction","target":{"@type":"EntryPoint","urlTemplate":"https:\/\/www.erresse-shop.it\/fr\/?s={search_term_string}"},"query-input":"required name=search_term_string"}],"inLanguage":"fr-FR"}]}},"df_price":148.2,"df_sale_price":148.2,"df_regular_price":156,"df_image_link":"https:\/\/www.erresse-shop.it\/wp-content\/uploads\/2023\/03\/GLOBAL-Coltello-Verdure-20-cm-300x300.jpg","_links":{"self":[{"href":"https:\/\/www.erresse-shop.it\/fr\/wp-json\/wp\/v2\/product\/251923"}],"collection":[{"href":"https:\/\/www.erresse-shop.it\/fr\/wp-json\/wp\/v2\/product"}],"about":[{"href":"https:\/\/www.erresse-shop.it\/fr\/wp-json\/wp\/v2\/types\/product"}],"wp:featuredmedia":[{"embeddable":true,"href":"https:\/\/www.erresse-shop.it\/fr\/wp-json\/wp\/v2\/media\/251946"}],"wp:attachment":[{"href":"https:\/\/www.erresse-shop.it\/fr\/wp-json\/wp\/v2\/media?parent=251923"}],"wp:term":[{"taxonomy":"product_cat","embeddable":true,"href":"https:\/\/www.erresse-shop.it\/fr\/wp-json\/wp\/v2\/product_cat?post=251923"},{"taxonomy":"product_tag","embeddable":true,"href":"https:\/\/www.erresse-shop.it\/fr\/wp-json\/wp\/v2\/product_tag?post=251923"}],"curies":[{"name":"wp","href":"https:\/\/api.w.org\/{rel}","templated":true}]}}