{"id":251665,"date":"2023-03-15T15:43:54","date_gmt":"2023-03-15T15:44:00","guid":{"rendered":"https:\/\/www.erresse-shop.it\/?post_type=product&#038;p=251665"},"modified":"2025-01-14T08:12:13","modified_gmt":"2025-01-14T08:12:13","slug":"global-couteau-de-chef-profi-24-cm","status":"publish","type":"product","link":"https:\/\/www.erresse-shop.it\/fr\/shop\/cuisine\/couteaux\/global-couteau-de-chef-profi-24-cm\/","title":{"rendered":"GLOBAL Couteau de Chef Profi 24 cm"},"content":{"rendered":"<p>Si vous n&#8217;avez besoin que d&#8217;un seul couteau pour votre cuisine, optez pour un couteau de chef de qualit\u00e9, et si vous voulez opter pour le G-2, achetez-le. Le G-2 est le couteau de chef japonais le plus vendu de tous les temps ! Il peut trancher, d\u00e9couper, hacher et vraiment tout faire. C&#8217;est une lame polyvalente que l&#8217;on retrouve dans presque tous les sets de couteaux fabriqu\u00e9s. Il a remport\u00e9 des dizaines de prix au fil des ans, ce qui t\u00e9moigne de sa popularit\u00e9. Global (repr\u00e9sent\u00e9 par le G-2) a remport\u00e9 le prix Which ? Best Knife trois fois de suite.<\/p>\n<p>Les G-16 et G-17 sont les deux grands fr\u00e8res de la ligne Global cook&#8217;s\/chef&#8217;s, respectivement de 24 et 27 cm. Ce sont des couteaux de chef typiques, adapt\u00e9s \u00e0 tous les usages en cuisine. La taille de ces couteaux les rend plus adapt\u00e9s aux chefs professionnels dans les cuisines de travail. Pour un usage domestique, nous recommandons les mod\u00e8les \u00e0 partir de G-2. Outre la longueur de la lame, ces couteaux ont des manches cylindriques plus grands et une mitre plus prononc\u00e9e pour une meilleure protection.<\/p>\n<ul>\n<li>Acier inoxydable Cromova18<\/li>\n<li>Rockwell C56-58<\/li>\n<li>Tranchant aigu \u00e0 15 degr\u00e9s<\/li>\n<li>Con\u00e7u par Komin Yamada<\/li>\n<li>Lavable \u00e0 la main uniquement<\/li>\n<li>Fabriqu\u00e9 au Japon<\/li>\n<\/ul>\n","protected":false},"excerpt":{"rendered":"<p>Si vous n&#8217;avez besoin que d&#8217;un seul couteau pour votre cuisine, optez pour un couteau de chef de qualit\u00e9, et<\/p>\n","protected":false},"featured_media":251682,"template":"","meta":{"_acf_changed":false,"inline_featured_image":false},"product_cat":[12742,14452,12748],"product_tag":[13284],"acf":[],"yoast_head":"<!-- This site is optimized with the Yoast SEO Premium plugin v18.6 (Yoast SEO v19.13) - https:\/\/yoast.com\/wordpress\/plugins\/seo\/ -->\n<title>GLOBAL Couteau de Chef Profi 24 cm<\/title>\n<meta name=\"description\" content=\"D\u00e9couvrez GLOBAL Couteau de Chef Profi 24 cm sur ErresseShop. Qualit\u00e9, prix r\u00e9duits et achat s\u00e9curis\u00e9 \u2013 commandez d\u00e8s maintenant en ligne !\" \/>\n<meta name=\"robots\" content=\"index, follow, max-snippet:-1, max-image-preview:large, max-video-preview:-1\" \/>\n<link rel=\"canonical\" href=\"https:\/\/www.erresse-shop.it\/fr\/shop\/cuisine\/couteaux\/global-couteau-de-chef-profi-24-cm\/\" \/>\n<meta property=\"og:locale\" content=\"fr_FR\" \/>\n<meta property=\"og:type\" content=\"article\" \/>\n<meta property=\"og:title\" content=\"GLOBAL Couteau de Chef Profi 24 cm\" \/>\n<meta property=\"og:description\" content=\"D\u00e9couvrez GLOBAL Couteau de Chef Profi 24 cm sur ErresseShop. Qualit\u00e9, prix r\u00e9duits et achat s\u00e9curis\u00e9 \u2013 commandez d\u00e8s maintenant en ligne !\" \/>\n<meta property=\"og:url\" content=\"https:\/\/www.erresse-shop.it\/fr\/shop\/cuisine\/couteaux\/global-couteau-de-chef-profi-24-cm\/\" \/>\n<meta property=\"og:site_name\" content=\"Erresse Shop\" \/>\n<meta property=\"article:modified_time\" content=\"2025-01-14T08:12:13+00:00\" \/>\n<meta property=\"og:image\" content=\"https:\/\/www.erresse-shop.it\/wp-content\/uploads\/2023\/03\/GLOBAL-Coltello-Cuoco-Profi-24-cm.jpg\" \/>\n\t<meta property=\"og:image:width\" content=\"800\" \/>\n\t<meta property=\"og:image:height\" content=\"800\" \/>\n\t<meta property=\"og:image:type\" content=\"image\/jpeg\" \/>\n<meta name=\"twitter:card\" content=\"summary_large_image\" \/>\n<script type=\"application\/ld+json\" class=\"yoast-schema-graph\">{\"@context\":\"https:\/\/schema.org\",\"@graph\":[{\"@type\":\"WebPage\",\"@id\":\"https:\/\/www.erresse-shop.it\/fr\/shop\/cuisine\/couteaux\/global-couteau-de-chef-profi-24-cm\/\",\"url\":\"https:\/\/www.erresse-shop.it\/fr\/shop\/cuisine\/couteaux\/global-couteau-de-chef-profi-24-cm\/\",\"name\":\"GLOBAL Couteau de Chef Profi 24 cm\",\"isPartOf\":{\"@id\":\"https:\/\/www.erresse-shop.it\/fr\/#website\"},\"datePublished\":\"2023-03-15T15:44:00+00:00\",\"dateModified\":\"2025-01-14T08:12:13+00:00\",\"description\":\"D\u00e9couvrez GLOBAL Couteau de Chef Profi 24 cm sur ErresseShop. Qualit\u00e9, prix r\u00e9duits et achat s\u00e9curis\u00e9 \u2013 commandez d\u00e8s maintenant en ligne !\",\"breadcrumb\":{\"@id\":\"https:\/\/www.erresse-shop.it\/fr\/shop\/cuisine\/couteaux\/global-couteau-de-chef-profi-24-cm\/#breadcrumb\"},\"inLanguage\":\"fr-FR\",\"potentialAction\":[{\"@type\":\"ReadAction\",\"target\":[\"https:\/\/www.erresse-shop.it\/fr\/shop\/cuisine\/couteaux\/global-couteau-de-chef-profi-24-cm\/\"]}]},{\"@type\":\"BreadcrumbList\",\"@id\":\"https:\/\/www.erresse-shop.it\/fr\/shop\/cuisine\/couteaux\/global-couteau-de-chef-profi-24-cm\/#breadcrumb\",\"itemListElement\":[{\"@type\":\"ListItem\",\"position\":1,\"name\":\"Home\",\"item\":\"https:\/\/www.erresse-shop.it\/fr\/\"},{\"@type\":\"ListItem\",\"position\":2,\"name\":\"Shop\",\"item\":\"https:\/\/www.erresse-shop.it\/fr\/shop\/\"},{\"@type\":\"ListItem\",\"position\":3,\"name\":\"GLOBAL Couteau de Chef Profi 24 cm\"}]},{\"@type\":\"WebSite\",\"@id\":\"https:\/\/www.erresse-shop.it\/fr\/#website\",\"url\":\"https:\/\/www.erresse-shop.it\/fr\/\",\"name\":\"Erresse Shop\",\"description\":\"Articoli di qualit\u00e0 per la casa\",\"potentialAction\":[{\"@type\":\"SearchAction\",\"target\":{\"@type\":\"EntryPoint\",\"urlTemplate\":\"https:\/\/www.erresse-shop.it\/fr\/?s={search_term_string}\"},\"query-input\":\"required name=search_term_string\"}],\"inLanguage\":\"fr-FR\"}]}<\/script>\n<!-- \/ Yoast SEO Premium plugin. -->","yoast_head_json":{"title":"GLOBAL Couteau de Chef Profi 24 cm","description":"D\u00e9couvrez GLOBAL Couteau de Chef Profi 24 cm sur ErresseShop. Qualit\u00e9, prix r\u00e9duits et achat s\u00e9curis\u00e9 \u2013 commandez d\u00e8s maintenant en ligne !","robots":{"index":"index","follow":"follow","max-snippet":"max-snippet:-1","max-image-preview":"max-image-preview:large","max-video-preview":"max-video-preview:-1"},"canonical":"https:\/\/www.erresse-shop.it\/fr\/shop\/cuisine\/couteaux\/global-couteau-de-chef-profi-24-cm\/","og_locale":"fr_FR","og_type":"article","og_title":"GLOBAL Couteau de Chef Profi 24 cm","og_description":"D\u00e9couvrez GLOBAL Couteau de Chef Profi 24 cm sur ErresseShop. Qualit\u00e9, prix r\u00e9duits et achat s\u00e9curis\u00e9 \u2013 commandez d\u00e8s maintenant en ligne !","og_url":"https:\/\/www.erresse-shop.it\/fr\/shop\/cuisine\/couteaux\/global-couteau-de-chef-profi-24-cm\/","og_site_name":"Erresse Shop","article_modified_time":"2025-01-14T08:12:13+00:00","og_image":[{"width":800,"height":800,"url":"https:\/\/www.erresse-shop.it\/wp-content\/uploads\/2023\/03\/GLOBAL-Coltello-Cuoco-Profi-24-cm.jpg","type":"image\/jpeg"}],"twitter_card":"summary_large_image","schema":{"@context":"https:\/\/schema.org","@graph":[{"@type":"WebPage","@id":"https:\/\/www.erresse-shop.it\/fr\/shop\/cuisine\/couteaux\/global-couteau-de-chef-profi-24-cm\/","url":"https:\/\/www.erresse-shop.it\/fr\/shop\/cuisine\/couteaux\/global-couteau-de-chef-profi-24-cm\/","name":"GLOBAL Couteau de Chef Profi 24 cm","isPartOf":{"@id":"https:\/\/www.erresse-shop.it\/fr\/#website"},"datePublished":"2023-03-15T15:44:00+00:00","dateModified":"2025-01-14T08:12:13+00:00","description":"D\u00e9couvrez GLOBAL Couteau de Chef Profi 24 cm sur ErresseShop. Qualit\u00e9, prix r\u00e9duits et achat s\u00e9curis\u00e9 \u2013 commandez d\u00e8s maintenant en ligne !","breadcrumb":{"@id":"https:\/\/www.erresse-shop.it\/fr\/shop\/cuisine\/couteaux\/global-couteau-de-chef-profi-24-cm\/#breadcrumb"},"inLanguage":"fr-FR","potentialAction":[{"@type":"ReadAction","target":["https:\/\/www.erresse-shop.it\/fr\/shop\/cuisine\/couteaux\/global-couteau-de-chef-profi-24-cm\/"]}]},{"@type":"BreadcrumbList","@id":"https:\/\/www.erresse-shop.it\/fr\/shop\/cuisine\/couteaux\/global-couteau-de-chef-profi-24-cm\/#breadcrumb","itemListElement":[{"@type":"ListItem","position":1,"name":"Home","item":"https:\/\/www.erresse-shop.it\/fr\/"},{"@type":"ListItem","position":2,"name":"Shop","item":"https:\/\/www.erresse-shop.it\/fr\/shop\/"},{"@type":"ListItem","position":3,"name":"GLOBAL Couteau de Chef Profi 24 cm"}]},{"@type":"WebSite","@id":"https:\/\/www.erresse-shop.it\/fr\/#website","url":"https:\/\/www.erresse-shop.it\/fr\/","name":"Erresse Shop","description":"Articoli di qualit\u00e0 per la casa","potentialAction":[{"@type":"SearchAction","target":{"@type":"EntryPoint","urlTemplate":"https:\/\/www.erresse-shop.it\/fr\/?s={search_term_string}"},"query-input":"required name=search_term_string"}],"inLanguage":"fr-FR"}]}},"df_price":156.75,"df_sale_price":156.75,"df_regular_price":165,"df_image_link":"https:\/\/www.erresse-shop.it\/wp-content\/uploads\/2023\/03\/GLOBAL-Coltello-Cuoco-Profi-24-cm-300x300.jpg","_links":{"self":[{"href":"https:\/\/www.erresse-shop.it\/fr\/wp-json\/wp\/v2\/product\/251665"}],"collection":[{"href":"https:\/\/www.erresse-shop.it\/fr\/wp-json\/wp\/v2\/product"}],"about":[{"href":"https:\/\/www.erresse-shop.it\/fr\/wp-json\/wp\/v2\/types\/product"}],"wp:featuredmedia":[{"embeddable":true,"href":"https:\/\/www.erresse-shop.it\/fr\/wp-json\/wp\/v2\/media\/251682"}],"wp:attachment":[{"href":"https:\/\/www.erresse-shop.it\/fr\/wp-json\/wp\/v2\/media?parent=251665"}],"wp:term":[{"taxonomy":"product_cat","embeddable":true,"href":"https:\/\/www.erresse-shop.it\/fr\/wp-json\/wp\/v2\/product_cat?post=251665"},{"taxonomy":"product_tag","embeddable":true,"href":"https:\/\/www.erresse-shop.it\/fr\/wp-json\/wp\/v2\/product_tag?post=251665"}],"curies":[{"name":"wp","href":"https:\/\/api.w.org\/{rel}","templated":true}]}}