{"id":251622,"date":"2023-03-15T15:15:29","date_gmt":"2023-03-15T15:15:35","guid":{"rendered":"https:\/\/www.erresse-shop.it\/?post_type=product&#038;p=251622"},"modified":"2025-01-14T08:12:07","modified_gmt":"2025-01-14T08:12:07","slug":"global-couteau-a-pain-22-cm","status":"publish","type":"product","link":"https:\/\/www.erresse-shop.it\/fr\/shop\/cuisine\/couteaux\/global-couteau-a-pain-22-cm\/","title":{"rendered":"GLOBAL Couteau \u00e0 Pain 22 cm"},"content":{"rendered":"<p>Ce couteau a remport\u00e9 le prix Which Best Buy 2022 ! Le couteau \u00e0 pain G-9 est le couteau \u00e0 pain classique de Global. Il s&#8217;agit d&#8217;un couteau sp\u00e9cialis\u00e9, \u00e0 utiliser exclusivement pour le pain ou des aliments similaires. Les dents sont con\u00e7ues pour scier la cro\u00fbte du pain, mais peuvent \u00e9galement \u00eatre utilis\u00e9es pour les viandes plus dures, comme le crackling.<\/p>\n<p>Si vous observez attentivement la lame du couteau, vous remarquerez que sur la face du couteau, les dents ont une chambre, tandis que sur le dos du couteau, la face est plate. Lorsque l&#8217;on coupe du pain, on coupe automatiquement en courbe vers l&#8217;int\u00e9rieur plut\u00f4t qu&#8217;en ligne droite, et la chambre sert \u00e0 corriger ce ph\u00e9nom\u00e8ne, de sorte que les tranches aient une \u00e9paisseur similaire sur toute leur longueur. Bien que le G-9 puisse \u00eatre utilis\u00e9 par des gauchers, il est con\u00e7u pour les droitiers.<\/p>\n<p>On nous demande parfois s&#8217;il est possible d&#8217;aiguiser un couteau \u00e0 pain. \u00c0 notre avis, ce n&#8217;est pas possible et les fabricants qui pr\u00e9tendent que leurs aiguiseurs peuvent aiguiser un couteau \u00e0 pain sont probablement dans l&#8217;erreur. N&#8217;essayez donc pas d&#8217;aiguiser votre couteau \u00e0 pain Global G-9 !<\/p>\n<ul>\n<li>Chromeva18 Acier inoxydable<\/li>\n<li>Rockwell C56-58<\/li>\n<li>Tranchant aigu \u00e0 15 degr\u00e9s<\/li>\n<li>Con\u00e7u par Komin Yamada<\/li>\n<li>Lavable \u00e0 la main uniquement<\/li>\n<li>Fabriqu\u00e9 au Japon<\/li>\n<\/ul>\n","protected":false},"excerpt":{"rendered":"<p>Ce couteau a remport\u00e9 le prix Which Best Buy 2022 ! Le couteau \u00e0 pain G-9 est le couteau \u00e0<\/p>\n","protected":false},"featured_media":251655,"template":"","meta":{"_acf_changed":false,"inline_featured_image":false},"product_cat":[12742,14452,12748],"product_tag":[12839],"acf":[],"yoast_head":"<!-- This site is optimized with the Yoast SEO Premium plugin v18.6 (Yoast SEO v19.13) - https:\/\/yoast.com\/wordpress\/plugins\/seo\/ -->\n<title>GLOBAL Couteau \u00e0 Pain 22 cm<\/title>\n<meta name=\"description\" content=\"D\u00e9couvrez GLOBAL Couteau \u00e0 Pain 22 cm sur ErresseShop. Qualit\u00e9, prix r\u00e9duits et achat s\u00e9curis\u00e9 \u2013 commandez d\u00e8s maintenant en ligne !\" \/>\n<meta name=\"robots\" content=\"index, follow, max-snippet:-1, max-image-preview:large, max-video-preview:-1\" \/>\n<link rel=\"canonical\" href=\"https:\/\/www.erresse-shop.it\/fr\/shop\/cuisine\/couteaux\/global-couteau-a-pain-22-cm\/\" \/>\n<meta property=\"og:locale\" content=\"fr_FR\" \/>\n<meta property=\"og:type\" content=\"article\" \/>\n<meta property=\"og:title\" content=\"GLOBAL Couteau \u00e0 Pain 22 cm\" \/>\n<meta property=\"og:description\" content=\"D\u00e9couvrez GLOBAL Couteau \u00e0 Pain 22 cm sur ErresseShop. Qualit\u00e9, prix r\u00e9duits et achat s\u00e9curis\u00e9 \u2013 commandez d\u00e8s maintenant en ligne !\" \/>\n<meta property=\"og:url\" content=\"https:\/\/www.erresse-shop.it\/fr\/shop\/cuisine\/couteaux\/global-couteau-a-pain-22-cm\/\" \/>\n<meta property=\"og:site_name\" content=\"Erresse Shop\" \/>\n<meta property=\"article:modified_time\" content=\"2025-01-14T08:12:07+00:00\" \/>\n<meta property=\"og:image\" content=\"https:\/\/www.erresse-shop.it\/wp-content\/uploads\/2023\/03\/GLOBAL-Coltello-Pane-22-cm.jpg\" \/>\n\t<meta property=\"og:image:width\" content=\"800\" \/>\n\t<meta property=\"og:image:height\" content=\"800\" \/>\n\t<meta property=\"og:image:type\" content=\"image\/jpeg\" \/>\n<meta name=\"twitter:card\" content=\"summary_large_image\" \/>\n<script type=\"application\/ld+json\" class=\"yoast-schema-graph\">{\"@context\":\"https:\/\/schema.org\",\"@graph\":[{\"@type\":\"WebPage\",\"@id\":\"https:\/\/www.erresse-shop.it\/fr\/shop\/cuisine\/couteaux\/global-couteau-a-pain-22-cm\/\",\"url\":\"https:\/\/www.erresse-shop.it\/fr\/shop\/cuisine\/couteaux\/global-couteau-a-pain-22-cm\/\",\"name\":\"GLOBAL Couteau \u00e0 Pain 22 cm\",\"isPartOf\":{\"@id\":\"https:\/\/www.erresse-shop.it\/fr\/#website\"},\"datePublished\":\"2023-03-15T15:15:35+00:00\",\"dateModified\":\"2025-01-14T08:12:07+00:00\",\"description\":\"D\u00e9couvrez GLOBAL Couteau \u00e0 Pain 22 cm sur ErresseShop. Qualit\u00e9, prix r\u00e9duits et achat s\u00e9curis\u00e9 \u2013 commandez d\u00e8s maintenant en ligne !\",\"breadcrumb\":{\"@id\":\"https:\/\/www.erresse-shop.it\/fr\/shop\/cuisine\/couteaux\/global-couteau-a-pain-22-cm\/#breadcrumb\"},\"inLanguage\":\"fr-FR\",\"potentialAction\":[{\"@type\":\"ReadAction\",\"target\":[\"https:\/\/www.erresse-shop.it\/fr\/shop\/cuisine\/couteaux\/global-couteau-a-pain-22-cm\/\"]}]},{\"@type\":\"BreadcrumbList\",\"@id\":\"https:\/\/www.erresse-shop.it\/fr\/shop\/cuisine\/couteaux\/global-couteau-a-pain-22-cm\/#breadcrumb\",\"itemListElement\":[{\"@type\":\"ListItem\",\"position\":1,\"name\":\"Home\",\"item\":\"https:\/\/www.erresse-shop.it\/fr\/\"},{\"@type\":\"ListItem\",\"position\":2,\"name\":\"Shop\",\"item\":\"https:\/\/www.erresse-shop.it\/fr\/shop\/\"},{\"@type\":\"ListItem\",\"position\":3,\"name\":\"GLOBAL Couteau \u00e0 Pain 22 cm\"}]},{\"@type\":\"WebSite\",\"@id\":\"https:\/\/www.erresse-shop.it\/fr\/#website\",\"url\":\"https:\/\/www.erresse-shop.it\/fr\/\",\"name\":\"Erresse Shop\",\"description\":\"Articoli di qualit\u00e0 per la casa\",\"potentialAction\":[{\"@type\":\"SearchAction\",\"target\":{\"@type\":\"EntryPoint\",\"urlTemplate\":\"https:\/\/www.erresse-shop.it\/fr\/?s={search_term_string}\"},\"query-input\":\"required name=search_term_string\"}],\"inLanguage\":\"fr-FR\"}]}<\/script>\n<!-- \/ Yoast SEO Premium plugin. -->","yoast_head_json":{"title":"GLOBAL Couteau \u00e0 Pain 22 cm","description":"D\u00e9couvrez GLOBAL Couteau \u00e0 Pain 22 cm sur ErresseShop. Qualit\u00e9, prix r\u00e9duits et achat s\u00e9curis\u00e9 \u2013 commandez d\u00e8s maintenant en ligne !","robots":{"index":"index","follow":"follow","max-snippet":"max-snippet:-1","max-image-preview":"max-image-preview:large","max-video-preview":"max-video-preview:-1"},"canonical":"https:\/\/www.erresse-shop.it\/fr\/shop\/cuisine\/couteaux\/global-couteau-a-pain-22-cm\/","og_locale":"fr_FR","og_type":"article","og_title":"GLOBAL Couteau \u00e0 Pain 22 cm","og_description":"D\u00e9couvrez GLOBAL Couteau \u00e0 Pain 22 cm sur ErresseShop. Qualit\u00e9, prix r\u00e9duits et achat s\u00e9curis\u00e9 \u2013 commandez d\u00e8s maintenant en ligne !","og_url":"https:\/\/www.erresse-shop.it\/fr\/shop\/cuisine\/couteaux\/global-couteau-a-pain-22-cm\/","og_site_name":"Erresse Shop","article_modified_time":"2025-01-14T08:12:07+00:00","og_image":[{"width":800,"height":800,"url":"https:\/\/www.erresse-shop.it\/wp-content\/uploads\/2023\/03\/GLOBAL-Coltello-Pane-22-cm.jpg","type":"image\/jpeg"}],"twitter_card":"summary_large_image","schema":{"@context":"https:\/\/schema.org","@graph":[{"@type":"WebPage","@id":"https:\/\/www.erresse-shop.it\/fr\/shop\/cuisine\/couteaux\/global-couteau-a-pain-22-cm\/","url":"https:\/\/www.erresse-shop.it\/fr\/shop\/cuisine\/couteaux\/global-couteau-a-pain-22-cm\/","name":"GLOBAL Couteau \u00e0 Pain 22 cm","isPartOf":{"@id":"https:\/\/www.erresse-shop.it\/fr\/#website"},"datePublished":"2023-03-15T15:15:35+00:00","dateModified":"2025-01-14T08:12:07+00:00","description":"D\u00e9couvrez GLOBAL Couteau \u00e0 Pain 22 cm sur ErresseShop. Qualit\u00e9, prix r\u00e9duits et achat s\u00e9curis\u00e9 \u2013 commandez d\u00e8s maintenant en ligne !","breadcrumb":{"@id":"https:\/\/www.erresse-shop.it\/fr\/shop\/cuisine\/couteaux\/global-couteau-a-pain-22-cm\/#breadcrumb"},"inLanguage":"fr-FR","potentialAction":[{"@type":"ReadAction","target":["https:\/\/www.erresse-shop.it\/fr\/shop\/cuisine\/couteaux\/global-couteau-a-pain-22-cm\/"]}]},{"@type":"BreadcrumbList","@id":"https:\/\/www.erresse-shop.it\/fr\/shop\/cuisine\/couteaux\/global-couteau-a-pain-22-cm\/#breadcrumb","itemListElement":[{"@type":"ListItem","position":1,"name":"Home","item":"https:\/\/www.erresse-shop.it\/fr\/"},{"@type":"ListItem","position":2,"name":"Shop","item":"https:\/\/www.erresse-shop.it\/fr\/shop\/"},{"@type":"ListItem","position":3,"name":"GLOBAL Couteau \u00e0 Pain 22 cm"}]},{"@type":"WebSite","@id":"https:\/\/www.erresse-shop.it\/fr\/#website","url":"https:\/\/www.erresse-shop.it\/fr\/","name":"Erresse Shop","description":"Articoli di qualit\u00e0 per la casa","potentialAction":[{"@type":"SearchAction","target":{"@type":"EntryPoint","urlTemplate":"https:\/\/www.erresse-shop.it\/fr\/?s={search_term_string}"},"query-input":"required name=search_term_string"}],"inLanguage":"fr-FR"}]}},"df_price":99.75,"df_sale_price":99.75,"df_regular_price":105,"df_image_link":"https:\/\/www.erresse-shop.it\/wp-content\/uploads\/2023\/03\/GLOBAL-Coltello-Pane-22-cm-300x300.jpg","_links":{"self":[{"href":"https:\/\/www.erresse-shop.it\/fr\/wp-json\/wp\/v2\/product\/251622"}],"collection":[{"href":"https:\/\/www.erresse-shop.it\/fr\/wp-json\/wp\/v2\/product"}],"about":[{"href":"https:\/\/www.erresse-shop.it\/fr\/wp-json\/wp\/v2\/types\/product"}],"wp:featuredmedia":[{"embeddable":true,"href":"https:\/\/www.erresse-shop.it\/fr\/wp-json\/wp\/v2\/media\/251655"}],"wp:attachment":[{"href":"https:\/\/www.erresse-shop.it\/fr\/wp-json\/wp\/v2\/media?parent=251622"}],"wp:term":[{"taxonomy":"product_cat","embeddable":true,"href":"https:\/\/www.erresse-shop.it\/fr\/wp-json\/wp\/v2\/product_cat?post=251622"},{"taxonomy":"product_tag","embeddable":true,"href":"https:\/\/www.erresse-shop.it\/fr\/wp-json\/wp\/v2\/product_tag?post=251622"}],"curies":[{"name":"wp","href":"https:\/\/api.w.org\/{rel}","templated":true}]}}