{"id":250603,"date":"2023-03-14T13:19:32","date_gmt":"2023-03-14T13:19:36","guid":{"rendered":"https:\/\/www.erresse-shop.it\/?post_type=product&#038;p=250603"},"modified":"2025-01-14T08:10:26","modified_gmt":"2025-01-14T08:10:26","slug":"le-creuset-tagine-en-fonte-emaillee-31-cm-azure","status":"publish","type":"product","link":"https:\/\/www.erresse-shop.it\/fr\/shop\/poeles-pots\/tajine\/le-creuset-tagine-en-fonte-emaillee-31-cm-azure\/","title":{"rendered":"LE CREUSET Tagine en fonte \u00e9maill\u00e9e 31 cm Azure"},"content":{"rendered":"<p>Notre <strong>tajine en fonte vitrifi\u00e9e<\/strong> est parfait pour pr\u00e9parer un all\u00e9chant repas marocain, mais ses m\u00e9rites ne s&#8217;arr\u00eatent pas l\u00e0. Vous pouvez l&#8217;utiliser pour faire mijoter des viandes ou des l\u00e9gumes de toutes les fa\u00e7ons possibles, en ajoutant une petite quantit\u00e9 de liquide. La base en fonte vitrifi\u00e9e cuit les aliments de fa\u00e7on homog\u00e8ne, tandis que le couvercle en gr\u00e8s vitrifi\u00e9 emprisonne la vapeur pour former de petites gouttes d&#8217;eau qui tombent sur les ingr\u00e9dients, les rendant plus juteux et plus parfum\u00e9s.<\/p>\n<p><strong>Fonte \u00e9maill\u00e9e :<\/strong><\/p>\n<p>&#8211; Distribution uniforme de la chaleur sans zones de surchauffe.<br \/>\n&#8211; Excellente r\u00e9tention de la chaleur.<br \/>\n&#8211; Bouton en acier inoxydable r\u00e9sistant \u00e0 toutes les temp\u00e9ratures et\/ou bouton ph\u00e9nolique r\u00e9sistant jusqu&#8217;\u00e0 180\u00b0C.<br \/>\n&#8211; Poign\u00e9es con\u00e7ues pour une prise en main optimale.<br \/>\n&#8211; Surface int\u00e9rieure et ext\u00e9rieure \u00e9maill\u00e9e. N&#8217;absorbe pas l&#8217;humidit\u00e9, le go\u00fbt ou l&#8217;odeur des aliments.<br \/>\n&#8211; Facile \u00e0 nettoyer.<br \/>\n&#8211; Durabilit\u00e9 exceptionnelle.<\/p>\n<p>Mat\u00e9riau : fonte vitrifi\u00e9e<br \/>\nFabriqu\u00e9 en : France<br \/>\nGarantie : \u00e0 vie<\/p>\n<p><strong>Source de chaleur :<\/strong><\/p>\n<p>Four<br \/>\nMode gril du four<br \/>\nTable de cuisson \u00e9lectrique<br \/>\nVerre c\u00e9ramique<br \/>\nPlaque de cuisson \u00e0 gaz<br \/>\nPlaque \u00e0 induction<\/p>\n<p><strong>Nettoyage et entretien :<\/strong><\/p>\n<p>Attendez que le produit refroidisse avant de commencer \u00e0 le nettoyer.<br \/>\nNettoyez les restes de nourriture sur la base et les c\u00f4t\u00e9s de l&#8217;appareil. Si des aliments sont coll\u00e9s, remplissez l&#8217;appareil d&#8217;eau chaude savonneuse et laissez-le tremper pendant 15 \u00e0 20 minutes avant de le laver comme d&#8217;habitude.<br \/>\nN&#8217;utilisez pas de nettoyants abrasifs ni d&#8217;\u00e9ponges ou de brosses m\u00e9talliques tr\u00e8s rigides sur les surfaces.<br \/>\nS\u00e9chez bien le produit apr\u00e8s l&#8217;avoir lav\u00e9 et conservez-le dans un endroit sec.<\/p>\n","protected":false},"excerpt":{"rendered":"<p>Notre tajine en fonte vitrifi\u00e9e est parfait pour pr\u00e9parer un all\u00e9chant repas marocain, mais ses m\u00e9rites ne s&#8217;arr\u00eatent pas l\u00e0.<\/p>\n","protected":false},"featured_media":250609,"template":"","meta":{"_acf_changed":false,"inline_featured_image":false},"product_cat":[12458,14784],"product_tag":[25086,23910,25021,12460,12461,12462,13271,13272],"acf":[],"yoast_head":"<!-- This site is optimized with the Yoast SEO Premium plugin v18.6 (Yoast SEO v19.13) - https:\/\/yoast.com\/wordpress\/plugins\/seo\/ -->\n<title>LE CREUSET Tagine en fonte \u00e9maill\u00e9e 31 cm Azure<\/title>\n<meta name=\"description\" content=\"D\u00e9couvrez LE CREUSET Tagine en fonte \u00e9maill\u00e9e 31 cm Azure sur ErresseShop. Qualit\u00e9, prix r\u00e9duits et achat s\u00e9curis\u00e9 \u2013 commandez d\u00e8s maintenant en ligne !\" \/>\n<meta name=\"robots\" content=\"index, follow, max-snippet:-1, max-image-preview:large, max-video-preview:-1\" \/>\n<link rel=\"canonical\" href=\"https:\/\/www.erresse-shop.it\/fr\/shop\/poeles-pots\/tajine\/le-creuset-tagine-en-fonte-emaillee-31-cm-azure\/\" \/>\n<meta property=\"og:locale\" content=\"fr_FR\" \/>\n<meta property=\"og:type\" content=\"article\" \/>\n<meta property=\"og:title\" content=\"LE CREUSET Tagine en fonte \u00e9maill\u00e9e 31 cm Azure\" \/>\n<meta property=\"og:description\" content=\"D\u00e9couvrez LE CREUSET Tagine en fonte \u00e9maill\u00e9e 31 cm Azure sur ErresseShop. Qualit\u00e9, prix r\u00e9duits et achat s\u00e9curis\u00e9 \u2013 commandez d\u00e8s maintenant en ligne !\" \/>\n<meta property=\"og:url\" content=\"https:\/\/www.erresse-shop.it\/fr\/shop\/poeles-pots\/tajine\/le-creuset-tagine-en-fonte-emaillee-31-cm-azure\/\" \/>\n<meta property=\"og:site_name\" content=\"Erresse Shop\" \/>\n<meta property=\"article:modified_time\" content=\"2025-01-14T08:10:26+00:00\" \/>\n<meta property=\"og:image\" content=\"https:\/\/www.erresse-shop.it\/wp-content\/uploads\/2023\/03\/LE-CREUSET-Tajine-in-Ghisa-31-cm-Azure.jpg\" \/>\n\t<meta property=\"og:image:width\" content=\"800\" \/>\n\t<meta property=\"og:image:height\" content=\"800\" \/>\n\t<meta property=\"og:image:type\" content=\"image\/jpeg\" \/>\n<meta name=\"twitter:card\" content=\"summary_large_image\" \/>\n<script type=\"application\/ld+json\" class=\"yoast-schema-graph\">{\"@context\":\"https:\/\/schema.org\",\"@graph\":[{\"@type\":\"WebPage\",\"@id\":\"https:\/\/www.erresse-shop.it\/fr\/shop\/poeles-pots\/tajine\/le-creuset-tagine-en-fonte-emaillee-31-cm-azure\/\",\"url\":\"https:\/\/www.erresse-shop.it\/fr\/shop\/poeles-pots\/tajine\/le-creuset-tagine-en-fonte-emaillee-31-cm-azure\/\",\"name\":\"LE CREUSET Tagine en fonte \u00e9maill\u00e9e 31 cm Azure\",\"isPartOf\":{\"@id\":\"https:\/\/www.erresse-shop.it\/fr\/#website\"},\"datePublished\":\"2023-03-14T13:19:36+00:00\",\"dateModified\":\"2025-01-14T08:10:26+00:00\",\"description\":\"D\u00e9couvrez LE CREUSET Tagine en fonte \u00e9maill\u00e9e 31 cm Azure sur ErresseShop. Qualit\u00e9, prix r\u00e9duits et achat s\u00e9curis\u00e9 \u2013 commandez d\u00e8s maintenant en ligne !\",\"breadcrumb\":{\"@id\":\"https:\/\/www.erresse-shop.it\/fr\/shop\/poeles-pots\/tajine\/le-creuset-tagine-en-fonte-emaillee-31-cm-azure\/#breadcrumb\"},\"inLanguage\":\"fr-FR\",\"potentialAction\":[{\"@type\":\"ReadAction\",\"target\":[\"https:\/\/www.erresse-shop.it\/fr\/shop\/poeles-pots\/tajine\/le-creuset-tagine-en-fonte-emaillee-31-cm-azure\/\"]}]},{\"@type\":\"BreadcrumbList\",\"@id\":\"https:\/\/www.erresse-shop.it\/fr\/shop\/poeles-pots\/tajine\/le-creuset-tagine-en-fonte-emaillee-31-cm-azure\/#breadcrumb\",\"itemListElement\":[{\"@type\":\"ListItem\",\"position\":1,\"name\":\"Home\",\"item\":\"https:\/\/www.erresse-shop.it\/fr\/\"},{\"@type\":\"ListItem\",\"position\":2,\"name\":\"Shop\",\"item\":\"https:\/\/www.erresse-shop.it\/fr\/shop\/\"},{\"@type\":\"ListItem\",\"position\":3,\"name\":\"LE CREUSET Tagine en fonte \u00e9maill\u00e9e 31 cm Azure\"}]},{\"@type\":\"WebSite\",\"@id\":\"https:\/\/www.erresse-shop.it\/fr\/#website\",\"url\":\"https:\/\/www.erresse-shop.it\/fr\/\",\"name\":\"Erresse Shop\",\"description\":\"Articoli di qualit\u00e0 per la casa\",\"potentialAction\":[{\"@type\":\"SearchAction\",\"target\":{\"@type\":\"EntryPoint\",\"urlTemplate\":\"https:\/\/www.erresse-shop.it\/fr\/?s={search_term_string}\"},\"query-input\":\"required name=search_term_string\"}],\"inLanguage\":\"fr-FR\"}]}<\/script>\n<!-- \/ Yoast SEO Premium plugin. -->","yoast_head_json":{"title":"LE CREUSET Tagine en fonte \u00e9maill\u00e9e 31 cm Azure","description":"D\u00e9couvrez LE CREUSET Tagine en fonte \u00e9maill\u00e9e 31 cm Azure sur ErresseShop. Qualit\u00e9, prix r\u00e9duits et achat s\u00e9curis\u00e9 \u2013 commandez d\u00e8s maintenant en ligne !","robots":{"index":"index","follow":"follow","max-snippet":"max-snippet:-1","max-image-preview":"max-image-preview:large","max-video-preview":"max-video-preview:-1"},"canonical":"https:\/\/www.erresse-shop.it\/fr\/shop\/poeles-pots\/tajine\/le-creuset-tagine-en-fonte-emaillee-31-cm-azure\/","og_locale":"fr_FR","og_type":"article","og_title":"LE CREUSET Tagine en fonte \u00e9maill\u00e9e 31 cm Azure","og_description":"D\u00e9couvrez LE CREUSET Tagine en fonte \u00e9maill\u00e9e 31 cm Azure sur ErresseShop. Qualit\u00e9, prix r\u00e9duits et achat s\u00e9curis\u00e9 \u2013 commandez d\u00e8s maintenant en ligne !","og_url":"https:\/\/www.erresse-shop.it\/fr\/shop\/poeles-pots\/tajine\/le-creuset-tagine-en-fonte-emaillee-31-cm-azure\/","og_site_name":"Erresse Shop","article_modified_time":"2025-01-14T08:10:26+00:00","og_image":[{"width":800,"height":800,"url":"https:\/\/www.erresse-shop.it\/wp-content\/uploads\/2023\/03\/LE-CREUSET-Tajine-in-Ghisa-31-cm-Azure.jpg","type":"image\/jpeg"}],"twitter_card":"summary_large_image","schema":{"@context":"https:\/\/schema.org","@graph":[{"@type":"WebPage","@id":"https:\/\/www.erresse-shop.it\/fr\/shop\/poeles-pots\/tajine\/le-creuset-tagine-en-fonte-emaillee-31-cm-azure\/","url":"https:\/\/www.erresse-shop.it\/fr\/shop\/poeles-pots\/tajine\/le-creuset-tagine-en-fonte-emaillee-31-cm-azure\/","name":"LE CREUSET Tagine en fonte \u00e9maill\u00e9e 31 cm Azure","isPartOf":{"@id":"https:\/\/www.erresse-shop.it\/fr\/#website"},"datePublished":"2023-03-14T13:19:36+00:00","dateModified":"2025-01-14T08:10:26+00:00","description":"D\u00e9couvrez LE CREUSET Tagine en fonte \u00e9maill\u00e9e 31 cm Azure sur ErresseShop. Qualit\u00e9, prix r\u00e9duits et achat s\u00e9curis\u00e9 \u2013 commandez d\u00e8s maintenant en ligne !","breadcrumb":{"@id":"https:\/\/www.erresse-shop.it\/fr\/shop\/poeles-pots\/tajine\/le-creuset-tagine-en-fonte-emaillee-31-cm-azure\/#breadcrumb"},"inLanguage":"fr-FR","potentialAction":[{"@type":"ReadAction","target":["https:\/\/www.erresse-shop.it\/fr\/shop\/poeles-pots\/tajine\/le-creuset-tagine-en-fonte-emaillee-31-cm-azure\/"]}]},{"@type":"BreadcrumbList","@id":"https:\/\/www.erresse-shop.it\/fr\/shop\/poeles-pots\/tajine\/le-creuset-tagine-en-fonte-emaillee-31-cm-azure\/#breadcrumb","itemListElement":[{"@type":"ListItem","position":1,"name":"Home","item":"https:\/\/www.erresse-shop.it\/fr\/"},{"@type":"ListItem","position":2,"name":"Shop","item":"https:\/\/www.erresse-shop.it\/fr\/shop\/"},{"@type":"ListItem","position":3,"name":"LE CREUSET Tagine en fonte \u00e9maill\u00e9e 31 cm Azure"}]},{"@type":"WebSite","@id":"https:\/\/www.erresse-shop.it\/fr\/#website","url":"https:\/\/www.erresse-shop.it\/fr\/","name":"Erresse Shop","description":"Articoli di qualit\u00e0 per la casa","potentialAction":[{"@type":"SearchAction","target":{"@type":"EntryPoint","urlTemplate":"https:\/\/www.erresse-shop.it\/fr\/?s={search_term_string}"},"query-input":"required name=search_term_string"}],"inLanguage":"fr-FR"}]}},"df_price":155.25,"df_sale_price":155.25,"df_regular_price":345,"df_image_link":"https:\/\/www.erresse-shop.it\/wp-content\/uploads\/2023\/03\/LE-CREUSET-Tajine-in-Ghisa-31-cm-Azure-300x300.jpg","_links":{"self":[{"href":"https:\/\/www.erresse-shop.it\/fr\/wp-json\/wp\/v2\/product\/250603"}],"collection":[{"href":"https:\/\/www.erresse-shop.it\/fr\/wp-json\/wp\/v2\/product"}],"about":[{"href":"https:\/\/www.erresse-shop.it\/fr\/wp-json\/wp\/v2\/types\/product"}],"wp:featuredmedia":[{"embeddable":true,"href":"https:\/\/www.erresse-shop.it\/fr\/wp-json\/wp\/v2\/media\/250609"}],"wp:attachment":[{"href":"https:\/\/www.erresse-shop.it\/fr\/wp-json\/wp\/v2\/media?parent=250603"}],"wp:term":[{"taxonomy":"product_cat","embeddable":true,"href":"https:\/\/www.erresse-shop.it\/fr\/wp-json\/wp\/v2\/product_cat?post=250603"},{"taxonomy":"product_tag","embeddable":true,"href":"https:\/\/www.erresse-shop.it\/fr\/wp-json\/wp\/v2\/product_tag?post=250603"}],"curies":[{"name":"wp","href":"https:\/\/api.w.org\/{rel}","templated":true}]}}