{"id":250517,"date":"2023-03-14T11:27:55","date_gmt":"2023-03-14T11:28:00","guid":{"rendered":"https:\/\/www.erresse-shop.it\/?post_type=product&#038;p=250517"},"modified":"2025-01-14T08:10:15","modified_gmt":"2025-01-14T08:10:15","slug":"berkel-teknica-couteau-a-desosser-16-cm-noir","status":"publish","type":"product","link":"https:\/\/www.erresse-shop.it\/fr\/shop\/cuisine\/couteaux\/berkel-teknica-couteau-a-desosser-16-cm-noir\/","title":{"rendered":"BERKEL Teknica Couteau \u00e0 D\u00e9sosser 16 cm Noir"},"content":{"rendered":"<p>Le c\u0153ur du <strong>Teknica<\/strong> se trouve dans le manche qui, gr\u00e2ce \u00e0 une prise directe, favorise une bonne prise en main tant sur le plan fonctionnel qu&#8217;ergonomique.<\/p>\n<p>La lame en <strong>acier<\/strong> 1.4116-X50 Cr Mo V15 en t\u00f4le de 3 mm assure une coupe pr\u00e9cise tandis que les deux viroles en m\u00e9tal garantissent solidit\u00e9 et \u00e9quilibre tout en rehaussant l&#8217;esth\u00e9tique de ces couteaux.<\/p>\n<p>Toute l&#8217;exp\u00e9rience de <strong>Berkel<\/strong> au service de ceux qui recherchent la performance professionnelle m\u00eame dans leur cuisine familiale.<\/p>\n<p>Ergonomie et performance de coupe sont \u00e0 la base de notre gamme Teknica d\u00e9sormais disponible dans la nouvelle version avec un manche <strong>noir<\/strong>.<\/p>\n<p>Couteau court et maniable. Id\u00e9al pour enlever la peau, la couenne, les os et les r\u00e9sidus de graisse de la viande sur des morceaux de taille moyenne. Le talon prononc\u00e9 prot\u00e8ge la main.<\/p>\n<p><strong>CARACT\u00c9RISTIQUES<\/strong><\/p>\n<p><strong>Poids :<\/strong> 235 gr<br \/>\n<strong>Taille de la lame :<\/strong> 16 cm<br \/>\n<strong>Longueur totale :<\/strong> 30 cm<br \/>\n<strong>Mat\u00e9riau de la lame :<\/strong> Forg\u00e9e en acier inoxydable 1.4116-X50 Cr Mo V15 ; Epaisseur 3mm ; Duret\u00e9 apr\u00e8s T.T : 59\/60 HRC ; Certificat Catra : Tr\u00e8s bon.<br \/>\n<strong>Poign\u00e9e :<\/strong> R\u00e9sine avec finition satin\u00e9e<br \/>\n<strong>Utilisation et entretien :<\/strong> Nous recommandons vivement le lavage manuel \u00e0 l&#8217;eau chaude pour garantir l&#8217;int\u00e9grit\u00e9 et la durabilit\u00e9 du produit. Dans tous les cas, nous vous conseillons de s\u00e9cher le couteau apr\u00e8s chaque lavage. N&#8217;utilisez pas de tissus ou d&#8217;\u00e9ponges abrasives.<\/p>\n","protected":false},"excerpt":{"rendered":"<p>Le c\u0153ur du Teknica se trouve dans le manche qui, gr\u00e2ce \u00e0 une prise directe, favorise une bonne prise en<\/p>\n","protected":false},"featured_media":250540,"template":"","meta":{"_acf_changed":false,"inline_featured_image":false},"product_cat":[12742,14452,12748],"product_tag":[23910,23690,12839,17322,23660,24403,12856,18618,21821],"acf":[],"yoast_head":"<!-- This site is optimized with the Yoast SEO Premium plugin v18.6 (Yoast SEO v19.13) - https:\/\/yoast.com\/wordpress\/plugins\/seo\/ -->\n<title>BERKEL Teknica Couteau \u00e0 D\u00e9sosser 16 cm Noir<\/title>\n<meta name=\"description\" content=\"D\u00e9couvrez BERKEL Teknica Couteau \u00e0 D\u00e9sosser 16 cm Noir sur ErresseShop. Qualit\u00e9, prix r\u00e9duits et achat s\u00e9curis\u00e9 \u2013 commandez d\u00e8s maintenant en ligne !\" \/>\n<meta name=\"robots\" content=\"index, follow, max-snippet:-1, max-image-preview:large, max-video-preview:-1\" \/>\n<link rel=\"canonical\" href=\"https:\/\/www.erresse-shop.it\/fr\/shop\/cuisine\/couteaux\/berkel-teknica-couteau-a-desosser-16-cm-noir\/\" \/>\n<meta property=\"og:locale\" content=\"fr_FR\" \/>\n<meta property=\"og:type\" content=\"article\" \/>\n<meta property=\"og:title\" content=\"BERKEL Teknica Couteau \u00e0 D\u00e9sosser 16 cm Noir\" \/>\n<meta property=\"og:description\" content=\"D\u00e9couvrez BERKEL Teknica Couteau \u00e0 D\u00e9sosser 16 cm Noir sur ErresseShop. Qualit\u00e9, prix r\u00e9duits et achat s\u00e9curis\u00e9 \u2013 commandez d\u00e8s maintenant en ligne !\" \/>\n<meta property=\"og:url\" content=\"https:\/\/www.erresse-shop.it\/fr\/shop\/cuisine\/couteaux\/berkel-teknica-couteau-a-desosser-16-cm-noir\/\" \/>\n<meta property=\"og:site_name\" content=\"Erresse Shop\" \/>\n<meta property=\"article:modified_time\" content=\"2025-01-14T08:10:15+00:00\" \/>\n<meta property=\"og:image\" content=\"https:\/\/www.erresse-shop.it\/wp-content\/uploads\/2023\/03\/BERKEL-Teknica-Coltello-da-Disosso-16-cm-Nero.jpg\" \/>\n\t<meta property=\"og:image:width\" content=\"800\" \/>\n\t<meta property=\"og:image:height\" content=\"800\" \/>\n\t<meta property=\"og:image:type\" content=\"image\/jpeg\" \/>\n<meta name=\"twitter:card\" content=\"summary_large_image\" \/>\n<script type=\"application\/ld+json\" class=\"yoast-schema-graph\">{\"@context\":\"https:\/\/schema.org\",\"@graph\":[{\"@type\":\"WebPage\",\"@id\":\"https:\/\/www.erresse-shop.it\/fr\/shop\/cuisine\/couteaux\/berkel-teknica-couteau-a-desosser-16-cm-noir\/\",\"url\":\"https:\/\/www.erresse-shop.it\/fr\/shop\/cuisine\/couteaux\/berkel-teknica-couteau-a-desosser-16-cm-noir\/\",\"name\":\"BERKEL Teknica Couteau \u00e0 D\u00e9sosser 16 cm Noir\",\"isPartOf\":{\"@id\":\"https:\/\/www.erresse-shop.it\/fr\/#website\"},\"datePublished\":\"2023-03-14T11:28:00+00:00\",\"dateModified\":\"2025-01-14T08:10:15+00:00\",\"description\":\"D\u00e9couvrez BERKEL Teknica Couteau \u00e0 D\u00e9sosser 16 cm Noir sur ErresseShop. Qualit\u00e9, prix r\u00e9duits et achat s\u00e9curis\u00e9 \u2013 commandez d\u00e8s maintenant en ligne !\",\"breadcrumb\":{\"@id\":\"https:\/\/www.erresse-shop.it\/fr\/shop\/cuisine\/couteaux\/berkel-teknica-couteau-a-desosser-16-cm-noir\/#breadcrumb\"},\"inLanguage\":\"fr-FR\",\"potentialAction\":[{\"@type\":\"ReadAction\",\"target\":[\"https:\/\/www.erresse-shop.it\/fr\/shop\/cuisine\/couteaux\/berkel-teknica-couteau-a-desosser-16-cm-noir\/\"]}]},{\"@type\":\"BreadcrumbList\",\"@id\":\"https:\/\/www.erresse-shop.it\/fr\/shop\/cuisine\/couteaux\/berkel-teknica-couteau-a-desosser-16-cm-noir\/#breadcrumb\",\"itemListElement\":[{\"@type\":\"ListItem\",\"position\":1,\"name\":\"Home\",\"item\":\"https:\/\/www.erresse-shop.it\/fr\/\"},{\"@type\":\"ListItem\",\"position\":2,\"name\":\"Shop\",\"item\":\"https:\/\/www.erresse-shop.it\/fr\/shop\/\"},{\"@type\":\"ListItem\",\"position\":3,\"name\":\"BERKEL Teknica Couteau \u00e0 D\u00e9sosser 16 cm Noir\"}]},{\"@type\":\"WebSite\",\"@id\":\"https:\/\/www.erresse-shop.it\/fr\/#website\",\"url\":\"https:\/\/www.erresse-shop.it\/fr\/\",\"name\":\"Erresse Shop\",\"description\":\"Articoli di qualit\u00e0 per la casa\",\"potentialAction\":[{\"@type\":\"SearchAction\",\"target\":{\"@type\":\"EntryPoint\",\"urlTemplate\":\"https:\/\/www.erresse-shop.it\/fr\/?s={search_term_string}\"},\"query-input\":\"required name=search_term_string\"}],\"inLanguage\":\"fr-FR\"}]}<\/script>\n<!-- \/ Yoast SEO Premium plugin. -->","yoast_head_json":{"title":"BERKEL Teknica Couteau \u00e0 D\u00e9sosser 16 cm Noir","description":"D\u00e9couvrez BERKEL Teknica Couteau \u00e0 D\u00e9sosser 16 cm Noir sur ErresseShop. Qualit\u00e9, prix r\u00e9duits et achat s\u00e9curis\u00e9 \u2013 commandez d\u00e8s maintenant en ligne !","robots":{"index":"index","follow":"follow","max-snippet":"max-snippet:-1","max-image-preview":"max-image-preview:large","max-video-preview":"max-video-preview:-1"},"canonical":"https:\/\/www.erresse-shop.it\/fr\/shop\/cuisine\/couteaux\/berkel-teknica-couteau-a-desosser-16-cm-noir\/","og_locale":"fr_FR","og_type":"article","og_title":"BERKEL Teknica Couteau \u00e0 D\u00e9sosser 16 cm Noir","og_description":"D\u00e9couvrez BERKEL Teknica Couteau \u00e0 D\u00e9sosser 16 cm Noir sur ErresseShop. Qualit\u00e9, prix r\u00e9duits et achat s\u00e9curis\u00e9 \u2013 commandez d\u00e8s maintenant en ligne !","og_url":"https:\/\/www.erresse-shop.it\/fr\/shop\/cuisine\/couteaux\/berkel-teknica-couteau-a-desosser-16-cm-noir\/","og_site_name":"Erresse Shop","article_modified_time":"2025-01-14T08:10:15+00:00","og_image":[{"width":800,"height":800,"url":"https:\/\/www.erresse-shop.it\/wp-content\/uploads\/2023\/03\/BERKEL-Teknica-Coltello-da-Disosso-16-cm-Nero.jpg","type":"image\/jpeg"}],"twitter_card":"summary_large_image","schema":{"@context":"https:\/\/schema.org","@graph":[{"@type":"WebPage","@id":"https:\/\/www.erresse-shop.it\/fr\/shop\/cuisine\/couteaux\/berkel-teknica-couteau-a-desosser-16-cm-noir\/","url":"https:\/\/www.erresse-shop.it\/fr\/shop\/cuisine\/couteaux\/berkel-teknica-couteau-a-desosser-16-cm-noir\/","name":"BERKEL Teknica Couteau \u00e0 D\u00e9sosser 16 cm Noir","isPartOf":{"@id":"https:\/\/www.erresse-shop.it\/fr\/#website"},"datePublished":"2023-03-14T11:28:00+00:00","dateModified":"2025-01-14T08:10:15+00:00","description":"D\u00e9couvrez BERKEL Teknica Couteau \u00e0 D\u00e9sosser 16 cm Noir sur ErresseShop. Qualit\u00e9, prix r\u00e9duits et achat s\u00e9curis\u00e9 \u2013 commandez d\u00e8s maintenant en ligne !","breadcrumb":{"@id":"https:\/\/www.erresse-shop.it\/fr\/shop\/cuisine\/couteaux\/berkel-teknica-couteau-a-desosser-16-cm-noir\/#breadcrumb"},"inLanguage":"fr-FR","potentialAction":[{"@type":"ReadAction","target":["https:\/\/www.erresse-shop.it\/fr\/shop\/cuisine\/couteaux\/berkel-teknica-couteau-a-desosser-16-cm-noir\/"]}]},{"@type":"BreadcrumbList","@id":"https:\/\/www.erresse-shop.it\/fr\/shop\/cuisine\/couteaux\/berkel-teknica-couteau-a-desosser-16-cm-noir\/#breadcrumb","itemListElement":[{"@type":"ListItem","position":1,"name":"Home","item":"https:\/\/www.erresse-shop.it\/fr\/"},{"@type":"ListItem","position":2,"name":"Shop","item":"https:\/\/www.erresse-shop.it\/fr\/shop\/"},{"@type":"ListItem","position":3,"name":"BERKEL Teknica Couteau \u00e0 D\u00e9sosser 16 cm Noir"}]},{"@type":"WebSite","@id":"https:\/\/www.erresse-shop.it\/fr\/#website","url":"https:\/\/www.erresse-shop.it\/fr\/","name":"Erresse Shop","description":"Articoli di qualit\u00e0 per la casa","potentialAction":[{"@type":"SearchAction","target":{"@type":"EntryPoint","urlTemplate":"https:\/\/www.erresse-shop.it\/fr\/?s={search_term_string}"},"query-input":"required name=search_term_string"}],"inLanguage":"fr-FR"}]}},"df_price":79.95,"df_sale_price":79.95,"df_regular_price":109,"df_image_link":"https:\/\/www.erresse-shop.it\/wp-content\/uploads\/2023\/03\/BERKEL-Teknica-Coltello-da-Disosso-16-cm-Nero-300x300.jpg","_links":{"self":[{"href":"https:\/\/www.erresse-shop.it\/fr\/wp-json\/wp\/v2\/product\/250517"}],"collection":[{"href":"https:\/\/www.erresse-shop.it\/fr\/wp-json\/wp\/v2\/product"}],"about":[{"href":"https:\/\/www.erresse-shop.it\/fr\/wp-json\/wp\/v2\/types\/product"}],"wp:featuredmedia":[{"embeddable":true,"href":"https:\/\/www.erresse-shop.it\/fr\/wp-json\/wp\/v2\/media\/250540"}],"wp:attachment":[{"href":"https:\/\/www.erresse-shop.it\/fr\/wp-json\/wp\/v2\/media?parent=250517"}],"wp:term":[{"taxonomy":"product_cat","embeddable":true,"href":"https:\/\/www.erresse-shop.it\/fr\/wp-json\/wp\/v2\/product_cat?post=250517"},{"taxonomy":"product_tag","embeddable":true,"href":"https:\/\/www.erresse-shop.it\/fr\/wp-json\/wp\/v2\/product_tag?post=250517"}],"curies":[{"name":"wp","href":"https:\/\/api.w.org\/{rel}","templated":true}]}}