{"id":249797,"date":"2023-03-13T14:50:01","date_gmt":"2023-03-13T14:50:10","guid":{"rendered":"https:\/\/www.erresse-shop.it\/?post_type=product&#038;p=249797"},"modified":"2025-01-14T08:08:13","modified_gmt":"2025-01-14T08:08:13","slug":"villeroy-boch-metro-chic-ensemble-6-tasses-a-espresso","status":"publish","type":"product","link":"https:\/\/www.erresse-shop.it\/fr\/shop\/table-fr-2\/tasses\/villeroy-boch-metro-chic-ensemble-6-tasses-a-espresso\/","title":{"rendered":"VILLEROY &#038; BOCH Metro Chic Ensemble 6 Tasses \u00e0 Espresso"},"content":{"rendered":"<p><strong>Petit et raffin\u00e9<\/strong><br \/>\nQue ce soit en blanc puriste ou avec des motifs g\u00e9om\u00e9triques en noir et or, toutes les pi\u00e8ces de la collection de vaisselle fine et d&#8217;articles cadeaux MetroChic peuvent \u00eatre combin\u00e9es les unes avec les autres de mani\u00e8re in\u00e9dite. La porcelaine osseuse de qualit\u00e9 sup\u00e9rieure, particuli\u00e8rement r\u00e9sistante, transforme chaque table en une d\u00e9claration de style moderne d&#8217;une \u00e9l\u00e9gance intemporelle. Les tasses \u00e0 moka et \u00e0 espresso impressionneront les connaisseurs et vous raviront longtemps avec des d\u00e9corations brillantes gr\u00e2ce \u00e0 la technologie &#8220;Inglaze Gold&#8221;. Faites-vous plaisir avec un design urbain et ravissez vos invit\u00e9s.<\/p>\n<p><strong>Mat\u00e9riau:<\/strong> bone premium porcelaine<br \/>\n<strong>Volume:<\/strong> environ 60ml<br \/>\n<strong>Lavable au lave-vaisselle:<\/strong> oui<br \/>\n<strong>Convient au micro-ondes:<\/strong> no<\/p>\n","protected":false},"excerpt":{"rendered":"<p>Petit et raffin\u00e9 Que ce soit en blanc puriste ou avec des motifs g\u00e9om\u00e9triques en noir et or, toutes les<\/p>\n","protected":false},"featured_media":474236,"template":"","meta":{"_acf_changed":false,"inline_featured_image":false},"product_cat":[12782,12791],"product_tag":[25026,23563,21935,25021,22015,15764,14560,16473,16906,21934],"acf":[],"yoast_head":"<!-- This site is optimized with the Yoast SEO Premium plugin v18.6 (Yoast SEO v19.13) - https:\/\/yoast.com\/wordpress\/plugins\/seo\/ -->\n<title>VILLEROY &amp; BOCH Metro Chic Ensemble 6 Tasses \u00e0 Espresso<\/title>\n<meta name=\"description\" content=\"D\u00e9couvrez VILLEROY &amp; BOCH Metro Chic Ensemble 6 Tasses \u00e0 Espresso sur ErresseShop. Qualit\u00e9, prix r\u00e9duits et achat s\u00e9curis\u00e9 \u2013 commandez d\u00e8s maintenant en ligne !\" \/>\n<meta name=\"robots\" content=\"index, follow, max-snippet:-1, max-image-preview:large, max-video-preview:-1\" \/>\n<link rel=\"canonical\" href=\"https:\/\/www.erresse-shop.it\/fr\/shop\/table-fr-2\/tasses\/villeroy-boch-metro-chic-ensemble-6-tasses-a-espresso\/\" \/>\n<meta property=\"og:locale\" content=\"fr_FR\" \/>\n<meta property=\"og:type\" content=\"article\" \/>\n<meta property=\"og:title\" content=\"VILLEROY &amp; BOCH Metro Chic Ensemble 6 Tasses \u00e0 Espresso\" \/>\n<meta property=\"og:description\" content=\"D\u00e9couvrez VILLEROY &amp; BOCH Metro Chic Ensemble 6 Tasses \u00e0 Espresso sur ErresseShop. Qualit\u00e9, prix r\u00e9duits et achat s\u00e9curis\u00e9 \u2013 commandez d\u00e8s maintenant en ligne !\" \/>\n<meta property=\"og:url\" content=\"https:\/\/www.erresse-shop.it\/fr\/shop\/table-fr-2\/tasses\/villeroy-boch-metro-chic-ensemble-6-tasses-a-espresso\/\" \/>\n<meta property=\"og:site_name\" content=\"Erresse Shop\" \/>\n<meta property=\"article:modified_time\" content=\"2025-01-14T08:08:13+00:00\" \/>\n<meta property=\"og:image\" content=\"https:\/\/www.erresse-shop.it\/wp-content\/uploads\/2023\/03\/VILLEROY-BOCH-Metro-Chic-Set-6-Tazzine-Espresso.jpg\" \/>\n\t<meta property=\"og:image:width\" content=\"800\" \/>\n\t<meta property=\"og:image:height\" content=\"800\" \/>\n\t<meta property=\"og:image:type\" content=\"image\/jpeg\" \/>\n<meta name=\"twitter:card\" content=\"summary_large_image\" \/>\n<script type=\"application\/ld+json\" class=\"yoast-schema-graph\">{\"@context\":\"https:\/\/schema.org\",\"@graph\":[{\"@type\":\"WebPage\",\"@id\":\"https:\/\/www.erresse-shop.it\/fr\/shop\/table-fr-2\/tasses\/villeroy-boch-metro-chic-ensemble-6-tasses-a-espresso\/\",\"url\":\"https:\/\/www.erresse-shop.it\/fr\/shop\/table-fr-2\/tasses\/villeroy-boch-metro-chic-ensemble-6-tasses-a-espresso\/\",\"name\":\"VILLEROY & BOCH Metro Chic Ensemble 6 Tasses \u00e0 Espresso\",\"isPartOf\":{\"@id\":\"https:\/\/www.erresse-shop.it\/fr\/#website\"},\"datePublished\":\"2023-03-13T14:50:10+00:00\",\"dateModified\":\"2025-01-14T08:08:13+00:00\",\"description\":\"D\u00e9couvrez VILLEROY & BOCH Metro Chic Ensemble 6 Tasses \u00e0 Espresso sur ErresseShop. Qualit\u00e9, prix r\u00e9duits et achat s\u00e9curis\u00e9 \u2013 commandez d\u00e8s maintenant en ligne !\",\"breadcrumb\":{\"@id\":\"https:\/\/www.erresse-shop.it\/fr\/shop\/table-fr-2\/tasses\/villeroy-boch-metro-chic-ensemble-6-tasses-a-espresso\/#breadcrumb\"},\"inLanguage\":\"fr-FR\",\"potentialAction\":[{\"@type\":\"ReadAction\",\"target\":[\"https:\/\/www.erresse-shop.it\/fr\/shop\/table-fr-2\/tasses\/villeroy-boch-metro-chic-ensemble-6-tasses-a-espresso\/\"]}]},{\"@type\":\"BreadcrumbList\",\"@id\":\"https:\/\/www.erresse-shop.it\/fr\/shop\/table-fr-2\/tasses\/villeroy-boch-metro-chic-ensemble-6-tasses-a-espresso\/#breadcrumb\",\"itemListElement\":[{\"@type\":\"ListItem\",\"position\":1,\"name\":\"Home\",\"item\":\"https:\/\/www.erresse-shop.it\/fr\/\"},{\"@type\":\"ListItem\",\"position\":2,\"name\":\"Shop\",\"item\":\"https:\/\/www.erresse-shop.it\/fr\/shop\/\"},{\"@type\":\"ListItem\",\"position\":3,\"name\":\"VILLEROY &#038; BOCH Metro Chic Ensemble 6 Tasses \u00e0 Espresso\"}]},{\"@type\":\"WebSite\",\"@id\":\"https:\/\/www.erresse-shop.it\/fr\/#website\",\"url\":\"https:\/\/www.erresse-shop.it\/fr\/\",\"name\":\"Erresse Shop\",\"description\":\"Articoli di qualit\u00e0 per la casa\",\"potentialAction\":[{\"@type\":\"SearchAction\",\"target\":{\"@type\":\"EntryPoint\",\"urlTemplate\":\"https:\/\/www.erresse-shop.it\/fr\/?s={search_term_string}\"},\"query-input\":\"required name=search_term_string\"}],\"inLanguage\":\"fr-FR\"}]}<\/script>\n<!-- \/ Yoast SEO Premium plugin. -->","yoast_head_json":{"title":"VILLEROY & BOCH Metro Chic Ensemble 6 Tasses \u00e0 Espresso","description":"D\u00e9couvrez VILLEROY & BOCH Metro Chic Ensemble 6 Tasses \u00e0 Espresso sur ErresseShop. Qualit\u00e9, prix r\u00e9duits et achat s\u00e9curis\u00e9 \u2013 commandez d\u00e8s maintenant en ligne !","robots":{"index":"index","follow":"follow","max-snippet":"max-snippet:-1","max-image-preview":"max-image-preview:large","max-video-preview":"max-video-preview:-1"},"canonical":"https:\/\/www.erresse-shop.it\/fr\/shop\/table-fr-2\/tasses\/villeroy-boch-metro-chic-ensemble-6-tasses-a-espresso\/","og_locale":"fr_FR","og_type":"article","og_title":"VILLEROY & BOCH Metro Chic Ensemble 6 Tasses \u00e0 Espresso","og_description":"D\u00e9couvrez VILLEROY & BOCH Metro Chic Ensemble 6 Tasses \u00e0 Espresso sur ErresseShop. Qualit\u00e9, prix r\u00e9duits et achat s\u00e9curis\u00e9 \u2013 commandez d\u00e8s maintenant en ligne !","og_url":"https:\/\/www.erresse-shop.it\/fr\/shop\/table-fr-2\/tasses\/villeroy-boch-metro-chic-ensemble-6-tasses-a-espresso\/","og_site_name":"Erresse Shop","article_modified_time":"2025-01-14T08:08:13+00:00","og_image":[{"width":800,"height":800,"url":"https:\/\/www.erresse-shop.it\/wp-content\/uploads\/2023\/03\/VILLEROY-BOCH-Metro-Chic-Set-6-Tazzine-Espresso.jpg","type":"image\/jpeg"}],"twitter_card":"summary_large_image","schema":{"@context":"https:\/\/schema.org","@graph":[{"@type":"WebPage","@id":"https:\/\/www.erresse-shop.it\/fr\/shop\/table-fr-2\/tasses\/villeroy-boch-metro-chic-ensemble-6-tasses-a-espresso\/","url":"https:\/\/www.erresse-shop.it\/fr\/shop\/table-fr-2\/tasses\/villeroy-boch-metro-chic-ensemble-6-tasses-a-espresso\/","name":"VILLEROY & BOCH Metro Chic Ensemble 6 Tasses \u00e0 Espresso","isPartOf":{"@id":"https:\/\/www.erresse-shop.it\/fr\/#website"},"datePublished":"2023-03-13T14:50:10+00:00","dateModified":"2025-01-14T08:08:13+00:00","description":"D\u00e9couvrez VILLEROY & BOCH Metro Chic Ensemble 6 Tasses \u00e0 Espresso sur ErresseShop. Qualit\u00e9, prix r\u00e9duits et achat s\u00e9curis\u00e9 \u2013 commandez d\u00e8s maintenant en ligne !","breadcrumb":{"@id":"https:\/\/www.erresse-shop.it\/fr\/shop\/table-fr-2\/tasses\/villeroy-boch-metro-chic-ensemble-6-tasses-a-espresso\/#breadcrumb"},"inLanguage":"fr-FR","potentialAction":[{"@type":"ReadAction","target":["https:\/\/www.erresse-shop.it\/fr\/shop\/table-fr-2\/tasses\/villeroy-boch-metro-chic-ensemble-6-tasses-a-espresso\/"]}]},{"@type":"BreadcrumbList","@id":"https:\/\/www.erresse-shop.it\/fr\/shop\/table-fr-2\/tasses\/villeroy-boch-metro-chic-ensemble-6-tasses-a-espresso\/#breadcrumb","itemListElement":[{"@type":"ListItem","position":1,"name":"Home","item":"https:\/\/www.erresse-shop.it\/fr\/"},{"@type":"ListItem","position":2,"name":"Shop","item":"https:\/\/www.erresse-shop.it\/fr\/shop\/"},{"@type":"ListItem","position":3,"name":"VILLEROY &#038; BOCH Metro Chic Ensemble 6 Tasses \u00e0 Espresso"}]},{"@type":"WebSite","@id":"https:\/\/www.erresse-shop.it\/fr\/#website","url":"https:\/\/www.erresse-shop.it\/fr\/","name":"Erresse Shop","description":"Articoli di qualit\u00e0 per la casa","potentialAction":[{"@type":"SearchAction","target":{"@type":"EntryPoint","urlTemplate":"https:\/\/www.erresse-shop.it\/fr\/?s={search_term_string}"},"query-input":"required name=search_term_string"}],"inLanguage":"fr-FR"}]}},"df_price":167.5,"df_sale_price":167.5,"df_regular_price":239.4,"df_image_link":"https:\/\/www.erresse-shop.it\/wp-content\/uploads\/2023\/03\/VILLEROY-BOCH-Metro-Chic-Set-6-Tazzine-Espresso1-300x300.jpg","_links":{"self":[{"href":"https:\/\/www.erresse-shop.it\/fr\/wp-json\/wp\/v2\/product\/249797"}],"collection":[{"href":"https:\/\/www.erresse-shop.it\/fr\/wp-json\/wp\/v2\/product"}],"about":[{"href":"https:\/\/www.erresse-shop.it\/fr\/wp-json\/wp\/v2\/types\/product"}],"wp:featuredmedia":[{"embeddable":true,"href":"https:\/\/www.erresse-shop.it\/fr\/wp-json\/wp\/v2\/media\/474236"}],"wp:attachment":[{"href":"https:\/\/www.erresse-shop.it\/fr\/wp-json\/wp\/v2\/media?parent=249797"}],"wp:term":[{"taxonomy":"product_cat","embeddable":true,"href":"https:\/\/www.erresse-shop.it\/fr\/wp-json\/wp\/v2\/product_cat?post=249797"},{"taxonomy":"product_tag","embeddable":true,"href":"https:\/\/www.erresse-shop.it\/fr\/wp-json\/wp\/v2\/product_tag?post=249797"}],"curies":[{"name":"wp","href":"https:\/\/api.w.org\/{rel}","templated":true}]}}