{"id":246691,"date":"2023-03-03T14:22:39","date_gmt":"2023-03-03T14:22:45","guid":{"rendered":"https:\/\/www.erresse-shop.it\/?post_type=product&#038;p=246691"},"modified":"2025-01-14T08:07:28","modified_gmt":"2025-01-14T08:07:28","slug":"steamery-pilo-2-rasoir-en-tissu-sage","status":"publish","type":"product","link":"https:\/\/www.erresse-shop.it\/fr\/shop\/ameublement-maison\/planches-a-repasser\/steamery-pilo-2-rasoir-en-tissu-sage\/","title":{"rendered":"STEAMERY Pilo 2 Rasoir en tissu Sage"},"content":{"rendered":"<p>Il repr\u00e9sente l&#8217;\u00e9quilibre id\u00e9al entre fonctionnalit\u00e9 et esth\u00e9tique. Le Pilo 2 Fabric Shaver Charcoal est doux mais efficace et \u00e9limine les peluches et les bouloches de tous les types de mat\u00e9riaux. Avec six lames de pr\u00e9cision et une grande surface de rasage, le rasoir pour tissus Pilo 2 est plus durable et plus efficace que les autres rasoirs pour tissus du march\u00e9.<\/p>\n<p>Comment fonctionne-t-il ?<\/p>\n<p>De nombreuses personnes consid\u00e8rent que les v\u00eatements ou les tissus de la maison sont us\u00e9s \u00e0 cause des peluches et des bouloches. Mais il suffit de raser les peluches \u00e0 l&#8217;aide d&#8217;un rasoir \u00e0 tissu pour que vos tissus retrouvent leur aspect neuf. Pour \u00e9liminer rapidement les peluches et les bouloches, placez le v\u00eatement sur une surface plane et passez doucement la buse sur le tissu.<\/p>\n<p>Le rasoir pour tissus Pilo 2 fonctionne parfaitement sur les v\u00eatements et les textiles domestiques, comme les pulls, les manteaux, les \u00e9charpes, les chaussettes, les canap\u00e9s, les accoudoirs et les couvertures. Il fonctionne sur tous les types de mat\u00e9riaux, m\u00eame les plus d\u00e9licats, et est \u00e9quip\u00e9 d&#8217;une nouvelle solution qui facilite le nettoyage de la machine des peluches.<\/p>\n<p>Caract\u00e9ristiques<\/p>\n<ul>\n<li>Notre rasoir \u00e0 tissu le plus efficace<\/li>\n<li>Facile \u00e0 nettoyer des peluches<\/li>\n<li>Temps de charge plus court et possibilit\u00e9 de se raser pendant la charge<\/li>\n<li>Design soigneusement s\u00e9lectionn\u00e9 avec deux positions debout, qui tient parfaitement dans la main.<\/li>\n<\/ul>\n<p>Caract\u00e9ristiques techniques<\/p>\n<ul>\n<li>Dur\u00e9e de rasage : 2 heures<\/li>\n<li>Temps de charge de la batterie : 2,5 heures<\/li>\n<li>Vitesse du moteur : 9000 rotations\/min<\/li>\n<li>Garantie : 1 an<\/li>\n<li>Poids : 152 g<\/li>\n<li>Dimensions : 67x67x93 mm<\/li>\n<li>Puissance : 5W<\/li>\n<\/ul>\n<p>Contenu de l&#8217;emballage<\/p>\n<ul>\n<li>Rasoir pour tissus Pilo 2<\/li>\n<li>C\u00e2ble de charge USB-C<\/li>\n<li>Brosse de nettoyage<\/li>\n<li>Manuel<\/li>\n<\/ul>\n","protected":false},"excerpt":{"rendered":"<p>Il repr\u00e9sente l&#8217;\u00e9quilibre id\u00e9al entre fonctionnalit\u00e9 et esth\u00e9tique. Le Pilo 2 Fabric Shaver Charcoal est doux mais efficace et \u00e9limine<\/p>\n","protected":false},"featured_media":246658,"template":"","meta":{"_acf_changed":false,"inline_featured_image":false},"product_cat":[12738,18095],"product_tag":[21656,22274],"acf":[],"yoast_head":"<!-- This site is optimized with the Yoast SEO Premium plugin v18.6 (Yoast SEO v19.13) - https:\/\/yoast.com\/wordpress\/plugins\/seo\/ -->\n<title>STEAMERY Pilo 2 Rasoir en tissu Sage<\/title>\n<meta name=\"description\" content=\"D\u00e9couvrez STEAMERY Pilo 2 Rasoir en tissu Sage sur ErresseShop. Qualit\u00e9, prix r\u00e9duits et achat s\u00e9curis\u00e9 \u2013 commandez d\u00e8s maintenant en ligne !\" \/>\n<meta name=\"robots\" content=\"index, follow, max-snippet:-1, max-image-preview:large, max-video-preview:-1\" \/>\n<link rel=\"canonical\" href=\"https:\/\/www.erresse-shop.it\/fr\/shop\/ameublement-maison\/planches-a-repasser\/steamery-pilo-2-rasoir-en-tissu-sage\/\" \/>\n<meta property=\"og:locale\" content=\"fr_FR\" \/>\n<meta property=\"og:type\" content=\"article\" \/>\n<meta property=\"og:title\" content=\"STEAMERY Pilo 2 Rasoir en tissu Sage\" \/>\n<meta property=\"og:description\" content=\"D\u00e9couvrez STEAMERY Pilo 2 Rasoir en tissu Sage sur ErresseShop. Qualit\u00e9, prix r\u00e9duits et achat s\u00e9curis\u00e9 \u2013 commandez d\u00e8s maintenant en ligne !\" \/>\n<meta property=\"og:url\" content=\"https:\/\/www.erresse-shop.it\/fr\/shop\/ameublement-maison\/planches-a-repasser\/steamery-pilo-2-rasoir-en-tissu-sage\/\" \/>\n<meta property=\"og:site_name\" content=\"Erresse Shop\" \/>\n<meta property=\"article:modified_time\" content=\"2025-01-14T08:07:28+00:00\" \/>\n<meta property=\"og:image\" content=\"https:\/\/www.erresse-shop.it\/wp-content\/uploads\/2023\/03\/Steamery-pilo-2-sage.jpg\" \/>\n\t<meta property=\"og:image:width\" content=\"800\" \/>\n\t<meta property=\"og:image:height\" content=\"800\" \/>\n\t<meta property=\"og:image:type\" content=\"image\/jpeg\" \/>\n<meta name=\"twitter:card\" content=\"summary_large_image\" \/>\n<script type=\"application\/ld+json\" class=\"yoast-schema-graph\">{\"@context\":\"https:\/\/schema.org\",\"@graph\":[{\"@type\":\"WebPage\",\"@id\":\"https:\/\/www.erresse-shop.it\/fr\/shop\/ameublement-maison\/planches-a-repasser\/steamery-pilo-2-rasoir-en-tissu-sage\/\",\"url\":\"https:\/\/www.erresse-shop.it\/fr\/shop\/ameublement-maison\/planches-a-repasser\/steamery-pilo-2-rasoir-en-tissu-sage\/\",\"name\":\"STEAMERY Pilo 2 Rasoir en tissu Sage\",\"isPartOf\":{\"@id\":\"https:\/\/www.erresse-shop.it\/fr\/#website\"},\"datePublished\":\"2023-03-03T14:22:45+00:00\",\"dateModified\":\"2025-01-14T08:07:28+00:00\",\"description\":\"D\u00e9couvrez STEAMERY Pilo 2 Rasoir en tissu Sage sur ErresseShop. Qualit\u00e9, prix r\u00e9duits et achat s\u00e9curis\u00e9 \u2013 commandez d\u00e8s maintenant en ligne !\",\"breadcrumb\":{\"@id\":\"https:\/\/www.erresse-shop.it\/fr\/shop\/ameublement-maison\/planches-a-repasser\/steamery-pilo-2-rasoir-en-tissu-sage\/#breadcrumb\"},\"inLanguage\":\"fr-FR\",\"potentialAction\":[{\"@type\":\"ReadAction\",\"target\":[\"https:\/\/www.erresse-shop.it\/fr\/shop\/ameublement-maison\/planches-a-repasser\/steamery-pilo-2-rasoir-en-tissu-sage\/\"]}]},{\"@type\":\"BreadcrumbList\",\"@id\":\"https:\/\/www.erresse-shop.it\/fr\/shop\/ameublement-maison\/planches-a-repasser\/steamery-pilo-2-rasoir-en-tissu-sage\/#breadcrumb\",\"itemListElement\":[{\"@type\":\"ListItem\",\"position\":1,\"name\":\"Home\",\"item\":\"https:\/\/www.erresse-shop.it\/fr\/\"},{\"@type\":\"ListItem\",\"position\":2,\"name\":\"Shop\",\"item\":\"https:\/\/www.erresse-shop.it\/fr\/shop\/\"},{\"@type\":\"ListItem\",\"position\":3,\"name\":\"STEAMERY Pilo 2 Rasoir en tissu Sage\"}]},{\"@type\":\"WebSite\",\"@id\":\"https:\/\/www.erresse-shop.it\/fr\/#website\",\"url\":\"https:\/\/www.erresse-shop.it\/fr\/\",\"name\":\"Erresse Shop\",\"description\":\"Articoli di qualit\u00e0 per la casa\",\"potentialAction\":[{\"@type\":\"SearchAction\",\"target\":{\"@type\":\"EntryPoint\",\"urlTemplate\":\"https:\/\/www.erresse-shop.it\/fr\/?s={search_term_string}\"},\"query-input\":\"required name=search_term_string\"}],\"inLanguage\":\"fr-FR\"}]}<\/script>\n<!-- \/ Yoast SEO Premium plugin. -->","yoast_head_json":{"title":"STEAMERY Pilo 2 Rasoir en tissu Sage","description":"D\u00e9couvrez STEAMERY Pilo 2 Rasoir en tissu Sage sur ErresseShop. Qualit\u00e9, prix r\u00e9duits et achat s\u00e9curis\u00e9 \u2013 commandez d\u00e8s maintenant en ligne !","robots":{"index":"index","follow":"follow","max-snippet":"max-snippet:-1","max-image-preview":"max-image-preview:large","max-video-preview":"max-video-preview:-1"},"canonical":"https:\/\/www.erresse-shop.it\/fr\/shop\/ameublement-maison\/planches-a-repasser\/steamery-pilo-2-rasoir-en-tissu-sage\/","og_locale":"fr_FR","og_type":"article","og_title":"STEAMERY Pilo 2 Rasoir en tissu Sage","og_description":"D\u00e9couvrez STEAMERY Pilo 2 Rasoir en tissu Sage sur ErresseShop. Qualit\u00e9, prix r\u00e9duits et achat s\u00e9curis\u00e9 \u2013 commandez d\u00e8s maintenant en ligne !","og_url":"https:\/\/www.erresse-shop.it\/fr\/shop\/ameublement-maison\/planches-a-repasser\/steamery-pilo-2-rasoir-en-tissu-sage\/","og_site_name":"Erresse Shop","article_modified_time":"2025-01-14T08:07:28+00:00","og_image":[{"width":800,"height":800,"url":"https:\/\/www.erresse-shop.it\/wp-content\/uploads\/2023\/03\/Steamery-pilo-2-sage.jpg","type":"image\/jpeg"}],"twitter_card":"summary_large_image","schema":{"@context":"https:\/\/schema.org","@graph":[{"@type":"WebPage","@id":"https:\/\/www.erresse-shop.it\/fr\/shop\/ameublement-maison\/planches-a-repasser\/steamery-pilo-2-rasoir-en-tissu-sage\/","url":"https:\/\/www.erresse-shop.it\/fr\/shop\/ameublement-maison\/planches-a-repasser\/steamery-pilo-2-rasoir-en-tissu-sage\/","name":"STEAMERY Pilo 2 Rasoir en tissu Sage","isPartOf":{"@id":"https:\/\/www.erresse-shop.it\/fr\/#website"},"datePublished":"2023-03-03T14:22:45+00:00","dateModified":"2025-01-14T08:07:28+00:00","description":"D\u00e9couvrez STEAMERY Pilo 2 Rasoir en tissu Sage sur ErresseShop. Qualit\u00e9, prix r\u00e9duits et achat s\u00e9curis\u00e9 \u2013 commandez d\u00e8s maintenant en ligne !","breadcrumb":{"@id":"https:\/\/www.erresse-shop.it\/fr\/shop\/ameublement-maison\/planches-a-repasser\/steamery-pilo-2-rasoir-en-tissu-sage\/#breadcrumb"},"inLanguage":"fr-FR","potentialAction":[{"@type":"ReadAction","target":["https:\/\/www.erresse-shop.it\/fr\/shop\/ameublement-maison\/planches-a-repasser\/steamery-pilo-2-rasoir-en-tissu-sage\/"]}]},{"@type":"BreadcrumbList","@id":"https:\/\/www.erresse-shop.it\/fr\/shop\/ameublement-maison\/planches-a-repasser\/steamery-pilo-2-rasoir-en-tissu-sage\/#breadcrumb","itemListElement":[{"@type":"ListItem","position":1,"name":"Home","item":"https:\/\/www.erresse-shop.it\/fr\/"},{"@type":"ListItem","position":2,"name":"Shop","item":"https:\/\/www.erresse-shop.it\/fr\/shop\/"},{"@type":"ListItem","position":3,"name":"STEAMERY Pilo 2 Rasoir en tissu Sage"}]},{"@type":"WebSite","@id":"https:\/\/www.erresse-shop.it\/fr\/#website","url":"https:\/\/www.erresse-shop.it\/fr\/","name":"Erresse Shop","description":"Articoli di qualit\u00e0 per la casa","potentialAction":[{"@type":"SearchAction","target":{"@type":"EntryPoint","urlTemplate":"https:\/\/www.erresse-shop.it\/fr\/?s={search_term_string}"},"query-input":"required name=search_term_string"}],"inLanguage":"fr-FR"}]}},"df_price":35.75,"df_sale_price":35.75,"df_regular_price":65,"df_image_link":"https:\/\/www.erresse-shop.it\/wp-content\/uploads\/2023\/03\/Steamery-pilo-2-sage-300x300.jpg","_links":{"self":[{"href":"https:\/\/www.erresse-shop.it\/fr\/wp-json\/wp\/v2\/product\/246691"}],"collection":[{"href":"https:\/\/www.erresse-shop.it\/fr\/wp-json\/wp\/v2\/product"}],"about":[{"href":"https:\/\/www.erresse-shop.it\/fr\/wp-json\/wp\/v2\/types\/product"}],"wp:featuredmedia":[{"embeddable":true,"href":"https:\/\/www.erresse-shop.it\/fr\/wp-json\/wp\/v2\/media\/246658"}],"wp:attachment":[{"href":"https:\/\/www.erresse-shop.it\/fr\/wp-json\/wp\/v2\/media?parent=246691"}],"wp:term":[{"taxonomy":"product_cat","embeddable":true,"href":"https:\/\/www.erresse-shop.it\/fr\/wp-json\/wp\/v2\/product_cat?post=246691"},{"taxonomy":"product_tag","embeddable":true,"href":"https:\/\/www.erresse-shop.it\/fr\/wp-json\/wp\/v2\/product_tag?post=246691"}],"curies":[{"name":"wp","href":"https:\/\/api.w.org\/{rel}","templated":true}]}}