{"id":246473,"date":"2023-03-03T09:58:45","date_gmt":"2023-03-03T09:58:50","guid":{"rendered":"https:\/\/www.erresse-shop.it\/?post_type=product&#038;p=246473"},"modified":"2025-01-14T08:06:53","modified_gmt":"2025-01-14T08:06:53","slug":"steamery-defroisseur-portable-cirrus-2-gris","status":"publish","type":"product","link":"https:\/\/www.erresse-shop.it\/fr\/shop\/ameublement-maison\/planches-a-repasser\/steamery-defroisseur-portable-cirrus-2-gris\/","title":{"rendered":"STEAMERY D\u00e9froisseur portable Cirrus 2 gris"},"content":{"rendered":"<p>Le d\u00e9froisseur portable Cirrus 2 est une alternative durable et efficace au repassage et au lavage. Vos v\u00eatements seront d\u00e9froiss\u00e9s, lisses et frais en un rien de temps. La vapeur chaude r\u00e9duit \u00e9galement les odeurs, la salet\u00e9 de surface et les bact\u00e9ries.<\/p>\n<p>La vapeur chaude d&#8217;un d\u00e9froisseur portable soul\u00e8ve les fibres textiles &#8211; au lieu de les comprimer comme avec un fer \u00e0 repasser &#8211; et les fait gonfler et retrouver leur forme naturelle. Le traitement \u00e0 la vapeur est similaire \u00e0 l&#8217;a\u00e9ration des v\u00eatements. La vapeur chaude \u00e9limine les marques d&#8217;un v\u00eatement qui n&#8217;a jamais \u00e9t\u00e9 port\u00e9, telles que les odeurs, la salet\u00e9 de surface et les bact\u00e9ries.<\/p>\n<p>CARACT\u00c9RISTIQUES<\/p>\n<ul>\n<li>Des v\u00eatements infroissables, frais et pr\u00e9sentables<\/li>\n<li>Moins de lavage &#8211; moins de consommation d&#8217;\u00e9nergie et d&#8217;eau<\/li>\n<li>Facile \u00e0 porter pendant les week-ends et les voyages d&#8217;affaires<\/li>\n<li>Permet de gagner du temps et convient \u00e0 tous les foyers<\/li>\n<li>Fonctionne sur tous les mat\u00e9riaux, sauf le cuir et le daim Soyez gentil avec la soie<\/li>\n<\/ul>\n<p>SP\u00c9CIFICATIONS<\/p>\n<ul>\n<li>R\u00e9servoir d&#8217;eau : 90 ml<\/li>\n<li>Garantie : 1 an<\/li>\n<li>Corde tress\u00e9e : 1,9 m<\/li>\n<li>Poids : 0.75-0.78 kg<\/li>\n<li>Dimensions : 33x15x9.5 cm<\/li>\n<li>Tension et fr\u00e9quence : 220-240 V\/50-60 Hz<\/li>\n<li>Puissance : 1500W<\/li>\n<\/ul>\n<p>CONTENU DE L&#8217;EMBALLAGE<\/p>\n<ul>\n<li>D\u00e9froisseur portable Cirrus 2<\/li>\n<li>Sac de protection contre la chaleur<\/li>\n<li>Manuel d&#8217;utilisation<\/li>\n<\/ul>\n","protected":false},"excerpt":{"rendered":"<p>Le d\u00e9froisseur portable Cirrus 2 est une alternative durable et efficace au repassage et au lavage. Vos v\u00eatements seront d\u00e9froiss\u00e9s,<\/p>\n","protected":false},"featured_media":246548,"template":"","meta":{"_acf_changed":false,"inline_featured_image":false},"product_cat":[12738,18095],"product_tag":[21656,22274],"acf":[],"yoast_head":"<!-- This site is optimized with the Yoast SEO Premium plugin v18.6 (Yoast SEO v19.13) - https:\/\/yoast.com\/wordpress\/plugins\/seo\/ -->\n<title>STEAMERY D\u00e9froisseur portable Cirrus 2 gris<\/title>\n<meta name=\"description\" content=\"D\u00e9couvrez STEAMERY D\u00e9froisseur portable Cirrus 2 gris sur ErresseShop. Qualit\u00e9, prix r\u00e9duits et achat s\u00e9curis\u00e9 \u2013 commandez d\u00e8s maintenant en ligne !\" \/>\n<meta name=\"robots\" content=\"index, follow, max-snippet:-1, max-image-preview:large, max-video-preview:-1\" \/>\n<link rel=\"canonical\" href=\"https:\/\/www.erresse-shop.it\/fr\/shop\/ameublement-maison\/planches-a-repasser\/steamery-defroisseur-portable-cirrus-2-gris\/\" \/>\n<meta property=\"og:locale\" content=\"fr_FR\" \/>\n<meta property=\"og:type\" content=\"article\" \/>\n<meta property=\"og:title\" content=\"STEAMERY D\u00e9froisseur portable Cirrus 2 gris\" \/>\n<meta property=\"og:description\" content=\"D\u00e9couvrez STEAMERY D\u00e9froisseur portable Cirrus 2 gris sur ErresseShop. Qualit\u00e9, prix r\u00e9duits et achat s\u00e9curis\u00e9 \u2013 commandez d\u00e8s maintenant en ligne !\" \/>\n<meta property=\"og:url\" content=\"https:\/\/www.erresse-shop.it\/fr\/shop\/ameublement-maison\/planches-a-repasser\/steamery-defroisseur-portable-cirrus-2-gris\/\" \/>\n<meta property=\"og:site_name\" content=\"Erresse Shop\" \/>\n<meta property=\"article:modified_time\" content=\"2025-01-14T08:06:53+00:00\" \/>\n<meta property=\"og:image\" content=\"https:\/\/www.erresse-shop.it\/wp-content\/uploads\/2023\/03\/Steamery-Cirrus-2-Piroscafo-portatile-grigio-6.jpg\" \/>\n\t<meta property=\"og:image:width\" content=\"800\" \/>\n\t<meta property=\"og:image:height\" content=\"800\" \/>\n\t<meta property=\"og:image:type\" content=\"image\/jpeg\" \/>\n<meta name=\"twitter:card\" content=\"summary_large_image\" \/>\n<script type=\"application\/ld+json\" class=\"yoast-schema-graph\">{\"@context\":\"https:\/\/schema.org\",\"@graph\":[{\"@type\":\"WebPage\",\"@id\":\"https:\/\/www.erresse-shop.it\/fr\/shop\/ameublement-maison\/planches-a-repasser\/steamery-defroisseur-portable-cirrus-2-gris\/\",\"url\":\"https:\/\/www.erresse-shop.it\/fr\/shop\/ameublement-maison\/planches-a-repasser\/steamery-defroisseur-portable-cirrus-2-gris\/\",\"name\":\"STEAMERY D\u00e9froisseur portable Cirrus 2 gris\",\"isPartOf\":{\"@id\":\"https:\/\/www.erresse-shop.it\/fr\/#website\"},\"datePublished\":\"2023-03-03T09:58:50+00:00\",\"dateModified\":\"2025-01-14T08:06:53+00:00\",\"description\":\"D\u00e9couvrez STEAMERY D\u00e9froisseur portable Cirrus 2 gris sur ErresseShop. Qualit\u00e9, prix r\u00e9duits et achat s\u00e9curis\u00e9 \u2013 commandez d\u00e8s maintenant en ligne !\",\"breadcrumb\":{\"@id\":\"https:\/\/www.erresse-shop.it\/fr\/shop\/ameublement-maison\/planches-a-repasser\/steamery-defroisseur-portable-cirrus-2-gris\/#breadcrumb\"},\"inLanguage\":\"fr-FR\",\"potentialAction\":[{\"@type\":\"ReadAction\",\"target\":[\"https:\/\/www.erresse-shop.it\/fr\/shop\/ameublement-maison\/planches-a-repasser\/steamery-defroisseur-portable-cirrus-2-gris\/\"]}]},{\"@type\":\"BreadcrumbList\",\"@id\":\"https:\/\/www.erresse-shop.it\/fr\/shop\/ameublement-maison\/planches-a-repasser\/steamery-defroisseur-portable-cirrus-2-gris\/#breadcrumb\",\"itemListElement\":[{\"@type\":\"ListItem\",\"position\":1,\"name\":\"Home\",\"item\":\"https:\/\/www.erresse-shop.it\/fr\/\"},{\"@type\":\"ListItem\",\"position\":2,\"name\":\"Shop\",\"item\":\"https:\/\/www.erresse-shop.it\/fr\/shop\/\"},{\"@type\":\"ListItem\",\"position\":3,\"name\":\"STEAMERY D\u00e9froisseur portable Cirrus 2 gris\"}]},{\"@type\":\"WebSite\",\"@id\":\"https:\/\/www.erresse-shop.it\/fr\/#website\",\"url\":\"https:\/\/www.erresse-shop.it\/fr\/\",\"name\":\"Erresse Shop\",\"description\":\"Articoli di qualit\u00e0 per la casa\",\"potentialAction\":[{\"@type\":\"SearchAction\",\"target\":{\"@type\":\"EntryPoint\",\"urlTemplate\":\"https:\/\/www.erresse-shop.it\/fr\/?s={search_term_string}\"},\"query-input\":\"required name=search_term_string\"}],\"inLanguage\":\"fr-FR\"}]}<\/script>\n<!-- \/ Yoast SEO Premium plugin. -->","yoast_head_json":{"title":"STEAMERY D\u00e9froisseur portable Cirrus 2 gris","description":"D\u00e9couvrez STEAMERY D\u00e9froisseur portable Cirrus 2 gris sur ErresseShop. Qualit\u00e9, prix r\u00e9duits et achat s\u00e9curis\u00e9 \u2013 commandez d\u00e8s maintenant en ligne !","robots":{"index":"index","follow":"follow","max-snippet":"max-snippet:-1","max-image-preview":"max-image-preview:large","max-video-preview":"max-video-preview:-1"},"canonical":"https:\/\/www.erresse-shop.it\/fr\/shop\/ameublement-maison\/planches-a-repasser\/steamery-defroisseur-portable-cirrus-2-gris\/","og_locale":"fr_FR","og_type":"article","og_title":"STEAMERY D\u00e9froisseur portable Cirrus 2 gris","og_description":"D\u00e9couvrez STEAMERY D\u00e9froisseur portable Cirrus 2 gris sur ErresseShop. Qualit\u00e9, prix r\u00e9duits et achat s\u00e9curis\u00e9 \u2013 commandez d\u00e8s maintenant en ligne !","og_url":"https:\/\/www.erresse-shop.it\/fr\/shop\/ameublement-maison\/planches-a-repasser\/steamery-defroisseur-portable-cirrus-2-gris\/","og_site_name":"Erresse Shop","article_modified_time":"2025-01-14T08:06:53+00:00","og_image":[{"width":800,"height":800,"url":"https:\/\/www.erresse-shop.it\/wp-content\/uploads\/2023\/03\/Steamery-Cirrus-2-Piroscafo-portatile-grigio-6.jpg","type":"image\/jpeg"}],"twitter_card":"summary_large_image","schema":{"@context":"https:\/\/schema.org","@graph":[{"@type":"WebPage","@id":"https:\/\/www.erresse-shop.it\/fr\/shop\/ameublement-maison\/planches-a-repasser\/steamery-defroisseur-portable-cirrus-2-gris\/","url":"https:\/\/www.erresse-shop.it\/fr\/shop\/ameublement-maison\/planches-a-repasser\/steamery-defroisseur-portable-cirrus-2-gris\/","name":"STEAMERY D\u00e9froisseur portable Cirrus 2 gris","isPartOf":{"@id":"https:\/\/www.erresse-shop.it\/fr\/#website"},"datePublished":"2023-03-03T09:58:50+00:00","dateModified":"2025-01-14T08:06:53+00:00","description":"D\u00e9couvrez STEAMERY D\u00e9froisseur portable Cirrus 2 gris sur ErresseShop. Qualit\u00e9, prix r\u00e9duits et achat s\u00e9curis\u00e9 \u2013 commandez d\u00e8s maintenant en ligne !","breadcrumb":{"@id":"https:\/\/www.erresse-shop.it\/fr\/shop\/ameublement-maison\/planches-a-repasser\/steamery-defroisseur-portable-cirrus-2-gris\/#breadcrumb"},"inLanguage":"fr-FR","potentialAction":[{"@type":"ReadAction","target":["https:\/\/www.erresse-shop.it\/fr\/shop\/ameublement-maison\/planches-a-repasser\/steamery-defroisseur-portable-cirrus-2-gris\/"]}]},{"@type":"BreadcrumbList","@id":"https:\/\/www.erresse-shop.it\/fr\/shop\/ameublement-maison\/planches-a-repasser\/steamery-defroisseur-portable-cirrus-2-gris\/#breadcrumb","itemListElement":[{"@type":"ListItem","position":1,"name":"Home","item":"https:\/\/www.erresse-shop.it\/fr\/"},{"@type":"ListItem","position":2,"name":"Shop","item":"https:\/\/www.erresse-shop.it\/fr\/shop\/"},{"@type":"ListItem","position":3,"name":"STEAMERY D\u00e9froisseur portable Cirrus 2 gris"}]},{"@type":"WebSite","@id":"https:\/\/www.erresse-shop.it\/fr\/#website","url":"https:\/\/www.erresse-shop.it\/fr\/","name":"Erresse Shop","description":"Articoli di qualit\u00e0 per la casa","potentialAction":[{"@type":"SearchAction","target":{"@type":"EntryPoint","urlTemplate":"https:\/\/www.erresse-shop.it\/fr\/?s={search_term_string}"},"query-input":"required name=search_term_string"}],"inLanguage":"fr-FR"}]}},"df_price":71.5,"df_sale_price":71.5,"df_regular_price":130,"df_image_link":"https:\/\/www.erresse-shop.it\/wp-content\/uploads\/2023\/03\/Steamery-Cirrus-2-Piroscafo-portatile-grigio-6-300x300.jpg","_links":{"self":[{"href":"https:\/\/www.erresse-shop.it\/fr\/wp-json\/wp\/v2\/product\/246473"}],"collection":[{"href":"https:\/\/www.erresse-shop.it\/fr\/wp-json\/wp\/v2\/product"}],"about":[{"href":"https:\/\/www.erresse-shop.it\/fr\/wp-json\/wp\/v2\/types\/product"}],"wp:featuredmedia":[{"embeddable":true,"href":"https:\/\/www.erresse-shop.it\/fr\/wp-json\/wp\/v2\/media\/246548"}],"wp:attachment":[{"href":"https:\/\/www.erresse-shop.it\/fr\/wp-json\/wp\/v2\/media?parent=246473"}],"wp:term":[{"taxonomy":"product_cat","embeddable":true,"href":"https:\/\/www.erresse-shop.it\/fr\/wp-json\/wp\/v2\/product_cat?post=246473"},{"taxonomy":"product_tag","embeddable":true,"href":"https:\/\/www.erresse-shop.it\/fr\/wp-json\/wp\/v2\/product_tag?post=246473"}],"curies":[{"name":"wp","href":"https:\/\/api.w.org\/{rel}","templated":true}]}}